{"id":13823,"date":"2024-04-27T12:20:39","date_gmt":"2024-04-27T10:20:39","guid":{"rendered":"https:\/\/carbeat.dk\/?post_type=product&#038;p=13823"},"modified":"2024-04-30T18:30:27","modified_gmt":"2024-04-30T16:30:27","slug":"citroen-ds20-pallas-kopier-3","status":"publish","type":"product","link":"https:\/\/carbeat.dk\/en\/product\/citroen-ds20-pallas-kopier-3\/","title":{"rendered":"Citro\u00ebn DS20 Pallas"},"content":{"rendered":"<p>This model from Citro\u00ebn was dubbed &#8216;The French Goddess&#8217;, and it&#8217;s easy to see why. The lines of this car&#8217;s design and its comfortable and luxurious handling are divine.<\/p>\n<p>However, there&#8217;s something very special about this DS20 Pallas. This variant was never imported and sold in Denmark. This is a 2 liter engine, hence the DS20.<\/p>\n<p>This Citro\u00ebn has been imported to Denmark by the seller privately. The car was purchased by the original owner in Paris, France &#8211; meaning the car has had a total of 2 owners.<\/p>\n<p>The car hasn&#8217;t been driven much, just look at the good mileage. And the car is rust-free. The car naturally has patina in the form of dry rubber strips and wear on the seats and cabin. All in all, fine for a car from 1972.<\/p>\n<p>The car can start and run, but is currently without DK tax. The seller states that he is informed that the tax is in the region of 25,000 kr.<\/p>\n<p>The seller delivers the car freshly inspected and serviced.<br \/>\nSo you can now be very well off if you win the hammer.<\/p>\n<p>&nbsp;<\/p>\n<h3>What is a Citro\u00ebn DS20 Pallas<\/h3>\n<p>The Citro\u00ebn DS20 Pallas is an iconic car model produced by French car manufacturer Citro\u00ebn between 1955 and 1975. This car is part of the legendary DS series, which became known for its avant-garde design, technological innovations and luxurious comfort.<\/p>\n<p>The DS20 Pallas was introduced as an upgraded version of the original DS20 in the early 1960s. The &#8216;Pallas&#8217; in the name referred to the Greek goddess of wisdom and prudence, suggesting the car&#8217;s higher level of luxury and refinement.<\/p>\n<p>Design-wise, the DS20 Pallas didn&#8217;t differ significantly from the original DS20, but it did offer a higher level of equipment and comfort. It had a distinctive streamlined body that was way ahead of its time, with a teardrop silhouette, integrated headlights and an airy cabin. Inside, it offered sumptuous materials like leather and wood paneling, as well as advanced features like power-assisted steering and suspension that provided an extremely comfortable driving experience.<\/p>\n<p>Engine-wise, the DS20 Pallas was typically equipped with a 2.0 liter gasoline engine that provided enough power to drive the car smoothly and comfortably on both city streets and highways.<\/p>\n<p>The Citro\u00ebn DS20 Pallas became known not only for its comfort and luxury, but also for its avant-garde technology, including the revolutionary hydropneumatic suspension system that provided an exceptionally soft and smooth ride.<\/p>\n<p>During its production period, the DS20 Pallas became a status symbol for politicians, celebrities and intellectuals. It remains an icon of the French automotive industry and a subject for car enthusiasts around the world due to its timeless design, innovation and refined driving characteristics.<\/p>\n","protected":false},"excerpt":{"rendered":"<p>This model from Citro\u00ebn was dubbed &#8216;The French Goddess&#8217;, and it&#8217;s easy to see why. The lines of this car&#8217;s design and its comfortable and luxurious handling are divine. However, there&#8217;s something very special about this DS20 Pallas. This variant was never imported and sold in Denmark. This is a 2 liter engine, hence the [&hellip;]<\/p>\n","protected":false},"featured_media":12812,"comment_status":"open","ping_status":"closed","template":"","meta":[],"product_brand":[],"product_cat":[481,483],"product_tag":[],"class_list":{"0":"post-13823","1":"product","2":"type-product","3":"status-publish","4":"has-post-thumbnail","6":"car_models-citroen","7":"car_models-ds20-pallas","8":"product_cat-cars-en","9":"product_cat-classic-cars","11":"first","12":"instock","13":"sold-individually","14":"shipping-taxable","15":"purchasable","16":"product-type-auction"},"acf":[],"yoast_head":"<!-- This site is optimized with the Yoast SEO plugin v27.4 - https:\/\/yoast.com\/product\/yoast-seo-wordpress\/ -->\n<title>Citro\u00ebn DS20 Pallas - on auction at CarBeat<\/title>\n<meta name=\"description\" content=\"Citro\u00ebn DS20 Pallas is an iconic Citro\u00ebn with luxurious driving characteristics, this Citro\u00ebn DS20 Pallas is on special car auction at carbeat chasing cars\" \/>\n<meta name=\"robots\" content=\"index, follow, max-snippet:-1, max-image-preview:large, max-video-preview:-1\" \/>\n<link rel=\"canonical\" href=\"https:\/\/carbeat.dk\/en\/product\/citroen-ds20-pallas-kopier-3\/\" \/>\n<meta property=\"og:locale\" content=\"en_US\" \/>\n<meta property=\"og:type\" content=\"article\" \/>\n<meta property=\"og:title\" content=\"Citro\u00ebn DS20 Pallas - on auction at CarBeat\" \/>\n<meta property=\"og:description\" content=\"Citro\u00ebn DS20 Pallas is an iconic Citro\u00ebn with luxurious driving characteristics, this Citro\u00ebn DS20 Pallas is on special car auction at carbeat chasing cars\" \/>\n<meta property=\"og:url\" content=\"https:\/\/carbeat.dk\/en\/product\/citroen-ds20-pallas-kopier-3\/\" \/>\n<meta property=\"og:site_name\" content=\"CarBeat\" \/>\n<meta property=\"article:publisher\" content=\"https:\/\/www.facebook.com\/CarBeatDK\/\" \/>\n<meta property=\"article:modified_time\" content=\"2024-04-30T16:30:27+00:00\" \/>\n<meta property=\"og:image\" content=\"https:\/\/carbeat.dk\/wp-content\/uploads\/2024\/03\/Citroen-DS20_Skaermbillede-2024-03-14-kl.-18.53.26-1024x586.png\" \/>\n\t<meta property=\"og:image:width\" content=\"1024\" \/>\n\t<meta property=\"og:image:height\" content=\"586\" \/>\n\t<meta property=\"og:image:type\" content=\"image\/png\" \/>\n<meta name=\"twitter:card\" content=\"summary_large_image\" \/>\n<meta name=\"twitter:label1\" content=\"Est. reading time\" \/>\n\t<meta name=\"twitter:data1\" content=\"2 minutes\" \/>\n<script type=\"application\/ld+json\" class=\"yoast-schema-graph\">{\"@context\":\"https:\\\/\\\/schema.org\",\"@graph\":[{\"@type\":\"WebPage\",\"@id\":\"https:\\\/\\\/carbeat.dk\\\/en\\\/product\\\/citroen-ds20-pallas-kopier-3\\\/\",\"url\":\"https:\\\/\\\/carbeat.dk\\\/en\\\/product\\\/citroen-ds20-pallas-kopier-3\\\/\",\"name\":\"Citro\u00ebn DS20 Pallas - on auction at CarBeat\",\"isPartOf\":{\"@id\":\"https:\\\/\\\/carbeat.dk\\\/en\\\/#website\"},\"primaryImageOfPage\":{\"@id\":\"https:\\\/\\\/carbeat.dk\\\/en\\\/product\\\/citroen-ds20-pallas-kopier-3\\\/#primaryimage\"},\"image\":{\"@id\":\"https:\\\/\\\/carbeat.dk\\\/en\\\/product\\\/citroen-ds20-pallas-kopier-3\\\/#primaryimage\"},\"thumbnailUrl\":\"https:\\\/\\\/carbeat.dk\\\/wp-content\\\/uploads\\\/2024\\\/03\\\/Citroen-DS20_Skaermbillede-2024-03-14-kl.-18.53.26.png\",\"datePublished\":\"2024-04-27T10:20:39+00:00\",\"dateModified\":\"2024-04-30T16:30:27+00:00\",\"description\":\"Citro\u00ebn DS20 Pallas is an iconic Citro\u00ebn with luxurious driving characteristics, this Citro\u00ebn DS20 Pallas is on special car auction at carbeat chasing cars\",\"breadcrumb\":{\"@id\":\"https:\\\/\\\/carbeat.dk\\\/en\\\/product\\\/citroen-ds20-pallas-kopier-3\\\/#breadcrumb\"},\"inLanguage\":\"en-US\",\"potentialAction\":[{\"@type\":\"ReadAction\",\"target\":[\"https:\\\/\\\/carbeat.dk\\\/en\\\/product\\\/citroen-ds20-pallas-kopier-3\\\/\"]}]},{\"@type\":\"ImageObject\",\"inLanguage\":\"en-US\",\"@id\":\"https:\\\/\\\/carbeat.dk\\\/en\\\/product\\\/citroen-ds20-pallas-kopier-3\\\/#primaryimage\",\"url\":\"https:\\\/\\\/carbeat.dk\\\/wp-content\\\/uploads\\\/2024\\\/03\\\/Citroen-DS20_Skaermbillede-2024-03-14-kl.-18.53.26.png\",\"contentUrl\":\"https:\\\/\\\/carbeat.dk\\\/wp-content\\\/uploads\\\/2024\\\/03\\\/Citroen-DS20_Skaermbillede-2024-03-14-kl.-18.53.26.png\",\"width\":3832,\"height\":2194,\"caption\":\"CareBeat Chasing Cars Denmark's largest specialty car auction sells Citro\u00ebn DS20 Pallas profile\"},{\"@type\":\"BreadcrumbList\",\"@id\":\"https:\\\/\\\/carbeat.dk\\\/en\\\/product\\\/citroen-ds20-pallas-kopier-3\\\/#breadcrumb\",\"itemListElement\":[{\"@type\":\"ListItem\",\"position\":1,\"name\":\"Hjem\",\"item\":\"https:\\\/\\\/carbeat.dk\\\/en\\\/\"},{\"@type\":\"ListItem\",\"position\":2,\"name\":\"Shop\",\"item\":\"https:\\\/\\\/carbeat.dk\\\/shop\\\/\"},{\"@type\":\"ListItem\",\"position\":3,\"name\":\"Citro\u00ebn DS20 Pallas\"}]},{\"@type\":\"WebSite\",\"@id\":\"https:\\\/\\\/carbeat.dk\\\/en\\\/#website\",\"url\":\"https:\\\/\\\/carbeat.dk\\\/en\\\/\",\"name\":\"CarBeat\",\"description\":\"Chasing Cars\",\"publisher\":{\"@id\":\"https:\\\/\\\/carbeat.dk\\\/en\\\/#organization\"},\"potentialAction\":[{\"@type\":\"SearchAction\",\"target\":{\"@type\":\"EntryPoint\",\"urlTemplate\":\"https:\\\/\\\/carbeat.dk\\\/en\\\/?s={search_term_string}\"},\"query-input\":{\"@type\":\"PropertyValueSpecification\",\"valueRequired\":true,\"valueName\":\"search_term_string\"}}],\"inLanguage\":\"en-US\"},{\"@type\":\"Organization\",\"@id\":\"https:\\\/\\\/carbeat.dk\\\/en\\\/#organization\",\"name\":\"CarBeat Chasing Cars\",\"url\":\"https:\\\/\\\/carbeat.dk\\\/en\\\/\",\"logo\":{\"@type\":\"ImageObject\",\"inLanguage\":\"en-US\",\"@id\":\"https:\\\/\\\/carbeat.dk\\\/en\\\/#\\\/schema\\\/logo\\\/image\\\/\",\"url\":\"https:\\\/\\\/carbeat.dk\\\/wp-content\\\/uploads\\\/2023\\\/08\\\/CarBeat-Chasing-Cars-lille-2560x1560-1-1_clipped_rev_1.png\",\"contentUrl\":\"https:\\\/\\\/carbeat.dk\\\/wp-content\\\/uploads\\\/2023\\\/08\\\/CarBeat-Chasing-Cars-lille-2560x1560-1-1_clipped_rev_1.png\",\"width\":2560,\"height\":1560,\"caption\":\"CarBeat Chasing Cars\"},\"image\":{\"@id\":\"https:\\\/\\\/carbeat.dk\\\/en\\\/#\\\/schema\\\/logo\\\/image\\\/\"},\"sameAs\":[\"https:\\\/\\\/www.facebook.com\\\/CarBeatDK\\\/\",\"https:\\\/\\\/www.instagram.com\\\/carbeatdk\\\/\",\"https:\\\/\\\/www.linkedin.com\\\/company\\\/carbeat\\\/\"]}]}<\/script>\n<!-- \/ Yoast SEO plugin. -->","yoast_head_json":{"title":"Citro\u00ebn DS20 Pallas - on auction at CarBeat","description":"Citro\u00ebn DS20 Pallas is an iconic Citro\u00ebn with luxurious driving characteristics, this Citro\u00ebn DS20 Pallas is on special car auction at carbeat chasing cars","robots":{"index":"index","follow":"follow","max-snippet":"max-snippet:-1","max-image-preview":"max-image-preview:large","max-video-preview":"max-video-preview:-1"},"canonical":"https:\/\/carbeat.dk\/en\/product\/citroen-ds20-pallas-kopier-3\/","og_locale":"en_US","og_type":"article","og_title":"Citro\u00ebn DS20 Pallas - on auction at CarBeat","og_description":"Citro\u00ebn DS20 Pallas is an iconic Citro\u00ebn with luxurious driving characteristics, this Citro\u00ebn DS20 Pallas is on special car auction at carbeat chasing cars","og_url":"https:\/\/carbeat.dk\/en\/product\/citroen-ds20-pallas-kopier-3\/","og_site_name":"CarBeat","article_publisher":"https:\/\/www.facebook.com\/CarBeatDK\/","article_modified_time":"2024-04-30T16:30:27+00:00","og_image":[{"width":1024,"height":586,"url":"https:\/\/carbeat.dk\/wp-content\/uploads\/2024\/03\/Citroen-DS20_Skaermbillede-2024-03-14-kl.-18.53.26-1024x586.png","type":"image\/png"}],"twitter_card":"summary_large_image","twitter_misc":{"Est. reading time":"2 minutes"},"schema":{"@context":"https:\/\/schema.org","@graph":[{"@type":"WebPage","@id":"https:\/\/carbeat.dk\/en\/product\/citroen-ds20-pallas-kopier-3\/","url":"https:\/\/carbeat.dk\/en\/product\/citroen-ds20-pallas-kopier-3\/","name":"Citro\u00ebn DS20 Pallas - on auction at CarBeat","isPartOf":{"@id":"https:\/\/carbeat.dk\/en\/#website"},"primaryImageOfPage":{"@id":"https:\/\/carbeat.dk\/en\/product\/citroen-ds20-pallas-kopier-3\/#primaryimage"},"image":{"@id":"https:\/\/carbeat.dk\/en\/product\/citroen-ds20-pallas-kopier-3\/#primaryimage"},"thumbnailUrl":"https:\/\/carbeat.dk\/wp-content\/uploads\/2024\/03\/Citroen-DS20_Skaermbillede-2024-03-14-kl.-18.53.26.png","datePublished":"2024-04-27T10:20:39+00:00","dateModified":"2024-04-30T16:30:27+00:00","description":"Citro\u00ebn DS20 Pallas is an iconic Citro\u00ebn with luxurious driving characteristics, this Citro\u00ebn DS20 Pallas is on special car auction at carbeat chasing cars","breadcrumb":{"@id":"https:\/\/carbeat.dk\/en\/product\/citroen-ds20-pallas-kopier-3\/#breadcrumb"},"inLanguage":"en-US","potentialAction":[{"@type":"ReadAction","target":["https:\/\/carbeat.dk\/en\/product\/citroen-ds20-pallas-kopier-3\/"]}]},{"@type":"ImageObject","inLanguage":"en-US","@id":"https:\/\/carbeat.dk\/en\/product\/citroen-ds20-pallas-kopier-3\/#primaryimage","url":"https:\/\/carbeat.dk\/wp-content\/uploads\/2024\/03\/Citroen-DS20_Skaermbillede-2024-03-14-kl.-18.53.26.png","contentUrl":"https:\/\/carbeat.dk\/wp-content\/uploads\/2024\/03\/Citroen-DS20_Skaermbillede-2024-03-14-kl.-18.53.26.png","width":3832,"height":2194,"caption":"CareBeat Chasing Cars Denmark's largest specialty car auction sells Citro\u00ebn DS20 Pallas profile"},{"@type":"BreadcrumbList","@id":"https:\/\/carbeat.dk\/en\/product\/citroen-ds20-pallas-kopier-3\/#breadcrumb","itemListElement":[{"@type":"ListItem","position":1,"name":"Hjem","item":"https:\/\/carbeat.dk\/en\/"},{"@type":"ListItem","position":2,"name":"Shop","item":"https:\/\/carbeat.dk\/shop\/"},{"@type":"ListItem","position":3,"name":"Citro\u00ebn DS20 Pallas"}]},{"@type":"WebSite","@id":"https:\/\/carbeat.dk\/en\/#website","url":"https:\/\/carbeat.dk\/en\/","name":"CarBeat","description":"Chasing Cars","publisher":{"@id":"https:\/\/carbeat.dk\/en\/#organization"},"potentialAction":[{"@type":"SearchAction","target":{"@type":"EntryPoint","urlTemplate":"https:\/\/carbeat.dk\/en\/?s={search_term_string}"},"query-input":{"@type":"PropertyValueSpecification","valueRequired":true,"valueName":"search_term_string"}}],"inLanguage":"en-US"},{"@type":"Organization","@id":"https:\/\/carbeat.dk\/en\/#organization","name":"CarBeat Chasing Cars","url":"https:\/\/carbeat.dk\/en\/","logo":{"@type":"ImageObject","inLanguage":"en-US","@id":"https:\/\/carbeat.dk\/en\/#\/schema\/logo\/image\/","url":"https:\/\/carbeat.dk\/wp-content\/uploads\/2023\/08\/CarBeat-Chasing-Cars-lille-2560x1560-1-1_clipped_rev_1.png","contentUrl":"https:\/\/carbeat.dk\/wp-content\/uploads\/2023\/08\/CarBeat-Chasing-Cars-lille-2560x1560-1-1_clipped_rev_1.png","width":2560,"height":1560,"caption":"CarBeat Chasing Cars"},"image":{"@id":"https:\/\/carbeat.dk\/en\/#\/schema\/logo\/image\/"},"sameAs":["https:\/\/www.facebook.com\/CarBeatDK\/","https:\/\/www.instagram.com\/carbeatdk\/","https:\/\/www.linkedin.com\/company\/carbeat\/"]}]}},"_links":{"self":[{"href":"https:\/\/carbeat.dk\/en\/wp-json\/wp\/v2\/product\/13823","targetHints":{"allow":["GET"]}}],"collection":[{"href":"https:\/\/carbeat.dk\/en\/wp-json\/wp\/v2\/product"}],"about":[{"href":"https:\/\/carbeat.dk\/en\/wp-json\/wp\/v2\/types\/product"}],"replies":[{"embeddable":true,"href":"https:\/\/carbeat.dk\/en\/wp-json\/wp\/v2\/comments?post=13823"}],"version-history":[{"count":2,"href":"https:\/\/carbeat.dk\/en\/wp-json\/wp\/v2\/product\/13823\/revisions"}],"predecessor-version":[{"id":13894,"href":"https:\/\/carbeat.dk\/en\/wp-json\/wp\/v2\/product\/13823\/revisions\/13894"}],"wp:featuredmedia":[{"embeddable":true,"href":"https:\/\/carbeat.dk\/en\/wp-json\/wp\/v2\/media\/12812"}],"wp:attachment":[{"href":"https:\/\/carbeat.dk\/en\/wp-json\/wp\/v2\/media?parent=13823"}],"wp:term":[{"taxonomy":"product_brand","embeddable":true,"href":"https:\/\/carbeat.dk\/en\/wp-json\/wp\/v2\/product_brand?post=13823"},{"taxonomy":"product_cat","embeddable":true,"href":"https:\/\/carbeat.dk\/en\/wp-json\/wp\/v2\/product_cat?post=13823"},{"taxonomy":"product_tag","embeddable":true,"href":"https:\/\/carbeat.dk\/en\/wp-json\/wp\/v2\/product_tag?post=13823"}],"curies":[{"name":"wp","href":"https:\/\/api.w.org\/{rel}","templated":true}]}}