{"id":13816,"date":"2024-04-27T12:20:23","date_gmt":"2024-04-27T10:20:23","guid":{"rendered":"https:\/\/carbeat.dk\/?post_type=product&#038;p=13816"},"modified":"2024-04-27T12:28:56","modified_gmt":"2024-04-27T10:28:56","slug":"austin-healey-3000-mk-iii-kopier-3","status":"publish","type":"product","link":"https:\/\/carbeat.dk\/de\/produkt\/austin-healey-3000-mk-iii-kopier-3\/","title":{"rendered":"Austin Healey 3000 MK III"},"content":{"rendered":"<p>Hier bekommen Sie einen Austin Healey 3000 MK III mit Geschichte. Der urspr\u00fcngliche Besitzer stirbt und hinterl\u00e4sst das Auto seinem Bruder. Der jetzige Verk\u00e4ufer des Wagens war sehr eng mit dem Bruder befreundet, und als der Bruder, der 1970 nach seiner R\u00fcckkehr aus dem Vietnamkrieg von der US-Marine zum &#8222;Marine des Jahres&#8220; ernannt wurde, an einer Lungenentz\u00fcndung starb, erkl\u00e4rte sich der jetzige Verk\u00e4ufer bereit, den Wagen zu kaufen und ihn kurz vor dem Tod seines Freundes im Jahr 2020 nach D\u00e4nemark zu bringen.<\/p>\n<p>Das Auto wurde 6 Jahre lang nicht gefahren, bevor es nach D\u00e4nemark kam. Es ist nicht bekannt, wann sie das letzte Mal gereist ist, bevor sie in dieses Land kam. Der urspr\u00fcngliche Besitzer war ein Austin Healey Club-Enthusiast, und dem Verk\u00e4ufer wurde gesagt, dass der urspr\u00fcngliche Besitzer der Pr\u00e4sident des Chicagoland Austin Healey Club war.<\/p>\n<p>Dies ist ein unrestauriertes und originales Exemplar. Der Wagen ist jetzt rostfrei, eine kleine Rostreparatur wurde auf der rechten Seite des Bodentr\u00e4gers vorgenommen. Es handelt sich nicht um eine professionelle Reparatur, aber sie kann leicht richtig durchgef\u00fchrt werden &#8211; siehe Bilder und Video von der Unterseite des Autos.<\/p>\n<h3>Gut, aber nicht perfekt<\/h3>\n<p>Dieser Austin Healey 3000 MK III l\u00e4uft ziemlich gut, obwohl er nicht vollst\u00e4ndig gewartet wurde und der Motor nicht eingestellt wurde.<br \/>\nDas Auto ist ger\u00e4uschlos und raucht nicht \u00fcberm\u00e4\u00dfig, und es springt sofort an und l\u00e4uft.<\/p>\n<p>Haupt- und Nehmerzylinder der Kupplung sind neu, aber die Kupplung sollte eingestellt werden.<br \/>\nDie Bremsen funktionieren. Die Lenkung f\u00fchlt sich ein wenig straff an, aber die Federung f\u00fchlt sich so an, wie sie sein sollte.<br \/>\nDie Batterie und die Kraftstoffpumpe sind ebenfalls neu. Die Anzeigen und Lichter funktionieren jedoch, mit Ausnahme der Tankanzeige.<br \/>\nDie Bremsen sollten \u00fcberpr\u00fcft werden.<\/p>\n<p>Der Wagen l\u00e4uft auf 4 neuen 185\/70HR15 Vredestein-Reifen.<\/p>\n<p>Die Karosserie ist in einem fantastischen Zustand und mit perfekt geraden Paneelen, sie wurde vor einiger Zeit von au\u00dfen lackiert. Der Kofferraumdeckel wurde gerade neu geformt.<br \/>\nDas Auto wurde nie demontiert.<\/p>\n<p>Das Chrom ist in einem sehr guten Zustand. Das Verdeck ist das originale Vinylverdeck, das ersetzt werden muss, aber ein neues hochwertiges blaues Hartz-Stoffverdeck (Segeltuch) ist im Lieferumfang enthalten.<\/p>\n<p>Die Sitze sind sch\u00f6n, aber nicht neu. Siehe Bilder und Video.<br \/>\nDie Teppiche sind alt, aber in brauchbarem Zustand.<\/p>\n<p>Dieses Auto wird mit dem Originalreifen f\u00fcr das Verdeck geliefert. Der originale Scherenwagenheber mit Originalkurbel und Aufbewahrungstasche ist im Lieferumfang enthalten. Ebenso wie der Original-Bleihammer zum Entfernen der R\u00e4der. Es gibt ein Ersatzrad mit Reifen.<br \/>\nEin vollst\u00e4ndiges Werkstatthandbuch, ein Handbuch und einige andere interessante Dokumente sind enthalten.<br \/>\nEine ma\u00dfgeschneiderte, hochwertige Autoabdeckung ist ebenfalls enthalten.<\/p>\n<p>&nbsp;<\/p>\n<h3>Was ist ein Austin Healey MK III<\/h3>\n<p>Der Austin Healey MK3, auch bekannt als Austin Healey 3000, ist ein kultiger britischer Sportwagen, der von 1959 bis 1967 von Austin-Healey produziert wurde. Dieses Meisterwerk des britischen Automobilbaus wird von Enthusiasten auf der ganzen Welt f\u00fcr sein zeitloses Design und seine beeindruckende Leistung geliebt.<\/p>\n<p>Mit seinem unverwechselbaren Aussehen, das eine lange Motorhaube, schnittige Linien und einen markanten K\u00fchlergrill umfasst, ist der Austin Healey MK3 eine echte Sportwagenikone. Er wird von einem leistungsstarken 2,9-Liter-Reihensechszylindermotor angetrieben, der eine beeindruckende Leistung und einen unverwechselbaren Sound bietet, der Ihr Herz h\u00f6her schlagen l\u00e4sst.<\/p>\n<p>Der Innenraum des MK3 ist so gestaltet, dass Fahrer und Passagiere ein authentisches Sportwagenerlebnis haben. Mit Ledersitzen, einfachen Instrumenten und einem klassischen Holzlenkrad f\u00fchlt man sich am Steuer dieses Wagens in die Vergangenheit zur\u00fcckversetzt.<\/p>\n<p>Der Austin Healey MK3 bietet eine beeindruckende Beschleunigung und ein beeindruckendes Fahrverhalten, so dass es ein Vergn\u00fcgen ist, ihn auf kurvenreichen Landstra\u00dfen und offenen Strecken zu fahren. Die solide Konstruktion und die Zuverl\u00e4ssigkeit dieses Wagens haben ihn zu einem begehrten Sammlerst\u00fcck unter Autoliebhabern gemacht.<\/p>\n<p>Alles in allem ist der Austin Healey MK3 ein legend\u00e4rer Sportwagen, der Stil, Leistung und Handwerkskunst in einer Weise vereint, die Autoliebhaber auch heute noch begeistert.<\/p>\n","protected":false},"excerpt":{"rendered":"<p>Hier bekommen Sie einen Austin Healey 3000 MK III mit Geschichte. Der urspr\u00fcngliche Besitzer stirbt und hinterl\u00e4sst das Auto seinem Bruder. Der jetzige Verk\u00e4ufer des Wagens war sehr eng mit dem Bruder befreundet, und als der Bruder, der 1970 nach seiner R\u00fcckkehr aus dem Vietnamkrieg von der US-Marine zum &#8222;Marine des Jahres&#8220; ernannt wurde, an [&hellip;]<\/p>\n","protected":false},"featured_media":6138,"comment_status":"open","ping_status":"closed","template":"","meta":[],"product_brand":[],"product_cat":[476,477],"product_tag":[716,719,717,1121,718,720,1122],"class_list":{"0":"post-13816","1":"product","2":"type-product","3":"status-publish","4":"has-post-thumbnail","6":"car_models-austin","7":"car_models-healey-mk-iii","8":"product_cat-autos","9":"product_cat-klassische-autos","10":"product_tag-ausin-de","11":"product_tag-austin-de","12":"product_tag-austin-healey-de","13":"product_tag-austin-healey-3000-de","14":"product_tag-austin-healey-mk-iii-de","15":"product_tag-classic-austin-de","16":"product_tag-heiley-3000","18":"first","19":"instock","20":"sold-individually","21":"shipping-taxable","22":"purchasable","23":"product-type-auction"},"acf":[],"yoast_head":"<!-- This site is optimized with the Yoast SEO plugin v27.4 - https:\/\/yoast.com\/product\/yoast-seo-wordpress\/ -->\n<title>der Autoauktion auf der CarBeat Chasing Cars<\/title>\n<meta name=\"description\" content=\"Austin Healey 3000 MK III - 1967 wird auf einer Autoversteigerung, einer Auktion von CarBeat Chasing Cars, versteigert. kaufen und verkaufen Sie hier Spezialfahrzeuge, Oldtimer, Supersportwagen\" \/>\n<meta name=\"robots\" content=\"index, follow, max-snippet:-1, max-image-preview:large, max-video-preview:-1\" \/>\n<link rel=\"canonical\" href=\"https:\/\/carbeat.dk\/de\/produkt\/austin-healey-3000-mk-iii-kopier-3\/\" \/>\n<meta property=\"og:locale\" content=\"de_DE\" \/>\n<meta property=\"og:type\" content=\"article\" \/>\n<meta property=\"og:title\" content=\"der Autoauktion auf der CarBeat Chasing Cars\" \/>\n<meta property=\"og:description\" content=\"Austin Healey 3000 MK III - 1967 wird auf einer Autoversteigerung, einer Auktion von CarBeat Chasing Cars, versteigert. kaufen und verkaufen Sie hier Spezialfahrzeuge, Oldtimer, Supersportwagen\" \/>\n<meta property=\"og:url\" content=\"https:\/\/carbeat.dk\/de\/produkt\/austin-healey-3000-mk-iii-kopier-3\/\" \/>\n<meta property=\"og:site_name\" content=\"CarBeat\" \/>\n<meta property=\"article:publisher\" content=\"https:\/\/www.facebook.com\/CarBeatDK\/\" \/>\n<meta property=\"article:modified_time\" content=\"2024-04-27T10:28:56+00:00\" \/>\n<meta property=\"og:image\" content=\"https:\/\/carbeat.dk\/wp-content\/uploads\/2023\/08\/370548115_10223871280432165_3685930375494944865_n.jpg\" \/>\n\t<meta property=\"og:image:width\" content=\"2048\" \/>\n\t<meta property=\"og:image:height\" content=\"1152\" \/>\n\t<meta property=\"og:image:type\" content=\"image\/jpeg\" \/>\n<meta name=\"twitter:card\" content=\"summary_large_image\" \/>\n<meta name=\"twitter:label1\" content=\"Gesch\u00e4tzte Lesezeit\" \/>\n\t<meta name=\"twitter:data1\" content=\"3\u00a0Minuten\" \/>\n<script type=\"application\/ld+json\" class=\"yoast-schema-graph\">{\"@context\":\"https:\\\/\\\/schema.org\",\"@graph\":[{\"@type\":\"WebPage\",\"@id\":\"https:\\\/\\\/carbeat.dk\\\/de\\\/produkt\\\/austin-healey-3000-mk-iii-kopier-3\\\/\",\"url\":\"https:\\\/\\\/carbeat.dk\\\/de\\\/produkt\\\/austin-healey-3000-mk-iii-kopier-3\\\/\",\"name\":\"der Autoauktion auf der CarBeat Chasing Cars\",\"isPartOf\":{\"@id\":\"https:\\\/\\\/carbeat.dk\\\/de\\\/#website\"},\"primaryImageOfPage\":{\"@id\":\"https:\\\/\\\/carbeat.dk\\\/de\\\/produkt\\\/austin-healey-3000-mk-iii-kopier-3\\\/#primaryimage\"},\"image\":{\"@id\":\"https:\\\/\\\/carbeat.dk\\\/de\\\/produkt\\\/austin-healey-3000-mk-iii-kopier-3\\\/#primaryimage\"},\"thumbnailUrl\":\"https:\\\/\\\/carbeat.dk\\\/wp-content\\\/uploads\\\/2023\\\/08\\\/370548115_10223871280432165_3685930375494944865_n.jpg\",\"datePublished\":\"2024-04-27T10:20:23+00:00\",\"dateModified\":\"2024-04-27T10:28:56+00:00\",\"description\":\"Austin Healey 3000 MK III - 1967 wird auf einer Autoversteigerung, einer Auktion von CarBeat Chasing Cars, versteigert. kaufen und verkaufen Sie hier Spezialfahrzeuge, Oldtimer, Supersportwagen\",\"breadcrumb\":{\"@id\":\"https:\\\/\\\/carbeat.dk\\\/de\\\/produkt\\\/austin-healey-3000-mk-iii-kopier-3\\\/#breadcrumb\"},\"inLanguage\":\"de\",\"potentialAction\":[{\"@type\":\"ReadAction\",\"target\":[\"https:\\\/\\\/carbeat.dk\\\/de\\\/produkt\\\/austin-healey-3000-mk-iii-kopier-3\\\/\"]}]},{\"@type\":\"ImageObject\",\"inLanguage\":\"de\",\"@id\":\"https:\\\/\\\/carbeat.dk\\\/de\\\/produkt\\\/austin-healey-3000-mk-iii-kopier-3\\\/#primaryimage\",\"url\":\"https:\\\/\\\/carbeat.dk\\\/wp-content\\\/uploads\\\/2023\\\/08\\\/370548115_10223871280432165_3685930375494944865_n.jpg\",\"contentUrl\":\"https:\\\/\\\/carbeat.dk\\\/wp-content\\\/uploads\\\/2023\\\/08\\\/370548115_10223871280432165_3685930375494944865_n.jpg\",\"width\":2048,\"height\":1152,\"caption\":\"Austin Healey zu verkaufen Denmark CarBeat Chasing cars\"},{\"@type\":\"BreadcrumbList\",\"@id\":\"https:\\\/\\\/carbeat.dk\\\/de\\\/produkt\\\/austin-healey-3000-mk-iii-kopier-3\\\/#breadcrumb\",\"itemListElement\":[{\"@type\":\"ListItem\",\"position\":1,\"name\":\"Hjem\",\"item\":\"https:\\\/\\\/carbeat.dk\\\/de\\\/\"},{\"@type\":\"ListItem\",\"position\":2,\"name\":\"Shop\",\"item\":\"https:\\\/\\\/carbeat.dk\\\/shop\\\/\"},{\"@type\":\"ListItem\",\"position\":3,\"name\":\"Austin Healey 3000 MK III\"}]},{\"@type\":\"WebSite\",\"@id\":\"https:\\\/\\\/carbeat.dk\\\/de\\\/#website\",\"url\":\"https:\\\/\\\/carbeat.dk\\\/de\\\/\",\"name\":\"CarBeat\",\"description\":\"Chasing Cars\",\"publisher\":{\"@id\":\"https:\\\/\\\/carbeat.dk\\\/de\\\/#organization\"},\"potentialAction\":[{\"@type\":\"SearchAction\",\"target\":{\"@type\":\"EntryPoint\",\"urlTemplate\":\"https:\\\/\\\/carbeat.dk\\\/de\\\/?s={search_term_string}\"},\"query-input\":{\"@type\":\"PropertyValueSpecification\",\"valueRequired\":true,\"valueName\":\"search_term_string\"}}],\"inLanguage\":\"de\"},{\"@type\":\"Organization\",\"@id\":\"https:\\\/\\\/carbeat.dk\\\/de\\\/#organization\",\"name\":\"CarBeat Chasing Cars\",\"url\":\"https:\\\/\\\/carbeat.dk\\\/de\\\/\",\"logo\":{\"@type\":\"ImageObject\",\"inLanguage\":\"de\",\"@id\":\"https:\\\/\\\/carbeat.dk\\\/de\\\/#\\\/schema\\\/logo\\\/image\\\/\",\"url\":\"https:\\\/\\\/carbeat.dk\\\/wp-content\\\/uploads\\\/2023\\\/08\\\/CarBeat-Chasing-Cars-lille-2560x1560-1-1_clipped_rev_1.png\",\"contentUrl\":\"https:\\\/\\\/carbeat.dk\\\/wp-content\\\/uploads\\\/2023\\\/08\\\/CarBeat-Chasing-Cars-lille-2560x1560-1-1_clipped_rev_1.png\",\"width\":2560,\"height\":1560,\"caption\":\"CarBeat Chasing Cars\"},\"image\":{\"@id\":\"https:\\\/\\\/carbeat.dk\\\/de\\\/#\\\/schema\\\/logo\\\/image\\\/\"},\"sameAs\":[\"https:\\\/\\\/www.facebook.com\\\/CarBeatDK\\\/\",\"https:\\\/\\\/www.instagram.com\\\/carbeatdk\\\/\",\"https:\\\/\\\/www.linkedin.com\\\/company\\\/carbeat\\\/\"]}]}<\/script>\n<!-- \/ Yoast SEO plugin. -->","yoast_head_json":{"title":"der Autoauktion auf der CarBeat Chasing Cars","description":"Austin Healey 3000 MK III - 1967 wird auf einer Autoversteigerung, einer Auktion von CarBeat Chasing Cars, versteigert. kaufen und verkaufen Sie hier Spezialfahrzeuge, Oldtimer, Supersportwagen","robots":{"index":"index","follow":"follow","max-snippet":"max-snippet:-1","max-image-preview":"max-image-preview:large","max-video-preview":"max-video-preview:-1"},"canonical":"https:\/\/carbeat.dk\/de\/produkt\/austin-healey-3000-mk-iii-kopier-3\/","og_locale":"de_DE","og_type":"article","og_title":"der Autoauktion auf der CarBeat Chasing Cars","og_description":"Austin Healey 3000 MK III - 1967 wird auf einer Autoversteigerung, einer Auktion von CarBeat Chasing Cars, versteigert. kaufen und verkaufen Sie hier Spezialfahrzeuge, Oldtimer, Supersportwagen","og_url":"https:\/\/carbeat.dk\/de\/produkt\/austin-healey-3000-mk-iii-kopier-3\/","og_site_name":"CarBeat","article_publisher":"https:\/\/www.facebook.com\/CarBeatDK\/","article_modified_time":"2024-04-27T10:28:56+00:00","og_image":[{"width":2048,"height":1152,"url":"https:\/\/carbeat.dk\/wp-content\/uploads\/2023\/08\/370548115_10223871280432165_3685930375494944865_n.jpg","type":"image\/jpeg"}],"twitter_card":"summary_large_image","twitter_misc":{"Gesch\u00e4tzte Lesezeit":"3\u00a0Minuten"},"schema":{"@context":"https:\/\/schema.org","@graph":[{"@type":"WebPage","@id":"https:\/\/carbeat.dk\/de\/produkt\/austin-healey-3000-mk-iii-kopier-3\/","url":"https:\/\/carbeat.dk\/de\/produkt\/austin-healey-3000-mk-iii-kopier-3\/","name":"der Autoauktion auf der CarBeat Chasing Cars","isPartOf":{"@id":"https:\/\/carbeat.dk\/de\/#website"},"primaryImageOfPage":{"@id":"https:\/\/carbeat.dk\/de\/produkt\/austin-healey-3000-mk-iii-kopier-3\/#primaryimage"},"image":{"@id":"https:\/\/carbeat.dk\/de\/produkt\/austin-healey-3000-mk-iii-kopier-3\/#primaryimage"},"thumbnailUrl":"https:\/\/carbeat.dk\/wp-content\/uploads\/2023\/08\/370548115_10223871280432165_3685930375494944865_n.jpg","datePublished":"2024-04-27T10:20:23+00:00","dateModified":"2024-04-27T10:28:56+00:00","description":"Austin Healey 3000 MK III - 1967 wird auf einer Autoversteigerung, einer Auktion von CarBeat Chasing Cars, versteigert. kaufen und verkaufen Sie hier Spezialfahrzeuge, Oldtimer, Supersportwagen","breadcrumb":{"@id":"https:\/\/carbeat.dk\/de\/produkt\/austin-healey-3000-mk-iii-kopier-3\/#breadcrumb"},"inLanguage":"de","potentialAction":[{"@type":"ReadAction","target":["https:\/\/carbeat.dk\/de\/produkt\/austin-healey-3000-mk-iii-kopier-3\/"]}]},{"@type":"ImageObject","inLanguage":"de","@id":"https:\/\/carbeat.dk\/de\/produkt\/austin-healey-3000-mk-iii-kopier-3\/#primaryimage","url":"https:\/\/carbeat.dk\/wp-content\/uploads\/2023\/08\/370548115_10223871280432165_3685930375494944865_n.jpg","contentUrl":"https:\/\/carbeat.dk\/wp-content\/uploads\/2023\/08\/370548115_10223871280432165_3685930375494944865_n.jpg","width":2048,"height":1152,"caption":"Austin Healey zu verkaufen Denmark CarBeat Chasing cars"},{"@type":"BreadcrumbList","@id":"https:\/\/carbeat.dk\/de\/produkt\/austin-healey-3000-mk-iii-kopier-3\/#breadcrumb","itemListElement":[{"@type":"ListItem","position":1,"name":"Hjem","item":"https:\/\/carbeat.dk\/de\/"},{"@type":"ListItem","position":2,"name":"Shop","item":"https:\/\/carbeat.dk\/shop\/"},{"@type":"ListItem","position":3,"name":"Austin Healey 3000 MK III"}]},{"@type":"WebSite","@id":"https:\/\/carbeat.dk\/de\/#website","url":"https:\/\/carbeat.dk\/de\/","name":"CarBeat","description":"Chasing Cars","publisher":{"@id":"https:\/\/carbeat.dk\/de\/#organization"},"potentialAction":[{"@type":"SearchAction","target":{"@type":"EntryPoint","urlTemplate":"https:\/\/carbeat.dk\/de\/?s={search_term_string}"},"query-input":{"@type":"PropertyValueSpecification","valueRequired":true,"valueName":"search_term_string"}}],"inLanguage":"de"},{"@type":"Organization","@id":"https:\/\/carbeat.dk\/de\/#organization","name":"CarBeat Chasing Cars","url":"https:\/\/carbeat.dk\/de\/","logo":{"@type":"ImageObject","inLanguage":"de","@id":"https:\/\/carbeat.dk\/de\/#\/schema\/logo\/image\/","url":"https:\/\/carbeat.dk\/wp-content\/uploads\/2023\/08\/CarBeat-Chasing-Cars-lille-2560x1560-1-1_clipped_rev_1.png","contentUrl":"https:\/\/carbeat.dk\/wp-content\/uploads\/2023\/08\/CarBeat-Chasing-Cars-lille-2560x1560-1-1_clipped_rev_1.png","width":2560,"height":1560,"caption":"CarBeat Chasing Cars"},"image":{"@id":"https:\/\/carbeat.dk\/de\/#\/schema\/logo\/image\/"},"sameAs":["https:\/\/www.facebook.com\/CarBeatDK\/","https:\/\/www.instagram.com\/carbeatdk\/","https:\/\/www.linkedin.com\/company\/carbeat\/"]}]}},"_links":{"self":[{"href":"https:\/\/carbeat.dk\/de\/wp-json\/wp\/v2\/product\/13816","targetHints":{"allow":["GET"]}}],"collection":[{"href":"https:\/\/carbeat.dk\/de\/wp-json\/wp\/v2\/product"}],"about":[{"href":"https:\/\/carbeat.dk\/de\/wp-json\/wp\/v2\/types\/product"}],"replies":[{"embeddable":true,"href":"https:\/\/carbeat.dk\/de\/wp-json\/wp\/v2\/comments?post=13816"}],"version-history":[{"count":2,"href":"https:\/\/carbeat.dk\/de\/wp-json\/wp\/v2\/product\/13816\/revisions"}],"predecessor-version":[{"id":13834,"href":"https:\/\/carbeat.dk\/de\/wp-json\/wp\/v2\/product\/13816\/revisions\/13834"}],"wp:featuredmedia":[{"embeddable":true,"href":"https:\/\/carbeat.dk\/de\/wp-json\/wp\/v2\/media\/6138"}],"wp:attachment":[{"href":"https:\/\/carbeat.dk\/de\/wp-json\/wp\/v2\/media?parent=13816"}],"wp:term":[{"taxonomy":"product_brand","embeddable":true,"href":"https:\/\/carbeat.dk\/de\/wp-json\/wp\/v2\/product_brand?post=13816"},{"taxonomy":"product_cat","embeddable":true,"href":"https:\/\/carbeat.dk\/de\/wp-json\/wp\/v2\/product_cat?post=13816"},{"taxonomy":"product_tag","embeddable":true,"href":"https:\/\/carbeat.dk\/de\/wp-json\/wp\/v2\/product_tag?post=13816"}],"curies":[{"name":"wp","href":"https:\/\/api.w.org\/{rel}","templated":true}]}}