{"id":13622,"date":"2024-04-20T15:02:07","date_gmt":"2024-04-20T13:02:07","guid":{"rendered":"https:\/\/carbeat.dk\/?post_type=product&#038;p=13622"},"modified":"2024-04-20T15:46:01","modified_gmt":"2024-04-20T13:46:01","slug":"volkswagen-t1-typ2-kopier-3","status":"publish","type":"product","link":"https:\/\/carbeat.dk\/de\/produkt\/volkswagen-t1-typ2-kopier-3\/","title":{"rendered":"Volkswagen T1 Typ2"},"content":{"rendered":"<p>Der Volkswagen T1 Typ2 &#8211; 1960 ist nicht nur ein historisch bedeutendes Auto, sondern auch eines der legend\u00e4rsten Autos der Welt.<br \/>\nDies ist eine wirklich sch\u00f6ne Investition Auto und Van-Version mit drei Vordersitzen und guten Laderaum. Das Auto ist in gutem und gesundem Zustand und hat d\u00e4nische Kennzeichen. Es ist also bereit, in die Welt hinauszufahren oder im Wohnzimmer oder in der Garage zu stehen, um ein L\u00e4cheln auf Ihr Gesicht zu zaubern.<\/p>\n<p>Der Preis f\u00fcr dieses Auto ist stark gestiegen und wird wahrscheinlich noch weiter steigen. Aber abgesehen vom Investitionspotenzial ist es ein gro\u00dfartiges Auto, mit dem es Spa\u00df macht, herumzufahren. Wenn Sie ein Unternehmen haben, kann das Auto leicht als auff\u00e4llige Werbes\u00e4ule verwendet werden, die auch mobil ist.<\/p>\n<h3>D\u00e4nisches Auto<\/h3>\n<p>Die Karosserieteile des Wagens wurden auf der gro\u00dfen Hilo-Maschine gepresst, die von 1940 bis 1976 in Betrieb war. Aber das Auto wird als brandneu in D\u00e4nemark verkauft, und wird an den neuen K\u00e4ufer mit voller Geschichte und org geliefert. alte schwarze Emaille Nummernschilder. Das Auto wurde vor ca. 7 Jahren renoviert, und eine komplette Serie von Bildern der Renovierung ist beim Kauf enthalten.<br \/>\nDieser Volkswagen T1 Typ2 &#8211; 1960 ist \u00fcberall mit Tectyl und Fett etc. bedeckt, offensichtlich um ihn gut zu pflegen<\/p>\n<h3>Mit kleinem Fenster<\/h3>\n<p>Es ist das Modell mit dem kleinen Heckfenster, das dem Kenner verr\u00e4t, dass es sich um einen dieser schwer zu findenden Wagen handelt, vor allem in diesem Zustand. Er hat eine zweiteilige Windschutzscheibe und die Originalr\u00e4der mit Wackelk\u00f6pfen sind enthalten.<\/p>\n<p>Das Auto ist sehr rennsportinspiriert und k\u00f6nnte leicht als flippiges &#8222;Werkstattauto&#8220; durchgehen. Die R\u00e4der mit der karierten Flagge und dem Folienstreifen an der Seite geben einen Hinweis darauf. Dazu kommen feinste &#8222;Augenlider&#8220; an den Scheinwerfern und zus\u00e4tzliche Nebelscheinwerfer, die die kleinen Originalleuchten sehr elegant erg\u00e4nzen. Das Design mit dem riesigen VW-Logo auf der Vorderseite passt gut zusammen.<\/p>\n<p>Die Rennstreifen sind nur Folie und k\u00f6nnen leicht entfernt werden. So k\u00f6nnen Sie die von Porsche inspirierten Felgen durch die Originalfelgen ersetzen.<\/p>\n<p>Der Bulli, oder Roggenbrot, wie wir ihn hierzulande auch nennen, wurde am 15. November 2018 zugelassen und wird bis zum 25. September 2026 zugelassen sein.<\/p>\n","protected":false},"excerpt":{"rendered":"<p>Der Volkswagen T1 Typ2 &#8211; 1960 ist nicht nur ein historisch bedeutendes Auto, sondern auch eines der legend\u00e4rsten Autos der Welt. Dies ist eine wirklich sch\u00f6ne Investition Auto und Van-Version mit drei Vordersitzen und guten Laderaum. Das Auto ist in gutem und gesundem Zustand und hat d\u00e4nische Kennzeichen. Es ist also bereit, in die Welt [&hellip;]<\/p>\n","protected":false},"featured_media":9224,"comment_status":"open","ping_status":"closed","template":"","meta":[],"product_brand":[],"product_cat":[476,477],"product_tag":[575,570,579,554,565,561],"class_list":{"0":"post-13622","1":"product","2":"type-product","3":"status-publish","4":"has-post-thumbnail","6":"car_models-t1-type2","7":"car_models-volkswagen","8":"product_cat-autos","9":"product_cat-klassische-autos","10":"product_tag-auto-roggenbrot","11":"product_tag-bullie-de","12":"product_tag-t1-de","13":"product_tag-t1-grossraumwagen","14":"product_tag-typ-2","15":"product_tag-vw-t1-typ2","17":"first","18":"instock","19":"sold-individually","20":"shipping-taxable","21":"purchasable","22":"product-type-auction"},"acf":[],"yoast_head":"<!-- This site is optimized with the Yoast SEO plugin v27.4 - https:\/\/yoast.com\/product\/yoast-seo-wordpress\/ -->\n<title>Volkswagen T1 Typ2 - CarBeat Chasing Cars Autoauktion f\u00fcr Spezialfahrzeuge<\/title>\n<meta name=\"description\" content=\"Volkswagen T1 Typ2 - 1960 wird bei CarBeat Chasing Cars zu einem guten Preis versteigert. Machen Sie eine gro\u00dfe Auto-Investition und bieten Sie auf diese VW T1 Autohistorie heute\" \/>\n<meta name=\"robots\" content=\"index, follow, max-snippet:-1, max-image-preview:large, max-video-preview:-1\" \/>\n<link rel=\"canonical\" href=\"https:\/\/carbeat.dk\/de\/produkt\/volkswagen-t1-typ2-kopier-3\/\" \/>\n<meta property=\"og:locale\" content=\"de_DE\" \/>\n<meta property=\"og:type\" content=\"article\" \/>\n<meta property=\"og:title\" content=\"Volkswagen T1 Typ2 - CarBeat Chasing Cars Autoauktion f\u00fcr Spezialfahrzeuge\" \/>\n<meta property=\"og:description\" content=\"Volkswagen T1 Typ2 - 1960 wird bei CarBeat Chasing Cars zu einem guten Preis versteigert. Machen Sie eine gro\u00dfe Auto-Investition und bieten Sie auf diese VW T1 Autohistorie heute\" \/>\n<meta property=\"og:url\" content=\"https:\/\/carbeat.dk\/de\/produkt\/volkswagen-t1-typ2-kopier-3\/\" \/>\n<meta property=\"og:site_name\" content=\"CarBeat\" \/>\n<meta property=\"article:publisher\" content=\"https:\/\/www.facebook.com\/CarBeatDK\/\" \/>\n<meta property=\"article:modified_time\" content=\"2024-04-20T13:46:01+00:00\" \/>\n<meta property=\"og:image\" content=\"https:\/\/carbeat.dk\/wp-content\/uploads\/2023\/10\/VW_t1_Rene_AW12af0ac2-3e16-4049-bfcb-ed93c3da477b.webp\" \/>\n\t<meta property=\"og:image:width\" content=\"1440\" \/>\n\t<meta property=\"og:image:height\" content=\"1080\" \/>\n\t<meta property=\"og:image:type\" content=\"image\/webp\" \/>\n<meta name=\"twitter:card\" content=\"summary_large_image\" \/>\n<meta name=\"twitter:label1\" content=\"Gesch\u00e4tzte Lesezeit\" \/>\n\t<meta name=\"twitter:data1\" content=\"2\u00a0Minuten\" \/>\n<script type=\"application\/ld+json\" class=\"yoast-schema-graph\">{\"@context\":\"https:\\\/\\\/schema.org\",\"@graph\":[{\"@type\":\"WebPage\",\"@id\":\"https:\\\/\\\/carbeat.dk\\\/de\\\/produkt\\\/volkswagen-t1-typ2-kopier-3\\\/\",\"url\":\"https:\\\/\\\/carbeat.dk\\\/de\\\/produkt\\\/volkswagen-t1-typ2-kopier-3\\\/\",\"name\":\"Volkswagen T1 Typ2 - CarBeat Chasing Cars Autoauktion f\u00fcr Spezialfahrzeuge\",\"isPartOf\":{\"@id\":\"https:\\\/\\\/carbeat.dk\\\/de\\\/#website\"},\"primaryImageOfPage\":{\"@id\":\"https:\\\/\\\/carbeat.dk\\\/de\\\/produkt\\\/volkswagen-t1-typ2-kopier-3\\\/#primaryimage\"},\"image\":{\"@id\":\"https:\\\/\\\/carbeat.dk\\\/de\\\/produkt\\\/volkswagen-t1-typ2-kopier-3\\\/#primaryimage\"},\"thumbnailUrl\":\"https:\\\/\\\/carbeat.dk\\\/wp-content\\\/uploads\\\/2023\\\/10\\\/VW_t1_Rene_AW12af0ac2-3e16-4049-bfcb-ed93c3da477b.webp\",\"datePublished\":\"2024-04-20T13:02:07+00:00\",\"dateModified\":\"2024-04-20T13:46:01+00:00\",\"description\":\"Volkswagen T1 Typ2 - 1960 wird bei CarBeat Chasing Cars zu einem guten Preis versteigert. Machen Sie eine gro\u00dfe Auto-Investition und bieten Sie auf diese VW T1 Autohistorie heute\",\"breadcrumb\":{\"@id\":\"https:\\\/\\\/carbeat.dk\\\/de\\\/produkt\\\/volkswagen-t1-typ2-kopier-3\\\/#breadcrumb\"},\"inLanguage\":\"de\",\"potentialAction\":[{\"@type\":\"ReadAction\",\"target\":[\"https:\\\/\\\/carbeat.dk\\\/de\\\/produkt\\\/volkswagen-t1-typ2-kopier-3\\\/\"]}]},{\"@type\":\"ImageObject\",\"inLanguage\":\"de\",\"@id\":\"https:\\\/\\\/carbeat.dk\\\/de\\\/produkt\\\/volkswagen-t1-typ2-kopier-3\\\/#primaryimage\",\"url\":\"https:\\\/\\\/carbeat.dk\\\/wp-content\\\/uploads\\\/2023\\\/10\\\/VW_t1_Rene_AW12af0ac2-3e16-4049-bfcb-ed93c3da477b.webp\",\"contentUrl\":\"https:\\\/\\\/carbeat.dk\\\/wp-content\\\/uploads\\\/2023\\\/10\\\/VW_t1_Rene_AW12af0ac2-3e16-4049-bfcb-ed93c3da477b.webp\",\"width\":1440,\"height\":1080,\"caption\":\"CarBeat Chasing Cars VW T1 Typ 2 Profil zu verkaufen bei Auto-Auktion\"},{\"@type\":\"BreadcrumbList\",\"@id\":\"https:\\\/\\\/carbeat.dk\\\/de\\\/produkt\\\/volkswagen-t1-typ2-kopier-3\\\/#breadcrumb\",\"itemListElement\":[{\"@type\":\"ListItem\",\"position\":1,\"name\":\"Hjem\",\"item\":\"https:\\\/\\\/carbeat.dk\\\/de\\\/\"},{\"@type\":\"ListItem\",\"position\":2,\"name\":\"Shop\",\"item\":\"https:\\\/\\\/carbeat.dk\\\/shop\\\/\"},{\"@type\":\"ListItem\",\"position\":3,\"name\":\"Volkswagen T1 Typ2\"}]},{\"@type\":\"WebSite\",\"@id\":\"https:\\\/\\\/carbeat.dk\\\/de\\\/#website\",\"url\":\"https:\\\/\\\/carbeat.dk\\\/de\\\/\",\"name\":\"CarBeat\",\"description\":\"Chasing Cars\",\"publisher\":{\"@id\":\"https:\\\/\\\/carbeat.dk\\\/de\\\/#organization\"},\"potentialAction\":[{\"@type\":\"SearchAction\",\"target\":{\"@type\":\"EntryPoint\",\"urlTemplate\":\"https:\\\/\\\/carbeat.dk\\\/de\\\/?s={search_term_string}\"},\"query-input\":{\"@type\":\"PropertyValueSpecification\",\"valueRequired\":true,\"valueName\":\"search_term_string\"}}],\"inLanguage\":\"de\"},{\"@type\":\"Organization\",\"@id\":\"https:\\\/\\\/carbeat.dk\\\/de\\\/#organization\",\"name\":\"CarBeat Chasing Cars\",\"url\":\"https:\\\/\\\/carbeat.dk\\\/de\\\/\",\"logo\":{\"@type\":\"ImageObject\",\"inLanguage\":\"de\",\"@id\":\"https:\\\/\\\/carbeat.dk\\\/de\\\/#\\\/schema\\\/logo\\\/image\\\/\",\"url\":\"https:\\\/\\\/carbeat.dk\\\/wp-content\\\/uploads\\\/2023\\\/08\\\/CarBeat-Chasing-Cars-lille-2560x1560-1-1_clipped_rev_1.png\",\"contentUrl\":\"https:\\\/\\\/carbeat.dk\\\/wp-content\\\/uploads\\\/2023\\\/08\\\/CarBeat-Chasing-Cars-lille-2560x1560-1-1_clipped_rev_1.png\",\"width\":2560,\"height\":1560,\"caption\":\"CarBeat Chasing Cars\"},\"image\":{\"@id\":\"https:\\\/\\\/carbeat.dk\\\/de\\\/#\\\/schema\\\/logo\\\/image\\\/\"},\"sameAs\":[\"https:\\\/\\\/www.facebook.com\\\/CarBeatDK\\\/\",\"https:\\\/\\\/www.instagram.com\\\/carbeatdk\\\/\",\"https:\\\/\\\/www.linkedin.com\\\/company\\\/carbeat\\\/\"]}]}<\/script>\n<!-- \/ Yoast SEO plugin. -->","yoast_head_json":{"title":"Volkswagen T1 Typ2 - CarBeat Chasing Cars Autoauktion f\u00fcr Spezialfahrzeuge","description":"Volkswagen T1 Typ2 - 1960 wird bei CarBeat Chasing Cars zu einem guten Preis versteigert. Machen Sie eine gro\u00dfe Auto-Investition und bieten Sie auf diese VW T1 Autohistorie heute","robots":{"index":"index","follow":"follow","max-snippet":"max-snippet:-1","max-image-preview":"max-image-preview:large","max-video-preview":"max-video-preview:-1"},"canonical":"https:\/\/carbeat.dk\/de\/produkt\/volkswagen-t1-typ2-kopier-3\/","og_locale":"de_DE","og_type":"article","og_title":"Volkswagen T1 Typ2 - CarBeat Chasing Cars Autoauktion f\u00fcr Spezialfahrzeuge","og_description":"Volkswagen T1 Typ2 - 1960 wird bei CarBeat Chasing Cars zu einem guten Preis versteigert. Machen Sie eine gro\u00dfe Auto-Investition und bieten Sie auf diese VW T1 Autohistorie heute","og_url":"https:\/\/carbeat.dk\/de\/produkt\/volkswagen-t1-typ2-kopier-3\/","og_site_name":"CarBeat","article_publisher":"https:\/\/www.facebook.com\/CarBeatDK\/","article_modified_time":"2024-04-20T13:46:01+00:00","og_image":[{"width":1440,"height":1080,"url":"https:\/\/carbeat.dk\/wp-content\/uploads\/2023\/10\/VW_t1_Rene_AW12af0ac2-3e16-4049-bfcb-ed93c3da477b.webp","type":"image\/webp"}],"twitter_card":"summary_large_image","twitter_misc":{"Gesch\u00e4tzte Lesezeit":"2\u00a0Minuten"},"schema":{"@context":"https:\/\/schema.org","@graph":[{"@type":"WebPage","@id":"https:\/\/carbeat.dk\/de\/produkt\/volkswagen-t1-typ2-kopier-3\/","url":"https:\/\/carbeat.dk\/de\/produkt\/volkswagen-t1-typ2-kopier-3\/","name":"Volkswagen T1 Typ2 - CarBeat Chasing Cars Autoauktion f\u00fcr Spezialfahrzeuge","isPartOf":{"@id":"https:\/\/carbeat.dk\/de\/#website"},"primaryImageOfPage":{"@id":"https:\/\/carbeat.dk\/de\/produkt\/volkswagen-t1-typ2-kopier-3\/#primaryimage"},"image":{"@id":"https:\/\/carbeat.dk\/de\/produkt\/volkswagen-t1-typ2-kopier-3\/#primaryimage"},"thumbnailUrl":"https:\/\/carbeat.dk\/wp-content\/uploads\/2023\/10\/VW_t1_Rene_AW12af0ac2-3e16-4049-bfcb-ed93c3da477b.webp","datePublished":"2024-04-20T13:02:07+00:00","dateModified":"2024-04-20T13:46:01+00:00","description":"Volkswagen T1 Typ2 - 1960 wird bei CarBeat Chasing Cars zu einem guten Preis versteigert. Machen Sie eine gro\u00dfe Auto-Investition und bieten Sie auf diese VW T1 Autohistorie heute","breadcrumb":{"@id":"https:\/\/carbeat.dk\/de\/produkt\/volkswagen-t1-typ2-kopier-3\/#breadcrumb"},"inLanguage":"de","potentialAction":[{"@type":"ReadAction","target":["https:\/\/carbeat.dk\/de\/produkt\/volkswagen-t1-typ2-kopier-3\/"]}]},{"@type":"ImageObject","inLanguage":"de","@id":"https:\/\/carbeat.dk\/de\/produkt\/volkswagen-t1-typ2-kopier-3\/#primaryimage","url":"https:\/\/carbeat.dk\/wp-content\/uploads\/2023\/10\/VW_t1_Rene_AW12af0ac2-3e16-4049-bfcb-ed93c3da477b.webp","contentUrl":"https:\/\/carbeat.dk\/wp-content\/uploads\/2023\/10\/VW_t1_Rene_AW12af0ac2-3e16-4049-bfcb-ed93c3da477b.webp","width":1440,"height":1080,"caption":"CarBeat Chasing Cars VW T1 Typ 2 Profil zu verkaufen bei Auto-Auktion"},{"@type":"BreadcrumbList","@id":"https:\/\/carbeat.dk\/de\/produkt\/volkswagen-t1-typ2-kopier-3\/#breadcrumb","itemListElement":[{"@type":"ListItem","position":1,"name":"Hjem","item":"https:\/\/carbeat.dk\/de\/"},{"@type":"ListItem","position":2,"name":"Shop","item":"https:\/\/carbeat.dk\/shop\/"},{"@type":"ListItem","position":3,"name":"Volkswagen T1 Typ2"}]},{"@type":"WebSite","@id":"https:\/\/carbeat.dk\/de\/#website","url":"https:\/\/carbeat.dk\/de\/","name":"CarBeat","description":"Chasing Cars","publisher":{"@id":"https:\/\/carbeat.dk\/de\/#organization"},"potentialAction":[{"@type":"SearchAction","target":{"@type":"EntryPoint","urlTemplate":"https:\/\/carbeat.dk\/de\/?s={search_term_string}"},"query-input":{"@type":"PropertyValueSpecification","valueRequired":true,"valueName":"search_term_string"}}],"inLanguage":"de"},{"@type":"Organization","@id":"https:\/\/carbeat.dk\/de\/#organization","name":"CarBeat Chasing Cars","url":"https:\/\/carbeat.dk\/de\/","logo":{"@type":"ImageObject","inLanguage":"de","@id":"https:\/\/carbeat.dk\/de\/#\/schema\/logo\/image\/","url":"https:\/\/carbeat.dk\/wp-content\/uploads\/2023\/08\/CarBeat-Chasing-Cars-lille-2560x1560-1-1_clipped_rev_1.png","contentUrl":"https:\/\/carbeat.dk\/wp-content\/uploads\/2023\/08\/CarBeat-Chasing-Cars-lille-2560x1560-1-1_clipped_rev_1.png","width":2560,"height":1560,"caption":"CarBeat Chasing Cars"},"image":{"@id":"https:\/\/carbeat.dk\/de\/#\/schema\/logo\/image\/"},"sameAs":["https:\/\/www.facebook.com\/CarBeatDK\/","https:\/\/www.instagram.com\/carbeatdk\/","https:\/\/www.linkedin.com\/company\/carbeat\/"]}]}},"_links":{"self":[{"href":"https:\/\/carbeat.dk\/de\/wp-json\/wp\/v2\/product\/13622","targetHints":{"allow":["GET"]}}],"collection":[{"href":"https:\/\/carbeat.dk\/de\/wp-json\/wp\/v2\/product"}],"about":[{"href":"https:\/\/carbeat.dk\/de\/wp-json\/wp\/v2\/types\/product"}],"replies":[{"embeddable":true,"href":"https:\/\/carbeat.dk\/de\/wp-json\/wp\/v2\/comments?post=13622"}],"version-history":[{"count":2,"href":"https:\/\/carbeat.dk\/de\/wp-json\/wp\/v2\/product\/13622\/revisions"}],"predecessor-version":[{"id":13677,"href":"https:\/\/carbeat.dk\/de\/wp-json\/wp\/v2\/product\/13622\/revisions\/13677"}],"wp:featuredmedia":[{"embeddable":true,"href":"https:\/\/carbeat.dk\/de\/wp-json\/wp\/v2\/media\/9224"}],"wp:attachment":[{"href":"https:\/\/carbeat.dk\/de\/wp-json\/wp\/v2\/media?parent=13622"}],"wp:term":[{"taxonomy":"product_brand","embeddable":true,"href":"https:\/\/carbeat.dk\/de\/wp-json\/wp\/v2\/product_brand?post=13622"},{"taxonomy":"product_cat","embeddable":true,"href":"https:\/\/carbeat.dk\/de\/wp-json\/wp\/v2\/product_cat?post=13622"},{"taxonomy":"product_tag","embeddable":true,"href":"https:\/\/carbeat.dk\/de\/wp-json\/wp\/v2\/product_tag?post=13622"}],"curies":[{"name":"wp","href":"https:\/\/api.w.org\/{rel}","templated":true}]}}