{"id":13256,"date":"2024-04-01T19:58:27","date_gmt":"2024-04-01T17:58:27","guid":{"rendered":"https:\/\/carbeat.dk\/?post_type=product&#038;p=13256"},"modified":"2024-04-03T10:21:01","modified_gmt":"2024-04-03T08:21:01","slug":"porsche-944-s2-kopier-2","status":"publish","type":"product","link":"https:\/\/carbeat.dk\/de\/produkt\/porsche-944-s2-kopier-2\/","title":{"rendered":"Porsche 944 S2"},"content":{"rendered":"<div class=\"page\" title=\"Seite 1\">\n<div class=\"layoutArea\">\n<div class=\"column\">\n<p>Dieser Porsche 944 ist ein 3.0 S2 von 1990. Es ist ein 100% originales Auto mit allen Annehmlichkeiten aus den fr\u00fchen 90er Jahren, wie Kassettenspieler, elektrische Sitze, elektrisches Schiebedach mit Kippfunktion, Zentralverriegelung und anderen Luxusmerkmalen dieser Zeit. Das Fahrzeug hat das Fahrtenbuch buchstabengetreu ausgef\u00fcllt, es ist jedoch nicht abgestempelt.<\/p>\n<p>Nat\u00fcrlich verf\u00fcgt der Wagen \u00fcber die fantastischen Klappscheinwerfer, die jeder Sportwagen haben sollte. Ihre Fahrposition ist erhaben und f\u00fcr gezielte Gangwechsel und einen schnellen Fahrstil ausgelegt.<\/p>\n<p>Sie nehmen nicht nur in einer historischen Porsche-Ikone Platz, sondern in einem Porsche 944 mit grauen Teilledersportsitzen mit Porsche-Markenstoff. Das Design wird auf allen 4 Sitzen wiederholt. Sie haben das Auto perfekt im Griff, denn das dicke Lederlenkrad sorgt daf\u00fcr, dass Sie auch auf den kurvenreichsten Stra\u00dfen sicher ans Ziel kommen. Das Auto ist wirklich in einem sehr guten Zustand und der Verk\u00e4ufer hat getestet, dass alle Kn\u00f6pfe wie gew\u00fcnscht funktionieren.<\/p>\n<\/div>\n<\/div>\n<\/div>\n<h3>Luxusausstattung im Jahr 1987<\/h3>\n<div class=\"page\" title=\"Seite 1\">\n<div class=\"layoutArea\">\n<div class=\"column\">\n<ul>\n<li>16&#8243; Leichtmetallr\u00e4der<\/li>\n<li>Zentralverriegelung<\/li>\n<li>Elektrische Spiegel<\/li>\n<li>Elektrische Fensterheber<\/li>\n<li>Armlehne<\/li>\n<li>Dell-Leder<\/li>\n<li>Lederlenkrad<\/li>\n<\/ul>\n<p>Das Auto ist ein Nichtraucherauto und wurde auch versteuert, es ist also v\u00f6llig sauber.<\/p>\n<p>Der Verk\u00e4ufer kann die Nummernschilder sofort liefern, so dass Sie mit dem Auto sofort nach Hause fahren k\u00f6nnen, wenn Sie es w\u00fcnschen.<\/p>\n<\/div>\n<\/div>\n<\/div>\n<h3>Was ist ein Porsche 944 S2<\/h3>\n<p>Der Porsche 944 S2 von 1990 ist ein beeindruckender Sportwagen, der Eleganz, Leistung und Zuverl\u00e4ssigkeit vereint. Dieses Modell ist eine Weiterentwicklung des urspr\u00fcnglichen Porsche 944 und ist mit einem leistungsstarken 3,0-Liter-Vierzylindermotor ausgestattet, der eine beeindruckende Leistung von 211 PS liefert.<\/p>\n<p>Vom Design her ist der Porsche 944 S2 von 1990 mit seiner markanten Silhouette und aerodynamischen Linienf\u00fchrung eine zeitlose Sch\u00f6nheit. Die Karosserie ist so konzipiert, dass sie den Luftwiderstand minimiert und das Handling bei hohen Geschwindigkeiten verbessert. Es ist ein zweit\u00fcriges Coup\u00e9 mit einem markanten, niedrigen und sportlichen Aussehen, das Liebhaber anspricht.<\/p>\n<p>Das Fahrverhalten ist hervorragend: Der Wagen verf\u00fcgt \u00fcber eine dynamische und pr\u00e4zise Lenkung und eine hervorragende Balance, die das Fahren auf Landstra\u00dfen und Rennstrecken zum Vergn\u00fcgen macht. Der reaktionsschnelle Motor und das gut abgestimmte Fahrwerk sorgen f\u00fcr ein gro\u00dfartiges Fahrerlebnis, das selbst die anspruchsvollsten Autoliebhaber zufrieden stellt.<\/p>\n<p>Der Porsche 944 S2 von 1990 ist auch f\u00fcr seine Zuverl\u00e4ssigkeit und Langlebigkeit bekannt, was ihn zu einer attraktiven Wahl f\u00fcr diejenigen macht, die einen klassischen Sportwagen suchen, der auch heute noch Bestand hat. Dieses Modell steht f\u00fcr die \u00c4ra, in der sich Porsche der perfekten Verbindung von Leistung und \u00c4sthetik verschrieben hat.<\/p>\n","protected":false},"excerpt":{"rendered":"<p>Dieser Porsche 944 ist ein 3.0 S2 von 1990. Es ist ein 100% originales Auto mit allen Annehmlichkeiten aus den fr\u00fchen 90er Jahren, wie Kassettenspieler, elektrische Sitze, elektrisches Schiebedach mit Kippfunktion, Zentralverriegelung und anderen Luxusmerkmalen dieser Zeit. Das Fahrzeug hat das Fahrtenbuch buchstabengetreu ausgef\u00fcllt, es ist jedoch nicht abgestempelt. Nat\u00fcrlich verf\u00fcgt der Wagen \u00fcber die [&hellip;]<\/p>\n","protected":false},"featured_media":9756,"comment_status":"open","ping_status":"closed","template":"","meta":[],"product_brand":[],"product_cat":[476,492],"product_tag":[761,499,755,764,758,527],"class_list":{"0":"post-13256","1":"product","2":"type-product","3":"status-publish","4":"has-post-thumbnail","6":"car_models-porsche-944","7":"car_models-porsche","8":"product_cat-autos","9":"product_cat-youngtimer-de","10":"product_tag-944-s2-de","11":"product_tag-porsche-de","12":"product_tag-porsche-944-de","13":"product_tag-porsche-944-s2-de","14":"product_tag-sammler","15":"product_tag-youngtimer-de","17":"first","18":"instock","19":"sold-individually","20":"shipping-taxable","21":"purchasable","22":"product-type-auction"},"acf":[],"yoast_head":"<!-- This site is optimized with the Yoast SEO plugin v27.4 - https:\/\/yoast.com\/product\/yoast-seo-wordpress\/ -->\n<title>Porsche 944 S2 - CarBeat<\/title>\n<meta name=\"description\" content=\"Der Porsche 944 S2 stammt aus einer spannenden \u00c4ra f\u00fcr den modernen Porsche. Er wird jetzt bei Carbeat versteigert. Finden Sie hier Ihr n\u00e4chstes Spezialfahrzeug oder Traumauto\" \/>\n<meta name=\"robots\" content=\"index, follow, max-snippet:-1, max-image-preview:large, max-video-preview:-1\" \/>\n<link rel=\"canonical\" href=\"https:\/\/carbeat.dk\/de\/produkt\/porsche-944-s2-kopier-2\/\" \/>\n<meta property=\"og:locale\" content=\"de_DE\" \/>\n<meta property=\"og:type\" content=\"article\" \/>\n<meta property=\"og:title\" content=\"Porsche 944 S2 - CarBeat\" \/>\n<meta property=\"og:description\" content=\"Der Porsche 944 S2 stammt aus einer spannenden \u00c4ra f\u00fcr den modernen Porsche. Er wird jetzt bei Carbeat versteigert. Finden Sie hier Ihr n\u00e4chstes Spezialfahrzeug oder Traumauto\" \/>\n<meta property=\"og:url\" content=\"https:\/\/carbeat.dk\/de\/produkt\/porsche-944-s2-kopier-2\/\" \/>\n<meta property=\"og:site_name\" content=\"CarBeat\" \/>\n<meta property=\"article:publisher\" content=\"https:\/\/www.facebook.com\/CarBeatDK\/\" \/>\n<meta property=\"article:modified_time\" content=\"2024-04-03T08:21:01+00:00\" \/>\n<meta property=\"og:image\" content=\"https:\/\/carbeat.dk\/wp-content\/uploads\/2023\/10\/IMG_7018-scaled.webp\" \/>\n\t<meta property=\"og:image:width\" content=\"2560\" \/>\n\t<meta property=\"og:image:height\" content=\"1707\" \/>\n\t<meta property=\"og:image:type\" content=\"image\/jpeg\" \/>\n<meta name=\"twitter:card\" content=\"summary_large_image\" \/>\n<meta name=\"twitter:label1\" content=\"Gesch\u00e4tzte Lesezeit\" \/>\n\t<meta name=\"twitter:data1\" content=\"2\u00a0Minuten\" \/>\n<script type=\"application\/ld+json\" class=\"yoast-schema-graph\">{\"@context\":\"https:\\\/\\\/schema.org\",\"@graph\":[{\"@type\":\"WebPage\",\"@id\":\"https:\\\/\\\/carbeat.dk\\\/de\\\/produkt\\\/porsche-944-s2-kopier-2\\\/\",\"url\":\"https:\\\/\\\/carbeat.dk\\\/de\\\/produkt\\\/porsche-944-s2-kopier-2\\\/\",\"name\":\"Porsche 944 S2 - CarBeat\",\"isPartOf\":{\"@id\":\"https:\\\/\\\/carbeat.dk\\\/de\\\/#website\"},\"primaryImageOfPage\":{\"@id\":\"https:\\\/\\\/carbeat.dk\\\/de\\\/produkt\\\/porsche-944-s2-kopier-2\\\/#primaryimage\"},\"image\":{\"@id\":\"https:\\\/\\\/carbeat.dk\\\/de\\\/produkt\\\/porsche-944-s2-kopier-2\\\/#primaryimage\"},\"thumbnailUrl\":\"https:\\\/\\\/carbeat.dk\\\/wp-content\\\/uploads\\\/2023\\\/10\\\/IMG_7018-scaled.webp\",\"datePublished\":\"2024-04-01T17:58:27+00:00\",\"dateModified\":\"2024-04-03T08:21:01+00:00\",\"description\":\"Der Porsche 944 S2 stammt aus einer spannenden \u00c4ra f\u00fcr den modernen Porsche. Er wird jetzt bei Carbeat versteigert. Finden Sie hier Ihr n\u00e4chstes Spezialfahrzeug oder Traumauto\",\"breadcrumb\":{\"@id\":\"https:\\\/\\\/carbeat.dk\\\/de\\\/produkt\\\/porsche-944-s2-kopier-2\\\/#breadcrumb\"},\"inLanguage\":\"de\",\"potentialAction\":[{\"@type\":\"ReadAction\",\"target\":[\"https:\\\/\\\/carbeat.dk\\\/de\\\/produkt\\\/porsche-944-s2-kopier-2\\\/\"]}]},{\"@type\":\"ImageObject\",\"inLanguage\":\"de\",\"@id\":\"https:\\\/\\\/carbeat.dk\\\/de\\\/produkt\\\/porsche-944-s2-kopier-2\\\/#primaryimage\",\"url\":\"https:\\\/\\\/carbeat.dk\\\/wp-content\\\/uploads\\\/2023\\\/10\\\/IMG_7018-scaled.webp\",\"contentUrl\":\"https:\\\/\\\/carbeat.dk\\\/wp-content\\\/uploads\\\/2023\\\/10\\\/IMG_7018-scaled.webp\",\"width\":2560,\"height\":1707,\"caption\":\"CarBeat Chasing Cars Autoauktion f\u00fcr Spezialfahrzeuge Seite CarBeat nicht nur eine weitere Auktion\"},{\"@type\":\"BreadcrumbList\",\"@id\":\"https:\\\/\\\/carbeat.dk\\\/de\\\/produkt\\\/porsche-944-s2-kopier-2\\\/#breadcrumb\",\"itemListElement\":[{\"@type\":\"ListItem\",\"position\":1,\"name\":\"Hjem\",\"item\":\"https:\\\/\\\/carbeat.dk\\\/de\\\/\"},{\"@type\":\"ListItem\",\"position\":2,\"name\":\"Shop\",\"item\":\"https:\\\/\\\/carbeat.dk\\\/shop\\\/\"},{\"@type\":\"ListItem\",\"position\":3,\"name\":\"Porsche 944 S2\"}]},{\"@type\":\"WebSite\",\"@id\":\"https:\\\/\\\/carbeat.dk\\\/de\\\/#website\",\"url\":\"https:\\\/\\\/carbeat.dk\\\/de\\\/\",\"name\":\"CarBeat\",\"description\":\"Chasing Cars\",\"publisher\":{\"@id\":\"https:\\\/\\\/carbeat.dk\\\/de\\\/#organization\"},\"potentialAction\":[{\"@type\":\"SearchAction\",\"target\":{\"@type\":\"EntryPoint\",\"urlTemplate\":\"https:\\\/\\\/carbeat.dk\\\/de\\\/?s={search_term_string}\"},\"query-input\":{\"@type\":\"PropertyValueSpecification\",\"valueRequired\":true,\"valueName\":\"search_term_string\"}}],\"inLanguage\":\"de\"},{\"@type\":\"Organization\",\"@id\":\"https:\\\/\\\/carbeat.dk\\\/de\\\/#organization\",\"name\":\"CarBeat Chasing Cars\",\"url\":\"https:\\\/\\\/carbeat.dk\\\/de\\\/\",\"logo\":{\"@type\":\"ImageObject\",\"inLanguage\":\"de\",\"@id\":\"https:\\\/\\\/carbeat.dk\\\/de\\\/#\\\/schema\\\/logo\\\/image\\\/\",\"url\":\"https:\\\/\\\/carbeat.dk\\\/wp-content\\\/uploads\\\/2023\\\/08\\\/CarBeat-Chasing-Cars-lille-2560x1560-1-1_clipped_rev_1.png\",\"contentUrl\":\"https:\\\/\\\/carbeat.dk\\\/wp-content\\\/uploads\\\/2023\\\/08\\\/CarBeat-Chasing-Cars-lille-2560x1560-1-1_clipped_rev_1.png\",\"width\":2560,\"height\":1560,\"caption\":\"CarBeat Chasing Cars\"},\"image\":{\"@id\":\"https:\\\/\\\/carbeat.dk\\\/de\\\/#\\\/schema\\\/logo\\\/image\\\/\"},\"sameAs\":[\"https:\\\/\\\/www.facebook.com\\\/CarBeatDK\\\/\",\"https:\\\/\\\/www.instagram.com\\\/carbeatdk\\\/\",\"https:\\\/\\\/www.linkedin.com\\\/company\\\/carbeat\\\/\"]}]}<\/script>\n<!-- \/ Yoast SEO plugin. -->","yoast_head_json":{"title":"Porsche 944 S2 - CarBeat","description":"Der Porsche 944 S2 stammt aus einer spannenden \u00c4ra f\u00fcr den modernen Porsche. Er wird jetzt bei Carbeat versteigert. Finden Sie hier Ihr n\u00e4chstes Spezialfahrzeug oder Traumauto","robots":{"index":"index","follow":"follow","max-snippet":"max-snippet:-1","max-image-preview":"max-image-preview:large","max-video-preview":"max-video-preview:-1"},"canonical":"https:\/\/carbeat.dk\/de\/produkt\/porsche-944-s2-kopier-2\/","og_locale":"de_DE","og_type":"article","og_title":"Porsche 944 S2 - CarBeat","og_description":"Der Porsche 944 S2 stammt aus einer spannenden \u00c4ra f\u00fcr den modernen Porsche. Er wird jetzt bei Carbeat versteigert. Finden Sie hier Ihr n\u00e4chstes Spezialfahrzeug oder Traumauto","og_url":"https:\/\/carbeat.dk\/de\/produkt\/porsche-944-s2-kopier-2\/","og_site_name":"CarBeat","article_publisher":"https:\/\/www.facebook.com\/CarBeatDK\/","article_modified_time":"2024-04-03T08:21:01+00:00","og_image":[{"width":2560,"height":1707,"url":"https:\/\/carbeat.dk\/wp-content\/uploads\/2023\/10\/IMG_7018-scaled.webp","type":"image\/jpeg"}],"twitter_card":"summary_large_image","twitter_misc":{"Gesch\u00e4tzte Lesezeit":"2\u00a0Minuten"},"schema":{"@context":"https:\/\/schema.org","@graph":[{"@type":"WebPage","@id":"https:\/\/carbeat.dk\/de\/produkt\/porsche-944-s2-kopier-2\/","url":"https:\/\/carbeat.dk\/de\/produkt\/porsche-944-s2-kopier-2\/","name":"Porsche 944 S2 - CarBeat","isPartOf":{"@id":"https:\/\/carbeat.dk\/de\/#website"},"primaryImageOfPage":{"@id":"https:\/\/carbeat.dk\/de\/produkt\/porsche-944-s2-kopier-2\/#primaryimage"},"image":{"@id":"https:\/\/carbeat.dk\/de\/produkt\/porsche-944-s2-kopier-2\/#primaryimage"},"thumbnailUrl":"https:\/\/carbeat.dk\/wp-content\/uploads\/2023\/10\/IMG_7018-scaled.webp","datePublished":"2024-04-01T17:58:27+00:00","dateModified":"2024-04-03T08:21:01+00:00","description":"Der Porsche 944 S2 stammt aus einer spannenden \u00c4ra f\u00fcr den modernen Porsche. Er wird jetzt bei Carbeat versteigert. Finden Sie hier Ihr n\u00e4chstes Spezialfahrzeug oder Traumauto","breadcrumb":{"@id":"https:\/\/carbeat.dk\/de\/produkt\/porsche-944-s2-kopier-2\/#breadcrumb"},"inLanguage":"de","potentialAction":[{"@type":"ReadAction","target":["https:\/\/carbeat.dk\/de\/produkt\/porsche-944-s2-kopier-2\/"]}]},{"@type":"ImageObject","inLanguage":"de","@id":"https:\/\/carbeat.dk\/de\/produkt\/porsche-944-s2-kopier-2\/#primaryimage","url":"https:\/\/carbeat.dk\/wp-content\/uploads\/2023\/10\/IMG_7018-scaled.webp","contentUrl":"https:\/\/carbeat.dk\/wp-content\/uploads\/2023\/10\/IMG_7018-scaled.webp","width":2560,"height":1707,"caption":"CarBeat Chasing Cars Autoauktion f\u00fcr Spezialfahrzeuge Seite CarBeat nicht nur eine weitere Auktion"},{"@type":"BreadcrumbList","@id":"https:\/\/carbeat.dk\/de\/produkt\/porsche-944-s2-kopier-2\/#breadcrumb","itemListElement":[{"@type":"ListItem","position":1,"name":"Hjem","item":"https:\/\/carbeat.dk\/de\/"},{"@type":"ListItem","position":2,"name":"Shop","item":"https:\/\/carbeat.dk\/shop\/"},{"@type":"ListItem","position":3,"name":"Porsche 944 S2"}]},{"@type":"WebSite","@id":"https:\/\/carbeat.dk\/de\/#website","url":"https:\/\/carbeat.dk\/de\/","name":"CarBeat","description":"Chasing Cars","publisher":{"@id":"https:\/\/carbeat.dk\/de\/#organization"},"potentialAction":[{"@type":"SearchAction","target":{"@type":"EntryPoint","urlTemplate":"https:\/\/carbeat.dk\/de\/?s={search_term_string}"},"query-input":{"@type":"PropertyValueSpecification","valueRequired":true,"valueName":"search_term_string"}}],"inLanguage":"de"},{"@type":"Organization","@id":"https:\/\/carbeat.dk\/de\/#organization","name":"CarBeat Chasing Cars","url":"https:\/\/carbeat.dk\/de\/","logo":{"@type":"ImageObject","inLanguage":"de","@id":"https:\/\/carbeat.dk\/de\/#\/schema\/logo\/image\/","url":"https:\/\/carbeat.dk\/wp-content\/uploads\/2023\/08\/CarBeat-Chasing-Cars-lille-2560x1560-1-1_clipped_rev_1.png","contentUrl":"https:\/\/carbeat.dk\/wp-content\/uploads\/2023\/08\/CarBeat-Chasing-Cars-lille-2560x1560-1-1_clipped_rev_1.png","width":2560,"height":1560,"caption":"CarBeat Chasing Cars"},"image":{"@id":"https:\/\/carbeat.dk\/de\/#\/schema\/logo\/image\/"},"sameAs":["https:\/\/www.facebook.com\/CarBeatDK\/","https:\/\/www.instagram.com\/carbeatdk\/","https:\/\/www.linkedin.com\/company\/carbeat\/"]}]}},"_links":{"self":[{"href":"https:\/\/carbeat.dk\/de\/wp-json\/wp\/v2\/product\/13256","targetHints":{"allow":["GET"]}}],"collection":[{"href":"https:\/\/carbeat.dk\/de\/wp-json\/wp\/v2\/product"}],"about":[{"href":"https:\/\/carbeat.dk\/de\/wp-json\/wp\/v2\/types\/product"}],"replies":[{"embeddable":true,"href":"https:\/\/carbeat.dk\/de\/wp-json\/wp\/v2\/comments?post=13256"}],"version-history":[{"count":2,"href":"https:\/\/carbeat.dk\/de\/wp-json\/wp\/v2\/product\/13256\/revisions"}],"predecessor-version":[{"id":13283,"href":"https:\/\/carbeat.dk\/de\/wp-json\/wp\/v2\/product\/13256\/revisions\/13283"}],"wp:featuredmedia":[{"embeddable":true,"href":"https:\/\/carbeat.dk\/de\/wp-json\/wp\/v2\/media\/9756"}],"wp:attachment":[{"href":"https:\/\/carbeat.dk\/de\/wp-json\/wp\/v2\/media?parent=13256"}],"wp:term":[{"taxonomy":"product_brand","embeddable":true,"href":"https:\/\/carbeat.dk\/de\/wp-json\/wp\/v2\/product_brand?post=13256"},{"taxonomy":"product_cat","embeddable":true,"href":"https:\/\/carbeat.dk\/de\/wp-json\/wp\/v2\/product_cat?post=13256"},{"taxonomy":"product_tag","embeddable":true,"href":"https:\/\/carbeat.dk\/de\/wp-json\/wp\/v2\/product_tag?post=13256"}],"curies":[{"name":"wp","href":"https:\/\/api.w.org\/{rel}","templated":true}]}}