{"id":13198,"date":"2024-03-30T16:47:00","date_gmt":"2024-03-30T15:47:00","guid":{"rendered":"https:\/\/carbeat.dk\/?post_type=product&#038;p=13198"},"modified":"2024-04-01T19:39:01","modified_gmt":"2024-04-01T17:39:01","slug":"fisker-karma-ecochic-4d-kopier","status":"publish","type":"product","link":"https:\/\/carbeat.dk\/de\/produkt\/fisker-karma-ecochic-4d-kopier\/","title":{"rendered":"Fisker Karma EcoChic 4d"},"content":{"rendered":"<p>Topmodell des Fisker Karma EcoChic 4d &#8222;non animal&#8220; Alcantara. Das Auto ist in fast neuem Zustand und verf\u00fcgt \u00fcber alle m\u00f6glichen Updates, wie z.B. die verst\u00e4rkten Elektromotoren, die beste Software im Steuerungssystem des Autos.<\/p>\n<p>Der Wagen stand ca. 6 Jahre trocken und gut gelagert beim Importeur in D\u00e4nemark, bis er in den Besitz des Verk\u00e4ufers kam, daher der geringe Kilometerstand und der super sch\u00f6ne Zustand.<\/p>\n<p>Ein Test-PC und ein spezieller Adapter k\u00f6nnen erworben werden.<br \/>\nJ\u00e4hrliche Ausgaben: ca. 7000k<\/p>\n<p>Der 2011 Fisker Karma EcoChic 4d ist eine bemerkenswerte Plug-in-Hybrid-Sportlimousine, die beeindruckende Leistung mit Nachhaltigkeit verbindet. Dieses vom amerikanischen Automobilhersteller Fisker Automotive entwickelte Luxusauto bietet ein einzigartiges und umweltfreundliches Fahrerlebnis.<\/p>\n<p>Der Wagen besticht durch sein markantes und aerodynamisches Design. Das Auto wird von zwei Elektromotoren und einem Vierzylinder-Benzinmotor angetrieben, wodurch es eine beeindruckende Kombination aus elektrischer Reichweite und zus\u00e4tzlicher Leistung bei Bedarf bietet. Dieses Hybridsystem macht den Karma EcoChic 4d zu einer umweltbewussten Wahl, ohne Kompromisse bei Fahrspa\u00df und Leistung einzugehen.<\/p>\n<p>Die Inneneinrichtung ist elegant und ger\u00e4umig und verwendet nachhaltige Materialien wie wiederverwendetes Holz und recycelte Stoffe. Das fortschrittliche Infotainment-System und die technologische Ausstattung unterstreichen den modernen Charakter des Fahrzeugs.<\/p>\n<p>Dieses Modell ist ein Meilenstein in der nachhaltigen Antriebstechnik und hat das wachsende Interesse an umweltfreundlichen Transportl\u00f6sungen inspiriert. Der Fisker Karma EcoChic 4d aus dem Jahr 2011 bleibt ein Symbol f\u00fcr Luxus und Verantwortung in der Automobilbranche.<\/p>\n<p>Es wird nur verkauft, weil der Verk\u00e4ufer sein auf Elektro- und Plug-in-Autos spezialisiertes Gesch\u00e4ft ausbaut.<\/p>\n","protected":false},"excerpt":{"rendered":"<p>Topmodell des Fisker Karma EcoChic 4d &#8222;non animal&#8220; Alcantara. Das Auto ist in fast neuem Zustand und verf\u00fcgt \u00fcber alle m\u00f6glichen Updates, wie z.B. die verst\u00e4rkten Elektromotoren, die beste Software im Steuerungssystem des Autos. Der Wagen stand ca. 6 Jahre trocken und gut gelagert beim Importeur in D\u00e4nemark, bis er in den Besitz des Verk\u00e4ufers [&hellip;]<\/p>\n","protected":false},"featured_media":5484,"comment_status":"open","ping_status":"closed","template":"","meta":[],"product_brand":[],"product_cat":[476,709],"product_tag":[830,832,827,824,810,815,829,820,831],"class_list":{"0":"post-13198","1":"product","2":"type-product","3":"status-publish","4":"has-post-thumbnail","6":"car_models-fisker","7":"car_models-fisker-karma-ecochic-4d","8":"product_cat-autos","9":"product_cat-moderne-autos","10":"product_tag-daenischer-autodesigner","11":"product_tag-ecochic-de","12":"product_tag-elektroauto","13":"product_tag-ev-de","14":"product_tag-fischer","15":"product_tag-fisker-karma-de","16":"product_tag-fisker-karma-ecochic-de","17":"product_tag-hybride","18":"product_tag-karma-ecochic-de","20":"first","21":"instock","22":"sold-individually","23":"shipping-taxable","24":"purchasable","25":"product-type-auction"},"acf":[],"yoast_head":"<!-- This site is optimized with the Yoast SEO plugin v27.4 - https:\/\/yoast.com\/product\/yoast-seo-wordpress\/ -->\n<title>Fisker Karma EcoChic 4d - CarBeat<\/title>\n<meta name=\"description\" content=\"Fisker Karma EcoChic 4d bei CarBeat Chasing Cars Autoauktion. Dieses neue klassische Hybridauto des d\u00e4nischen Designers Henrik Fisker kann jetzt Ihnen geh\u00f6ren\" \/>\n<meta name=\"robots\" content=\"index, follow, max-snippet:-1, max-image-preview:large, max-video-preview:-1\" \/>\n<link rel=\"canonical\" href=\"https:\/\/carbeat.dk\/de\/produkt\/fisker-karma-ecochic-4d-kopier\/\" \/>\n<meta property=\"og:locale\" content=\"de_DE\" \/>\n<meta property=\"og:type\" content=\"article\" \/>\n<meta property=\"og:title\" content=\"Fisker Karma EcoChic 4d - CarBeat\" \/>\n<meta property=\"og:description\" content=\"Fisker Karma EcoChic 4d bei CarBeat Chasing Cars Autoauktion. Dieses neue klassische Hybridauto des d\u00e4nischen Designers Henrik Fisker kann jetzt Ihnen geh\u00f6ren\" \/>\n<meta property=\"og:url\" content=\"https:\/\/carbeat.dk\/de\/produkt\/fisker-karma-ecochic-4d-kopier\/\" \/>\n<meta property=\"og:site_name\" content=\"CarBeat\" \/>\n<meta property=\"article:publisher\" content=\"https:\/\/www.facebook.com\/CarBeatDK\/\" \/>\n<meta property=\"article:modified_time\" content=\"2024-04-01T17:39:01+00:00\" \/>\n<meta property=\"og:image\" content=\"https:\/\/carbeat.dk\/wp-content\/uploads\/2023\/08\/Fisker-skaevt-frrnt.jpg\" \/>\n\t<meta property=\"og:image:width\" content=\"1080\" \/>\n\t<meta property=\"og:image:height\" content=\"552\" \/>\n\t<meta property=\"og:image:type\" content=\"image\/jpeg\" \/>\n<meta name=\"twitter:card\" content=\"summary_large_image\" \/>\n<meta name=\"twitter:label1\" content=\"Gesch\u00e4tzte Lesezeit\" \/>\n\t<meta name=\"twitter:data1\" content=\"1\u00a0Minute\" \/>\n<script type=\"application\/ld+json\" class=\"yoast-schema-graph\">{\"@context\":\"https:\\\/\\\/schema.org\",\"@graph\":[{\"@type\":\"WebPage\",\"@id\":\"https:\\\/\\\/carbeat.dk\\\/de\\\/produkt\\\/fisker-karma-ecochic-4d-kopier\\\/\",\"url\":\"https:\\\/\\\/carbeat.dk\\\/de\\\/produkt\\\/fisker-karma-ecochic-4d-kopier\\\/\",\"name\":\"Fisker Karma EcoChic 4d - CarBeat\",\"isPartOf\":{\"@id\":\"https:\\\/\\\/carbeat.dk\\\/de\\\/#website\"},\"primaryImageOfPage\":{\"@id\":\"https:\\\/\\\/carbeat.dk\\\/de\\\/produkt\\\/fisker-karma-ecochic-4d-kopier\\\/#primaryimage\"},\"image\":{\"@id\":\"https:\\\/\\\/carbeat.dk\\\/de\\\/produkt\\\/fisker-karma-ecochic-4d-kopier\\\/#primaryimage\"},\"thumbnailUrl\":\"https:\\\/\\\/carbeat.dk\\\/wp-content\\\/uploads\\\/2023\\\/08\\\/Fisker-skaevt-frrnt.jpg\",\"datePublished\":\"2024-03-30T15:47:00+00:00\",\"dateModified\":\"2024-04-01T17:39:01+00:00\",\"description\":\"Fisker Karma EcoChic 4d bei CarBeat Chasing Cars Autoauktion. Dieses neue klassische Hybridauto des d\u00e4nischen Designers Henrik Fisker kann jetzt Ihnen geh\u00f6ren\",\"breadcrumb\":{\"@id\":\"https:\\\/\\\/carbeat.dk\\\/de\\\/produkt\\\/fisker-karma-ecochic-4d-kopier\\\/#breadcrumb\"},\"inLanguage\":\"de\",\"potentialAction\":[{\"@type\":\"ReadAction\",\"target\":[\"https:\\\/\\\/carbeat.dk\\\/de\\\/produkt\\\/fisker-karma-ecochic-4d-kopier\\\/\"]}]},{\"@type\":\"ImageObject\",\"inLanguage\":\"de\",\"@id\":\"https:\\\/\\\/carbeat.dk\\\/de\\\/produkt\\\/fisker-karma-ecochic-4d-kopier\\\/#primaryimage\",\"url\":\"https:\\\/\\\/carbeat.dk\\\/wp-content\\\/uploads\\\/2023\\\/08\\\/Fisker-skaevt-frrnt.jpg\",\"contentUrl\":\"https:\\\/\\\/carbeat.dk\\\/wp-content\\\/uploads\\\/2023\\\/08\\\/Fisker-skaevt-frrnt.jpg\",\"width\":1080,\"height\":552,\"caption\":\"CarBear Chasing cars - Fisker Karma Eco zu verkaufen, zu verkaufen, auktion, auktion\"},{\"@type\":\"BreadcrumbList\",\"@id\":\"https:\\\/\\\/carbeat.dk\\\/de\\\/produkt\\\/fisker-karma-ecochic-4d-kopier\\\/#breadcrumb\",\"itemListElement\":[{\"@type\":\"ListItem\",\"position\":1,\"name\":\"Hjem\",\"item\":\"https:\\\/\\\/carbeat.dk\\\/de\\\/\"},{\"@type\":\"ListItem\",\"position\":2,\"name\":\"Shop\",\"item\":\"https:\\\/\\\/carbeat.dk\\\/shop\\\/\"},{\"@type\":\"ListItem\",\"position\":3,\"name\":\"Fisker Karma EcoChic 4d\"}]},{\"@type\":\"WebSite\",\"@id\":\"https:\\\/\\\/carbeat.dk\\\/de\\\/#website\",\"url\":\"https:\\\/\\\/carbeat.dk\\\/de\\\/\",\"name\":\"CarBeat\",\"description\":\"Chasing Cars\",\"publisher\":{\"@id\":\"https:\\\/\\\/carbeat.dk\\\/de\\\/#organization\"},\"potentialAction\":[{\"@type\":\"SearchAction\",\"target\":{\"@type\":\"EntryPoint\",\"urlTemplate\":\"https:\\\/\\\/carbeat.dk\\\/de\\\/?s={search_term_string}\"},\"query-input\":{\"@type\":\"PropertyValueSpecification\",\"valueRequired\":true,\"valueName\":\"search_term_string\"}}],\"inLanguage\":\"de\"},{\"@type\":\"Organization\",\"@id\":\"https:\\\/\\\/carbeat.dk\\\/de\\\/#organization\",\"name\":\"CarBeat Chasing Cars\",\"url\":\"https:\\\/\\\/carbeat.dk\\\/de\\\/\",\"logo\":{\"@type\":\"ImageObject\",\"inLanguage\":\"de\",\"@id\":\"https:\\\/\\\/carbeat.dk\\\/de\\\/#\\\/schema\\\/logo\\\/image\\\/\",\"url\":\"https:\\\/\\\/carbeat.dk\\\/wp-content\\\/uploads\\\/2023\\\/08\\\/CarBeat-Chasing-Cars-lille-2560x1560-1-1_clipped_rev_1.png\",\"contentUrl\":\"https:\\\/\\\/carbeat.dk\\\/wp-content\\\/uploads\\\/2023\\\/08\\\/CarBeat-Chasing-Cars-lille-2560x1560-1-1_clipped_rev_1.png\",\"width\":2560,\"height\":1560,\"caption\":\"CarBeat Chasing Cars\"},\"image\":{\"@id\":\"https:\\\/\\\/carbeat.dk\\\/de\\\/#\\\/schema\\\/logo\\\/image\\\/\"},\"sameAs\":[\"https:\\\/\\\/www.facebook.com\\\/CarBeatDK\\\/\",\"https:\\\/\\\/www.instagram.com\\\/carbeatdk\\\/\",\"https:\\\/\\\/www.linkedin.com\\\/company\\\/carbeat\\\/\"]}]}<\/script>\n<!-- \/ Yoast SEO plugin. -->","yoast_head_json":{"title":"Fisker Karma EcoChic 4d - CarBeat","description":"Fisker Karma EcoChic 4d bei CarBeat Chasing Cars Autoauktion. Dieses neue klassische Hybridauto des d\u00e4nischen Designers Henrik Fisker kann jetzt Ihnen geh\u00f6ren","robots":{"index":"index","follow":"follow","max-snippet":"max-snippet:-1","max-image-preview":"max-image-preview:large","max-video-preview":"max-video-preview:-1"},"canonical":"https:\/\/carbeat.dk\/de\/produkt\/fisker-karma-ecochic-4d-kopier\/","og_locale":"de_DE","og_type":"article","og_title":"Fisker Karma EcoChic 4d - CarBeat","og_description":"Fisker Karma EcoChic 4d bei CarBeat Chasing Cars Autoauktion. Dieses neue klassische Hybridauto des d\u00e4nischen Designers Henrik Fisker kann jetzt Ihnen geh\u00f6ren","og_url":"https:\/\/carbeat.dk\/de\/produkt\/fisker-karma-ecochic-4d-kopier\/","og_site_name":"CarBeat","article_publisher":"https:\/\/www.facebook.com\/CarBeatDK\/","article_modified_time":"2024-04-01T17:39:01+00:00","og_image":[{"width":1080,"height":552,"url":"https:\/\/carbeat.dk\/wp-content\/uploads\/2023\/08\/Fisker-skaevt-frrnt.jpg","type":"image\/jpeg"}],"twitter_card":"summary_large_image","twitter_misc":{"Gesch\u00e4tzte Lesezeit":"1\u00a0Minute"},"schema":{"@context":"https:\/\/schema.org","@graph":[{"@type":"WebPage","@id":"https:\/\/carbeat.dk\/de\/produkt\/fisker-karma-ecochic-4d-kopier\/","url":"https:\/\/carbeat.dk\/de\/produkt\/fisker-karma-ecochic-4d-kopier\/","name":"Fisker Karma EcoChic 4d - CarBeat","isPartOf":{"@id":"https:\/\/carbeat.dk\/de\/#website"},"primaryImageOfPage":{"@id":"https:\/\/carbeat.dk\/de\/produkt\/fisker-karma-ecochic-4d-kopier\/#primaryimage"},"image":{"@id":"https:\/\/carbeat.dk\/de\/produkt\/fisker-karma-ecochic-4d-kopier\/#primaryimage"},"thumbnailUrl":"https:\/\/carbeat.dk\/wp-content\/uploads\/2023\/08\/Fisker-skaevt-frrnt.jpg","datePublished":"2024-03-30T15:47:00+00:00","dateModified":"2024-04-01T17:39:01+00:00","description":"Fisker Karma EcoChic 4d bei CarBeat Chasing Cars Autoauktion. Dieses neue klassische Hybridauto des d\u00e4nischen Designers Henrik Fisker kann jetzt Ihnen geh\u00f6ren","breadcrumb":{"@id":"https:\/\/carbeat.dk\/de\/produkt\/fisker-karma-ecochic-4d-kopier\/#breadcrumb"},"inLanguage":"de","potentialAction":[{"@type":"ReadAction","target":["https:\/\/carbeat.dk\/de\/produkt\/fisker-karma-ecochic-4d-kopier\/"]}]},{"@type":"ImageObject","inLanguage":"de","@id":"https:\/\/carbeat.dk\/de\/produkt\/fisker-karma-ecochic-4d-kopier\/#primaryimage","url":"https:\/\/carbeat.dk\/wp-content\/uploads\/2023\/08\/Fisker-skaevt-frrnt.jpg","contentUrl":"https:\/\/carbeat.dk\/wp-content\/uploads\/2023\/08\/Fisker-skaevt-frrnt.jpg","width":1080,"height":552,"caption":"CarBear Chasing cars - Fisker Karma Eco zu verkaufen, zu verkaufen, auktion, auktion"},{"@type":"BreadcrumbList","@id":"https:\/\/carbeat.dk\/de\/produkt\/fisker-karma-ecochic-4d-kopier\/#breadcrumb","itemListElement":[{"@type":"ListItem","position":1,"name":"Hjem","item":"https:\/\/carbeat.dk\/de\/"},{"@type":"ListItem","position":2,"name":"Shop","item":"https:\/\/carbeat.dk\/shop\/"},{"@type":"ListItem","position":3,"name":"Fisker Karma EcoChic 4d"}]},{"@type":"WebSite","@id":"https:\/\/carbeat.dk\/de\/#website","url":"https:\/\/carbeat.dk\/de\/","name":"CarBeat","description":"Chasing Cars","publisher":{"@id":"https:\/\/carbeat.dk\/de\/#organization"},"potentialAction":[{"@type":"SearchAction","target":{"@type":"EntryPoint","urlTemplate":"https:\/\/carbeat.dk\/de\/?s={search_term_string}"},"query-input":{"@type":"PropertyValueSpecification","valueRequired":true,"valueName":"search_term_string"}}],"inLanguage":"de"},{"@type":"Organization","@id":"https:\/\/carbeat.dk\/de\/#organization","name":"CarBeat Chasing Cars","url":"https:\/\/carbeat.dk\/de\/","logo":{"@type":"ImageObject","inLanguage":"de","@id":"https:\/\/carbeat.dk\/de\/#\/schema\/logo\/image\/","url":"https:\/\/carbeat.dk\/wp-content\/uploads\/2023\/08\/CarBeat-Chasing-Cars-lille-2560x1560-1-1_clipped_rev_1.png","contentUrl":"https:\/\/carbeat.dk\/wp-content\/uploads\/2023\/08\/CarBeat-Chasing-Cars-lille-2560x1560-1-1_clipped_rev_1.png","width":2560,"height":1560,"caption":"CarBeat Chasing Cars"},"image":{"@id":"https:\/\/carbeat.dk\/de\/#\/schema\/logo\/image\/"},"sameAs":["https:\/\/www.facebook.com\/CarBeatDK\/","https:\/\/www.instagram.com\/carbeatdk\/","https:\/\/www.linkedin.com\/company\/carbeat\/"]}]}},"_links":{"self":[{"href":"https:\/\/carbeat.dk\/de\/wp-json\/wp\/v2\/product\/13198","targetHints":{"allow":["GET"]}}],"collection":[{"href":"https:\/\/carbeat.dk\/de\/wp-json\/wp\/v2\/product"}],"about":[{"href":"https:\/\/carbeat.dk\/de\/wp-json\/wp\/v2\/types\/product"}],"replies":[{"embeddable":true,"href":"https:\/\/carbeat.dk\/de\/wp-json\/wp\/v2\/comments?post=13198"}],"version-history":[{"count":2,"href":"https:\/\/carbeat.dk\/de\/wp-json\/wp\/v2\/product\/13198\/revisions"}],"predecessor-version":[{"id":13241,"href":"https:\/\/carbeat.dk\/de\/wp-json\/wp\/v2\/product\/13198\/revisions\/13241"}],"wp:featuredmedia":[{"embeddable":true,"href":"https:\/\/carbeat.dk\/de\/wp-json\/wp\/v2\/media\/5484"}],"wp:attachment":[{"href":"https:\/\/carbeat.dk\/de\/wp-json\/wp\/v2\/media?parent=13198"}],"wp:term":[{"taxonomy":"product_brand","embeddable":true,"href":"https:\/\/carbeat.dk\/de\/wp-json\/wp\/v2\/product_brand?post=13198"},{"taxonomy":"product_cat","embeddable":true,"href":"https:\/\/carbeat.dk\/de\/wp-json\/wp\/v2\/product_cat?post=13198"},{"taxonomy":"product_tag","embeddable":true,"href":"https:\/\/carbeat.dk\/de\/wp-json\/wp\/v2\/product_tag?post=13198"}],"curies":[{"name":"wp","href":"https:\/\/api.w.org\/{rel}","templated":true}]}}