{"id":13183,"date":"2024-03-30T16:46:50","date_gmt":"2024-03-30T15:46:50","guid":{"rendered":"https:\/\/carbeat.dk\/?post_type=product&#038;p=13183"},"modified":"2024-04-14T01:00:42","modified_gmt":"2024-04-13T23:00:42","slug":"ford-super-deluxe-tudor-limousine-kopier","status":"publish","type":"product","link":"https:\/\/carbeat.dk\/de\/produkt\/ford-super-deluxe-tudor-limousine-kopier\/","title":{"rendered":"Ford Super deluxe Tudor Limousine"},"content":{"rendered":"<div dir=\"auto\">Dieser Ford Super deluxe Tudor Sedan -1947 ist ein gut erhaltenes und rostfreies Auto mit 57.565 originalen Meilen (92.104 km.). Er ist mit dem originalen Ford 239 (3.9L) Flathead V8 ausgestattet, der gut und sehr geschmeidig l\u00e4uft, und dem 3-Gang-Schaltgetriebe, das einfach funktioniert. Das Auto hat eine Lenkradschaltung und ist ein Vergn\u00fcgen, darin zu fahren.<\/div>\n<div dir=\"auto\"><\/div>\n<div dir=\"auto\">\n<p>Ford Super deluxe Tudor Sedan &#8211; 1947 war der H\u00f6hepunkt der Ford-Modelle, gleich hinter den Lincolns. Der Verk\u00e4ufer hat das Auto Ende 2017 nach D\u00e4nemark importiert. Der Wagen wurde nach dem Tod des Eigent\u00fcmers aus einem Nachlass erworben. Der Wagen wurde dann nach Dallas, Texas, gefahren, wo der Verk\u00e4ufer ihn kaufte.<\/p>\n<p>Der Wagen blieb in Shreveport, Louisiana, aber es gibt einen Aufkleber aus Wyoming aus den Jahren 1974-75, so dass wir davon ausgehen, dass er dort einen Teil seines Lebens verbracht hat.<\/p>\n<\/div>\n<div dir=\"auto\">\n<p>Die B\u00f6den und die Karosserie sind sehr sch\u00f6n und es sind keine Rostarbeiten erforderlich, um das Auto zu inspizieren. Die Farbe ist r\u00f6tlich-braun mit einem leichten Mett-Effekt. Das Auto wurde neu lackiert, aber die Farbe ist sehr sch\u00f6n und tief. Der Lack hat einige Chips und kleine Blasen, aber das ist etwas, das leicht repariert werden kann, und wenn Sie ein perfektes Auto wollen, ist dies ein sublime Auto zu verwenden.<\/p>\n<p>Sehr sch\u00f6ne graue Tweed-Polsterung. Das originale Armaturenbrett ist in sehr gutem Zustand, mit allen Details der Zeit.<br \/>\nDie vorderen und hinteren Sto\u00dfstangen wurden beide verchromt.<br \/>\nNeue, zeitgem\u00e4\u00dfe Stahlfelgen mit Nabendeckeln und Zierringen sorgen f\u00fcr eine sch\u00f6ne Optik im Profil.<br \/>\nKlassische Diagonalreifen.<br \/>\nDie Haube l\u00e4sst sich nicht richtig schlie\u00dfen, aber sie funktioniert.<\/p>\n<p>Die Sto\u00dfd\u00e4mpfer sind original und nicht tiefergelegt.<br \/>\nEine neue 6-Volt-Batterie wird beim Verkauf des Fahrzeugs mitgeliefert.<\/p>\n<\/div>\n<div dir=\"auto\">Das Auto braucht ein wenig Liebe und Aufmerksamkeit f\u00fcr die kleinen Dinge und Details.<br \/>\nDie Bremsen m\u00fcssen eingestellt und gereinigt werden.<br \/>\nDie Lenk\u00f6se ist ein wenig eng.<\/div>\n<div dir=\"auto\">Ein wundersch\u00f6n erhaltenes Sammlerauto.<\/div>\n<div dir=\"auto\"><\/div>\n<p dir=\"auto\">Das Auto ist OHNE d\u00e4nische Steuer, aber ist nat\u00fcrlich ein Oldtimer und daher die g\u00fcnstige Oldtimersteuer.<\/p>\n<h3 dir=\"auto\">Was ist eine Ford Super DeLuxe Tudor Limousine<\/h3>\n<p>Der Ford Super Deluxe Tudor Sedan ist ein kultiges Ford-Automodell, das von Mitte der 1930er bis Anfang der 1940er Jahre produziert wurde. Dieses Modell repr\u00e4sentiert die \u00c4ra klassischer amerikanischer Autos und steht f\u00fcr eine Zeit der industriellen Revolution des Automobils.<\/p>\n<p>Mit seinem unverwechselbaren Design und seiner robusten Konstruktion zog der Ford Super Deluxe Tudor Sedan die Aufmerksamkeit von Autoliebhabern und normalen Verbrauchern gleicherma\u00dfen auf sich. Er ist bekannt f\u00fcr sein zeitloses Erscheinungsbild mit einer stromlinienf\u00f6rmigen Karosserie, verchromten Details und markanten Linien, die die \u00c4sthetik der damaligen Zeit widerspiegeln.<\/p>\n<p>Der Innenraum der Super Deluxe Tudor Limousine bot komfortable Sitze f\u00fcr die Passagiere und viel Platz f\u00fcr das Gep\u00e4ck. Er wurde von einem leistungsstarken Motor angetrieben, der ihm genug Kraft und Leistung verlieh, um sowohl in der Stadt als auch auf Landstra\u00dfen zu fahren.<\/p>\n<p>Dieses Modell wurde im 20. Jahrhundert zum Symbol f\u00fcr den amerikanischen Traum und die Autokultur. Die Ford Super Deluxe Tudor Limousine wurde nicht nur ein Transportmittel, sondern auch ein Symbol f\u00fcr Status und Stil.<\/p>\n<p>Obwohl die urspr\u00fcngliche Produktion des Ford Super Deluxe Tudor Sedan vor vielen Jahren endete, ist er nach wie vor ein begehrtes Sammlerst\u00fcck und ein ikonisches Symbol einer \u00c4ra der Automobilgeschichte, das nach wie vor Autoliebhaber und Sammler auf der ganzen Welt inspiriert.<\/p>\n<p>&nbsp;<\/p>\n<p>&nbsp;<\/p>\n","protected":false},"excerpt":{"rendered":"<p>Dieser Ford Super deluxe Tudor Sedan -1947 ist ein gut erhaltenes und rostfreies Auto mit 57.565 originalen Meilen (92.104 km.). Er ist mit dem originalen Ford 239 (3.9L) Flathead V8 ausgestattet, der gut und sehr geschmeidig l\u00e4uft, und dem 3-Gang-Schaltgetriebe, das einfach funktioniert. Das Auto hat eine Lenkradschaltung und ist ein Vergn\u00fcgen, darin zu fahren. [&hellip;]<\/p>\n","protected":false},"featured_media":8820,"comment_status":"open","ping_status":"closed","template":"","meta":[],"product_brand":[],"product_cat":[476,477],"product_tag":[549,1032,1036,1035,1033,1034,888],"class_list":{"0":"post-13183","1":"product","2":"type-product","3":"status-publish","4":"has-post-thumbnail","6":"car_models-ford","7":"car_models-super-deluxe-tudor","8":"product_cat-autos","9":"product_cat-klassische-autos","10":"product_tag-amerikanisches-auto","11":"product_tag-ford-de","12":"product_tag-ford-super-de-luxe-de","13":"product_tag-ford-tudor-de","14":"product_tag-nachkriegsauto","15":"product_tag-tudor-de","16":"product_tag-us-auto","18":"first","19":"instock","20":"sold-individually","21":"shipping-taxable","22":"purchasable","23":"product-type-auction"},"acf":[],"yoast_head":"<!-- This site is optimized with the Yoast SEO plugin v27.4 - https:\/\/yoast.com\/product\/yoast-seo-wordpress\/ -->\n<title>Ford Super deluxe Tudor Limousine - CarBeat<\/title>\n<meta name=\"description\" content=\"Ford Super deluxe Tudor Sedan - 1947 in sehr gutem Zustand. F\u00e4hrt und schaltet sich wie ein Traum. Das mag so aussehen, aber es gibt noch Raum f\u00fcr Verbesserungen. Heute bieten\" \/>\n<meta name=\"robots\" content=\"index, follow, max-snippet:-1, max-image-preview:large, max-video-preview:-1\" \/>\n<link rel=\"canonical\" href=\"https:\/\/carbeat.dk\/de\/produkt\/ford-super-deluxe-tudor-limousine-kopier\/\" \/>\n<meta property=\"og:locale\" content=\"de_DE\" \/>\n<meta property=\"og:type\" content=\"article\" \/>\n<meta property=\"og:title\" content=\"Ford Super deluxe Tudor Limousine - CarBeat\" \/>\n<meta property=\"og:description\" content=\"Ford Super deluxe Tudor Sedan - 1947 in sehr gutem Zustand. F\u00e4hrt und schaltet sich wie ein Traum. Das mag so aussehen, aber es gibt noch Raum f\u00fcr Verbesserungen. Heute bieten\" \/>\n<meta property=\"og:url\" content=\"https:\/\/carbeat.dk\/de\/produkt\/ford-super-deluxe-tudor-limousine-kopier\/\" \/>\n<meta property=\"og:site_name\" content=\"CarBeat\" \/>\n<meta property=\"article:publisher\" content=\"https:\/\/www.facebook.com\/CarBeatDK\/\" \/>\n<meta property=\"article:modified_time\" content=\"2024-04-13T23:00:42+00:00\" \/>\n<meta property=\"og:image\" content=\"https:\/\/carbeat.dk\/wp-content\/uploads\/2023\/10\/387730428_10224119442236055_632701917114383950_n-jpg.webp\" \/>\n\t<meta property=\"og:image:width\" content=\"2016\" \/>\n\t<meta property=\"og:image:height\" content=\"1134\" \/>\n\t<meta property=\"og:image:type\" content=\"image\/jpeg\" \/>\n<meta name=\"twitter:card\" content=\"summary_large_image\" \/>\n<meta name=\"twitter:label1\" content=\"Gesch\u00e4tzte Lesezeit\" \/>\n\t<meta name=\"twitter:data1\" content=\"3\u00a0Minuten\" \/>\n<script type=\"application\/ld+json\" class=\"yoast-schema-graph\">{\"@context\":\"https:\\\/\\\/schema.org\",\"@graph\":[{\"@type\":\"WebPage\",\"@id\":\"https:\\\/\\\/carbeat.dk\\\/de\\\/produkt\\\/ford-super-deluxe-tudor-limousine-kopier\\\/\",\"url\":\"https:\\\/\\\/carbeat.dk\\\/de\\\/produkt\\\/ford-super-deluxe-tudor-limousine-kopier\\\/\",\"name\":\"Ford Super deluxe Tudor Limousine - CarBeat\",\"isPartOf\":{\"@id\":\"https:\\\/\\\/carbeat.dk\\\/de\\\/#website\"},\"primaryImageOfPage\":{\"@id\":\"https:\\\/\\\/carbeat.dk\\\/de\\\/produkt\\\/ford-super-deluxe-tudor-limousine-kopier\\\/#primaryimage\"},\"image\":{\"@id\":\"https:\\\/\\\/carbeat.dk\\\/de\\\/produkt\\\/ford-super-deluxe-tudor-limousine-kopier\\\/#primaryimage\"},\"thumbnailUrl\":\"https:\\\/\\\/carbeat.dk\\\/wp-content\\\/uploads\\\/2023\\\/10\\\/387730428_10224119442236055_632701917114383950_n-jpg.webp\",\"datePublished\":\"2024-03-30T15:46:50+00:00\",\"dateModified\":\"2024-04-13T23:00:42+00:00\",\"description\":\"Ford Super deluxe Tudor Sedan - 1947 in sehr gutem Zustand. F\u00e4hrt und schaltet sich wie ein Traum. Das mag so aussehen, aber es gibt noch Raum f\u00fcr Verbesserungen. Heute bieten\",\"breadcrumb\":{\"@id\":\"https:\\\/\\\/carbeat.dk\\\/de\\\/produkt\\\/ford-super-deluxe-tudor-limousine-kopier\\\/#breadcrumb\"},\"inLanguage\":\"de\",\"potentialAction\":[{\"@type\":\"ReadAction\",\"target\":[\"https:\\\/\\\/carbeat.dk\\\/de\\\/produkt\\\/ford-super-deluxe-tudor-limousine-kopier\\\/\"]}]},{\"@type\":\"ImageObject\",\"inLanguage\":\"de\",\"@id\":\"https:\\\/\\\/carbeat.dk\\\/de\\\/produkt\\\/ford-super-deluxe-tudor-limousine-kopier\\\/#primaryimage\",\"url\":\"https:\\\/\\\/carbeat.dk\\\/wp-content\\\/uploads\\\/2023\\\/10\\\/387730428_10224119442236055_632701917114383950_n-jpg.webp\",\"contentUrl\":\"https:\\\/\\\/carbeat.dk\\\/wp-content\\\/uploads\\\/2023\\\/10\\\/387730428_10224119442236055_632701917114383950_n-jpg.webp\",\"width\":2016,\"height\":1134,\"caption\":\"CarBeat Chasing Cars Ford Super deluxe Tudor Sedan - Profil 1947\"},{\"@type\":\"BreadcrumbList\",\"@id\":\"https:\\\/\\\/carbeat.dk\\\/de\\\/produkt\\\/ford-super-deluxe-tudor-limousine-kopier\\\/#breadcrumb\",\"itemListElement\":[{\"@type\":\"ListItem\",\"position\":1,\"name\":\"Hjem\",\"item\":\"https:\\\/\\\/carbeat.dk\\\/de\\\/\"},{\"@type\":\"ListItem\",\"position\":2,\"name\":\"Shop\",\"item\":\"https:\\\/\\\/carbeat.dk\\\/shop\\\/\"},{\"@type\":\"ListItem\",\"position\":3,\"name\":\"Ford Super deluxe Tudor Limousine\"}]},{\"@type\":\"WebSite\",\"@id\":\"https:\\\/\\\/carbeat.dk\\\/de\\\/#website\",\"url\":\"https:\\\/\\\/carbeat.dk\\\/de\\\/\",\"name\":\"CarBeat\",\"description\":\"Chasing Cars\",\"publisher\":{\"@id\":\"https:\\\/\\\/carbeat.dk\\\/de\\\/#organization\"},\"potentialAction\":[{\"@type\":\"SearchAction\",\"target\":{\"@type\":\"EntryPoint\",\"urlTemplate\":\"https:\\\/\\\/carbeat.dk\\\/de\\\/?s={search_term_string}\"},\"query-input\":{\"@type\":\"PropertyValueSpecification\",\"valueRequired\":true,\"valueName\":\"search_term_string\"}}],\"inLanguage\":\"de\"},{\"@type\":\"Organization\",\"@id\":\"https:\\\/\\\/carbeat.dk\\\/de\\\/#organization\",\"name\":\"CarBeat Chasing Cars\",\"url\":\"https:\\\/\\\/carbeat.dk\\\/de\\\/\",\"logo\":{\"@type\":\"ImageObject\",\"inLanguage\":\"de\",\"@id\":\"https:\\\/\\\/carbeat.dk\\\/de\\\/#\\\/schema\\\/logo\\\/image\\\/\",\"url\":\"https:\\\/\\\/carbeat.dk\\\/wp-content\\\/uploads\\\/2023\\\/08\\\/CarBeat-Chasing-Cars-lille-2560x1560-1-1_clipped_rev_1.png\",\"contentUrl\":\"https:\\\/\\\/carbeat.dk\\\/wp-content\\\/uploads\\\/2023\\\/08\\\/CarBeat-Chasing-Cars-lille-2560x1560-1-1_clipped_rev_1.png\",\"width\":2560,\"height\":1560,\"caption\":\"CarBeat Chasing Cars\"},\"image\":{\"@id\":\"https:\\\/\\\/carbeat.dk\\\/de\\\/#\\\/schema\\\/logo\\\/image\\\/\"},\"sameAs\":[\"https:\\\/\\\/www.facebook.com\\\/CarBeatDK\\\/\",\"https:\\\/\\\/www.instagram.com\\\/carbeatdk\\\/\",\"https:\\\/\\\/www.linkedin.com\\\/company\\\/carbeat\\\/\"]}]}<\/script>\n<!-- \/ Yoast SEO plugin. -->","yoast_head_json":{"title":"Ford Super deluxe Tudor Limousine - CarBeat","description":"Ford Super deluxe Tudor Sedan - 1947 in sehr gutem Zustand. F\u00e4hrt und schaltet sich wie ein Traum. Das mag so aussehen, aber es gibt noch Raum f\u00fcr Verbesserungen. Heute bieten","robots":{"index":"index","follow":"follow","max-snippet":"max-snippet:-1","max-image-preview":"max-image-preview:large","max-video-preview":"max-video-preview:-1"},"canonical":"https:\/\/carbeat.dk\/de\/produkt\/ford-super-deluxe-tudor-limousine-kopier\/","og_locale":"de_DE","og_type":"article","og_title":"Ford Super deluxe Tudor Limousine - CarBeat","og_description":"Ford Super deluxe Tudor Sedan - 1947 in sehr gutem Zustand. F\u00e4hrt und schaltet sich wie ein Traum. Das mag so aussehen, aber es gibt noch Raum f\u00fcr Verbesserungen. Heute bieten","og_url":"https:\/\/carbeat.dk\/de\/produkt\/ford-super-deluxe-tudor-limousine-kopier\/","og_site_name":"CarBeat","article_publisher":"https:\/\/www.facebook.com\/CarBeatDK\/","article_modified_time":"2024-04-13T23:00:42+00:00","og_image":[{"width":2016,"height":1134,"url":"https:\/\/carbeat.dk\/wp-content\/uploads\/2023\/10\/387730428_10224119442236055_632701917114383950_n-jpg.webp","type":"image\/jpeg"}],"twitter_card":"summary_large_image","twitter_misc":{"Gesch\u00e4tzte Lesezeit":"3\u00a0Minuten"},"schema":{"@context":"https:\/\/schema.org","@graph":[{"@type":"WebPage","@id":"https:\/\/carbeat.dk\/de\/produkt\/ford-super-deluxe-tudor-limousine-kopier\/","url":"https:\/\/carbeat.dk\/de\/produkt\/ford-super-deluxe-tudor-limousine-kopier\/","name":"Ford Super deluxe Tudor Limousine - CarBeat","isPartOf":{"@id":"https:\/\/carbeat.dk\/de\/#website"},"primaryImageOfPage":{"@id":"https:\/\/carbeat.dk\/de\/produkt\/ford-super-deluxe-tudor-limousine-kopier\/#primaryimage"},"image":{"@id":"https:\/\/carbeat.dk\/de\/produkt\/ford-super-deluxe-tudor-limousine-kopier\/#primaryimage"},"thumbnailUrl":"https:\/\/carbeat.dk\/wp-content\/uploads\/2023\/10\/387730428_10224119442236055_632701917114383950_n-jpg.webp","datePublished":"2024-03-30T15:46:50+00:00","dateModified":"2024-04-13T23:00:42+00:00","description":"Ford Super deluxe Tudor Sedan - 1947 in sehr gutem Zustand. F\u00e4hrt und schaltet sich wie ein Traum. Das mag so aussehen, aber es gibt noch Raum f\u00fcr Verbesserungen. Heute bieten","breadcrumb":{"@id":"https:\/\/carbeat.dk\/de\/produkt\/ford-super-deluxe-tudor-limousine-kopier\/#breadcrumb"},"inLanguage":"de","potentialAction":[{"@type":"ReadAction","target":["https:\/\/carbeat.dk\/de\/produkt\/ford-super-deluxe-tudor-limousine-kopier\/"]}]},{"@type":"ImageObject","inLanguage":"de","@id":"https:\/\/carbeat.dk\/de\/produkt\/ford-super-deluxe-tudor-limousine-kopier\/#primaryimage","url":"https:\/\/carbeat.dk\/wp-content\/uploads\/2023\/10\/387730428_10224119442236055_632701917114383950_n-jpg.webp","contentUrl":"https:\/\/carbeat.dk\/wp-content\/uploads\/2023\/10\/387730428_10224119442236055_632701917114383950_n-jpg.webp","width":2016,"height":1134,"caption":"CarBeat Chasing Cars Ford Super deluxe Tudor Sedan - Profil 1947"},{"@type":"BreadcrumbList","@id":"https:\/\/carbeat.dk\/de\/produkt\/ford-super-deluxe-tudor-limousine-kopier\/#breadcrumb","itemListElement":[{"@type":"ListItem","position":1,"name":"Hjem","item":"https:\/\/carbeat.dk\/de\/"},{"@type":"ListItem","position":2,"name":"Shop","item":"https:\/\/carbeat.dk\/shop\/"},{"@type":"ListItem","position":3,"name":"Ford Super deluxe Tudor Limousine"}]},{"@type":"WebSite","@id":"https:\/\/carbeat.dk\/de\/#website","url":"https:\/\/carbeat.dk\/de\/","name":"CarBeat","description":"Chasing Cars","publisher":{"@id":"https:\/\/carbeat.dk\/de\/#organization"},"potentialAction":[{"@type":"SearchAction","target":{"@type":"EntryPoint","urlTemplate":"https:\/\/carbeat.dk\/de\/?s={search_term_string}"},"query-input":{"@type":"PropertyValueSpecification","valueRequired":true,"valueName":"search_term_string"}}],"inLanguage":"de"},{"@type":"Organization","@id":"https:\/\/carbeat.dk\/de\/#organization","name":"CarBeat Chasing Cars","url":"https:\/\/carbeat.dk\/de\/","logo":{"@type":"ImageObject","inLanguage":"de","@id":"https:\/\/carbeat.dk\/de\/#\/schema\/logo\/image\/","url":"https:\/\/carbeat.dk\/wp-content\/uploads\/2023\/08\/CarBeat-Chasing-Cars-lille-2560x1560-1-1_clipped_rev_1.png","contentUrl":"https:\/\/carbeat.dk\/wp-content\/uploads\/2023\/08\/CarBeat-Chasing-Cars-lille-2560x1560-1-1_clipped_rev_1.png","width":2560,"height":1560,"caption":"CarBeat Chasing Cars"},"image":{"@id":"https:\/\/carbeat.dk\/de\/#\/schema\/logo\/image\/"},"sameAs":["https:\/\/www.facebook.com\/CarBeatDK\/","https:\/\/www.instagram.com\/carbeatdk\/","https:\/\/www.linkedin.com\/company\/carbeat\/"]}]}},"_links":{"self":[{"href":"https:\/\/carbeat.dk\/de\/wp-json\/wp\/v2\/product\/13183","targetHints":{"allow":["GET"]}}],"collection":[{"href":"https:\/\/carbeat.dk\/de\/wp-json\/wp\/v2\/product"}],"about":[{"href":"https:\/\/carbeat.dk\/de\/wp-json\/wp\/v2\/types\/product"}],"replies":[{"embeddable":true,"href":"https:\/\/carbeat.dk\/de\/wp-json\/wp\/v2\/comments?post=13183"}],"version-history":[{"count":2,"href":"https:\/\/carbeat.dk\/de\/wp-json\/wp\/v2\/product\/13183\/revisions"}],"predecessor-version":[{"id":13477,"href":"https:\/\/carbeat.dk\/de\/wp-json\/wp\/v2\/product\/13183\/revisions\/13477"}],"wp:featuredmedia":[{"embeddable":true,"href":"https:\/\/carbeat.dk\/de\/wp-json\/wp\/v2\/media\/8820"}],"wp:attachment":[{"href":"https:\/\/carbeat.dk\/de\/wp-json\/wp\/v2\/media?parent=13183"}],"wp:term":[{"taxonomy":"product_brand","embeddable":true,"href":"https:\/\/carbeat.dk\/de\/wp-json\/wp\/v2\/product_brand?post=13183"},{"taxonomy":"product_cat","embeddable":true,"href":"https:\/\/carbeat.dk\/de\/wp-json\/wp\/v2\/product_cat?post=13183"},{"taxonomy":"product_tag","embeddable":true,"href":"https:\/\/carbeat.dk\/de\/wp-json\/wp\/v2\/product_tag?post=13183"}],"curies":[{"name":"wp","href":"https:\/\/api.w.org\/{rel}","templated":true}]}}