{"id":13177,"date":"2024-03-30T16:46:44","date_gmt":"2024-03-30T15:46:44","guid":{"rendered":"https:\/\/carbeat.dk\/?post_type=product&#038;p=13177"},"modified":"2024-04-03T10:33:52","modified_gmt":"2024-04-03T08:33:52","slug":"ford-escort-16v-clx-1996-kopier","status":"publish","type":"product","link":"https:\/\/carbeat.dk\/de\/produkt\/ford-escort-16v-clx-1996-kopier\/","title":{"rendered":"Ford Escort 16v CLX 1996"},"content":{"rendered":"<p>Ford Escort 16v CLX 1996, kann er wirklich ein begehrtes Youngtimer-Auto werden? Die kurze Antwort lautet nein &#8211; und doch ABSOLUT ja!<\/p>\n<p>Nimmt man einen gew\u00f6hnlichen Ford Escort 16v CLX von 1996, so ist er wahrscheinlich verrostet, nachdem er 10 Mal um die Welt gereist ist.<\/p>\n<h3>Nur eine Jacke<\/h3>\n<p>Aber meine Damen und Herren, wir sind stolz darauf, Ihnen eines der weltweit sch\u00f6nsten Exemplare eines 100% originalen Ford Escort CLX 1996 pr\u00e4sentieren zu k\u00f6nnen. Das Auto ist ein Ein-Besitzer-Auto. Es war noch nie jemand auf dem R\u00fccksitz. Die einzigen Dinge, die auf dem R\u00fccksitz waren, sind eine Tasche und eine Jacke. Das behauptet der Besitzer, der fr\u00fcher Lehrer war.<\/p>\n<p>Das Auto ist so, wie es das Werk verlassen hat, es hat alle Service-Inspektionen erf\u00fcllt und das Buch ist nat\u00fcrlich vollst\u00e4ndig abgestempelt. Er hat sein ganzes Leben in einer trockenen und beheizten Garage verbracht.<\/p>\n<p>Wenn Sie die Historie des Fahrzeugs \u00fcberpr\u00fcfen m\u00f6chten, k\u00f6nnen Sie anhand des Kennzeichens den Kilometerstand ablesen. Geschichte.<\/p>\n<p>Wenn Sie das Auto hier kaufen, k\u00f6nnen Sie sich in einer Voll-Velours-Kabine niederlassen. Schalten Sie den Kassettenrekorder ein und genie\u00dfen Sie die offene Stra\u00dfe in einem fantastischen Youngtimer und zuk\u00fcnftigen Klassiker. Nat\u00fcrlich hat er farbige Sto\u00dfstangen und ein 16V-Emblem auf der Heckklappe.<\/p>\n<p>Dieser Ford Escort wurde am 22-03-2022 T\u00dcV-gepr\u00fcft.<\/p>\n<p>&nbsp;<\/p>\n<h3>Was ist ein Ford Escort?<\/h3>\n<p>Der Ford Escort 1.6i 16v CLX von 1996 ist ein Kompaktwagen, der seinerzeit auf dem d\u00e4nischen Markt sehr beliebt war. Er ist mit einem 1,6-Liter-16-Ventil-Motor ausgestattet, der f\u00fcr seine Zeit eine gute Leistung und einen niedrigen Kraftstoffverbrauch bietet.<\/p>\n<p>Das Modell hat eine moderne und zeitgen\u00f6ssische \u00c4sthetik, mit einem aerodynamischen Design und weichen Linien.<\/p>\n<p>Der Innenraum des Ford Escort 1.6i 16v CLX war funktional und ergonomisch und bot Platz f\u00fcr f\u00fcnf Passagiere. Er verf\u00fcgt \u00fcber bequeme Sitze und grundlegende Komfortmerkmale wie elektrische Fensterheber und Zentralverriegelung. Der Kofferraum war ausreichend, um den t\u00e4glichen Transportbedarf zu decken.<\/p>\n<p>Das Fahrverhalten ist gut, die Federung und die Lenkung sind ausgewogen und machen ihn sowohl in der Stadt als auch auf der Stra\u00dfe leicht man\u00f6vrierbar. Es ist bekannt f\u00fcr seine Zuverl\u00e4ssigkeit und relativ geringen Wartungskosten.<\/p>\n<p>Alles in allem ist der Ford Escort 1.6i 16v CLX ein Auto, das eine gute Kombination aus Leistung, Komfort und Sparsamkeit bietet, was ihn f\u00fcr viele Autok\u00e4ufer auf dem d\u00e4nischen Markt zu dieser Zeit attraktiv macht.<\/p>\n<p>Aber das hier ist es immer noch.<\/p>\n","protected":false},"excerpt":{"rendered":"<p>Ford Escort 16v CLX 1996, kann er wirklich ein begehrtes Youngtimer-Auto werden? Die kurze Antwort lautet nein &#8211; und doch ABSOLUT ja! Nimmt man einen gew\u00f6hnlichen Ford Escort 16v CLX von 1996, so ist er wahrscheinlich verrostet, nachdem er 10 Mal um die Welt gereist ist. Nur eine Jacke Aber meine Damen und Herren, wir [&hellip;]<\/p>\n","protected":false},"featured_media":9340,"comment_status":"open","ping_status":"closed","template":"","meta":[],"product_brand":[],"product_cat":[476,492],"product_tag":[1057,1056,1032,1058,527],"class_list":{"0":"post-13177","1":"product","2":"type-product","3":"status-publish","4":"has-post-thumbnail","6":"car_models-escort","7":"car_models-ford","8":"product_cat-autos","9":"product_cat-youngtimer-de","10":"product_tag-16v-de","11":"product_tag-begleitung","12":"product_tag-ford-de","13":"product_tag-ford-escort-de","14":"product_tag-youngtimer-de","16":"first","17":"instock","18":"sold-individually","19":"shipping-taxable","20":"purchasable","21":"product-type-auction"},"acf":[],"yoast_head":"<!-- This site is optimized with the Yoast SEO plugin v27.4 - https:\/\/yoast.com\/product\/yoast-seo-wordpress\/ -->\n<title>jetzt auf Auktion - CarBeat<\/title>\n<meta name=\"description\" content=\"Der 1996 Ford Escort 16v CLX ist auf der Autoauktion von CarBeat und kann Ihnen geh\u00f6ren. Sie werden nirgendwo einen 1996er Ford Escort 16v CLX in diesem Zustand finden\" \/>\n<meta name=\"robots\" content=\"index, follow, max-snippet:-1, max-image-preview:large, max-video-preview:-1\" \/>\n<link rel=\"canonical\" href=\"https:\/\/carbeat.dk\/de\/produkt\/ford-escort-16v-clx-1996-kopier\/\" \/>\n<meta property=\"og:locale\" content=\"de_DE\" \/>\n<meta property=\"og:type\" content=\"article\" \/>\n<meta property=\"og:title\" content=\"jetzt auf Auktion - CarBeat\" \/>\n<meta property=\"og:description\" content=\"Der 1996 Ford Escort 16v CLX ist auf der Autoauktion von CarBeat und kann Ihnen geh\u00f6ren. Sie werden nirgendwo einen 1996er Ford Escort 16v CLX in diesem Zustand finden\" \/>\n<meta property=\"og:url\" content=\"https:\/\/carbeat.dk\/de\/produkt\/ford-escort-16v-clx-1996-kopier\/\" \/>\n<meta property=\"og:site_name\" content=\"CarBeat\" \/>\n<meta property=\"article:publisher\" content=\"https:\/\/www.facebook.com\/CarBeatDK\/\" \/>\n<meta property=\"article:modified_time\" content=\"2024-04-03T08:33:52+00:00\" \/>\n<meta property=\"og:image\" content=\"https:\/\/carbeat.dk\/wp-content\/uploads\/2023\/10\/Ford-Escort-16v_Rene_AW2cb5739d-0910-4a5c-8de6-7fd08d136439.webp\" \/>\n\t<meta property=\"og:image:width\" content=\"1600\" \/>\n\t<meta property=\"og:image:height\" content=\"1200\" \/>\n\t<meta property=\"og:image:type\" content=\"image\/webp\" \/>\n<meta name=\"twitter:card\" content=\"summary_large_image\" \/>\n<meta name=\"twitter:label1\" content=\"Gesch\u00e4tzte Lesezeit\" \/>\n\t<meta name=\"twitter:data1\" content=\"2\u00a0Minuten\" \/>\n<script type=\"application\/ld+json\" class=\"yoast-schema-graph\">{\"@context\":\"https:\\\/\\\/schema.org\",\"@graph\":[{\"@type\":\"WebPage\",\"@id\":\"https:\\\/\\\/carbeat.dk\\\/de\\\/produkt\\\/ford-escort-16v-clx-1996-kopier\\\/\",\"url\":\"https:\\\/\\\/carbeat.dk\\\/de\\\/produkt\\\/ford-escort-16v-clx-1996-kopier\\\/\",\"name\":\"jetzt auf Auktion - CarBeat\",\"isPartOf\":{\"@id\":\"https:\\\/\\\/carbeat.dk\\\/de\\\/#website\"},\"primaryImageOfPage\":{\"@id\":\"https:\\\/\\\/carbeat.dk\\\/de\\\/produkt\\\/ford-escort-16v-clx-1996-kopier\\\/#primaryimage\"},\"image\":{\"@id\":\"https:\\\/\\\/carbeat.dk\\\/de\\\/produkt\\\/ford-escort-16v-clx-1996-kopier\\\/#primaryimage\"},\"thumbnailUrl\":\"https:\\\/\\\/carbeat.dk\\\/wp-content\\\/uploads\\\/2023\\\/10\\\/Ford-Escort-16v_Rene_AW2cb5739d-0910-4a5c-8de6-7fd08d136439.webp\",\"datePublished\":\"2024-03-30T15:46:44+00:00\",\"dateModified\":\"2024-04-03T08:33:52+00:00\",\"description\":\"Der 1996 Ford Escort 16v CLX ist auf der Autoauktion von CarBeat und kann Ihnen geh\u00f6ren. Sie werden nirgendwo einen 1996er Ford Escort 16v CLX in diesem Zustand finden\",\"breadcrumb\":{\"@id\":\"https:\\\/\\\/carbeat.dk\\\/de\\\/produkt\\\/ford-escort-16v-clx-1996-kopier\\\/#breadcrumb\"},\"inLanguage\":\"de\",\"potentialAction\":[{\"@type\":\"ReadAction\",\"target\":[\"https:\\\/\\\/carbeat.dk\\\/de\\\/produkt\\\/ford-escort-16v-clx-1996-kopier\\\/\"]}]},{\"@type\":\"ImageObject\",\"inLanguage\":\"de\",\"@id\":\"https:\\\/\\\/carbeat.dk\\\/de\\\/produkt\\\/ford-escort-16v-clx-1996-kopier\\\/#primaryimage\",\"url\":\"https:\\\/\\\/carbeat.dk\\\/wp-content\\\/uploads\\\/2023\\\/10\\\/Ford-Escort-16v_Rene_AW2cb5739d-0910-4a5c-8de6-7fd08d136439.webp\",\"contentUrl\":\"https:\\\/\\\/carbeat.dk\\\/wp-content\\\/uploads\\\/2023\\\/10\\\/Ford-Escort-16v_Rene_AW2cb5739d-0910-4a5c-8de6-7fd08d136439.webp\",\"width\":1600,\"height\":1200,\"caption\":\"CarBeat Chasing Cars Ford Escort CLX 16V Autoversteigerung zum Verkauf f\u00fcr Verkauf Westfront\"},{\"@type\":\"BreadcrumbList\",\"@id\":\"https:\\\/\\\/carbeat.dk\\\/de\\\/produkt\\\/ford-escort-16v-clx-1996-kopier\\\/#breadcrumb\",\"itemListElement\":[{\"@type\":\"ListItem\",\"position\":1,\"name\":\"Hjem\",\"item\":\"https:\\\/\\\/carbeat.dk\\\/de\\\/\"},{\"@type\":\"ListItem\",\"position\":2,\"name\":\"Shop\",\"item\":\"https:\\\/\\\/carbeat.dk\\\/shop\\\/\"},{\"@type\":\"ListItem\",\"position\":3,\"name\":\"Ford Escort 16v CLX 1996\"}]},{\"@type\":\"WebSite\",\"@id\":\"https:\\\/\\\/carbeat.dk\\\/de\\\/#website\",\"url\":\"https:\\\/\\\/carbeat.dk\\\/de\\\/\",\"name\":\"CarBeat\",\"description\":\"Chasing Cars\",\"publisher\":{\"@id\":\"https:\\\/\\\/carbeat.dk\\\/de\\\/#organization\"},\"potentialAction\":[{\"@type\":\"SearchAction\",\"target\":{\"@type\":\"EntryPoint\",\"urlTemplate\":\"https:\\\/\\\/carbeat.dk\\\/de\\\/?s={search_term_string}\"},\"query-input\":{\"@type\":\"PropertyValueSpecification\",\"valueRequired\":true,\"valueName\":\"search_term_string\"}}],\"inLanguage\":\"de\"},{\"@type\":\"Organization\",\"@id\":\"https:\\\/\\\/carbeat.dk\\\/de\\\/#organization\",\"name\":\"CarBeat Chasing Cars\",\"url\":\"https:\\\/\\\/carbeat.dk\\\/de\\\/\",\"logo\":{\"@type\":\"ImageObject\",\"inLanguage\":\"de\",\"@id\":\"https:\\\/\\\/carbeat.dk\\\/de\\\/#\\\/schema\\\/logo\\\/image\\\/\",\"url\":\"https:\\\/\\\/carbeat.dk\\\/wp-content\\\/uploads\\\/2023\\\/08\\\/CarBeat-Chasing-Cars-lille-2560x1560-1-1_clipped_rev_1.png\",\"contentUrl\":\"https:\\\/\\\/carbeat.dk\\\/wp-content\\\/uploads\\\/2023\\\/08\\\/CarBeat-Chasing-Cars-lille-2560x1560-1-1_clipped_rev_1.png\",\"width\":2560,\"height\":1560,\"caption\":\"CarBeat Chasing Cars\"},\"image\":{\"@id\":\"https:\\\/\\\/carbeat.dk\\\/de\\\/#\\\/schema\\\/logo\\\/image\\\/\"},\"sameAs\":[\"https:\\\/\\\/www.facebook.com\\\/CarBeatDK\\\/\",\"https:\\\/\\\/www.instagram.com\\\/carbeatdk\\\/\",\"https:\\\/\\\/www.linkedin.com\\\/company\\\/carbeat\\\/\"]}]}<\/script>\n<!-- \/ Yoast SEO plugin. -->","yoast_head_json":{"title":"jetzt auf Auktion - CarBeat","description":"Der 1996 Ford Escort 16v CLX ist auf der Autoauktion von CarBeat und kann Ihnen geh\u00f6ren. Sie werden nirgendwo einen 1996er Ford Escort 16v CLX in diesem Zustand finden","robots":{"index":"index","follow":"follow","max-snippet":"max-snippet:-1","max-image-preview":"max-image-preview:large","max-video-preview":"max-video-preview:-1"},"canonical":"https:\/\/carbeat.dk\/de\/produkt\/ford-escort-16v-clx-1996-kopier\/","og_locale":"de_DE","og_type":"article","og_title":"jetzt auf Auktion - CarBeat","og_description":"Der 1996 Ford Escort 16v CLX ist auf der Autoauktion von CarBeat und kann Ihnen geh\u00f6ren. Sie werden nirgendwo einen 1996er Ford Escort 16v CLX in diesem Zustand finden","og_url":"https:\/\/carbeat.dk\/de\/produkt\/ford-escort-16v-clx-1996-kopier\/","og_site_name":"CarBeat","article_publisher":"https:\/\/www.facebook.com\/CarBeatDK\/","article_modified_time":"2024-04-03T08:33:52+00:00","og_image":[{"width":1600,"height":1200,"url":"https:\/\/carbeat.dk\/wp-content\/uploads\/2023\/10\/Ford-Escort-16v_Rene_AW2cb5739d-0910-4a5c-8de6-7fd08d136439.webp","type":"image\/webp"}],"twitter_card":"summary_large_image","twitter_misc":{"Gesch\u00e4tzte Lesezeit":"2\u00a0Minuten"},"schema":{"@context":"https:\/\/schema.org","@graph":[{"@type":"WebPage","@id":"https:\/\/carbeat.dk\/de\/produkt\/ford-escort-16v-clx-1996-kopier\/","url":"https:\/\/carbeat.dk\/de\/produkt\/ford-escort-16v-clx-1996-kopier\/","name":"jetzt auf Auktion - CarBeat","isPartOf":{"@id":"https:\/\/carbeat.dk\/de\/#website"},"primaryImageOfPage":{"@id":"https:\/\/carbeat.dk\/de\/produkt\/ford-escort-16v-clx-1996-kopier\/#primaryimage"},"image":{"@id":"https:\/\/carbeat.dk\/de\/produkt\/ford-escort-16v-clx-1996-kopier\/#primaryimage"},"thumbnailUrl":"https:\/\/carbeat.dk\/wp-content\/uploads\/2023\/10\/Ford-Escort-16v_Rene_AW2cb5739d-0910-4a5c-8de6-7fd08d136439.webp","datePublished":"2024-03-30T15:46:44+00:00","dateModified":"2024-04-03T08:33:52+00:00","description":"Der 1996 Ford Escort 16v CLX ist auf der Autoauktion von CarBeat und kann Ihnen geh\u00f6ren. Sie werden nirgendwo einen 1996er Ford Escort 16v CLX in diesem Zustand finden","breadcrumb":{"@id":"https:\/\/carbeat.dk\/de\/produkt\/ford-escort-16v-clx-1996-kopier\/#breadcrumb"},"inLanguage":"de","potentialAction":[{"@type":"ReadAction","target":["https:\/\/carbeat.dk\/de\/produkt\/ford-escort-16v-clx-1996-kopier\/"]}]},{"@type":"ImageObject","inLanguage":"de","@id":"https:\/\/carbeat.dk\/de\/produkt\/ford-escort-16v-clx-1996-kopier\/#primaryimage","url":"https:\/\/carbeat.dk\/wp-content\/uploads\/2023\/10\/Ford-Escort-16v_Rene_AW2cb5739d-0910-4a5c-8de6-7fd08d136439.webp","contentUrl":"https:\/\/carbeat.dk\/wp-content\/uploads\/2023\/10\/Ford-Escort-16v_Rene_AW2cb5739d-0910-4a5c-8de6-7fd08d136439.webp","width":1600,"height":1200,"caption":"CarBeat Chasing Cars Ford Escort CLX 16V Autoversteigerung zum Verkauf f\u00fcr Verkauf Westfront"},{"@type":"BreadcrumbList","@id":"https:\/\/carbeat.dk\/de\/produkt\/ford-escort-16v-clx-1996-kopier\/#breadcrumb","itemListElement":[{"@type":"ListItem","position":1,"name":"Hjem","item":"https:\/\/carbeat.dk\/de\/"},{"@type":"ListItem","position":2,"name":"Shop","item":"https:\/\/carbeat.dk\/shop\/"},{"@type":"ListItem","position":3,"name":"Ford Escort 16v CLX 1996"}]},{"@type":"WebSite","@id":"https:\/\/carbeat.dk\/de\/#website","url":"https:\/\/carbeat.dk\/de\/","name":"CarBeat","description":"Chasing Cars","publisher":{"@id":"https:\/\/carbeat.dk\/de\/#organization"},"potentialAction":[{"@type":"SearchAction","target":{"@type":"EntryPoint","urlTemplate":"https:\/\/carbeat.dk\/de\/?s={search_term_string}"},"query-input":{"@type":"PropertyValueSpecification","valueRequired":true,"valueName":"search_term_string"}}],"inLanguage":"de"},{"@type":"Organization","@id":"https:\/\/carbeat.dk\/de\/#organization","name":"CarBeat Chasing Cars","url":"https:\/\/carbeat.dk\/de\/","logo":{"@type":"ImageObject","inLanguage":"de","@id":"https:\/\/carbeat.dk\/de\/#\/schema\/logo\/image\/","url":"https:\/\/carbeat.dk\/wp-content\/uploads\/2023\/08\/CarBeat-Chasing-Cars-lille-2560x1560-1-1_clipped_rev_1.png","contentUrl":"https:\/\/carbeat.dk\/wp-content\/uploads\/2023\/08\/CarBeat-Chasing-Cars-lille-2560x1560-1-1_clipped_rev_1.png","width":2560,"height":1560,"caption":"CarBeat Chasing Cars"},"image":{"@id":"https:\/\/carbeat.dk\/de\/#\/schema\/logo\/image\/"},"sameAs":["https:\/\/www.facebook.com\/CarBeatDK\/","https:\/\/www.instagram.com\/carbeatdk\/","https:\/\/www.linkedin.com\/company\/carbeat\/"]}]}},"_links":{"self":[{"href":"https:\/\/carbeat.dk\/de\/wp-json\/wp\/v2\/product\/13177","targetHints":{"allow":["GET"]}}],"collection":[{"href":"https:\/\/carbeat.dk\/de\/wp-json\/wp\/v2\/product"}],"about":[{"href":"https:\/\/carbeat.dk\/de\/wp-json\/wp\/v2\/types\/product"}],"replies":[{"embeddable":true,"href":"https:\/\/carbeat.dk\/de\/wp-json\/wp\/v2\/comments?post=13177"}],"version-history":[{"count":2,"href":"https:\/\/carbeat.dk\/de\/wp-json\/wp\/v2\/product\/13177\/revisions"}],"predecessor-version":[{"id":13288,"href":"https:\/\/carbeat.dk\/de\/wp-json\/wp\/v2\/product\/13177\/revisions\/13288"}],"wp:featuredmedia":[{"embeddable":true,"href":"https:\/\/carbeat.dk\/de\/wp-json\/wp\/v2\/media\/9340"}],"wp:attachment":[{"href":"https:\/\/carbeat.dk\/de\/wp-json\/wp\/v2\/media?parent=13177"}],"wp:term":[{"taxonomy":"product_brand","embeddable":true,"href":"https:\/\/carbeat.dk\/de\/wp-json\/wp\/v2\/product_brand?post=13177"},{"taxonomy":"product_cat","embeddable":true,"href":"https:\/\/carbeat.dk\/de\/wp-json\/wp\/v2\/product_cat?post=13177"},{"taxonomy":"product_tag","embeddable":true,"href":"https:\/\/carbeat.dk\/de\/wp-json\/wp\/v2\/product_tag?post=13177"}],"curies":[{"name":"wp","href":"https:\/\/api.w.org\/{rel}","templated":true}]}}