{"id":13168,"date":"2024-03-30T16:46:31","date_gmt":"2024-03-30T15:46:31","guid":{"rendered":"https:\/\/carbeat.dk\/?post_type=product&#038;p=13168"},"modified":"2024-04-01T19:41:55","modified_gmt":"2024-04-01T17:41:55","slug":"mercedes-200-8-w115-kopier","status":"publish","type":"product","link":"https:\/\/carbeat.dk\/de\/produkt\/mercedes-200-8-w115-kopier\/","title":{"rendered":"Mercedes 200\/8 W115"},"content":{"rendered":"<p>Ein &#8217;schl\u00fcsselfertiger&#8216; Mercedes 200\/8 W115 &#8211; 1975 mit historischen Kennzeichen, bereit zum Kauf und zur Heimfahrt.<\/p>\n<p>Dieses Auto kam urspr\u00fcnglich aus einer Scheune in Schweden, wo es vom Verk\u00e4ufer gerettet wurde. Der Verk\u00e4ufer hat ihm ein neues Leben eingehaucht und ihn renoviert, aber das Auto genau so belassen, wie es in der schwedischen Scheune gefunden wurde.<br \/>\nDas Auto ist zugelassen und hat schwarze d\u00e4nische historische Kennzeichen. Das Auto ist T\u00dcV-gepr\u00fcft und mit fast 50 Jahren ein Oldtimer, der erst 2030 wieder T\u00dcV-gepr\u00fcft wird.<\/p>\n<h3>Unver\u00e4ndert nutzen oder renovieren<\/h3>\n<p>Der Merc startet und l\u00e4uft gut. Der Motor klingt gro\u00dfartig und hat einen ruhigen, soliden und sicheren Leerlauf. Die H\u00fctte ist sehr sch\u00f6n und komplett original. Es gibt ein kleines Loch im Fahrersitz, aber sonst spielt die ganze Kabine. Die T\u00fcren \u00f6ffnen und schlie\u00dfen sich, wie es nur ein Mercedes kann.<\/p>\n<p>Die Instrumentierung ist einfach und \u00e4sthetisch und ebenfalls in hervorragendem Zustand. Sogar die Decke ist v\u00f6llig dicht und nichts h\u00e4ngt durch, der Zustand ist also auch hier sehr gut. Das Radio ist leider ein moderneres Radio, das nicht in das Auto passt, aber ersetzt werden kann. W\u00e4rme- und K\u00e4ltegebl\u00e4se funktioniert einwandfrei<\/p>\n<p>Der Lack dieses Mercedes 200\/8 W115 ist nicht der sch\u00f6nste, aber er ist definitiv brauchbar. Es gibt Rostflecken rund um das Auto, nichts Ernstes, aber sie sind da und sind in den Bildern rundum gezeigt. Bevor die Sperrklinke der T\u00fcrverriegelung nach unten f\u00e4llt und leicht einrastet, muss sie festgezogen werden, da sie zu einem Problem werden kann, wenn man den Schl\u00fcssel im Z\u00fcndschloss stecken l\u00e4sst und die T\u00fcr schlie\u00dft.<\/p>\n<p>Der Boden wurde mehrmals tektyliert und der Verk\u00e4ufer sagt, dass es keinen Rost an den Seiten oder am Boden gibt &#8211; er ist auch sehr gesund.<\/p>\n<h3>Chrome spielt<\/h3>\n<p>Alle Chromleisten sind in sehr gutem Zustand, keine ist gebrochen oder hat gr\u00f6\u00dfere Kratzer. Die Windschutzscheibe hat oben einen blauen Sonnenstreifen.<\/p>\n<p>Sie k\u00f6nnen das Auto so nutzen, wie es ist, und sich darum k\u00fcmmern. Sie k\u00f6nnen es auch komplett in Ordnung bringen lassen, denn dies ist eine gute Grundlage, um leicht zu einem perfekten Ergebnis zu gelangen.<\/p>\n<p>Es kommt mit einer Palette von Ersatzteilen, alles von Lichtern, Leisten zu einer Menge von Kleinteilen.<\/p>\n<p>&nbsp;<\/p>\n<h3>Was ist eine 200\/8<\/h3>\n<p>&nbsp;<\/p>\n<p>Der Mercedes W115, auch bekannt als &#8222;Strich Acht&#8220;, ist ein klassisches Automodell, das von 1968 bis 1976 produziert wurde. Das Modell wurde auch als Mercedes-Benz W115 bekannt.<\/p>\n<p>Der Mercedes 200\/8 ist ein ikonisches Fahrzeug, das noch heute bewundert wird. Dieses Auto ist f\u00fcr seine zeitlose Eleganz und Langlebigkeit bekannt. Mit seinem markanten K\u00fchlergrill und den runden Scheinwerfern strahlt er eine klassische und anspruchsvolle Ausstrahlung aus.<\/p>\n<p>Unter der Motorhaube arbeitet ein zuverl\u00e4ssiger 2,0-Liter-Vierzylindermotor, der solide Leistungen liefert. Dieser Motor war f\u00fcr seine Agilit\u00e4t und Langlebigkeit bekannt, was ihn zu einer zuverl\u00e4ssigen Wahl f\u00fcr Autobesitzer machte.<\/p>\n<p>Innen bietet der Mercedes 200\/8 W115 eine komfortable und gut ausgestattete Kabine. Hochwertige Materialien und sorgf\u00e4ltige Verarbeitung kennzeichnen den Innenraum des Fahrzeugs. Die ger\u00e4umige Kabine bietet den Fahrg\u00e4sten ein komfortables Fahrerlebnis.<\/p>\n<p>Das Fahrverhalten ist von hoher Qualit\u00e4t und das Auto ist f\u00fcr seine Stabilit\u00e4t auf der Stra\u00dfe bekannt. Er bietet ein komfortables und sanftes Fahrerlebnis und eignet sich daher sowohl f\u00fcr den Stadtverkehr als auch f\u00fcr lange Autobahnfahrten.<\/p>\n<p>Der Mercedes 200\/8 ist ein Auto, das die \u00c4ra der klassischen Fahrzeuge repr\u00e4sentiert. Dieses Modell hat einen einzigartigen Charme, der Liebhaber und Sammler auch heute noch fasziniert.<\/p>\n","protected":false},"excerpt":{"rendered":"<p>Ein &#8217;schl\u00fcsselfertiger&#8216; Mercedes 200\/8 W115 &#8211; 1975 mit historischen Kennzeichen, bereit zum Kauf und zur Heimfahrt. Dieses Auto kam urspr\u00fcnglich aus einer Scheune in Schweden, wo es vom Verk\u00e4ufer gerettet wurde. Der Verk\u00e4ufer hat ihm ein neues Leben eingehaucht und ihn renoviert, aber das Auto genau so belassen, wie es in der schwedischen Scheune gefunden [&hellip;]<\/p>\n","protected":false},"featured_media":7302,"comment_status":"open","ping_status":"closed","template":"","meta":[],"product_brand":[],"product_cat":[476,477],"product_tag":[488,602,609,596],"class_list":{"0":"post-13168","1":"product","2":"type-product","3":"status-publish","4":"has-post-thumbnail","6":"car_models-mercedes","7":"car_models-mercedes_w115","8":"product_cat-autos","9":"product_cat-klassische-autos","10":"product_tag-mercedes-de","11":"product_tag-mercedes-200-de","12":"product_tag-strich-acht-de","13":"product_tag-w115-de","15":"first","16":"instock","17":"sold-individually","18":"shipping-taxable","19":"purchasable","20":"product-type-auction"},"acf":[],"yoast_head":"<!-- This site is optimized with the Yoast SEO plugin v25.4 - https:\/\/yoast.com\/wordpress\/plugins\/seo\/ -->\n<title>- auf CarBeat car auctions<\/title>\n<meta name=\"description\" content=\"Mercedes 200\/8 W115 &quot;Strich Acht&quot; steht auf der CarBeat Chasing Cars Autoversteigerung zum Verkauf. An- und Verkauf von Spezialfahrzeugen, Oldtimern und Youngtimern, usw.\" \/>\n<meta name=\"robots\" content=\"index, follow, max-snippet:-1, max-image-preview:large, max-video-preview:-1\" \/>\n<link rel=\"canonical\" href=\"https:\/\/carbeat.dk\/de\/produkt\/mercedes-200-8-w115-kopier\/\" \/>\n<meta property=\"og:locale\" content=\"de_DE\" \/>\n<meta property=\"og:type\" content=\"article\" \/>\n<meta property=\"og:title\" content=\"- auf CarBeat car auctions\" \/>\n<meta property=\"og:description\" content=\"Mercedes 200\/8 W115 &quot;Strich Acht&quot; steht auf der CarBeat Chasing Cars Autoversteigerung zum Verkauf. An- und Verkauf von Spezialfahrzeugen, Oldtimern und Youngtimern, usw.\" \/>\n<meta property=\"og:url\" content=\"https:\/\/carbeat.dk\/de\/produkt\/mercedes-200-8-w115-kopier\/\" \/>\n<meta property=\"og:site_name\" content=\"CarBeat\" \/>\n<meta property=\"article:publisher\" content=\"https:\/\/www.facebook.com\/CarBeatDK\/\" \/>\n<meta property=\"article:modified_time\" content=\"2024-04-01T17:41:55+00:00\" \/>\n<meta property=\"og:image\" content=\"https:\/\/carbeat.dk\/wp-content\/uploads\/2023\/09\/redi-2.jpg\" \/>\n\t<meta property=\"og:image:width\" content=\"1440\" \/>\n\t<meta property=\"og:image:height\" content=\"1080\" \/>\n\t<meta property=\"og:image:type\" content=\"image\/jpeg\" \/>\n<meta name=\"twitter:card\" content=\"summary_large_image\" \/>\n<meta name=\"twitter:label1\" content=\"Gesch\u00e4tzte Lesezeit\" \/>\n\t<meta name=\"twitter:data1\" content=\"3\u00a0Minuten\" \/>\n<script type=\"application\/ld+json\" class=\"yoast-schema-graph\">{\"@context\":\"https:\/\/schema.org\",\"@graph\":[{\"@type\":\"WebPage\",\"@id\":\"https:\/\/carbeat.dk\/de\/produkt\/mercedes-200-8-w115-kopier\/\",\"url\":\"https:\/\/carbeat.dk\/de\/produkt\/mercedes-200-8-w115-kopier\/\",\"name\":\"- auf CarBeat car auctions\",\"isPartOf\":{\"@id\":\"https:\/\/carbeat.dk\/de\/#website\"},\"primaryImageOfPage\":{\"@id\":\"https:\/\/carbeat.dk\/de\/produkt\/mercedes-200-8-w115-kopier\/#primaryimage\"},\"image\":{\"@id\":\"https:\/\/carbeat.dk\/de\/produkt\/mercedes-200-8-w115-kopier\/#primaryimage\"},\"thumbnailUrl\":\"https:\/\/carbeat.dk\/wp-content\/uploads\/2023\/09\/redi-2.jpg\",\"datePublished\":\"2024-03-30T15:46:31+00:00\",\"dateModified\":\"2024-04-01T17:41:55+00:00\",\"description\":\"Mercedes 200\/8 W115 \\\"Strich Acht\\\" steht auf der CarBeat Chasing Cars Autoversteigerung zum Verkauf. An- und Verkauf von Spezialfahrzeugen, Oldtimern und Youngtimern, usw.\",\"breadcrumb\":{\"@id\":\"https:\/\/carbeat.dk\/de\/produkt\/mercedes-200-8-w115-kopier\/#breadcrumb\"},\"inLanguage\":\"de\",\"potentialAction\":[{\"@type\":\"ReadAction\",\"target\":[\"https:\/\/carbeat.dk\/de\/produkt\/mercedes-200-8-w115-kopier\/\"]}]},{\"@type\":\"ImageObject\",\"inLanguage\":\"de\",\"@id\":\"https:\/\/carbeat.dk\/de\/produkt\/mercedes-200-8-w115-kopier\/#primaryimage\",\"url\":\"https:\/\/carbeat.dk\/wp-content\/uploads\/2023\/09\/redi-2.jpg\",\"contentUrl\":\"https:\/\/carbeat.dk\/wp-content\/uploads\/2023\/09\/redi-2.jpg\",\"width\":1440,\"height\":1080,\"caption\":\"Carbeat Chasing Cars Mercedes 200 \/8 w115 Abdeckung\"},{\"@type\":\"BreadcrumbList\",\"@id\":\"https:\/\/carbeat.dk\/de\/produkt\/mercedes-200-8-w115-kopier\/#breadcrumb\",\"itemListElement\":[{\"@type\":\"ListItem\",\"position\":1,\"name\":\"Hjem\",\"item\":\"https:\/\/carbeat.dk\/de\/\"},{\"@type\":\"ListItem\",\"position\":2,\"name\":\"Shop\",\"item\":\"https:\/\/carbeat.dk\/shop\/\"},{\"@type\":\"ListItem\",\"position\":3,\"name\":\"Mercedes 200\/8 W115\"}]},{\"@type\":\"WebSite\",\"@id\":\"https:\/\/carbeat.dk\/de\/#website\",\"url\":\"https:\/\/carbeat.dk\/de\/\",\"name\":\"CarBeat\",\"description\":\"Chasing Cars\",\"publisher\":{\"@id\":\"https:\/\/carbeat.dk\/de\/#organization\"},\"potentialAction\":[{\"@type\":\"SearchAction\",\"target\":{\"@type\":\"EntryPoint\",\"urlTemplate\":\"https:\/\/carbeat.dk\/de\/?s={search_term_string}\"},\"query-input\":{\"@type\":\"PropertyValueSpecification\",\"valueRequired\":true,\"valueName\":\"search_term_string\"}}],\"inLanguage\":\"de\"},{\"@type\":\"Organization\",\"@id\":\"https:\/\/carbeat.dk\/de\/#organization\",\"name\":\"CarBeat Chasing Cars\",\"url\":\"https:\/\/carbeat.dk\/de\/\",\"logo\":{\"@type\":\"ImageObject\",\"inLanguage\":\"de\",\"@id\":\"https:\/\/carbeat.dk\/de\/#\/schema\/logo\/image\/\",\"url\":\"https:\/\/carbeat.dk\/wp-content\/uploads\/2023\/08\/CarBeat-Chasing-Cars-lille-2560x1560-1-1_clipped_rev_1.png\",\"contentUrl\":\"https:\/\/carbeat.dk\/wp-content\/uploads\/2023\/08\/CarBeat-Chasing-Cars-lille-2560x1560-1-1_clipped_rev_1.png\",\"width\":2560,\"height\":1560,\"caption\":\"CarBeat Chasing Cars\"},\"image\":{\"@id\":\"https:\/\/carbeat.dk\/de\/#\/schema\/logo\/image\/\"},\"sameAs\":[\"https:\/\/www.facebook.com\/CarBeatDK\/\",\"https:\/\/www.instagram.com\/carbeatdk\/\",\"https:\/\/www.linkedin.com\/company\/carbeat\/\"]}]}<\/script>\n<!-- \/ Yoast SEO plugin. -->","yoast_head_json":{"title":"- auf CarBeat car auctions","description":"Mercedes 200\/8 W115 \"Strich Acht\" steht auf der CarBeat Chasing Cars Autoversteigerung zum Verkauf. An- und Verkauf von Spezialfahrzeugen, Oldtimern und Youngtimern, usw.","robots":{"index":"index","follow":"follow","max-snippet":"max-snippet:-1","max-image-preview":"max-image-preview:large","max-video-preview":"max-video-preview:-1"},"canonical":"https:\/\/carbeat.dk\/de\/produkt\/mercedes-200-8-w115-kopier\/","og_locale":"de_DE","og_type":"article","og_title":"- auf CarBeat car auctions","og_description":"Mercedes 200\/8 W115 \"Strich Acht\" steht auf der CarBeat Chasing Cars Autoversteigerung zum Verkauf. An- und Verkauf von Spezialfahrzeugen, Oldtimern und Youngtimern, usw.","og_url":"https:\/\/carbeat.dk\/de\/produkt\/mercedes-200-8-w115-kopier\/","og_site_name":"CarBeat","article_publisher":"https:\/\/www.facebook.com\/CarBeatDK\/","article_modified_time":"2024-04-01T17:41:55+00:00","og_image":[{"width":1440,"height":1080,"url":"https:\/\/carbeat.dk\/wp-content\/uploads\/2023\/09\/redi-2.jpg","type":"image\/jpeg"}],"twitter_card":"summary_large_image","twitter_misc":{"Gesch\u00e4tzte Lesezeit":"3\u00a0Minuten"},"schema":{"@context":"https:\/\/schema.org","@graph":[{"@type":"WebPage","@id":"https:\/\/carbeat.dk\/de\/produkt\/mercedes-200-8-w115-kopier\/","url":"https:\/\/carbeat.dk\/de\/produkt\/mercedes-200-8-w115-kopier\/","name":"- auf CarBeat car auctions","isPartOf":{"@id":"https:\/\/carbeat.dk\/de\/#website"},"primaryImageOfPage":{"@id":"https:\/\/carbeat.dk\/de\/produkt\/mercedes-200-8-w115-kopier\/#primaryimage"},"image":{"@id":"https:\/\/carbeat.dk\/de\/produkt\/mercedes-200-8-w115-kopier\/#primaryimage"},"thumbnailUrl":"https:\/\/carbeat.dk\/wp-content\/uploads\/2023\/09\/redi-2.jpg","datePublished":"2024-03-30T15:46:31+00:00","dateModified":"2024-04-01T17:41:55+00:00","description":"Mercedes 200\/8 W115 \"Strich Acht\" steht auf der CarBeat Chasing Cars Autoversteigerung zum Verkauf. An- und Verkauf von Spezialfahrzeugen, Oldtimern und Youngtimern, usw.","breadcrumb":{"@id":"https:\/\/carbeat.dk\/de\/produkt\/mercedes-200-8-w115-kopier\/#breadcrumb"},"inLanguage":"de","potentialAction":[{"@type":"ReadAction","target":["https:\/\/carbeat.dk\/de\/produkt\/mercedes-200-8-w115-kopier\/"]}]},{"@type":"ImageObject","inLanguage":"de","@id":"https:\/\/carbeat.dk\/de\/produkt\/mercedes-200-8-w115-kopier\/#primaryimage","url":"https:\/\/carbeat.dk\/wp-content\/uploads\/2023\/09\/redi-2.jpg","contentUrl":"https:\/\/carbeat.dk\/wp-content\/uploads\/2023\/09\/redi-2.jpg","width":1440,"height":1080,"caption":"Carbeat Chasing Cars Mercedes 200 \/8 w115 Abdeckung"},{"@type":"BreadcrumbList","@id":"https:\/\/carbeat.dk\/de\/produkt\/mercedes-200-8-w115-kopier\/#breadcrumb","itemListElement":[{"@type":"ListItem","position":1,"name":"Hjem","item":"https:\/\/carbeat.dk\/de\/"},{"@type":"ListItem","position":2,"name":"Shop","item":"https:\/\/carbeat.dk\/shop\/"},{"@type":"ListItem","position":3,"name":"Mercedes 200\/8 W115"}]},{"@type":"WebSite","@id":"https:\/\/carbeat.dk\/de\/#website","url":"https:\/\/carbeat.dk\/de\/","name":"CarBeat","description":"Chasing Cars","publisher":{"@id":"https:\/\/carbeat.dk\/de\/#organization"},"potentialAction":[{"@type":"SearchAction","target":{"@type":"EntryPoint","urlTemplate":"https:\/\/carbeat.dk\/de\/?s={search_term_string}"},"query-input":{"@type":"PropertyValueSpecification","valueRequired":true,"valueName":"search_term_string"}}],"inLanguage":"de"},{"@type":"Organization","@id":"https:\/\/carbeat.dk\/de\/#organization","name":"CarBeat Chasing Cars","url":"https:\/\/carbeat.dk\/de\/","logo":{"@type":"ImageObject","inLanguage":"de","@id":"https:\/\/carbeat.dk\/de\/#\/schema\/logo\/image\/","url":"https:\/\/carbeat.dk\/wp-content\/uploads\/2023\/08\/CarBeat-Chasing-Cars-lille-2560x1560-1-1_clipped_rev_1.png","contentUrl":"https:\/\/carbeat.dk\/wp-content\/uploads\/2023\/08\/CarBeat-Chasing-Cars-lille-2560x1560-1-1_clipped_rev_1.png","width":2560,"height":1560,"caption":"CarBeat Chasing Cars"},"image":{"@id":"https:\/\/carbeat.dk\/de\/#\/schema\/logo\/image\/"},"sameAs":["https:\/\/www.facebook.com\/CarBeatDK\/","https:\/\/www.instagram.com\/carbeatdk\/","https:\/\/www.linkedin.com\/company\/carbeat\/"]}]}},"_links":{"self":[{"href":"https:\/\/carbeat.dk\/de\/wp-json\/wp\/v2\/product\/13168","targetHints":{"allow":["GET"]}}],"collection":[{"href":"https:\/\/carbeat.dk\/de\/wp-json\/wp\/v2\/product"}],"about":[{"href":"https:\/\/carbeat.dk\/de\/wp-json\/wp\/v2\/types\/product"}],"replies":[{"embeddable":true,"href":"https:\/\/carbeat.dk\/de\/wp-json\/wp\/v2\/comments?post=13168"}],"version-history":[{"count":2,"href":"https:\/\/carbeat.dk\/de\/wp-json\/wp\/v2\/product\/13168\/revisions"}],"predecessor-version":[{"id":13246,"href":"https:\/\/carbeat.dk\/de\/wp-json\/wp\/v2\/product\/13168\/revisions\/13246"}],"wp:featuredmedia":[{"embeddable":true,"href":"https:\/\/carbeat.dk\/de\/wp-json\/wp\/v2\/media\/7302"}],"wp:attachment":[{"href":"https:\/\/carbeat.dk\/de\/wp-json\/wp\/v2\/media?parent=13168"}],"wp:term":[{"taxonomy":"product_brand","embeddable":true,"href":"https:\/\/carbeat.dk\/de\/wp-json\/wp\/v2\/product_brand?post=13168"},{"taxonomy":"product_cat","embeddable":true,"href":"https:\/\/carbeat.dk\/de\/wp-json\/wp\/v2\/product_cat?post=13168"},{"taxonomy":"product_tag","embeddable":true,"href":"https:\/\/carbeat.dk\/de\/wp-json\/wp\/v2\/product_tag?post=13168"}],"curies":[{"name":"wp","href":"https:\/\/api.w.org\/{rel}","templated":true}]}}