{"id":13147,"date":"2024-03-29T20:47:05","date_gmt":"2024-03-29T19:47:05","guid":{"rendered":"https:\/\/carbeat.dk\/?post_type=product&#038;p=13147"},"modified":"2024-03-29T20:50:40","modified_gmt":"2024-03-29T19:50:40","slug":"mercedes-benz-230ce-kopier","status":"publish","type":"product","link":"https:\/\/carbeat.dk\/de\/produkt\/mercedes-benz-230ce-kopier\/","title":{"rendered":"Mercedes-Benz 230ce"},"content":{"rendered":"<div class=\"xyamay9 x1pi30zi x18d9i69 x1swvt13\">\n<div>\n<p class=\"x1heor9g x1qlqyl8 x1pd3egz x1a2a7pz x193iq5w xeuugli\" dir=\"auto\" tabindex=\"-1\">Der Mercedes-Benz 230ce W124 von 1991 ist eine Ikone und einer der sch\u00f6nsten Mercedes der letzten Zeit.<br \/>\nDieser Mercedes-Benz 230ce W124 hat eine Laufleistung von 128.000 km im Neuzustand. Er hat einen neuen Tacho, aber es gibt eine Dokumentation f\u00fcr alle Kilometer.<br \/>\nEs wurde bestellt und an einen Mitarbeiter von mercedes in Deutschland geliefert unter der Bestellnummer: 0 0 297 59056<\/p>\n<\/div>\n<\/div>\n<div class=\"xod5an3\">\n<div class=\"x1gslohp\">\n<div class=\"xexx8yu x1pi30zi x18d9i69 x1swvt13\">\n<div class=\"xz9dl7a x4uap5 xsag5q8 xkhd6sd x126k92a\">\n<div><span class=\"x193iq5w xeuugli x13faqbe x1vvkbs xlh3980 xvmahel x1n0sxbx x1lliihq x1s928wv xhkezso x1gmr53x x1cpjm7i x1fgarty x1943h6x x4zkp8e x3x7a5m x6prxxf xvq8zen xo1l8bm xzsf02u\" dir=\"auto\">Vollst\u00e4ndige Dokumentation. Das Auto wird aus Deutschland importiert. Erster Besitzer geboren 1932, dann 2 Besitzer in DK. Das Auto wurde gewartet und befindet sich in einem ausgezeichneten Zustand.<br \/>\nOriginallackierung in sehr gutem Zustand, mit sehr wenigen Lackfehlern.  <\/span><\/div>\n<div>\n<p><span class=\"x193iq5w xeuugli x13faqbe x1vvkbs xlh3980 xvmahel x1n0sxbx x1lliihq x1s928wv xhkezso x1gmr53x x1cpjm7i x1fgarty x1943h6x x4zkp8e x3x7a5m x6prxxf xvq8zen xo1l8bm xzsf02u\" dir=\"auto\">Das Interieur ist makellos und weist keinerlei Abnutzungserscheinungen auf. Hinweis: 5-Gang-Schaltgetriebe, daher sehr sparsam, l\u00e4uft 12-15 km\/l<\/span><\/p>\n<p><strong>Ausr\u00fcstung:<\/strong><br \/>\nEl. Schiebedach Schiebedach<br \/>\n2 x elektrische Fensterheber<br \/>\nLederpolsterung<br \/>\n4 x Kopfst\u00fctzen<br \/>\n2 x elektrische Sitzheizung in den Vordersitzen<br \/>\nGet\u00f6nte Scheiben mit w\u00e4rmereduzierendem Glas<br \/>\nZentralverriegelung<br \/>\nDie richtigen 15-Zoll-Leichtmetallr\u00e4der mit 15 L\u00f6chern<\/p>\n<\/div>\n<\/div>\n<\/div>\n<\/div>\n<\/div>\n<div><\/div>\n<h3>Was ist ein Mercedes 230ce W124<\/h3>\n<p>Der Mercedes-Benz 230CE W124, der von Mitte der 1980er bis Anfang der 1990er Jahre produziert wurde, repr\u00e4sentiert eine klassische Epoche der Automobilindustrie und geh\u00f6rt zur ber\u00fchmten Baureihe W124. Dieses Coup\u00e9 strahlt zeitlose Eleganz und deutsche Ingenieurskunst aus.<\/p>\n<p>Unter der Motorhaube finden Sie einen zuverl\u00e4ssigen und kraftvollen Sechszylindermotor, der ein harmonisches Gleichgewicht zwischen Leistung und Kraftstoffeffizienz bietet. Das elegante Karosseriedesign des W124 230CE verbindet Aerodynamik mit luxuri\u00f6sem Komfort und macht ihn zu einer begehrten Wahl f\u00fcr alle, die ein stilvolles, aber dennoch leistungsf\u00e4higes Auto suchen.<\/p>\n<p>Der Innenraum spiegelt das Engagement von Mercedes-Benz f\u00fcr hochwertige Materialien und Komfort wider. Dieses Modell war damals mit fortschrittlichen Funktionen ausgestattet und galt als luxuri\u00f6ses GT-Auto (Gran Turismo), ideal f\u00fcr lange Strecken mit hohem Komfort.<\/p>\n<p>Der Mercedes-Benz 230CE W124 weckt bei Autoliebhabern nach wie vor Nostalgie und Bewunderung f\u00fcr sein ikonisches Design und seine zuverl\u00e4ssige Leistung und unterstreicht damit seinen Platz als zeitloser Klassiker im umfangreichen Erbe von Mercedes-Benz.<\/p>\n","protected":false},"excerpt":{"rendered":"<p>Der Mercedes-Benz 230ce W124 von 1991 ist eine Ikone und einer der sch\u00f6nsten Mercedes der letzten Zeit. Dieser Mercedes-Benz 230ce W124 hat eine Laufleistung von 128.000 km im Neuzustand. Er hat einen neuen Tacho, aber es gibt eine Dokumentation f\u00fcr alle Kilometer. Es wurde bestellt und an einen Mitarbeiter von mercedes in Deutschland geliefert unter [&hellip;]<\/p>\n","protected":false},"featured_media":10274,"comment_status":"open","ping_status":"closed","template":"","meta":[],"product_brand":[],"product_cat":[476,477,492],"product_tag":[666,669,660,667,664],"class_list":{"0":"post-13147","1":"product","2":"type-product","3":"status-publish","4":"has-post-thumbnail","6":"car_models-mercedes","7":"car_models-mercedes-w124","8":"product_cat-autos","9":"product_cat-klassische-autos","10":"product_cat-youngtimer-de","11":"product_tag-230ce-de","12":"product_tag-mercedes-230ce-de","13":"product_tag-mercedes-benz-de","14":"product_tag-mercedes-coupe-de","15":"product_tag-w124-de","17":"first","18":"instock","19":"sold-individually","20":"shipping-taxable","21":"purchasable","22":"product-type-auction"},"acf":[],"yoast_head":"<!-- This site is optimized with the Yoast SEO plugin v27.4 - https:\/\/yoast.com\/product\/yoast-seo-wordpress\/ -->\n<title>der Autoauktion jetzt bei - CarBeat<\/title>\n<meta name=\"description\" content=\"Mercedes-Benz 230CE auf der Autoauktion von CarBeat. Hier k\u00f6nnen Sie Ihr Spezialfahrzeug anbieten und verkaufen. D\u00e4nemarks beste Auktionsplattform f\u00fcr Spezialfahrzeuge usw.\" \/>\n<meta name=\"robots\" content=\"index, follow, max-snippet:-1, max-image-preview:large, max-video-preview:-1\" \/>\n<link rel=\"canonical\" href=\"https:\/\/carbeat.dk\/de\/produkt\/mercedes-benz-230ce-kopier\/\" \/>\n<meta property=\"og:locale\" content=\"de_DE\" \/>\n<meta property=\"og:type\" content=\"article\" \/>\n<meta property=\"og:title\" content=\"der Autoauktion jetzt bei - CarBeat\" \/>\n<meta property=\"og:description\" content=\"Mercedes-Benz 230CE auf der Autoauktion von CarBeat. Hier k\u00f6nnen Sie Ihr Spezialfahrzeug anbieten und verkaufen. D\u00e4nemarks beste Auktionsplattform f\u00fcr Spezialfahrzeuge usw.\" \/>\n<meta property=\"og:url\" content=\"https:\/\/carbeat.dk\/de\/produkt\/mercedes-benz-230ce-kopier\/\" \/>\n<meta property=\"og:site_name\" content=\"CarBeat\" \/>\n<meta property=\"article:publisher\" content=\"https:\/\/www.facebook.com\/CarBeatDK\/\" \/>\n<meta property=\"article:modified_time\" content=\"2024-03-29T19:50:40+00:00\" \/>\n<meta property=\"og:image\" content=\"https:\/\/carbeat.dk\/wp-content\/uploads\/2023\/11\/Mercedes-230ce-w124368129892_9896937040378341_7642382368827676991_n.jpg\" \/>\n\t<meta property=\"og:image:width\" content=\"960\" \/>\n\t<meta property=\"og:image:height\" content=\"720\" \/>\n\t<meta property=\"og:image:type\" content=\"image\/jpeg\" \/>\n<meta name=\"twitter:card\" content=\"summary_large_image\" \/>\n<meta name=\"twitter:label1\" content=\"Gesch\u00e4tzte Lesezeit\" \/>\n\t<meta name=\"twitter:data1\" content=\"2\u00a0Minuten\" \/>\n<script type=\"application\/ld+json\" class=\"yoast-schema-graph\">{\"@context\":\"https:\\\/\\\/schema.org\",\"@graph\":[{\"@type\":\"WebPage\",\"@id\":\"https:\\\/\\\/carbeat.dk\\\/de\\\/produkt\\\/mercedes-benz-230ce-kopier\\\/\",\"url\":\"https:\\\/\\\/carbeat.dk\\\/de\\\/produkt\\\/mercedes-benz-230ce-kopier\\\/\",\"name\":\"der Autoauktion jetzt bei - CarBeat\",\"isPartOf\":{\"@id\":\"https:\\\/\\\/carbeat.dk\\\/de\\\/#website\"},\"primaryImageOfPage\":{\"@id\":\"https:\\\/\\\/carbeat.dk\\\/de\\\/produkt\\\/mercedes-benz-230ce-kopier\\\/#primaryimage\"},\"image\":{\"@id\":\"https:\\\/\\\/carbeat.dk\\\/de\\\/produkt\\\/mercedes-benz-230ce-kopier\\\/#primaryimage\"},\"thumbnailUrl\":\"https:\\\/\\\/carbeat.dk\\\/wp-content\\\/uploads\\\/2023\\\/11\\\/Mercedes-230ce-w124368129892_9896937040378341_7642382368827676991_n.jpg\",\"datePublished\":\"2024-03-29T19:47:05+00:00\",\"dateModified\":\"2024-03-29T19:50:40+00:00\",\"description\":\"Mercedes-Benz 230CE auf der Autoauktion von CarBeat. Hier k\u00f6nnen Sie Ihr Spezialfahrzeug anbieten und verkaufen. D\u00e4nemarks beste Auktionsplattform f\u00fcr Spezialfahrzeuge usw.\",\"breadcrumb\":{\"@id\":\"https:\\\/\\\/carbeat.dk\\\/de\\\/produkt\\\/mercedes-benz-230ce-kopier\\\/#breadcrumb\"},\"inLanguage\":\"de\",\"potentialAction\":[{\"@type\":\"ReadAction\",\"target\":[\"https:\\\/\\\/carbeat.dk\\\/de\\\/produkt\\\/mercedes-benz-230ce-kopier\\\/\"]}]},{\"@type\":\"ImageObject\",\"inLanguage\":\"de\",\"@id\":\"https:\\\/\\\/carbeat.dk\\\/de\\\/produkt\\\/mercedes-benz-230ce-kopier\\\/#primaryimage\",\"url\":\"https:\\\/\\\/carbeat.dk\\\/wp-content\\\/uploads\\\/2023\\\/11\\\/Mercedes-230ce-w124368129892_9896937040378341_7642382368827676991_n.jpg\",\"contentUrl\":\"https:\\\/\\\/carbeat.dk\\\/wp-content\\\/uploads\\\/2023\\\/11\\\/Mercedes-230ce-w124368129892_9896937040378341_7642382368827676991_n.jpg\",\"width\":960,\"height\":720,\"caption\":\"Steckbrief Mercedes-Benz 230CE W124\"},{\"@type\":\"BreadcrumbList\",\"@id\":\"https:\\\/\\\/carbeat.dk\\\/de\\\/produkt\\\/mercedes-benz-230ce-kopier\\\/#breadcrumb\",\"itemListElement\":[{\"@type\":\"ListItem\",\"position\":1,\"name\":\"Hjem\",\"item\":\"https:\\\/\\\/carbeat.dk\\\/de\\\/\"},{\"@type\":\"ListItem\",\"position\":2,\"name\":\"Shop\",\"item\":\"https:\\\/\\\/carbeat.dk\\\/shop\\\/\"},{\"@type\":\"ListItem\",\"position\":3,\"name\":\"Mercedes-Benz 230ce\"}]},{\"@type\":\"WebSite\",\"@id\":\"https:\\\/\\\/carbeat.dk\\\/de\\\/#website\",\"url\":\"https:\\\/\\\/carbeat.dk\\\/de\\\/\",\"name\":\"CarBeat\",\"description\":\"Chasing Cars\",\"publisher\":{\"@id\":\"https:\\\/\\\/carbeat.dk\\\/de\\\/#organization\"},\"potentialAction\":[{\"@type\":\"SearchAction\",\"target\":{\"@type\":\"EntryPoint\",\"urlTemplate\":\"https:\\\/\\\/carbeat.dk\\\/de\\\/?s={search_term_string}\"},\"query-input\":{\"@type\":\"PropertyValueSpecification\",\"valueRequired\":true,\"valueName\":\"search_term_string\"}}],\"inLanguage\":\"de\"},{\"@type\":\"Organization\",\"@id\":\"https:\\\/\\\/carbeat.dk\\\/de\\\/#organization\",\"name\":\"CarBeat Chasing Cars\",\"url\":\"https:\\\/\\\/carbeat.dk\\\/de\\\/\",\"logo\":{\"@type\":\"ImageObject\",\"inLanguage\":\"de\",\"@id\":\"https:\\\/\\\/carbeat.dk\\\/de\\\/#\\\/schema\\\/logo\\\/image\\\/\",\"url\":\"https:\\\/\\\/carbeat.dk\\\/wp-content\\\/uploads\\\/2023\\\/08\\\/CarBeat-Chasing-Cars-lille-2560x1560-1-1_clipped_rev_1.png\",\"contentUrl\":\"https:\\\/\\\/carbeat.dk\\\/wp-content\\\/uploads\\\/2023\\\/08\\\/CarBeat-Chasing-Cars-lille-2560x1560-1-1_clipped_rev_1.png\",\"width\":2560,\"height\":1560,\"caption\":\"CarBeat Chasing Cars\"},\"image\":{\"@id\":\"https:\\\/\\\/carbeat.dk\\\/de\\\/#\\\/schema\\\/logo\\\/image\\\/\"},\"sameAs\":[\"https:\\\/\\\/www.facebook.com\\\/CarBeatDK\\\/\",\"https:\\\/\\\/www.instagram.com\\\/carbeatdk\\\/\",\"https:\\\/\\\/www.linkedin.com\\\/company\\\/carbeat\\\/\"]}]}<\/script>\n<!-- \/ Yoast SEO plugin. -->","yoast_head_json":{"title":"der Autoauktion jetzt bei - CarBeat","description":"Mercedes-Benz 230CE auf der Autoauktion von CarBeat. Hier k\u00f6nnen Sie Ihr Spezialfahrzeug anbieten und verkaufen. D\u00e4nemarks beste Auktionsplattform f\u00fcr Spezialfahrzeuge usw.","robots":{"index":"index","follow":"follow","max-snippet":"max-snippet:-1","max-image-preview":"max-image-preview:large","max-video-preview":"max-video-preview:-1"},"canonical":"https:\/\/carbeat.dk\/de\/produkt\/mercedes-benz-230ce-kopier\/","og_locale":"de_DE","og_type":"article","og_title":"der Autoauktion jetzt bei - CarBeat","og_description":"Mercedes-Benz 230CE auf der Autoauktion von CarBeat. Hier k\u00f6nnen Sie Ihr Spezialfahrzeug anbieten und verkaufen. D\u00e4nemarks beste Auktionsplattform f\u00fcr Spezialfahrzeuge usw.","og_url":"https:\/\/carbeat.dk\/de\/produkt\/mercedes-benz-230ce-kopier\/","og_site_name":"CarBeat","article_publisher":"https:\/\/www.facebook.com\/CarBeatDK\/","article_modified_time":"2024-03-29T19:50:40+00:00","og_image":[{"width":960,"height":720,"url":"https:\/\/carbeat.dk\/wp-content\/uploads\/2023\/11\/Mercedes-230ce-w124368129892_9896937040378341_7642382368827676991_n.jpg","type":"image\/jpeg"}],"twitter_card":"summary_large_image","twitter_misc":{"Gesch\u00e4tzte Lesezeit":"2\u00a0Minuten"},"schema":{"@context":"https:\/\/schema.org","@graph":[{"@type":"WebPage","@id":"https:\/\/carbeat.dk\/de\/produkt\/mercedes-benz-230ce-kopier\/","url":"https:\/\/carbeat.dk\/de\/produkt\/mercedes-benz-230ce-kopier\/","name":"der Autoauktion jetzt bei - CarBeat","isPartOf":{"@id":"https:\/\/carbeat.dk\/de\/#website"},"primaryImageOfPage":{"@id":"https:\/\/carbeat.dk\/de\/produkt\/mercedes-benz-230ce-kopier\/#primaryimage"},"image":{"@id":"https:\/\/carbeat.dk\/de\/produkt\/mercedes-benz-230ce-kopier\/#primaryimage"},"thumbnailUrl":"https:\/\/carbeat.dk\/wp-content\/uploads\/2023\/11\/Mercedes-230ce-w124368129892_9896937040378341_7642382368827676991_n.jpg","datePublished":"2024-03-29T19:47:05+00:00","dateModified":"2024-03-29T19:50:40+00:00","description":"Mercedes-Benz 230CE auf der Autoauktion von CarBeat. Hier k\u00f6nnen Sie Ihr Spezialfahrzeug anbieten und verkaufen. D\u00e4nemarks beste Auktionsplattform f\u00fcr Spezialfahrzeuge usw.","breadcrumb":{"@id":"https:\/\/carbeat.dk\/de\/produkt\/mercedes-benz-230ce-kopier\/#breadcrumb"},"inLanguage":"de","potentialAction":[{"@type":"ReadAction","target":["https:\/\/carbeat.dk\/de\/produkt\/mercedes-benz-230ce-kopier\/"]}]},{"@type":"ImageObject","inLanguage":"de","@id":"https:\/\/carbeat.dk\/de\/produkt\/mercedes-benz-230ce-kopier\/#primaryimage","url":"https:\/\/carbeat.dk\/wp-content\/uploads\/2023\/11\/Mercedes-230ce-w124368129892_9896937040378341_7642382368827676991_n.jpg","contentUrl":"https:\/\/carbeat.dk\/wp-content\/uploads\/2023\/11\/Mercedes-230ce-w124368129892_9896937040378341_7642382368827676991_n.jpg","width":960,"height":720,"caption":"Steckbrief Mercedes-Benz 230CE W124"},{"@type":"BreadcrumbList","@id":"https:\/\/carbeat.dk\/de\/produkt\/mercedes-benz-230ce-kopier\/#breadcrumb","itemListElement":[{"@type":"ListItem","position":1,"name":"Hjem","item":"https:\/\/carbeat.dk\/de\/"},{"@type":"ListItem","position":2,"name":"Shop","item":"https:\/\/carbeat.dk\/shop\/"},{"@type":"ListItem","position":3,"name":"Mercedes-Benz 230ce"}]},{"@type":"WebSite","@id":"https:\/\/carbeat.dk\/de\/#website","url":"https:\/\/carbeat.dk\/de\/","name":"CarBeat","description":"Chasing Cars","publisher":{"@id":"https:\/\/carbeat.dk\/de\/#organization"},"potentialAction":[{"@type":"SearchAction","target":{"@type":"EntryPoint","urlTemplate":"https:\/\/carbeat.dk\/de\/?s={search_term_string}"},"query-input":{"@type":"PropertyValueSpecification","valueRequired":true,"valueName":"search_term_string"}}],"inLanguage":"de"},{"@type":"Organization","@id":"https:\/\/carbeat.dk\/de\/#organization","name":"CarBeat Chasing Cars","url":"https:\/\/carbeat.dk\/de\/","logo":{"@type":"ImageObject","inLanguage":"de","@id":"https:\/\/carbeat.dk\/de\/#\/schema\/logo\/image\/","url":"https:\/\/carbeat.dk\/wp-content\/uploads\/2023\/08\/CarBeat-Chasing-Cars-lille-2560x1560-1-1_clipped_rev_1.png","contentUrl":"https:\/\/carbeat.dk\/wp-content\/uploads\/2023\/08\/CarBeat-Chasing-Cars-lille-2560x1560-1-1_clipped_rev_1.png","width":2560,"height":1560,"caption":"CarBeat Chasing Cars"},"image":{"@id":"https:\/\/carbeat.dk\/de\/#\/schema\/logo\/image\/"},"sameAs":["https:\/\/www.facebook.com\/CarBeatDK\/","https:\/\/www.instagram.com\/carbeatdk\/","https:\/\/www.linkedin.com\/company\/carbeat\/"]}]}},"_links":{"self":[{"href":"https:\/\/carbeat.dk\/de\/wp-json\/wp\/v2\/product\/13147","targetHints":{"allow":["GET"]}}],"collection":[{"href":"https:\/\/carbeat.dk\/de\/wp-json\/wp\/v2\/product"}],"about":[{"href":"https:\/\/carbeat.dk\/de\/wp-json\/wp\/v2\/types\/product"}],"replies":[{"embeddable":true,"href":"https:\/\/carbeat.dk\/de\/wp-json\/wp\/v2\/comments?post=13147"}],"version-history":[{"count":2,"href":"https:\/\/carbeat.dk\/de\/wp-json\/wp\/v2\/product\/13147\/revisions"}],"predecessor-version":[{"id":13156,"href":"https:\/\/carbeat.dk\/de\/wp-json\/wp\/v2\/product\/13147\/revisions\/13156"}],"wp:featuredmedia":[{"embeddable":true,"href":"https:\/\/carbeat.dk\/de\/wp-json\/wp\/v2\/media\/10274"}],"wp:attachment":[{"href":"https:\/\/carbeat.dk\/de\/wp-json\/wp\/v2\/media?parent=13147"}],"wp:term":[{"taxonomy":"product_brand","embeddable":true,"href":"https:\/\/carbeat.dk\/de\/wp-json\/wp\/v2\/product_brand?post=13147"},{"taxonomy":"product_cat","embeddable":true,"href":"https:\/\/carbeat.dk\/de\/wp-json\/wp\/v2\/product_cat?post=13147"},{"taxonomy":"product_tag","embeddable":true,"href":"https:\/\/carbeat.dk\/de\/wp-json\/wp\/v2\/product_tag?post=13147"}],"curies":[{"name":"wp","href":"https:\/\/api.w.org\/{rel}","templated":true}]}}