{"id":13012,"date":"2024-03-26T11:30:22","date_gmt":"2024-03-26T10:30:22","guid":{"rendered":"https:\/\/carbeat.dk\/?post_type=product&#038;p=13012"},"modified":"2024-03-26T11:33:40","modified_gmt":"2024-03-26T10:33:40","slug":"dodge-ram-1500-slt-club-cab-4x4-kopier","status":"publish","type":"product","link":"https:\/\/carbeat.dk\/de\/produkt\/dodge-ram-1500-slt-club-cab-4x4-kopier\/","title":{"rendered":"Dodge Ram 1500 SLT Club Cab 4X4"},"content":{"rendered":"<div dir=\"auto\">Der Dodge Ram 1500 SLT Club Cab 4X4 ist ein Pickup-Truck mit Allradantrieb.<br \/>\nGute niedrige Kfz-Steuer, nur ca. 4600,- DKK. pro Jahr.<\/div>\n<div dir=\"auto\"><\/div>\n<div dir=\"auto\">Ein kr\u00e4ftiger 5,9-Liter-V8-Benzinmotor mit einem neu \u00fcberarbeiteten Automatikgetriebe mit Overdrive und Tempomat.<br \/>\nServolenkung und Bremskraftverst\u00e4rker. Funktionierende Klimaanlage, 6-fach elektrisch verstellbarer Sitz, elektrische Fensterheber und Zentralverriegelung.<\/div>\n<div dir=\"auto\"><\/div>\n<div dir=\"auto\">Edelstahl Texas Pickup-Truck, dass l\u00e4uft gut. Bluetooth-Stereoanlage und ein neuerer Generator.<\/div>\n<div dir=\"auto\">Gutes Alltagsauto mit vern\u00fcnftiger Lackierung &#8211; allerdings mit ein paar Bilka-Dellen an diesem gut gepflegten Pickup. Es kommt mit neuen Fahrersitzbezug zu montieren.<\/div>\n<div dir=\"auto\">Kann bis zu 3,5 Tonnen am Zughaken aufnehmen.<\/div>\n<div dir=\"auto\">Hat ein zu \u00f6ffnendes Heckfenster.<\/div>\n<div dir=\"auto\">Dieser Pickup wurde am 18.11.2021 vom Zoll kontrolliert und abgefertigt.<br \/>\nDie Zulassungsgeb\u00fchr wurde nicht bezahlt, so dass der T\u00dcV und die Zollinspektion nach einem Monat abgelaufen sind und erneut durchgef\u00fchrt werden m\u00fcssen.<br \/>\nDas sollte kein Problem sein, denn die Datenerkl\u00e4rung wurde abgegeben und liegt dem Fahrzeug bei.<br \/>\nDie Zoll- und Einfuhrumsatzsteuer ist im Verkaufspreis enthalten, der Preis versteht sich ohne T\u00dcV und ohne Zulassungssteuer.<\/div>\n<div dir=\"auto\"><\/div>\n<h3 dir=\"auto\">Was ist ein 1997 Dodge Ram 1500 SLT Club Cab 4X4?<\/h3>\n<p>Er ist eine gro\u00dfartige Kombination aus St\u00e4rke, Stil und Vielseitigkeit, die seinen Platz als zeitlose Pickup-Ikone festigt. Mit seiner robusten Bauweise und dem beeindruckenden Allradantrieb ist dieses Auto wie geschaffen, um jede Stra\u00dfe zu erobern und schwieriges Gel\u00e4nde zu bew\u00e4ltigen.<\/p>\n<p>Die erweiterte Club Cab-Konfiguration bietet nicht nur viel Platz, sondern auch Flexibilit\u00e4t durch zus\u00e4tzliche Sitzpl\u00e4tze hinter den Vordersitzen. Das macht diesen Dodge Ram zur perfekten Wahl f\u00fcr alle, die den Komfort eines Pkw w\u00fcnschen, ohne auf Ladekapazit\u00e4t zu verzichten.<\/p>\n<p>Der Allradantrieb verleiht dem Fahrzeug eine zus\u00e4tzliche Dimension an Zuverl\u00e4ssigkeit und Leistung, die es ihm erm\u00f6glicht, alles zu bew\u00e4ltigen, von schwierigem Gel\u00e4nde bis hin zu verschneiten Stra\u00dfen. Egal, ob Sie auf der Stra\u00dfe oder in der freien Natur unterwegs sind, dieses fortschrittliche Traktionssystem sorgt daf\u00fcr, dass Sie immer Kontrolle und Traktion haben, wenn Sie sie brauchen.<\/p>\n<p>Unter der Motorhaube bietet ein 1500 SLT Club Cab beeindruckende Kraft und Leistung. Mit einer Auswahl an Motoren, einschlie\u00dflich starker V8-Optionen, ist dieser Pickup f\u00fcr den Transport schwerer Lasten und ein kraftvolles Fahrerlebnis ausgelegt. Er ist so konzipiert, dass er sowohl Arbeitsaufgaben als auch Wochenendausfl\u00fcge mit Leichtigkeit bew\u00e4ltigt.<\/p>\n<p>Der Innenraum ist eine Mischung aus Komfort und Technologie. Erstklassige Sitze und moderne Annehmlichkeiten machen das Fahren zu einem Vergn\u00fcgen, w\u00e4hrend intuitive Steuerungssysteme daf\u00fcr sorgen, dass Sie immer in Verbindung bleiben und die Kontrolle behalten. Dieser Pickup aus dem Jahr 1997 hat sich seinen authentischen Charme bewahrt und bietet gleichzeitig moderne Annehmlichkeiten.<\/p>\n<p>Der 1997 Dodge Ram 1500 SLT Club Cab 4X4 ist nicht nur ein Auto, er ist ein Lebensstil. Mit seinem beeindruckenden Aussehen, seiner starken Leistung und seiner vielseitigen Funktionalit\u00e4t ist dieser Pickup eine Investition in Zuverl\u00e4ssigkeit und Fahrspa\u00df. Egal, ob Sie auf der Suche nach Abenteuern sind oder einfach nur zur Arbeit fahren, dieser Dodge Ram ist immer einsatzbereit.<\/p>\n","protected":false},"excerpt":{"rendered":"<p>Der Dodge Ram 1500 SLT Club Cab 4X4 ist ein Pickup-Truck mit Allradantrieb. Gute niedrige Kfz-Steuer, nur ca. 4600,- DKK. pro Jahr. Ein kr\u00e4ftiger 5,9-Liter-V8-Benzinmotor mit einem neu \u00fcberarbeiteten Automatikgetriebe mit Overdrive und Tempomat. Servolenkung und Bremskraftverst\u00e4rker. Funktionierende Klimaanlage, 6-fach elektrisch verstellbarer Sitz, elektrische Fensterheber und Zentralverriegelung. Edelstahl Texas Pickup-Truck, dass l\u00e4uft gut. Bluetooth-Stereoanlage und [&hellip;]<\/p>\n","protected":false},"featured_media":10184,"comment_status":"open","ping_status":"closed","template":"","meta":[],"product_brand":[],"product_cat":[476,477,566],"product_tag":[549,845,1062,1063,1064,527],"class_list":{"0":"post-13012","1":"product","2":"type-product","3":"status-publish","4":"has-post-thumbnail","6":"car_models-dodge","7":"car_models-ram","8":"product_cat-autos","9":"product_cat-klassische-autos","10":"product_cat-tonabnehmer","11":"product_tag-amerikanisches-auto","12":"product_tag-dodge-ram-de","13":"product_tag-kleinlastwagen","14":"product_tag-shop","15":"product_tag-us-de","16":"product_tag-youngtimer-de","18":"first","19":"instock","20":"sold-individually","21":"shipping-taxable","22":"purchasable","23":"product-type-auction"},"acf":[],"yoast_head":"<!-- This site is optimized with the Yoast SEO plugin v27.4 - https:\/\/yoast.com\/product\/yoast-seo-wordpress\/ -->\n<title>Dodge Ram 1500 SLT Club Cab 4X4 - CarBeat<\/title>\n<meta name=\"description\" content=\"Dodge Ram 1500 SLT Club Cab 4X4 ist der praktische Pick-up mit Allradantrieb aus dem ehrw\u00fcrdigen Hause Dodge, der bei CarBeat Chasing Cars versteigert wird.\" \/>\n<meta name=\"robots\" content=\"index, follow, max-snippet:-1, max-image-preview:large, max-video-preview:-1\" \/>\n<link rel=\"canonical\" href=\"https:\/\/carbeat.dk\/de\/produkt\/dodge-ram-1500-slt-club-cab-4x4-kopier\/\" \/>\n<meta property=\"og:locale\" content=\"de_DE\" \/>\n<meta property=\"og:type\" content=\"article\" \/>\n<meta property=\"og:title\" content=\"Dodge Ram 1500 SLT Club Cab 4X4 - CarBeat\" \/>\n<meta property=\"og:description\" content=\"Dodge Ram 1500 SLT Club Cab 4X4 ist der praktische Pick-up mit Allradantrieb aus dem ehrw\u00fcrdigen Hause Dodge, der bei CarBeat Chasing Cars versteigert wird.\" \/>\n<meta property=\"og:url\" content=\"https:\/\/carbeat.dk\/de\/produkt\/dodge-ram-1500-slt-club-cab-4x4-kopier\/\" \/>\n<meta property=\"og:site_name\" content=\"CarBeat\" \/>\n<meta property=\"article:publisher\" content=\"https:\/\/www.facebook.com\/CarBeatDK\/\" \/>\n<meta property=\"article:modified_time\" content=\"2024-03-26T10:33:40+00:00\" \/>\n<meta property=\"og:image\" content=\"https:\/\/carbeat.dk\/wp-content\/uploads\/2023\/11\/288862055_10221474933884999_9071222766807461971_n.jpg\" \/>\n\t<meta property=\"og:image:width\" content=\"2048\" \/>\n\t<meta property=\"og:image:height\" content=\"1536\" \/>\n\t<meta property=\"og:image:type\" content=\"image\/jpeg\" \/>\n<meta name=\"twitter:card\" content=\"summary_large_image\" \/>\n<meta name=\"twitter:label1\" content=\"Gesch\u00e4tzte Lesezeit\" \/>\n\t<meta name=\"twitter:data1\" content=\"2\u00a0Minuten\" \/>\n<script type=\"application\/ld+json\" class=\"yoast-schema-graph\">{\"@context\":\"https:\\\/\\\/schema.org\",\"@graph\":[{\"@type\":\"WebPage\",\"@id\":\"https:\\\/\\\/carbeat.dk\\\/de\\\/produkt\\\/dodge-ram-1500-slt-club-cab-4x4-kopier\\\/\",\"url\":\"https:\\\/\\\/carbeat.dk\\\/de\\\/produkt\\\/dodge-ram-1500-slt-club-cab-4x4-kopier\\\/\",\"name\":\"Dodge Ram 1500 SLT Club Cab 4X4 - CarBeat\",\"isPartOf\":{\"@id\":\"https:\\\/\\\/carbeat.dk\\\/de\\\/#website\"},\"primaryImageOfPage\":{\"@id\":\"https:\\\/\\\/carbeat.dk\\\/de\\\/produkt\\\/dodge-ram-1500-slt-club-cab-4x4-kopier\\\/#primaryimage\"},\"image\":{\"@id\":\"https:\\\/\\\/carbeat.dk\\\/de\\\/produkt\\\/dodge-ram-1500-slt-club-cab-4x4-kopier\\\/#primaryimage\"},\"thumbnailUrl\":\"https:\\\/\\\/carbeat.dk\\\/wp-content\\\/uploads\\\/2023\\\/11\\\/288862055_10221474933884999_9071222766807461971_n.jpg\",\"datePublished\":\"2024-03-26T10:30:22+00:00\",\"dateModified\":\"2024-03-26T10:33:40+00:00\",\"description\":\"Dodge Ram 1500 SLT Club Cab 4X4 ist der praktische Pick-up mit Allradantrieb aus dem ehrw\u00fcrdigen Hause Dodge, der bei CarBeat Chasing Cars versteigert wird.\",\"breadcrumb\":{\"@id\":\"https:\\\/\\\/carbeat.dk\\\/de\\\/produkt\\\/dodge-ram-1500-slt-club-cab-4x4-kopier\\\/#breadcrumb\"},\"inLanguage\":\"de\",\"potentialAction\":[{\"@type\":\"ReadAction\",\"target\":[\"https:\\\/\\\/carbeat.dk\\\/de\\\/produkt\\\/dodge-ram-1500-slt-club-cab-4x4-kopier\\\/\"]}]},{\"@type\":\"ImageObject\",\"inLanguage\":\"de\",\"@id\":\"https:\\\/\\\/carbeat.dk\\\/de\\\/produkt\\\/dodge-ram-1500-slt-club-cab-4x4-kopier\\\/#primaryimage\",\"url\":\"https:\\\/\\\/carbeat.dk\\\/wp-content\\\/uploads\\\/2023\\\/11\\\/288862055_10221474933884999_9071222766807461971_n.jpg\",\"contentUrl\":\"https:\\\/\\\/carbeat.dk\\\/wp-content\\\/uploads\\\/2023\\\/11\\\/288862055_10221474933884999_9071222766807461971_n.jpg\",\"width\":2048,\"height\":1536,\"caption\":\"CarBeat Chasing Cars Autoauktion besondere Autos Dodge Ram 1500 SLT Club Cab 4X4 Profil CarBeat nicht nur eine weitere Auktion\"},{\"@type\":\"BreadcrumbList\",\"@id\":\"https:\\\/\\\/carbeat.dk\\\/de\\\/produkt\\\/dodge-ram-1500-slt-club-cab-4x4-kopier\\\/#breadcrumb\",\"itemListElement\":[{\"@type\":\"ListItem\",\"position\":1,\"name\":\"Hjem\",\"item\":\"https:\\\/\\\/carbeat.dk\\\/de\\\/\"},{\"@type\":\"ListItem\",\"position\":2,\"name\":\"Shop\",\"item\":\"https:\\\/\\\/carbeat.dk\\\/shop\\\/\"},{\"@type\":\"ListItem\",\"position\":3,\"name\":\"Dodge Ram 1500 SLT Club Cab 4X4\"}]},{\"@type\":\"WebSite\",\"@id\":\"https:\\\/\\\/carbeat.dk\\\/de\\\/#website\",\"url\":\"https:\\\/\\\/carbeat.dk\\\/de\\\/\",\"name\":\"CarBeat\",\"description\":\"Chasing Cars\",\"publisher\":{\"@id\":\"https:\\\/\\\/carbeat.dk\\\/de\\\/#organization\"},\"potentialAction\":[{\"@type\":\"SearchAction\",\"target\":{\"@type\":\"EntryPoint\",\"urlTemplate\":\"https:\\\/\\\/carbeat.dk\\\/de\\\/?s={search_term_string}\"},\"query-input\":{\"@type\":\"PropertyValueSpecification\",\"valueRequired\":true,\"valueName\":\"search_term_string\"}}],\"inLanguage\":\"de\"},{\"@type\":\"Organization\",\"@id\":\"https:\\\/\\\/carbeat.dk\\\/de\\\/#organization\",\"name\":\"CarBeat Chasing Cars\",\"url\":\"https:\\\/\\\/carbeat.dk\\\/de\\\/\",\"logo\":{\"@type\":\"ImageObject\",\"inLanguage\":\"de\",\"@id\":\"https:\\\/\\\/carbeat.dk\\\/de\\\/#\\\/schema\\\/logo\\\/image\\\/\",\"url\":\"https:\\\/\\\/carbeat.dk\\\/wp-content\\\/uploads\\\/2023\\\/08\\\/CarBeat-Chasing-Cars-lille-2560x1560-1-1_clipped_rev_1.png\",\"contentUrl\":\"https:\\\/\\\/carbeat.dk\\\/wp-content\\\/uploads\\\/2023\\\/08\\\/CarBeat-Chasing-Cars-lille-2560x1560-1-1_clipped_rev_1.png\",\"width\":2560,\"height\":1560,\"caption\":\"CarBeat Chasing Cars\"},\"image\":{\"@id\":\"https:\\\/\\\/carbeat.dk\\\/de\\\/#\\\/schema\\\/logo\\\/image\\\/\"},\"sameAs\":[\"https:\\\/\\\/www.facebook.com\\\/CarBeatDK\\\/\",\"https:\\\/\\\/www.instagram.com\\\/carbeatdk\\\/\",\"https:\\\/\\\/www.linkedin.com\\\/company\\\/carbeat\\\/\"]}]}<\/script>\n<!-- \/ Yoast SEO plugin. -->","yoast_head_json":{"title":"Dodge Ram 1500 SLT Club Cab 4X4 - CarBeat","description":"Dodge Ram 1500 SLT Club Cab 4X4 ist der praktische Pick-up mit Allradantrieb aus dem ehrw\u00fcrdigen Hause Dodge, der bei CarBeat Chasing Cars versteigert wird.","robots":{"index":"index","follow":"follow","max-snippet":"max-snippet:-1","max-image-preview":"max-image-preview:large","max-video-preview":"max-video-preview:-1"},"canonical":"https:\/\/carbeat.dk\/de\/produkt\/dodge-ram-1500-slt-club-cab-4x4-kopier\/","og_locale":"de_DE","og_type":"article","og_title":"Dodge Ram 1500 SLT Club Cab 4X4 - CarBeat","og_description":"Dodge Ram 1500 SLT Club Cab 4X4 ist der praktische Pick-up mit Allradantrieb aus dem ehrw\u00fcrdigen Hause Dodge, der bei CarBeat Chasing Cars versteigert wird.","og_url":"https:\/\/carbeat.dk\/de\/produkt\/dodge-ram-1500-slt-club-cab-4x4-kopier\/","og_site_name":"CarBeat","article_publisher":"https:\/\/www.facebook.com\/CarBeatDK\/","article_modified_time":"2024-03-26T10:33:40+00:00","og_image":[{"width":2048,"height":1536,"url":"https:\/\/carbeat.dk\/wp-content\/uploads\/2023\/11\/288862055_10221474933884999_9071222766807461971_n.jpg","type":"image\/jpeg"}],"twitter_card":"summary_large_image","twitter_misc":{"Gesch\u00e4tzte Lesezeit":"2\u00a0Minuten"},"schema":{"@context":"https:\/\/schema.org","@graph":[{"@type":"WebPage","@id":"https:\/\/carbeat.dk\/de\/produkt\/dodge-ram-1500-slt-club-cab-4x4-kopier\/","url":"https:\/\/carbeat.dk\/de\/produkt\/dodge-ram-1500-slt-club-cab-4x4-kopier\/","name":"Dodge Ram 1500 SLT Club Cab 4X4 - CarBeat","isPartOf":{"@id":"https:\/\/carbeat.dk\/de\/#website"},"primaryImageOfPage":{"@id":"https:\/\/carbeat.dk\/de\/produkt\/dodge-ram-1500-slt-club-cab-4x4-kopier\/#primaryimage"},"image":{"@id":"https:\/\/carbeat.dk\/de\/produkt\/dodge-ram-1500-slt-club-cab-4x4-kopier\/#primaryimage"},"thumbnailUrl":"https:\/\/carbeat.dk\/wp-content\/uploads\/2023\/11\/288862055_10221474933884999_9071222766807461971_n.jpg","datePublished":"2024-03-26T10:30:22+00:00","dateModified":"2024-03-26T10:33:40+00:00","description":"Dodge Ram 1500 SLT Club Cab 4X4 ist der praktische Pick-up mit Allradantrieb aus dem ehrw\u00fcrdigen Hause Dodge, der bei CarBeat Chasing Cars versteigert wird.","breadcrumb":{"@id":"https:\/\/carbeat.dk\/de\/produkt\/dodge-ram-1500-slt-club-cab-4x4-kopier\/#breadcrumb"},"inLanguage":"de","potentialAction":[{"@type":"ReadAction","target":["https:\/\/carbeat.dk\/de\/produkt\/dodge-ram-1500-slt-club-cab-4x4-kopier\/"]}]},{"@type":"ImageObject","inLanguage":"de","@id":"https:\/\/carbeat.dk\/de\/produkt\/dodge-ram-1500-slt-club-cab-4x4-kopier\/#primaryimage","url":"https:\/\/carbeat.dk\/wp-content\/uploads\/2023\/11\/288862055_10221474933884999_9071222766807461971_n.jpg","contentUrl":"https:\/\/carbeat.dk\/wp-content\/uploads\/2023\/11\/288862055_10221474933884999_9071222766807461971_n.jpg","width":2048,"height":1536,"caption":"CarBeat Chasing Cars Autoauktion besondere Autos Dodge Ram 1500 SLT Club Cab 4X4 Profil CarBeat nicht nur eine weitere Auktion"},{"@type":"BreadcrumbList","@id":"https:\/\/carbeat.dk\/de\/produkt\/dodge-ram-1500-slt-club-cab-4x4-kopier\/#breadcrumb","itemListElement":[{"@type":"ListItem","position":1,"name":"Hjem","item":"https:\/\/carbeat.dk\/de\/"},{"@type":"ListItem","position":2,"name":"Shop","item":"https:\/\/carbeat.dk\/shop\/"},{"@type":"ListItem","position":3,"name":"Dodge Ram 1500 SLT Club Cab 4X4"}]},{"@type":"WebSite","@id":"https:\/\/carbeat.dk\/de\/#website","url":"https:\/\/carbeat.dk\/de\/","name":"CarBeat","description":"Chasing Cars","publisher":{"@id":"https:\/\/carbeat.dk\/de\/#organization"},"potentialAction":[{"@type":"SearchAction","target":{"@type":"EntryPoint","urlTemplate":"https:\/\/carbeat.dk\/de\/?s={search_term_string}"},"query-input":{"@type":"PropertyValueSpecification","valueRequired":true,"valueName":"search_term_string"}}],"inLanguage":"de"},{"@type":"Organization","@id":"https:\/\/carbeat.dk\/de\/#organization","name":"CarBeat Chasing Cars","url":"https:\/\/carbeat.dk\/de\/","logo":{"@type":"ImageObject","inLanguage":"de","@id":"https:\/\/carbeat.dk\/de\/#\/schema\/logo\/image\/","url":"https:\/\/carbeat.dk\/wp-content\/uploads\/2023\/08\/CarBeat-Chasing-Cars-lille-2560x1560-1-1_clipped_rev_1.png","contentUrl":"https:\/\/carbeat.dk\/wp-content\/uploads\/2023\/08\/CarBeat-Chasing-Cars-lille-2560x1560-1-1_clipped_rev_1.png","width":2560,"height":1560,"caption":"CarBeat Chasing Cars"},"image":{"@id":"https:\/\/carbeat.dk\/de\/#\/schema\/logo\/image\/"},"sameAs":["https:\/\/www.facebook.com\/CarBeatDK\/","https:\/\/www.instagram.com\/carbeatdk\/","https:\/\/www.linkedin.com\/company\/carbeat\/"]}]}},"_links":{"self":[{"href":"https:\/\/carbeat.dk\/de\/wp-json\/wp\/v2\/product\/13012","targetHints":{"allow":["GET"]}}],"collection":[{"href":"https:\/\/carbeat.dk\/de\/wp-json\/wp\/v2\/product"}],"about":[{"href":"https:\/\/carbeat.dk\/de\/wp-json\/wp\/v2\/types\/product"}],"replies":[{"embeddable":true,"href":"https:\/\/carbeat.dk\/de\/wp-json\/wp\/v2\/comments?post=13012"}],"version-history":[{"count":2,"href":"https:\/\/carbeat.dk\/de\/wp-json\/wp\/v2\/product\/13012\/revisions"}],"predecessor-version":[{"id":13018,"href":"https:\/\/carbeat.dk\/de\/wp-json\/wp\/v2\/product\/13012\/revisions\/13018"}],"wp:featuredmedia":[{"embeddable":true,"href":"https:\/\/carbeat.dk\/de\/wp-json\/wp\/v2\/media\/10184"}],"wp:attachment":[{"href":"https:\/\/carbeat.dk\/de\/wp-json\/wp\/v2\/media?parent=13012"}],"wp:term":[{"taxonomy":"product_brand","embeddable":true,"href":"https:\/\/carbeat.dk\/de\/wp-json\/wp\/v2\/product_brand?post=13012"},{"taxonomy":"product_cat","embeddable":true,"href":"https:\/\/carbeat.dk\/de\/wp-json\/wp\/v2\/product_cat?post=13012"},{"taxonomy":"product_tag","embeddable":true,"href":"https:\/\/carbeat.dk\/de\/wp-json\/wp\/v2\/product_tag?post=13012"}],"curies":[{"name":"wp","href":"https:\/\/api.w.org\/{rel}","templated":true}]}}