{"id":12993,"date":"2024-03-19T21:36:05","date_gmt":"2024-03-19T20:36:05","guid":{"rendered":"https:\/\/carbeat.dk\/product\/opel-kadett-2-0-gsi-sprint-2\/"},"modified":"2024-03-19T21:36:05","modified_gmt":"2024-03-19T20:36:05","slug":"opel-kadett-2-0-gsi-sprint-2","status":"publish","type":"product","link":"https:\/\/carbeat.dk\/de\/produkt\/opel-kadett-2-0-gsi-sprint-2\/","title":{"rendered":"Opel Kadett 2.0 GSi Sprint"},"content":{"rendered":"<div class=\"page\" title=\"Seite 1\">\n<div class=\"layoutArea\">\n<div class=\"column\">\n<p>Vollst\u00e4ndig originaler Opel Kadett 2.0 GSi Sprint. Steht in super gutem Zustand, sch\u00f6ne Farbe, sch\u00f6ne Kabine und gute Sitze mit wenig sichtbaren Verschlei\u00df.<\/p>\n<p>Dieses Auto hat seit 30 Jahren denselben Besitzer und wurde gut gepflegt, was man deutlich sehen kann. Auch der geringe Kilometerstand des Wagens zeugt davon, dass das Auto aus Spa\u00df an der Freude genutzt wurde.<br \/>\nDas Auto hat keinen Rost, da es bis 2018 in Spanien gefahren und dann nach D\u00e4nemark importiert wurde.<\/p>\n<p>Der Opel Kadett 2.0 GSi Sprint ist eine sportliche Version der beliebten Opel Kadett Baureihe und wurde 1989 produziert. Dieses Auto hat eine Reihe von beeindruckenden Spezifikationen und Eigenschaften:<\/p>\n<p>Bei dem Motor handelt es sich um einen 2,0-Liter-Vierzylindermotor mit 16 Ventilen, der 129 PS und ein hohes Drehmoment liefert. Dieser leistungsstarke Motor erm\u00f6glicht es dem Auto, schnell zu beschleunigen und eine f\u00fcr damalige Verh\u00e4ltnisse beeindruckende Leistung auf der Stra\u00dfe zu erbringen.<\/p>\n<p>Das Getriebe war entweder ein F\u00fcnfgang-Schaltgetriebe oder ein optionales Viergang-Automatikgetriebe, so dass der Fahrer die Wahl hatte, wie er fahren wollte.<\/p>\n<p>Das Auto hat eine Sportaufh\u00e4ngung und ein Sportfahrwerk, um Fahrverhalten und Handling zu verbessern. Der sportliche Charakter spiegelt sich auch im Design des Fahrzeugs mit einzigartigen Details wie dem Spoiler und den sportlichen Felgen wider.<\/p>\n<p>Der Innenraum ist ergonomisch und komfortabel gestaltet, mit Sportsitzen und einem sportlichen Lenkrad. Ausstattungen wie elektrische Fensterheber und Zentralverriegelung geh\u00f6ren ebenfalls zur Serienausstattung.<\/p>\n<p>Dank seiner Kombination aus kraftvollem Motor, sportlicher Ausstattung und stilvollem Design wurde er unter Enthusiasten schnell beliebt und nahm einen besonderen Platz in der Automobilgeschichte ein.<\/p>\n<p>Das Auto wird von einem H\u00e4ndler verkauft, so dass Sie die Kennzeichen anbringen und noch am selben Tag nach Hause fahren k\u00f6nnen.<\/p>\n<\/div>\n<\/div>\n<\/div>\n<p>&nbsp;<\/p>\n<h3>Was ist ein Kadett 2.0 GSi<\/h3>\n<div class=\"flex-1 overflow-hidden\">\n<div class=\"react-scroll-to-bottom--css-jrtlq-79elbk h-full\">\n<div class=\"react-scroll-to-bottom--css-jrtlq-1n7m0yu\">\n<div class=\"flex flex-col pb-9 text-sm\">\n<div class=\"w-full text-token-text-primary\" data-testid=\"conversation-turn-11\">\n<div class=\"px-4 py-2 justify-center text-base md:gap-6 md:py-6 m-auto\">\n<div class=\"flex flex-1 text-base mx-auto gap-3 md:px-5 lg:px-1 xl:px-5 md:max-w-3xl lg:max-w-[40rem] xl:max-w-[48rem] } group final-completion\">\n<div class=\"relative flex w-full flex-col lg:w-[calc(100%-115px)] agent-turn\">\n<div class=\"flex-col gap-1 md:gap-3\">\n<div class=\"flex flex-grow flex-col max-w-full\">\n<div class=\"min-h-[20px] text-message flex flex-col items-start gap-3 whitespace-pre-wrap break-words [.text-message+&amp;]:mt-5 overflow-x-auto\" data-message-author-role=\"assistant\" data-message-id=\"1cc70b52-8192-4cce-a027-f96c13754dc0\">\n<div class=\"markdown prose w-full break-words dark:prose-invert light\">\n<p>Der Opel Kadett 2.0 GSi Sprint wurde in den sp\u00e4ten 1980er Jahren eingef\u00fchrt und repr\u00e4sentiert eine Zeit in der Automobilgeschichte, in der kompakte und sportliche Autos an Popularit\u00e4t gewannen.<br \/>\nDieses Modell ist ein Beispiel f\u00fcr Opels Engagement, praktische Funktionalit\u00e4t mit sportlicher Leistung zu verbinden.<br \/>\nUnter der Motorhaube steckte ein leistungsstarker 2,0-Liter-Motor, der dem Kadett GSi Sprint eine beeindruckende Beschleunigung und ein gutes Ansprechverhalten verlieh. Die kompakte Schr\u00e4ghecklimousine wurde f\u00fcr ihr agiles Fahrverhalten und ihre von Sportwagen inspirierte Ausstattung ausgezeichnet.<br \/>\nDas Design des Kadett 2.0 GSi Sprint spiegelt seinen sportlichen Charakter mit aerodynamischen Linien und markanten Details wider. Der markante GSi&#8220;-Schriftzug und die dynamisch geschwungenen R\u00e4der tragen zur optischen Attraktivit\u00e4t des Fahrzeugs bei.<br \/>\nDer Innenraum verbindet Zweckm\u00e4\u00dfigkeit mit sportlichem Komfort. Der Kadett GSi Sprint bietet mit seinem konzentrierten Fahrumfeld und seiner modernen Ausstattung ein angenehmes Erlebnis f\u00fcr Fahrer und Passagiere.<br \/>\nDer Opel Kadett 2.0 GSi Sprint blieb ein beliebtes Auto im Segment der kompakten Sportwagen und erinnerte an eine \u00c4ra, in der Autoliebhaber die Dynamik und die Seele eines sportlichen Fahrerlebnisses in einem praktischen Paket genie\u00dfen konnten.<\/p>\n<\/div>\n<\/div>\n<\/div>\n<\/div>\n<\/div>\n<\/div>\n<\/div>\n<\/div>\n<\/div>\n<\/div>\n<\/div>\n<\/div>\n","protected":false},"excerpt":{"rendered":"<p>Vollst\u00e4ndig originaler Opel Kadett 2.0 GSi Sprint. Steht in super gutem Zustand, sch\u00f6ne Farbe, sch\u00f6ne Kabine und gute Sitze mit wenig sichtbaren Verschlei\u00df. Dieses Auto hat seit 30 Jahren denselben Besitzer und wurde gut gepflegt, was man deutlich sehen kann. Auch der geringe Kilometerstand des Wagens zeugt davon, dass das Auto aus Spa\u00df an der [&hellip;]<\/p>\n","protected":false},"featured_media":9964,"comment_status":"open","ping_status":"closed","template":"","meta":[],"product_brand":[],"product_cat":[476,477,492],"product_tag":[684,686,687,685,527],"class_list":{"0":"post-12993","1":"product","2":"type-product","3":"status-publish","4":"has-post-thumbnail","6":"car_models-kadett","7":"car_models-opel","8":"product_cat-autos","9":"product_cat-klassische-autos","10":"product_cat-youngtimer-de","11":"product_tag-80er-jahre-ikone","12":"product_tag-gsi-de","13":"product_tag-kadett-de","14":"product_tag-klassisch-de","15":"product_tag-youngtimer-de","17":"first","18":"instock","19":"sold-individually","20":"shipping-taxable","21":"purchasable","22":"product-type-auction"},"acf":[],"yoast_head":"<!-- This site is optimized with the Yoast SEO plugin v27.4 - https:\/\/yoast.com\/product\/yoast-seo-wordpress\/ -->\n<title>Opel Kadett 2.0 GSi Sprint - CarBeat<\/title>\n<meta name=\"description\" content=\"Der Opel Kadett 2.0 GSi Sprint steht jetzt bei CarBeat Chasing Cars zur Versteigerung an. Ihre An- und Verkaufsseite f\u00fcr Spezialfahrzeuge und Traumwagen\" \/>\n<meta name=\"robots\" content=\"index, follow, max-snippet:-1, max-image-preview:large, max-video-preview:-1\" \/>\n<link rel=\"canonical\" href=\"https:\/\/carbeat.dk\/de\/produkt\/opel-kadett-2-0-gsi-sprint-2\/\" \/>\n<meta property=\"og:locale\" content=\"de_DE\" \/>\n<meta property=\"og:type\" content=\"article\" \/>\n<meta property=\"og:title\" content=\"Opel Kadett 2.0 GSi Sprint - CarBeat\" \/>\n<meta property=\"og:description\" content=\"Der Opel Kadett 2.0 GSi Sprint steht jetzt bei CarBeat Chasing Cars zur Versteigerung an. Ihre An- und Verkaufsseite f\u00fcr Spezialfahrzeuge und Traumwagen\" \/>\n<meta property=\"og:url\" content=\"https:\/\/carbeat.dk\/de\/produkt\/opel-kadett-2-0-gsi-sprint-2\/\" \/>\n<meta property=\"og:site_name\" content=\"CarBeat\" \/>\n<meta property=\"article:publisher\" content=\"https:\/\/www.facebook.com\/CarBeatDK\/\" \/>\n<meta property=\"og:image\" content=\"https:\/\/carbeat.dk\/wp-content\/uploads\/2023\/10\/Opel-Kadett-2.0-GSi-Sprint_AW3f7ebd01-c151-45c2-9fb1-76b964bc5818.webp\" \/>\n\t<meta property=\"og:image:width\" content=\"1600\" \/>\n\t<meta property=\"og:image:height\" content=\"1066\" \/>\n\t<meta property=\"og:image:type\" content=\"image\/webp\" \/>\n<meta name=\"twitter:card\" content=\"summary_large_image\" \/>\n<meta name=\"twitter:label1\" content=\"Gesch\u00e4tzte Lesezeit\" \/>\n\t<meta name=\"twitter:data1\" content=\"2\u00a0Minuten\" \/>\n<script type=\"application\/ld+json\" class=\"yoast-schema-graph\">{\"@context\":\"https:\\\/\\\/schema.org\",\"@graph\":[{\"@type\":\"WebPage\",\"@id\":\"https:\\\/\\\/carbeat.dk\\\/de\\\/produkt\\\/opel-kadett-2-0-gsi-sprint-2\\\/\",\"url\":\"https:\\\/\\\/carbeat.dk\\\/de\\\/produkt\\\/opel-kadett-2-0-gsi-sprint-2\\\/\",\"name\":\"Opel Kadett 2.0 GSi Sprint - CarBeat\",\"isPartOf\":{\"@id\":\"https:\\\/\\\/carbeat.dk\\\/de\\\/#website\"},\"primaryImageOfPage\":{\"@id\":\"https:\\\/\\\/carbeat.dk\\\/de\\\/produkt\\\/opel-kadett-2-0-gsi-sprint-2\\\/#primaryimage\"},\"image\":{\"@id\":\"https:\\\/\\\/carbeat.dk\\\/de\\\/produkt\\\/opel-kadett-2-0-gsi-sprint-2\\\/#primaryimage\"},\"thumbnailUrl\":\"https:\\\/\\\/carbeat.dk\\\/wp-content\\\/uploads\\\/2023\\\/10\\\/Opel-Kadett-2.0-GSi-Sprint_AW3f7ebd01-c151-45c2-9fb1-76b964bc5818.webp\",\"datePublished\":\"2024-03-19T20:36:05+00:00\",\"description\":\"Der Opel Kadett 2.0 GSi Sprint steht jetzt bei CarBeat Chasing Cars zur Versteigerung an. Ihre An- und Verkaufsseite f\u00fcr Spezialfahrzeuge und Traumwagen\",\"breadcrumb\":{\"@id\":\"https:\\\/\\\/carbeat.dk\\\/de\\\/produkt\\\/opel-kadett-2-0-gsi-sprint-2\\\/#breadcrumb\"},\"inLanguage\":\"de\",\"potentialAction\":[{\"@type\":\"ReadAction\",\"target\":[\"https:\\\/\\\/carbeat.dk\\\/de\\\/produkt\\\/opel-kadett-2-0-gsi-sprint-2\\\/\"]}]},{\"@type\":\"ImageObject\",\"inLanguage\":\"de\",\"@id\":\"https:\\\/\\\/carbeat.dk\\\/de\\\/produkt\\\/opel-kadett-2-0-gsi-sprint-2\\\/#primaryimage\",\"url\":\"https:\\\/\\\/carbeat.dk\\\/wp-content\\\/uploads\\\/2023\\\/10\\\/Opel-Kadett-2.0-GSi-Sprint_AW3f7ebd01-c151-45c2-9fb1-76b964bc5818.webp\",\"contentUrl\":\"https:\\\/\\\/carbeat.dk\\\/wp-content\\\/uploads\\\/2023\\\/10\\\/Opel-Kadett-2.0-GSi-Sprint_AW3f7ebd01-c151-45c2-9fb1-76b964bc5818.webp\",\"width\":1600,\"height\":1066,\"caption\":\"Opel Kadett 2.0 GSi Sprint auf Autoauktion bei CarBeat Chasing Cars Profil CarBeat nicht nur eine weitere Auktion\"},{\"@type\":\"BreadcrumbList\",\"@id\":\"https:\\\/\\\/carbeat.dk\\\/de\\\/produkt\\\/opel-kadett-2-0-gsi-sprint-2\\\/#breadcrumb\",\"itemListElement\":[{\"@type\":\"ListItem\",\"position\":1,\"name\":\"Hjem\",\"item\":\"https:\\\/\\\/carbeat.dk\\\/de\\\/\"},{\"@type\":\"ListItem\",\"position\":2,\"name\":\"Shop\",\"item\":\"https:\\\/\\\/carbeat.dk\\\/shop\\\/\"},{\"@type\":\"ListItem\",\"position\":3,\"name\":\"Opel Kadett 2.0 GSi Sprint\"}]},{\"@type\":\"WebSite\",\"@id\":\"https:\\\/\\\/carbeat.dk\\\/de\\\/#website\",\"url\":\"https:\\\/\\\/carbeat.dk\\\/de\\\/\",\"name\":\"CarBeat\",\"description\":\"Chasing Cars\",\"publisher\":{\"@id\":\"https:\\\/\\\/carbeat.dk\\\/de\\\/#organization\"},\"potentialAction\":[{\"@type\":\"SearchAction\",\"target\":{\"@type\":\"EntryPoint\",\"urlTemplate\":\"https:\\\/\\\/carbeat.dk\\\/de\\\/?s={search_term_string}\"},\"query-input\":{\"@type\":\"PropertyValueSpecification\",\"valueRequired\":true,\"valueName\":\"search_term_string\"}}],\"inLanguage\":\"de\"},{\"@type\":\"Organization\",\"@id\":\"https:\\\/\\\/carbeat.dk\\\/de\\\/#organization\",\"name\":\"CarBeat Chasing Cars\",\"url\":\"https:\\\/\\\/carbeat.dk\\\/de\\\/\",\"logo\":{\"@type\":\"ImageObject\",\"inLanguage\":\"de\",\"@id\":\"https:\\\/\\\/carbeat.dk\\\/de\\\/#\\\/schema\\\/logo\\\/image\\\/\",\"url\":\"https:\\\/\\\/carbeat.dk\\\/wp-content\\\/uploads\\\/2023\\\/08\\\/CarBeat-Chasing-Cars-lille-2560x1560-1-1_clipped_rev_1.png\",\"contentUrl\":\"https:\\\/\\\/carbeat.dk\\\/wp-content\\\/uploads\\\/2023\\\/08\\\/CarBeat-Chasing-Cars-lille-2560x1560-1-1_clipped_rev_1.png\",\"width\":2560,\"height\":1560,\"caption\":\"CarBeat Chasing Cars\"},\"image\":{\"@id\":\"https:\\\/\\\/carbeat.dk\\\/de\\\/#\\\/schema\\\/logo\\\/image\\\/\"},\"sameAs\":[\"https:\\\/\\\/www.facebook.com\\\/CarBeatDK\\\/\",\"https:\\\/\\\/www.instagram.com\\\/carbeatdk\\\/\",\"https:\\\/\\\/www.linkedin.com\\\/company\\\/carbeat\\\/\"]}]}<\/script>\n<!-- \/ Yoast SEO plugin. -->","yoast_head_json":{"title":"Opel Kadett 2.0 GSi Sprint - CarBeat","description":"Der Opel Kadett 2.0 GSi Sprint steht jetzt bei CarBeat Chasing Cars zur Versteigerung an. Ihre An- und Verkaufsseite f\u00fcr Spezialfahrzeuge und Traumwagen","robots":{"index":"index","follow":"follow","max-snippet":"max-snippet:-1","max-image-preview":"max-image-preview:large","max-video-preview":"max-video-preview:-1"},"canonical":"https:\/\/carbeat.dk\/de\/produkt\/opel-kadett-2-0-gsi-sprint-2\/","og_locale":"de_DE","og_type":"article","og_title":"Opel Kadett 2.0 GSi Sprint - CarBeat","og_description":"Der Opel Kadett 2.0 GSi Sprint steht jetzt bei CarBeat Chasing Cars zur Versteigerung an. Ihre An- und Verkaufsseite f\u00fcr Spezialfahrzeuge und Traumwagen","og_url":"https:\/\/carbeat.dk\/de\/produkt\/opel-kadett-2-0-gsi-sprint-2\/","og_site_name":"CarBeat","article_publisher":"https:\/\/www.facebook.com\/CarBeatDK\/","og_image":[{"width":1600,"height":1066,"url":"https:\/\/carbeat.dk\/wp-content\/uploads\/2023\/10\/Opel-Kadett-2.0-GSi-Sprint_AW3f7ebd01-c151-45c2-9fb1-76b964bc5818.webp","type":"image\/webp"}],"twitter_card":"summary_large_image","twitter_misc":{"Gesch\u00e4tzte Lesezeit":"2\u00a0Minuten"},"schema":{"@context":"https:\/\/schema.org","@graph":[{"@type":"WebPage","@id":"https:\/\/carbeat.dk\/de\/produkt\/opel-kadett-2-0-gsi-sprint-2\/","url":"https:\/\/carbeat.dk\/de\/produkt\/opel-kadett-2-0-gsi-sprint-2\/","name":"Opel Kadett 2.0 GSi Sprint - CarBeat","isPartOf":{"@id":"https:\/\/carbeat.dk\/de\/#website"},"primaryImageOfPage":{"@id":"https:\/\/carbeat.dk\/de\/produkt\/opel-kadett-2-0-gsi-sprint-2\/#primaryimage"},"image":{"@id":"https:\/\/carbeat.dk\/de\/produkt\/opel-kadett-2-0-gsi-sprint-2\/#primaryimage"},"thumbnailUrl":"https:\/\/carbeat.dk\/wp-content\/uploads\/2023\/10\/Opel-Kadett-2.0-GSi-Sprint_AW3f7ebd01-c151-45c2-9fb1-76b964bc5818.webp","datePublished":"2024-03-19T20:36:05+00:00","description":"Der Opel Kadett 2.0 GSi Sprint steht jetzt bei CarBeat Chasing Cars zur Versteigerung an. Ihre An- und Verkaufsseite f\u00fcr Spezialfahrzeuge und Traumwagen","breadcrumb":{"@id":"https:\/\/carbeat.dk\/de\/produkt\/opel-kadett-2-0-gsi-sprint-2\/#breadcrumb"},"inLanguage":"de","potentialAction":[{"@type":"ReadAction","target":["https:\/\/carbeat.dk\/de\/produkt\/opel-kadett-2-0-gsi-sprint-2\/"]}]},{"@type":"ImageObject","inLanguage":"de","@id":"https:\/\/carbeat.dk\/de\/produkt\/opel-kadett-2-0-gsi-sprint-2\/#primaryimage","url":"https:\/\/carbeat.dk\/wp-content\/uploads\/2023\/10\/Opel-Kadett-2.0-GSi-Sprint_AW3f7ebd01-c151-45c2-9fb1-76b964bc5818.webp","contentUrl":"https:\/\/carbeat.dk\/wp-content\/uploads\/2023\/10\/Opel-Kadett-2.0-GSi-Sprint_AW3f7ebd01-c151-45c2-9fb1-76b964bc5818.webp","width":1600,"height":1066,"caption":"Opel Kadett 2.0 GSi Sprint auf Autoauktion bei CarBeat Chasing Cars Profil CarBeat nicht nur eine weitere Auktion"},{"@type":"BreadcrumbList","@id":"https:\/\/carbeat.dk\/de\/produkt\/opel-kadett-2-0-gsi-sprint-2\/#breadcrumb","itemListElement":[{"@type":"ListItem","position":1,"name":"Hjem","item":"https:\/\/carbeat.dk\/de\/"},{"@type":"ListItem","position":2,"name":"Shop","item":"https:\/\/carbeat.dk\/shop\/"},{"@type":"ListItem","position":3,"name":"Opel Kadett 2.0 GSi Sprint"}]},{"@type":"WebSite","@id":"https:\/\/carbeat.dk\/de\/#website","url":"https:\/\/carbeat.dk\/de\/","name":"CarBeat","description":"Chasing Cars","publisher":{"@id":"https:\/\/carbeat.dk\/de\/#organization"},"potentialAction":[{"@type":"SearchAction","target":{"@type":"EntryPoint","urlTemplate":"https:\/\/carbeat.dk\/de\/?s={search_term_string}"},"query-input":{"@type":"PropertyValueSpecification","valueRequired":true,"valueName":"search_term_string"}}],"inLanguage":"de"},{"@type":"Organization","@id":"https:\/\/carbeat.dk\/de\/#organization","name":"CarBeat Chasing Cars","url":"https:\/\/carbeat.dk\/de\/","logo":{"@type":"ImageObject","inLanguage":"de","@id":"https:\/\/carbeat.dk\/de\/#\/schema\/logo\/image\/","url":"https:\/\/carbeat.dk\/wp-content\/uploads\/2023\/08\/CarBeat-Chasing-Cars-lille-2560x1560-1-1_clipped_rev_1.png","contentUrl":"https:\/\/carbeat.dk\/wp-content\/uploads\/2023\/08\/CarBeat-Chasing-Cars-lille-2560x1560-1-1_clipped_rev_1.png","width":2560,"height":1560,"caption":"CarBeat Chasing Cars"},"image":{"@id":"https:\/\/carbeat.dk\/de\/#\/schema\/logo\/image\/"},"sameAs":["https:\/\/www.facebook.com\/CarBeatDK\/","https:\/\/www.instagram.com\/carbeatdk\/","https:\/\/www.linkedin.com\/company\/carbeat\/"]}]}},"_links":{"self":[{"href":"https:\/\/carbeat.dk\/de\/wp-json\/wp\/v2\/product\/12993","targetHints":{"allow":["GET"]}}],"collection":[{"href":"https:\/\/carbeat.dk\/de\/wp-json\/wp\/v2\/product"}],"about":[{"href":"https:\/\/carbeat.dk\/de\/wp-json\/wp\/v2\/types\/product"}],"replies":[{"embeddable":true,"href":"https:\/\/carbeat.dk\/de\/wp-json\/wp\/v2\/comments?post=12993"}],"version-history":[{"count":0,"href":"https:\/\/carbeat.dk\/de\/wp-json\/wp\/v2\/product\/12993\/revisions"}],"wp:featuredmedia":[{"embeddable":true,"href":"https:\/\/carbeat.dk\/de\/wp-json\/wp\/v2\/media\/9964"}],"wp:attachment":[{"href":"https:\/\/carbeat.dk\/de\/wp-json\/wp\/v2\/media?parent=12993"}],"wp:term":[{"taxonomy":"product_brand","embeddable":true,"href":"https:\/\/carbeat.dk\/de\/wp-json\/wp\/v2\/product_brand?post=12993"},{"taxonomy":"product_cat","embeddable":true,"href":"https:\/\/carbeat.dk\/de\/wp-json\/wp\/v2\/product_cat?post=12993"},{"taxonomy":"product_tag","embeddable":true,"href":"https:\/\/carbeat.dk\/de\/wp-json\/wp\/v2\/product_tag?post=12993"}],"curies":[{"name":"wp","href":"https:\/\/api.w.org\/{rel}","templated":true}]}}