{"id":12972,"date":"2024-03-20T07:37:44","date_gmt":"2024-03-20T06:37:44","guid":{"rendered":"https:\/\/carbeat.dk\/?post_type=product&#038;p=12972"},"modified":"2024-03-19T18:46:03","modified_gmt":"2024-03-19T17:46:03","slug":"land-rover-101-fc-kopier","status":"publish","type":"product","link":"https:\/\/carbeat.dk\/de\/produkt\/land-rover-101-fc-kopier\/","title":{"rendered":"Land Rover 101 FC"},"content":{"rendered":"<p>Dieser Land Rover 101 FC &#8211; 1977 ist einer der sp\u00e4ter produzierten. Das Automodell wurde von 1972 bis 1978 produziert. Die Entwicklung des Fahrzeugs begann jedoch bereits 1968. Der Wagen wurde f\u00fcr das britische Milit\u00e4r als &#8218;Gun Tractor&#8216; entwickelt, d.h. um ein Light Gun 118 von Position zu Position zu ziehen, sowie 1 Tonne Munition. Und das tat sie, und zwar auf fantastische Weise. Das Auto hat ein ph\u00e4nomenales Fahrverhalten, wenn es nicht auf der Stra\u00dfe ist. Felder, Panzerspuren und \u00c4cker sind seine bevorzugten Einsatzorte.<\/p>\n<h3>FC steht f\u00fcr<b> Forward Control<\/b>.<b><br \/>\n<\/b><\/h3>\n<p>Fast alle Fahrzeuge werden als &#8218;Rag Top&#8216;, d.h. mit einem Stoffverdeck, hergestellt. Einige wurden jedoch zu Krankenwagen usw. umgebaut und hatten daher ein Hardtop \u00fcber der Karosserie. Der Land Rover 101 FC, wie er hier zu sehen ist, wird als GS (General Service) bezeichnet.<\/p>\n<p>Insgesamt wurden 2669 Exemplare des Modells gebaut. Dieser Land Rover 101 FC &#8211; 1977 ist ein GS-Modell.<br \/>\nDavon sind 579 Krankenwagen, 21 V,a,m,m,p,i,r,e, etwa 2o Funkwagen und der Rest sind GS.<\/p>\n<p>Fast alle Fahrzeuge waren urspr\u00fcnglich GS-Fahrzeuge, die anderen Modelle sind umgebaute GS-Fahrzeuge, zus\u00e4tzlich zu den 4 genannten Typen gab es begrenzte Umbauten f\u00fcr spezielle Zwecke.<\/p>\n<ul>\n<li>Das Getriebe ist ein LT95 mit 4 G\u00e4ngen. Er verf\u00fcgt jedoch \u00fcber einen permanenten Allradantrieb und ein sperrbares Mitteldiff,<\/li>\n<li>hohe\/niedrige Achse<\/li>\n<li>Salisbury vorne und hinten<\/li>\n<li>Federung 2-lagig parabolisch vorne und hinten<\/li>\n<li>Radgr\u00f6\u00dfe, 6-Loch 900&#215;16<\/li>\n<li>L\u00e4nge, 4,1 m<\/li>\n<li>Breite 1,8 m<\/li>\n<li>H\u00f6he 2,1 Meter<\/li>\n<li>Wenderadius 11,3 m<\/li>\n<li>Eigengewicht 1924 kg, je nach Ausstattung<\/li>\n<li>Elektrische Systeme, 12 Volt und 24 Volt auf 60% der Produktion<\/li>\n<li>Elektrische Winden vorne und hinten,<\/li>\n<\/ul>\n<p>Das Auto ist Oldtimer-gepr\u00fcft und hat wei\u00dfe Nummernschilder. N\u00e4chste Inspektion: 19-05-2029 8 Jahre, und es<\/p>\n<p>Dies ist ein sehr seltenes St\u00fcck und wirklich Spa\u00df Auto, das f\u00fcr alles von der Jagd, Werbung, um Spa\u00df und Investitionen usw. verwendet werden kann, wie dieses Auto ist komplett original mit sehr wenig Patina.<\/p>\n<p>&nbsp;<\/p>\n<h3>Was ist ein Land Rover 101 FC<\/h3>\n<p>Der Land Rover 101 FC (Forward Control) von 1977 ist ein robustes Milit\u00e4rfahrzeug, das beim britischen Milit\u00e4r und anderen Streitkr\u00e4ften auf der ganzen Welt im Einsatz war. Dieser Gel\u00e4ndewagen wird als Teil der milit\u00e4rischen Produktlinie von Land Rover hergestellt und eignet sich hervorragend f\u00fcr die Bew\u00e4ltigung von schwierigem Terrain.<\/p>\n<p>Das Fahrzeug wird von einem zuverl\u00e4ssigen 3,5-Liter-V8-Motor angetrieben und ist f\u00fcr seine St\u00e4rke und Traktion bekannt, die es f\u00fcr milit\u00e4rische Zwecke, einschlie\u00dflich des Transports von Personal und Ausr\u00fcstung, geeignet machen.<\/p>\n<p>Die Konstruktion des Land Rover 101 FC erleichtert den Transport schwerer Lasten und die Handhabung milit\u00e4rischer Ausr\u00fcstung.<\/p>\n<p>Das Fahrzeug wurde auch als Plattform f\u00fcr verschiedene milit\u00e4rische Ausr\u00fcstungen verwendet, darunter Raketenwerfer und Radarger\u00e4te. Er war f\u00fcr seine Vielseitigkeit bekannt und konnte sich an verschiedene Aufgaben im Milit\u00e4rdienst anpassen.<\/p>\n<p>Der Land Rover 101 FC 1977 hat eine interessante Geschichte als zuverl\u00e4ssiges Milit\u00e4rfahrzeug und ist unter Land Rover-Liebhabern zu einem beliebten Sammlerst\u00fcck geworden.<\/p>\n<p>Seine herausragende F\u00e4higkeit, anspruchsvolles Gel\u00e4nde zu bew\u00e4ltigen, und seine robuste Konstruktion haben daf\u00fcr gesorgt, dass er ein legend\u00e4rer Teil des milit\u00e4rischen Fahrzeugerbes bleibt.<\/p>\n","protected":false},"excerpt":{"rendered":"<p>Dieser Land Rover 101 FC &#8211; 1977 ist einer der sp\u00e4ter produzierten. Das Automodell wurde von 1972 bis 1978 produziert. Die Entwicklung des Fahrzeugs begann jedoch bereits 1968. Der Wagen wurde f\u00fcr das britische Milit\u00e4r als &#8218;Gun Tractor&#8216; entwickelt, d.h. um ein Light Gun 118 von Position zu Position zu ziehen, sowie 1 Tonne Munition. [&hellip;]<\/p>\n","protected":false},"featured_media":9546,"comment_status":"open","ping_status":"closed","template":"","meta":[],"product_brand":[],"product_cat":[476,477,566],"product_tag":[790,793,789,771,799,795,796,798,802,800,801,586],"class_list":{"0":"post-12972","1":"product","2":"type-product","3":"status-publish","4":"has-post-thumbnail","6":"car_models-101-fc","7":"car_models-land-rover","8":"product_cat-autos","9":"product_cat-klassische-autos","10":"product_cat-tonabnehmer","11":"product_tag-101-fc-de","12":"product_tag-4x4-de","13":"product_tag-abholen","14":"product_tag-autoauktion","15":"product_tag-awd-de","16":"product_tag-britisches-auto","17":"product_tag-land-rover-de","18":"product_tag-land-rover-101-fc-de","19":"product_tag-laro-de","20":"product_tag-lkw","21":"product_tag-lkw-de","22":"product_tag-oldtimer-de","24":"first","25":"instock","26":"sold-individually","27":"shipping-taxable","28":"purchasable","29":"product-type-auction"},"acf":[],"yoast_head":"<!-- This site is optimized with the Yoast SEO plugin v27.4 - https:\/\/yoast.com\/product\/yoast-seo-wordpress\/ -->\n<title>- CarBeat Autoauktion f\u00fcr Spezialfahrzeuge<\/title>\n<meta name=\"description\" content=\"Der Land Rover 101 FC - 1977 ist ein Spezialfahrzeug und begehrtes Milit\u00e4rfahrzeug. Es ist auf der Autoauktion f\u00fcr Spezialfahrzeuge, Youngtimer und Investitionsfahrzeuge\" \/>\n<meta name=\"robots\" content=\"index, follow, max-snippet:-1, max-image-preview:large, max-video-preview:-1\" \/>\n<link rel=\"canonical\" href=\"https:\/\/carbeat.dk\/de\/produkt\/land-rover-101-fc-kopier\/\" \/>\n<meta property=\"og:locale\" content=\"de_DE\" \/>\n<meta property=\"og:type\" content=\"article\" \/>\n<meta property=\"og:title\" content=\"- CarBeat Autoauktion f\u00fcr Spezialfahrzeuge\" \/>\n<meta property=\"og:description\" content=\"Der Land Rover 101 FC - 1977 ist ein Spezialfahrzeug und begehrtes Milit\u00e4rfahrzeug. Es ist auf der Autoauktion f\u00fcr Spezialfahrzeuge, Youngtimer und Investitionsfahrzeuge\" \/>\n<meta property=\"og:url\" content=\"https:\/\/carbeat.dk\/de\/produkt\/land-rover-101-fc-kopier\/\" \/>\n<meta property=\"og:site_name\" content=\"CarBeat\" \/>\n<meta property=\"article:publisher\" content=\"https:\/\/www.facebook.com\/CarBeatDK\/\" \/>\n<meta property=\"og:image\" content=\"https:\/\/carbeat.dk\/wp-content\/uploads\/2023\/10\/Land-Rover-101FC-Rene96fc01fc-c6f1-45b9-a406-09e60ca9e542.webp\" \/>\n\t<meta property=\"og:image:width\" content=\"1600\" \/>\n\t<meta property=\"og:image:height\" content=\"1200\" \/>\n\t<meta property=\"og:image:type\" content=\"image\/webp\" \/>\n<meta name=\"twitter:card\" content=\"summary_large_image\" \/>\n<meta name=\"twitter:label1\" content=\"Gesch\u00e4tzte Lesezeit\" \/>\n\t<meta name=\"twitter:data1\" content=\"3\u00a0Minuten\" \/>\n<script type=\"application\/ld+json\" class=\"yoast-schema-graph\">{\"@context\":\"https:\\\/\\\/schema.org\",\"@graph\":[{\"@type\":\"WebPage\",\"@id\":\"https:\\\/\\\/carbeat.dk\\\/de\\\/produkt\\\/land-rover-101-fc-kopier\\\/\",\"url\":\"https:\\\/\\\/carbeat.dk\\\/de\\\/produkt\\\/land-rover-101-fc-kopier\\\/\",\"name\":\"- CarBeat Autoauktion f\u00fcr Spezialfahrzeuge\",\"isPartOf\":{\"@id\":\"https:\\\/\\\/carbeat.dk\\\/de\\\/#website\"},\"primaryImageOfPage\":{\"@id\":\"https:\\\/\\\/carbeat.dk\\\/de\\\/produkt\\\/land-rover-101-fc-kopier\\\/#primaryimage\"},\"image\":{\"@id\":\"https:\\\/\\\/carbeat.dk\\\/de\\\/produkt\\\/land-rover-101-fc-kopier\\\/#primaryimage\"},\"thumbnailUrl\":\"https:\\\/\\\/carbeat.dk\\\/wp-content\\\/uploads\\\/2023\\\/10\\\/Land-Rover-101FC-Rene96fc01fc-c6f1-45b9-a406-09e60ca9e542.webp\",\"datePublished\":\"2024-03-20T06:37:44+00:00\",\"description\":\"Der Land Rover 101 FC - 1977 ist ein Spezialfahrzeug und begehrtes Milit\u00e4rfahrzeug. Es ist auf der Autoauktion f\u00fcr Spezialfahrzeuge, Youngtimer und Investitionsfahrzeuge\",\"breadcrumb\":{\"@id\":\"https:\\\/\\\/carbeat.dk\\\/de\\\/produkt\\\/land-rover-101-fc-kopier\\\/#breadcrumb\"},\"inLanguage\":\"de\",\"potentialAction\":[{\"@type\":\"ReadAction\",\"target\":[\"https:\\\/\\\/carbeat.dk\\\/de\\\/produkt\\\/land-rover-101-fc-kopier\\\/\"]}]},{\"@type\":\"ImageObject\",\"inLanguage\":\"de\",\"@id\":\"https:\\\/\\\/carbeat.dk\\\/de\\\/produkt\\\/land-rover-101-fc-kopier\\\/#primaryimage\",\"url\":\"https:\\\/\\\/carbeat.dk\\\/wp-content\\\/uploads\\\/2023\\\/10\\\/Land-Rover-101FC-Rene96fc01fc-c6f1-45b9-a406-09e60ca9e542.webp\",\"contentUrl\":\"https:\\\/\\\/carbeat.dk\\\/wp-content\\\/uploads\\\/2023\\\/10\\\/Land-Rover-101FC-Rene96fc01fc-c6f1-45b9-a406-09e60ca9e542.webp\",\"width\":1600,\"height\":1200,\"caption\":\"CarBeat Chasing Cars Land Rover 101RC Profil\"},{\"@type\":\"BreadcrumbList\",\"@id\":\"https:\\\/\\\/carbeat.dk\\\/de\\\/produkt\\\/land-rover-101-fc-kopier\\\/#breadcrumb\",\"itemListElement\":[{\"@type\":\"ListItem\",\"position\":1,\"name\":\"Hjem\",\"item\":\"https:\\\/\\\/carbeat.dk\\\/de\\\/\"},{\"@type\":\"ListItem\",\"position\":2,\"name\":\"Shop\",\"item\":\"https:\\\/\\\/carbeat.dk\\\/shop\\\/\"},{\"@type\":\"ListItem\",\"position\":3,\"name\":\"Land Rover 101 FC\"}]},{\"@type\":\"WebSite\",\"@id\":\"https:\\\/\\\/carbeat.dk\\\/de\\\/#website\",\"url\":\"https:\\\/\\\/carbeat.dk\\\/de\\\/\",\"name\":\"CarBeat\",\"description\":\"Chasing Cars\",\"publisher\":{\"@id\":\"https:\\\/\\\/carbeat.dk\\\/de\\\/#organization\"},\"potentialAction\":[{\"@type\":\"SearchAction\",\"target\":{\"@type\":\"EntryPoint\",\"urlTemplate\":\"https:\\\/\\\/carbeat.dk\\\/de\\\/?s={search_term_string}\"},\"query-input\":{\"@type\":\"PropertyValueSpecification\",\"valueRequired\":true,\"valueName\":\"search_term_string\"}}],\"inLanguage\":\"de\"},{\"@type\":\"Organization\",\"@id\":\"https:\\\/\\\/carbeat.dk\\\/de\\\/#organization\",\"name\":\"CarBeat Chasing Cars\",\"url\":\"https:\\\/\\\/carbeat.dk\\\/de\\\/\",\"logo\":{\"@type\":\"ImageObject\",\"inLanguage\":\"de\",\"@id\":\"https:\\\/\\\/carbeat.dk\\\/de\\\/#\\\/schema\\\/logo\\\/image\\\/\",\"url\":\"https:\\\/\\\/carbeat.dk\\\/wp-content\\\/uploads\\\/2023\\\/08\\\/CarBeat-Chasing-Cars-lille-2560x1560-1-1_clipped_rev_1.png\",\"contentUrl\":\"https:\\\/\\\/carbeat.dk\\\/wp-content\\\/uploads\\\/2023\\\/08\\\/CarBeat-Chasing-Cars-lille-2560x1560-1-1_clipped_rev_1.png\",\"width\":2560,\"height\":1560,\"caption\":\"CarBeat Chasing Cars\"},\"image\":{\"@id\":\"https:\\\/\\\/carbeat.dk\\\/de\\\/#\\\/schema\\\/logo\\\/image\\\/\"},\"sameAs\":[\"https:\\\/\\\/www.facebook.com\\\/CarBeatDK\\\/\",\"https:\\\/\\\/www.instagram.com\\\/carbeatdk\\\/\",\"https:\\\/\\\/www.linkedin.com\\\/company\\\/carbeat\\\/\"]}]}<\/script>\n<!-- \/ Yoast SEO plugin. -->","yoast_head_json":{"title":"- CarBeat Autoauktion f\u00fcr Spezialfahrzeuge","description":"Der Land Rover 101 FC - 1977 ist ein Spezialfahrzeug und begehrtes Milit\u00e4rfahrzeug. Es ist auf der Autoauktion f\u00fcr Spezialfahrzeuge, Youngtimer und Investitionsfahrzeuge","robots":{"index":"index","follow":"follow","max-snippet":"max-snippet:-1","max-image-preview":"max-image-preview:large","max-video-preview":"max-video-preview:-1"},"canonical":"https:\/\/carbeat.dk\/de\/produkt\/land-rover-101-fc-kopier\/","og_locale":"de_DE","og_type":"article","og_title":"- CarBeat Autoauktion f\u00fcr Spezialfahrzeuge","og_description":"Der Land Rover 101 FC - 1977 ist ein Spezialfahrzeug und begehrtes Milit\u00e4rfahrzeug. Es ist auf der Autoauktion f\u00fcr Spezialfahrzeuge, Youngtimer und Investitionsfahrzeuge","og_url":"https:\/\/carbeat.dk\/de\/produkt\/land-rover-101-fc-kopier\/","og_site_name":"CarBeat","article_publisher":"https:\/\/www.facebook.com\/CarBeatDK\/","og_image":[{"width":1600,"height":1200,"url":"https:\/\/carbeat.dk\/wp-content\/uploads\/2023\/10\/Land-Rover-101FC-Rene96fc01fc-c6f1-45b9-a406-09e60ca9e542.webp","type":"image\/webp"}],"twitter_card":"summary_large_image","twitter_misc":{"Gesch\u00e4tzte Lesezeit":"3\u00a0Minuten"},"schema":{"@context":"https:\/\/schema.org","@graph":[{"@type":"WebPage","@id":"https:\/\/carbeat.dk\/de\/produkt\/land-rover-101-fc-kopier\/","url":"https:\/\/carbeat.dk\/de\/produkt\/land-rover-101-fc-kopier\/","name":"- CarBeat Autoauktion f\u00fcr Spezialfahrzeuge","isPartOf":{"@id":"https:\/\/carbeat.dk\/de\/#website"},"primaryImageOfPage":{"@id":"https:\/\/carbeat.dk\/de\/produkt\/land-rover-101-fc-kopier\/#primaryimage"},"image":{"@id":"https:\/\/carbeat.dk\/de\/produkt\/land-rover-101-fc-kopier\/#primaryimage"},"thumbnailUrl":"https:\/\/carbeat.dk\/wp-content\/uploads\/2023\/10\/Land-Rover-101FC-Rene96fc01fc-c6f1-45b9-a406-09e60ca9e542.webp","datePublished":"2024-03-20T06:37:44+00:00","description":"Der Land Rover 101 FC - 1977 ist ein Spezialfahrzeug und begehrtes Milit\u00e4rfahrzeug. Es ist auf der Autoauktion f\u00fcr Spezialfahrzeuge, Youngtimer und Investitionsfahrzeuge","breadcrumb":{"@id":"https:\/\/carbeat.dk\/de\/produkt\/land-rover-101-fc-kopier\/#breadcrumb"},"inLanguage":"de","potentialAction":[{"@type":"ReadAction","target":["https:\/\/carbeat.dk\/de\/produkt\/land-rover-101-fc-kopier\/"]}]},{"@type":"ImageObject","inLanguage":"de","@id":"https:\/\/carbeat.dk\/de\/produkt\/land-rover-101-fc-kopier\/#primaryimage","url":"https:\/\/carbeat.dk\/wp-content\/uploads\/2023\/10\/Land-Rover-101FC-Rene96fc01fc-c6f1-45b9-a406-09e60ca9e542.webp","contentUrl":"https:\/\/carbeat.dk\/wp-content\/uploads\/2023\/10\/Land-Rover-101FC-Rene96fc01fc-c6f1-45b9-a406-09e60ca9e542.webp","width":1600,"height":1200,"caption":"CarBeat Chasing Cars Land Rover 101RC Profil"},{"@type":"BreadcrumbList","@id":"https:\/\/carbeat.dk\/de\/produkt\/land-rover-101-fc-kopier\/#breadcrumb","itemListElement":[{"@type":"ListItem","position":1,"name":"Hjem","item":"https:\/\/carbeat.dk\/de\/"},{"@type":"ListItem","position":2,"name":"Shop","item":"https:\/\/carbeat.dk\/shop\/"},{"@type":"ListItem","position":3,"name":"Land Rover 101 FC"}]},{"@type":"WebSite","@id":"https:\/\/carbeat.dk\/de\/#website","url":"https:\/\/carbeat.dk\/de\/","name":"CarBeat","description":"Chasing Cars","publisher":{"@id":"https:\/\/carbeat.dk\/de\/#organization"},"potentialAction":[{"@type":"SearchAction","target":{"@type":"EntryPoint","urlTemplate":"https:\/\/carbeat.dk\/de\/?s={search_term_string}"},"query-input":{"@type":"PropertyValueSpecification","valueRequired":true,"valueName":"search_term_string"}}],"inLanguage":"de"},{"@type":"Organization","@id":"https:\/\/carbeat.dk\/de\/#organization","name":"CarBeat Chasing Cars","url":"https:\/\/carbeat.dk\/de\/","logo":{"@type":"ImageObject","inLanguage":"de","@id":"https:\/\/carbeat.dk\/de\/#\/schema\/logo\/image\/","url":"https:\/\/carbeat.dk\/wp-content\/uploads\/2023\/08\/CarBeat-Chasing-Cars-lille-2560x1560-1-1_clipped_rev_1.png","contentUrl":"https:\/\/carbeat.dk\/wp-content\/uploads\/2023\/08\/CarBeat-Chasing-Cars-lille-2560x1560-1-1_clipped_rev_1.png","width":2560,"height":1560,"caption":"CarBeat Chasing Cars"},"image":{"@id":"https:\/\/carbeat.dk\/de\/#\/schema\/logo\/image\/"},"sameAs":["https:\/\/www.facebook.com\/CarBeatDK\/","https:\/\/www.instagram.com\/carbeatdk\/","https:\/\/www.linkedin.com\/company\/carbeat\/"]}]}},"_links":{"self":[{"href":"https:\/\/carbeat.dk\/de\/wp-json\/wp\/v2\/product\/12972","targetHints":{"allow":["GET"]}}],"collection":[{"href":"https:\/\/carbeat.dk\/de\/wp-json\/wp\/v2\/product"}],"about":[{"href":"https:\/\/carbeat.dk\/de\/wp-json\/wp\/v2\/types\/product"}],"replies":[{"embeddable":true,"href":"https:\/\/carbeat.dk\/de\/wp-json\/wp\/v2\/comments?post=12972"}],"version-history":[{"count":2,"href":"https:\/\/carbeat.dk\/de\/wp-json\/wp\/v2\/product\/12972\/revisions"}],"predecessor-version":[{"id":12986,"href":"https:\/\/carbeat.dk\/de\/wp-json\/wp\/v2\/product\/12972\/revisions\/12986"}],"wp:featuredmedia":[{"embeddable":true,"href":"https:\/\/carbeat.dk\/de\/wp-json\/wp\/v2\/media\/9546"}],"wp:attachment":[{"href":"https:\/\/carbeat.dk\/de\/wp-json\/wp\/v2\/media?parent=12972"}],"wp:term":[{"taxonomy":"product_brand","embeddable":true,"href":"https:\/\/carbeat.dk\/de\/wp-json\/wp\/v2\/product_brand?post=12972"},{"taxonomy":"product_cat","embeddable":true,"href":"https:\/\/carbeat.dk\/de\/wp-json\/wp\/v2\/product_cat?post=12972"},{"taxonomy":"product_tag","embeddable":true,"href":"https:\/\/carbeat.dk\/de\/wp-json\/wp\/v2\/product_tag?post=12972"}],"curies":[{"name":"wp","href":"https:\/\/api.w.org\/{rel}","templated":true}]}}