{"id":12963,"date":"2024-03-19T18:35:59","date_gmt":"2024-03-19T17:35:59","guid":{"rendered":"https:\/\/carbeat.dk\/?post_type=product&#038;p=12963"},"modified":"2024-04-07T11:30:18","modified_gmt":"2024-04-07T09:30:18","slug":"cadillac-fleetwood-75-kopier","status":"publish","type":"product","link":"https:\/\/carbeat.dk\/de\/produkt\/cadillac-fleetwood-75-kopier\/","title":{"rendered":"Cadillac Fleetwood 75"},"content":{"rendered":"<div class=\"x1e56ztr\">\n<p><span class=\"x193iq5w xeuugli x13faqbe x1vvkbs xlh3980 xvmahel x1n0sxbx x6prxxf xvq8zen xo1l8bm xzsf02u\"><span class=\"x193iq5w xeuugli x13faqbe x1vvkbs xlh3980 xvmahel x1n0sxbx x6prxxf xvq8zen xo1l8bm xzsf02u\">Willkommen im Inneren dieses Cadillac Fleetwood 75.<\/span><\/span><\/p>\n<p>Im Jahr 1972 produzierte Cadillac nur 960 dieser 9-Personen-Limousinen. Dieses Auto ist aus Los Angeles, Kalifornien.<br \/>\nDem Verk\u00e4ufer wurde gesagt, dass der erste Besitzer dieser Limousine der Mann war, der die Internationale Raumstation entworfen hat, aber es gibt keine Best\u00e4tigung daf\u00fcr, also ist es derzeit nur eine gute Geschichte. Der Wagen wurde weitgehend original erhalten und ist rostfrei. Er war urspr\u00fcnglich schwarz und wurde in den USA mit einer billigen, minderwertigen Lackierung versehen. Der Lack muss ausgebessert werden, oder man kann das ganze Auto folieren.  <span class=\"x193iq5w xeuugli x13faqbe x1vvkbs xlh3980 xvmahel x1n0sxbx x6prxxf xvq8zen xo1l8bm xzsf02u\">472 cid (7,8 Liter) Cadillac V8 mit einem neu gebauten TH400 Automatikgetriebe.<br \/>\n<\/span><\/p>\n<\/div>\n<div><\/div>\n<div class=\"x1e56ztr\"><span class=\"x193iq5w xeuugli x13faqbe x1vvkbs xlh3980 xvmahel x1n0sxbx x6prxxf xvq8zen xo1l8bm xzsf02u\">Der Cadillac Fleetwood 75 ist vollgepackt mit der damals verr\u00fcckten Luxusausstattung:  <\/span><\/div>\n<div class=\"x1e56ztr\"><span class=\"x193iq5w xeuugli x13faqbe x1vvkbs xlh3980 xvmahel x1n0sxbx x6prxxf xvq8zen xo1l8bm xzsf02u\">Elektrische Fensterheber<\/span><\/div>\n<div class=\"x1e56ztr\"><span class=\"x193iq5w xeuugli x13faqbe x1vvkbs xlh3980 xvmahel x1n0sxbx x6prxxf xvq8zen xo1l8bm xzsf02u\">Elektrisches Fenster zwischen den Vorder- und R\u00fccksitzen<\/span><\/div>\n<div class=\"x1e56ztr\"><span class=\"x193iq5w xeuugli x13faqbe x1vvkbs xlh3980 xvmahel x1n0sxbx x6prxxf xvq8zen xo1l8bm xzsf02u\">AC<\/span><\/div>\n<div class=\"x1e56ztr\"><span class=\"x193iq5w xeuugli x13faqbe x1vvkbs xlh3980 xvmahel x1n0sxbx x6prxxf xvq8zen xo1l8bm xzsf02u\">Zwei AM\/FM-Radios<br \/>\nServolenkung<\/span><\/div>\n<div class=\"x1e56ztr\"><span class=\"x193iq5w xeuugli x13faqbe x1vvkbs xlh3980 xvmahel x1n0sxbx x6prxxf xvq8zen xo1l8bm xzsf02u\">Elektrische Bremsen<\/span><\/div>\n<div class=\"x1e56ztr\"><span class=\"x193iq5w xeuugli x13faqbe x1vvkbs xlh3980 xvmahel x1n0sxbx x6prxxf xvq8zen xo1l8bm xzsf02u\">Gekippte Lenks\u00e4ule<br \/>\nVordersitz aus Leder.  <\/span><\/div>\n<div><span class=\"x193iq5w xeuugli x13faqbe x1vvkbs xlh3980 xvmahel x1n0sxbx x6prxxf xvq8zen xo1l8bm xzsf02u\">Neue Batterie und Lichtmaschine<\/span><\/div>\n<div><\/div>\n<div class=\"x1e56ztr\"><span class=\"x193iq5w xeuugli x13faqbe x1vvkbs xlh3980 xvmahel x1n0sxbx x6prxxf xvq8zen xo1l8bm xzsf02u\">Das Lenkrad ist sehr sch\u00f6n, es mag seltsam klingen, aber bei diesen Autos wird das Lenkrad oft von der Sonne besch\u00e4digt.<br \/>\nDas Auto f\u00e4hrt sehr gut und liegt gut auf der Stra\u00dfe, sehr glatt und sch\u00f6n, genau wie eine Limousine sollte.<br \/>\nDie Bremsen funktionieren einwandfrei und die Karosserie ist gerade, hat aber einige Lacksch\u00e4den und ein paar &#8222;Bilka-Dellen&#8220;. Chrom-Sto\u00dfstangen sind gerade und sehr sch\u00f6n in Chrom.  <\/span><\/div>\n<div class=\"x1e56ztr\">\n<p><span class=\"x193iq5w xeuugli x13faqbe x1vvkbs xlh3980 xvmahel x1n0sxbx x6prxxf xvq8zen xo1l8bm xzsf02u\">Die T\u00fcren lassen sich m\u00fchelos \u00f6ffnen und schlie\u00dfen, wie es sich geh\u00f6rt. Kein H\u00e4ngen oder Kratzen. Alle Fenster lassen sich wie gew\u00fcnscht \u00f6ffnen und schlie\u00dfen, auch das Fahrerfenster, und sie sind alle miteinander verbunden.<\/span><\/p>\n<p>Alles in allem ist dies ein sch\u00f6nes Luxusmodell aus den fr\u00fchen 70er Jahren. Eine liebevolle Hand wird diese Limousine auf die n\u00e4chste Stufe heben.<\/p>\n<\/div>\n<div class=\"x1e56ztr\">Dieses Auto wurde nie als Limousinen-Taxi benutzt, sondern nur f\u00fcr private Anmietungen.<\/div>\n<div><\/div>\n<div class=\"x1e56ztr\"><span class=\"x193iq5w xeuugli x13faqbe x1vvkbs xlh3980 xvmahel x1n0sxbx x6prxxf xvq8zen xo1l8bm xzsf02u\">Im Jahr 2004 nach D\u00e4nemark importiert und seitdem drinnen und trocken gelagert.  <\/span><\/div>\n<div><\/div>\n<div class=\"x1e56ztr\"><span class=\"x193iq5w xeuugli x13faqbe x1vvkbs xlh3980 xvmahel x1n0sxbx x6prxxf xvq8zen xo1l8bm xzsf02u\">Der Kilometerz\u00e4hler zeigt 38.392 Meilen an, aber der Verk\u00e4ufer glaubt, dass die tats\u00e4chlichen Kilometer 138.392 Meilen (221.427 km) betragen.  <\/span><\/div>\n<div><\/div>\n<div class=\"x1e56ztr\"><span class=\"x193iq5w xeuugli x13faqbe x1vvkbs xlh3980 xvmahel x1n0sxbx x6prxxf xvq8zen xo1l8bm xzsf02u\">Dies ist ein gro\u00dfartiges Auto f\u00fcr Hochzeitsfahrten. Beachten Sie, dass die hintere T\u00fcr h\u00f6her ist als die vordere. Leichteres Ein- und Aussteigen.<\/span><\/div>\n<div class=\"x1e56ztr\"><\/div>\n","protected":false},"excerpt":{"rendered":"<p>Willkommen im Inneren dieses Cadillac Fleetwood 75. Im Jahr 1972 produzierte Cadillac nur 960 dieser 9-Personen-Limousinen. Dieses Auto ist aus Los Angeles, Kalifornien. Dem Verk\u00e4ufer wurde gesagt, dass der erste Besitzer dieser Limousine der Mann war, der die Internationale Raumstation entworfen hat, aber es gibt keine Best\u00e4tigung daf\u00fcr, also ist es derzeit nur eine gute [&hellip;]<\/p>\n","protected":false},"featured_media":8132,"comment_status":"open","ping_status":"closed","template":"","meta":[],"product_brand":[],"product_cat":[476,477],"product_tag":[549,585,1162,1164,1165,587,1163,586,588,545],"class_list":{"0":"post-12963","1":"product","2":"type-product","3":"status-publish","4":"has-post-thumbnail","6":"car_models-cadillac","7":"car_models-fleetwood-75","8":"product_cat-autos","9":"product_cat-klassische-autos","10":"product_tag-amerikanisches-auto","11":"product_tag-cadillac-de","12":"product_tag-cadillac-75-de","13":"product_tag-cadillac-fleetwood-de","14":"product_tag-cadillac-fleetwoot-75-de","15":"product_tag-fleetwood-de","16":"product_tag-fleetwood-75-de","17":"product_tag-oldtimer-de","18":"product_tag-schlittenwagen","19":"product_tag-us-autos","21":"first","22":"instock","23":"sold-individually","24":"shipping-taxable","25":"purchasable","26":"product-type-auction"},"acf":[],"yoast_head":"<!-- This site is optimized with the Yoast SEO plugin v27.4 - https:\/\/yoast.com\/product\/yoast-seo-wordpress\/ -->\n<title>- on CarBeat car auction - besondere Autos<\/title>\n<meta name=\"description\" content=\"Cadillac Fleetwood 75 American car at car auction hod carbeat chasing cars buying and selling speciality cars easy, safe and simple\" \/>\n<meta name=\"robots\" content=\"index, follow, max-snippet:-1, max-image-preview:large, max-video-preview:-1\" \/>\n<link rel=\"canonical\" href=\"https:\/\/carbeat.dk\/de\/produkt\/cadillac-fleetwood-75-kopier\/\" \/>\n<meta property=\"og:locale\" content=\"de_DE\" \/>\n<meta property=\"og:type\" content=\"article\" \/>\n<meta property=\"og:title\" content=\"- on CarBeat car auction - besondere Autos\" \/>\n<meta property=\"og:description\" content=\"Cadillac Fleetwood 75 American car at car auction hod carbeat chasing cars buying and selling speciality cars easy, safe and simple\" \/>\n<meta property=\"og:url\" content=\"https:\/\/carbeat.dk\/de\/produkt\/cadillac-fleetwood-75-kopier\/\" \/>\n<meta property=\"og:site_name\" content=\"CarBeat\" \/>\n<meta property=\"article:publisher\" content=\"https:\/\/www.facebook.com\/CarBeatDK\/\" \/>\n<meta property=\"article:modified_time\" content=\"2024-04-07T09:30:18+00:00\" \/>\n<meta property=\"og:image\" content=\"https:\/\/carbeat.dk\/wp-content\/uploads\/2023\/09\/380660940_10224001884257179_6300515235128381268_n.jpg\" \/>\n\t<meta property=\"og:image:width\" content=\"2048\" \/>\n\t<meta property=\"og:image:height\" content=\"1152\" \/>\n\t<meta property=\"og:image:type\" content=\"image\/jpeg\" \/>\n<meta name=\"twitter:card\" content=\"summary_large_image\" \/>\n<meta name=\"twitter:label1\" content=\"Gesch\u00e4tzte Lesezeit\" \/>\n\t<meta name=\"twitter:data1\" content=\"2\u00a0Minuten\" \/>\n<script type=\"application\/ld+json\" class=\"yoast-schema-graph\">{\"@context\":\"https:\\\/\\\/schema.org\",\"@graph\":[{\"@type\":\"WebPage\",\"@id\":\"https:\\\/\\\/carbeat.dk\\\/de\\\/produkt\\\/cadillac-fleetwood-75-kopier\\\/\",\"url\":\"https:\\\/\\\/carbeat.dk\\\/de\\\/produkt\\\/cadillac-fleetwood-75-kopier\\\/\",\"name\":\"- on CarBeat car auction - besondere Autos\",\"isPartOf\":{\"@id\":\"https:\\\/\\\/carbeat.dk\\\/de\\\/#website\"},\"primaryImageOfPage\":{\"@id\":\"https:\\\/\\\/carbeat.dk\\\/de\\\/produkt\\\/cadillac-fleetwood-75-kopier\\\/#primaryimage\"},\"image\":{\"@id\":\"https:\\\/\\\/carbeat.dk\\\/de\\\/produkt\\\/cadillac-fleetwood-75-kopier\\\/#primaryimage\"},\"thumbnailUrl\":\"https:\\\/\\\/carbeat.dk\\\/wp-content\\\/uploads\\\/2023\\\/09\\\/380660940_10224001884257179_6300515235128381268_n.jpg\",\"datePublished\":\"2024-03-19T17:35:59+00:00\",\"dateModified\":\"2024-04-07T09:30:18+00:00\",\"description\":\"Cadillac Fleetwood 75 American car at car auction hod carbeat chasing cars buying and selling speciality cars easy, safe and simple\",\"breadcrumb\":{\"@id\":\"https:\\\/\\\/carbeat.dk\\\/de\\\/produkt\\\/cadillac-fleetwood-75-kopier\\\/#breadcrumb\"},\"inLanguage\":\"de\",\"potentialAction\":[{\"@type\":\"ReadAction\",\"target\":[\"https:\\\/\\\/carbeat.dk\\\/de\\\/produkt\\\/cadillac-fleetwood-75-kopier\\\/\"]}]},{\"@type\":\"ImageObject\",\"inLanguage\":\"de\",\"@id\":\"https:\\\/\\\/carbeat.dk\\\/de\\\/produkt\\\/cadillac-fleetwood-75-kopier\\\/#primaryimage\",\"url\":\"https:\\\/\\\/carbeat.dk\\\/wp-content\\\/uploads\\\/2023\\\/09\\\/380660940_10224001884257179_6300515235128381268_n.jpg\",\"contentUrl\":\"https:\\\/\\\/carbeat.dk\\\/wp-content\\\/uploads\\\/2023\\\/09\\\/380660940_10224001884257179_6300515235128381268_n.jpg\",\"width\":2048,\"height\":1152,\"caption\":\"CarBeat Chasing Cars Autoauktion Autoauktion Autoauktion Cadillac Fleetwood 1\\\/4 Schuss\"},{\"@type\":\"BreadcrumbList\",\"@id\":\"https:\\\/\\\/carbeat.dk\\\/de\\\/produkt\\\/cadillac-fleetwood-75-kopier\\\/#breadcrumb\",\"itemListElement\":[{\"@type\":\"ListItem\",\"position\":1,\"name\":\"Hjem\",\"item\":\"https:\\\/\\\/carbeat.dk\\\/de\\\/\"},{\"@type\":\"ListItem\",\"position\":2,\"name\":\"Shop\",\"item\":\"https:\\\/\\\/carbeat.dk\\\/shop\\\/\"},{\"@type\":\"ListItem\",\"position\":3,\"name\":\"Cadillac Fleetwood 75\"}]},{\"@type\":\"WebSite\",\"@id\":\"https:\\\/\\\/carbeat.dk\\\/de\\\/#website\",\"url\":\"https:\\\/\\\/carbeat.dk\\\/de\\\/\",\"name\":\"CarBeat\",\"description\":\"Chasing Cars\",\"publisher\":{\"@id\":\"https:\\\/\\\/carbeat.dk\\\/de\\\/#organization\"},\"potentialAction\":[{\"@type\":\"SearchAction\",\"target\":{\"@type\":\"EntryPoint\",\"urlTemplate\":\"https:\\\/\\\/carbeat.dk\\\/de\\\/?s={search_term_string}\"},\"query-input\":{\"@type\":\"PropertyValueSpecification\",\"valueRequired\":true,\"valueName\":\"search_term_string\"}}],\"inLanguage\":\"de\"},{\"@type\":\"Organization\",\"@id\":\"https:\\\/\\\/carbeat.dk\\\/de\\\/#organization\",\"name\":\"CarBeat Chasing Cars\",\"url\":\"https:\\\/\\\/carbeat.dk\\\/de\\\/\",\"logo\":{\"@type\":\"ImageObject\",\"inLanguage\":\"de\",\"@id\":\"https:\\\/\\\/carbeat.dk\\\/de\\\/#\\\/schema\\\/logo\\\/image\\\/\",\"url\":\"https:\\\/\\\/carbeat.dk\\\/wp-content\\\/uploads\\\/2023\\\/08\\\/CarBeat-Chasing-Cars-lille-2560x1560-1-1_clipped_rev_1.png\",\"contentUrl\":\"https:\\\/\\\/carbeat.dk\\\/wp-content\\\/uploads\\\/2023\\\/08\\\/CarBeat-Chasing-Cars-lille-2560x1560-1-1_clipped_rev_1.png\",\"width\":2560,\"height\":1560,\"caption\":\"CarBeat Chasing Cars\"},\"image\":{\"@id\":\"https:\\\/\\\/carbeat.dk\\\/de\\\/#\\\/schema\\\/logo\\\/image\\\/\"},\"sameAs\":[\"https:\\\/\\\/www.facebook.com\\\/CarBeatDK\\\/\",\"https:\\\/\\\/www.instagram.com\\\/carbeatdk\\\/\",\"https:\\\/\\\/www.linkedin.com\\\/company\\\/carbeat\\\/\"]}]}<\/script>\n<!-- \/ Yoast SEO plugin. -->","yoast_head_json":{"title":"- on CarBeat car auction - besondere Autos","description":"Cadillac Fleetwood 75 American car at car auction hod carbeat chasing cars buying and selling speciality cars easy, safe and simple","robots":{"index":"index","follow":"follow","max-snippet":"max-snippet:-1","max-image-preview":"max-image-preview:large","max-video-preview":"max-video-preview:-1"},"canonical":"https:\/\/carbeat.dk\/de\/produkt\/cadillac-fleetwood-75-kopier\/","og_locale":"de_DE","og_type":"article","og_title":"- on CarBeat car auction - besondere Autos","og_description":"Cadillac Fleetwood 75 American car at car auction hod carbeat chasing cars buying and selling speciality cars easy, safe and simple","og_url":"https:\/\/carbeat.dk\/de\/produkt\/cadillac-fleetwood-75-kopier\/","og_site_name":"CarBeat","article_publisher":"https:\/\/www.facebook.com\/CarBeatDK\/","article_modified_time":"2024-04-07T09:30:18+00:00","og_image":[{"width":2048,"height":1152,"url":"https:\/\/carbeat.dk\/wp-content\/uploads\/2023\/09\/380660940_10224001884257179_6300515235128381268_n.jpg","type":"image\/jpeg"}],"twitter_card":"summary_large_image","twitter_misc":{"Gesch\u00e4tzte Lesezeit":"2\u00a0Minuten"},"schema":{"@context":"https:\/\/schema.org","@graph":[{"@type":"WebPage","@id":"https:\/\/carbeat.dk\/de\/produkt\/cadillac-fleetwood-75-kopier\/","url":"https:\/\/carbeat.dk\/de\/produkt\/cadillac-fleetwood-75-kopier\/","name":"- on CarBeat car auction - besondere Autos","isPartOf":{"@id":"https:\/\/carbeat.dk\/de\/#website"},"primaryImageOfPage":{"@id":"https:\/\/carbeat.dk\/de\/produkt\/cadillac-fleetwood-75-kopier\/#primaryimage"},"image":{"@id":"https:\/\/carbeat.dk\/de\/produkt\/cadillac-fleetwood-75-kopier\/#primaryimage"},"thumbnailUrl":"https:\/\/carbeat.dk\/wp-content\/uploads\/2023\/09\/380660940_10224001884257179_6300515235128381268_n.jpg","datePublished":"2024-03-19T17:35:59+00:00","dateModified":"2024-04-07T09:30:18+00:00","description":"Cadillac Fleetwood 75 American car at car auction hod carbeat chasing cars buying and selling speciality cars easy, safe and simple","breadcrumb":{"@id":"https:\/\/carbeat.dk\/de\/produkt\/cadillac-fleetwood-75-kopier\/#breadcrumb"},"inLanguage":"de","potentialAction":[{"@type":"ReadAction","target":["https:\/\/carbeat.dk\/de\/produkt\/cadillac-fleetwood-75-kopier\/"]}]},{"@type":"ImageObject","inLanguage":"de","@id":"https:\/\/carbeat.dk\/de\/produkt\/cadillac-fleetwood-75-kopier\/#primaryimage","url":"https:\/\/carbeat.dk\/wp-content\/uploads\/2023\/09\/380660940_10224001884257179_6300515235128381268_n.jpg","contentUrl":"https:\/\/carbeat.dk\/wp-content\/uploads\/2023\/09\/380660940_10224001884257179_6300515235128381268_n.jpg","width":2048,"height":1152,"caption":"CarBeat Chasing Cars Autoauktion Autoauktion Autoauktion Cadillac Fleetwood 1\/4 Schuss"},{"@type":"BreadcrumbList","@id":"https:\/\/carbeat.dk\/de\/produkt\/cadillac-fleetwood-75-kopier\/#breadcrumb","itemListElement":[{"@type":"ListItem","position":1,"name":"Hjem","item":"https:\/\/carbeat.dk\/de\/"},{"@type":"ListItem","position":2,"name":"Shop","item":"https:\/\/carbeat.dk\/shop\/"},{"@type":"ListItem","position":3,"name":"Cadillac Fleetwood 75"}]},{"@type":"WebSite","@id":"https:\/\/carbeat.dk\/de\/#website","url":"https:\/\/carbeat.dk\/de\/","name":"CarBeat","description":"Chasing Cars","publisher":{"@id":"https:\/\/carbeat.dk\/de\/#organization"},"potentialAction":[{"@type":"SearchAction","target":{"@type":"EntryPoint","urlTemplate":"https:\/\/carbeat.dk\/de\/?s={search_term_string}"},"query-input":{"@type":"PropertyValueSpecification","valueRequired":true,"valueName":"search_term_string"}}],"inLanguage":"de"},{"@type":"Organization","@id":"https:\/\/carbeat.dk\/de\/#organization","name":"CarBeat Chasing Cars","url":"https:\/\/carbeat.dk\/de\/","logo":{"@type":"ImageObject","inLanguage":"de","@id":"https:\/\/carbeat.dk\/de\/#\/schema\/logo\/image\/","url":"https:\/\/carbeat.dk\/wp-content\/uploads\/2023\/08\/CarBeat-Chasing-Cars-lille-2560x1560-1-1_clipped_rev_1.png","contentUrl":"https:\/\/carbeat.dk\/wp-content\/uploads\/2023\/08\/CarBeat-Chasing-Cars-lille-2560x1560-1-1_clipped_rev_1.png","width":2560,"height":1560,"caption":"CarBeat Chasing Cars"},"image":{"@id":"https:\/\/carbeat.dk\/de\/#\/schema\/logo\/image\/"},"sameAs":["https:\/\/www.facebook.com\/CarBeatDK\/","https:\/\/www.instagram.com\/carbeatdk\/","https:\/\/www.linkedin.com\/company\/carbeat\/"]}]}},"_links":{"self":[{"href":"https:\/\/carbeat.dk\/de\/wp-json\/wp\/v2\/product\/12963","targetHints":{"allow":["GET"]}}],"collection":[{"href":"https:\/\/carbeat.dk\/de\/wp-json\/wp\/v2\/product"}],"about":[{"href":"https:\/\/carbeat.dk\/de\/wp-json\/wp\/v2\/types\/product"}],"replies":[{"embeddable":true,"href":"https:\/\/carbeat.dk\/de\/wp-json\/wp\/v2\/comments?post=12963"}],"version-history":[{"count":2,"href":"https:\/\/carbeat.dk\/de\/wp-json\/wp\/v2\/product\/12963\/revisions"}],"predecessor-version":[{"id":13417,"href":"https:\/\/carbeat.dk\/de\/wp-json\/wp\/v2\/product\/12963\/revisions\/13417"}],"wp:featuredmedia":[{"embeddable":true,"href":"https:\/\/carbeat.dk\/de\/wp-json\/wp\/v2\/media\/8132"}],"wp:attachment":[{"href":"https:\/\/carbeat.dk\/de\/wp-json\/wp\/v2\/media?parent=12963"}],"wp:term":[{"taxonomy":"product_brand","embeddable":true,"href":"https:\/\/carbeat.dk\/de\/wp-json\/wp\/v2\/product_brand?post=12963"},{"taxonomy":"product_cat","embeddable":true,"href":"https:\/\/carbeat.dk\/de\/wp-json\/wp\/v2\/product_cat?post=12963"},{"taxonomy":"product_tag","embeddable":true,"href":"https:\/\/carbeat.dk\/de\/wp-json\/wp\/v2\/product_tag?post=12963"}],"curies":[{"name":"wp","href":"https:\/\/api.w.org\/{rel}","templated":true}]}}