{"id":12882,"date":"2024-03-17T10:58:35","date_gmt":"2024-03-17T09:58:35","guid":{"rendered":"https:\/\/carbeat.dk\/?post_type=product&#038;p=12882"},"modified":"2024-03-17T13:55:17","modified_gmt":"2024-03-17T12:55:17","slug":"buick-roadmaster-heckklappe-limousine-kopier","status":"publish","type":"product","link":"https:\/\/carbeat.dk\/de\/produkt\/buick-roadmaster-heckklappe-limousine-kopier\/","title":{"rendered":"Buick Roadmaster Heckklappe Limousine"},"content":{"rendered":"<div class=\"\" dir=\"auto\">\n<div id=\":r1j:\" class=\"x1iorvi4 x1pi30zi x1l90r2v x1swvt13\" data-ad-comet-preview=\"message\" data-ad-preview=\"message\">\n<div class=\"x78zum5 xdt5ytf xz62fqu x16ldp7u\">\n<div class=\"xu06os2 x1ok221b\">\n<div class=\"xdj266r x11i5rnm xat24cr x1mh8g0r x1vvkbs x126k92a\">\n<div dir=\"auto\">Buick Roadmaster Trunkback Sedan &#8211; 1937 wurde 2001 neu lackiert und mehr als 20 Jahre lang in D\u00e4nemark gelagert.<br \/>\nDas Auto wurde 2002 nach D\u00e4nemark importiert und hat nur 58.712 originale Meilen zur\u00fcckgelegt, was 93.940 km entspricht.<\/div>\n<div dir=\"auto\"><\/div>\n<div dir=\"auto\">Der originale Row 8 Motor l\u00e4uft sehr gut und hat ca. 130 PS.<\/div>\n<div dir=\"auto\">Das manuelle 3-Gang-Getriebe mit Fu\u00dfschaltung und individuellem BUICK-Logo-Schaltknauf schaltet ebenfalls wie es sich geh\u00f6rt.<\/div>\n<div dir=\"auto\"><\/div>\n<div dir=\"auto\">\n<div dir=\"auto\">Die Karosserie ist in sehr sch\u00f6nem und rostfreiem Zustand, es gibt eine kleine Unvollkommenheit wie auf einem der Bilder zu sehen. Die Kurven und Details sprechen f\u00fcr sich. Stilvolle Trittbretter und zwei seitlich montierte Reservereifen mit korrekten Abdeckungen vervollst\u00e4ndigen den formalen Look.<\/div>\n<div dir=\"auto\"><\/div>\n<h3 dir=\"auto\">Aufgewertete Farbe<\/h3>\n<div dir=\"auto\">Buick Roadmaster Trunkback Sedan &#8211; 1937 war der Wagen urspr\u00fcnglich blau, und die aktuelle Lackierung ist ebenfalls blau, aber mit einem leichten Perlglanzeffekt versehen &#8211; es handelt sich nicht um Metallic-Lack.<\/div>\n<div dir=\"auto\">Die 6 breiten Wei\u00dfwandreifen sind in neuem Zustand.<\/div>\n<\/div>\n<div dir=\"auto\"><\/div>\n<div dir=\"auto\">Die Innenausstattung ist original und k\u00f6nnte ein wenig Pflege oder eine neue Polsterung vertragen, aber sie kann so verwendet werden, wie sie ist.<\/div>\n<div dir=\"auto\"><\/div>\n<div dir=\"auto\">Das Auto hat einige hausgemachte Verkabelung f\u00fcr die Lichter, die aktualisiert werden muss, f\u00e4hrt gut und ist solide auf der Stra\u00dfe, zieht viele lange Blicke. Der Verk\u00e4ufer legt dem Auto eine authentisch aussehende Plastikreplik einer Tommy Gun bei.  <span class=\"x3nfvp2 x1j61x8r x1fcty0u xdj266r xhhsvwb xat24cr xgzva0m xxymvpz xlup9mm x1kky2od\"><img decoding=\"async\" src=\"https:\/\/static.xx.fbcdn.net\/images\/emoji.php\/v9\/t1e\/2\/16\/1f60a.png\" alt=\"\ud83d\ude0a\" width=\"16\" height=\"16\"><\/span><\/div>\n<div dir=\"auto\"><\/div>\n<div dir=\"auto\">\n<p>Dieses Modell ist eines der letzten Buick-Modelle, die mit einer Holzkarosserie hergestellt wurden. Die kleineren Serienwagen hatten eine Stahlkarosserie. Nur sehr wenige von ihnen haben Rost und F\u00e4ulnis \u00fcberlebt. Das Modell war zu seiner Zeit ein sehr teures Luxusauto.<\/p>\n<\/div>\n<\/div>\n<\/div>\n<\/div>\n<\/div>\n<\/div>\n<h3>Direkt von &#8222;dr\u00fcben<\/h3>\n<div class=\"\" dir=\"auto\">\n<div id=\":r1j:\" class=\"x1iorvi4 x1pi30zi x1l90r2v x1swvt13\" data-ad-comet-preview=\"message\" data-ad-preview=\"message\">\n<div class=\"x78zum5 xdt5ytf xz62fqu x16ldp7u\">\n<div class=\"xu06os2 x1ok221b\">\n<div class=\"xdj266r x11i5rnm xat24cr x1mh8g0r x1vvkbs x126k92a\">\n<div dir=\"auto\">\n<p>Dieser Wagen stammt aus Tucson, Arizona, und soll als Erstbesitzer einen Arzt gehabt haben.<br \/>\nDie ART DECO-Details an diesem Modell sind allgegenw\u00e4rtig. Von den gl\u00e4sernen (und nicht plastischen) Leuchtengl\u00e4sern bis hin zu den akzentuierten R\u00fccksitzfl\u00e4chen. Es gibt 2 Zigarrenanz\u00fcnder im hinteren Bereich mit einem gekr\u00f6pften L\u00fcftungsfenster auf beiden Seiten des Beifahrerbereichs. Eine klappbare Fu\u00dfst\u00fctze, eine an der R\u00fcckseite des Vordersitzes angebrachte Schnur und eine Sonnenblende, die sich bis zur Heckscheibe hochrollen l\u00e4sst, geh\u00f6ren zu den Annehmlichkeiten im Fahrgastraum.<br \/>\nDas seltene Original-AM-Radio befindet sich noch im Armaturenbrett und die Trittbretter dienen als Radioantenne.<\/p>\n<p>Das urspr\u00fcngliche Heizungssystem ist vollst\u00e4ndig.<br \/>\nSelbstmordt\u00fcren&#8220; sind ein klassisches Merkmal.<br \/>\nStarke hydraulische Bremsen.<br \/>\nEine neue 6-Volt-Batterie wurde gerade eingebaut.<\/p>\n<\/div>\n<div dir=\"auto\">Alle Reparaturhandb\u00fccher und einige andere interessante Gegenst\u00e4nde werden mit dem Auto geliefert.<\/div>\n<div dir=\"auto\">Alles in allem handelt es sich um ein seltenes originales, vollst\u00e4ndiges Luxusauto. Der Verk\u00e4ufer glaubt, dass es sich um das einzige Exemplar dieser Art in D\u00e4nemark handelt.<\/div>\n<\/div>\n<\/div>\n<\/div>\n<\/div>\n<\/div>\n<div dir=\"auto\"><\/div>\n<h3 dir=\"auto\">Was ist ein Roadmaster?<\/h3>\n<p>Der Buick Roadmaster Trunkback Sedan ist ein von Buick, einem anerkannten Automobilhersteller, produziertes Luxuswagenmodell. Dieses 1936 als Teil der Century-Serie von Buick eingef\u00fchrte Modell ist f\u00fcr seine beeindruckende Kombination aus Stil, Leistung und Komfort bekannt.<\/p>\n<p>Dieses Auto hat ein unverwechselbares Design mit seiner eleganten, stromlinienf\u00f6rmigen Karosserie und einem Kofferraumdeckel, der sich als Kofferraumr\u00fcckwand abhebt und ihm ein einzigartiges und zeitgem\u00e4\u00dfes Aussehen verleiht. Das Auto wird von einem starken Motor angetrieben, der ihm gute Leistungen und ein beeindruckendes Fahrverhalten verleiht.<\/p>\n<p>Der Innenraum wurde mit Blick auf den Komfort gestaltet und bot ger\u00e4umige und gut ausgestattete Sitze sowie f\u00fcr die damalige Zeit moderne Annehmlichkeiten. Das Armaturenbrett ist stilvoll und funktionell und tr\u00e4gt zur Gesamt\u00e4sthetik des Fahrzeugs bei.<\/p>\n<p>Der Buick Roadmaster Trunkback Sedan von 1937 war zu seiner Zeit ein Symbol f\u00fcr Eleganz und Status.<\/p>\n","protected":false},"excerpt":{"rendered":"<p>Buick Roadmaster Trunkback Sedan &#8211; 1937 wurde 2001 neu lackiert und mehr als 20 Jahre lang in D\u00e4nemark gelagert. Das Auto wurde 2002 nach D\u00e4nemark importiert und hat nur 58.712 originale Meilen zur\u00fcckgelegt, was 93.940 km entspricht. Der originale Row 8 Motor l\u00e4uft sehr gut und hat ca. 130 PS. Das manuelle 3-Gang-Getriebe mit Fu\u00dfschaltung [&hellip;]<\/p>\n","protected":false},"featured_media":7664,"comment_status":"open","ping_status":"closed","template":"","meta":[],"product_brand":[],"product_cat":[476,477],"product_tag":[605,594,663,655,658,653,661,545,656],"class_list":{"0":"post-12882","1":"product","2":"type-product","3":"status-publish","4":"has-post-thumbnail","6":"car_models-buick","7":"car_models-roadmaster","8":"product_cat-autos","9":"product_cat-klassische-autos","10":"product_tag-amerikanische-autos","11":"product_tag-buick-de","12":"product_tag-buick-roadmaster-de","13":"product_tag-klassisch","14":"product_tag-kofferraum","15":"product_tag-nach-dem-krieg","16":"product_tag-roadmaster-de","17":"product_tag-us-autos","18":"product_tag-us-autos-de","20":"first","21":"instock","22":"sold-individually","23":"shipping-taxable","24":"purchasable","25":"product-type-auction"},"acf":[],"yoast_head":"<!-- This site is optimized with the Yoast SEO plugin v27.4 - https:\/\/yoast.com\/product\/yoast-seo-wordpress\/ -->\n<title>Buick Roadmaster Heckklappe Limousine - CarBeat<\/title>\n<meta name=\"description\" content=\"Buick Roadmaster Trunkback Sedan - 1937 ein amerikanisches Auto zum Verkauf bei CarBeat Chasing Cars. Finden Sie Spezialfahrzeuge, Oldtimer und Traumautos\" \/>\n<meta name=\"robots\" content=\"index, follow, max-snippet:-1, max-image-preview:large, max-video-preview:-1\" \/>\n<link rel=\"canonical\" href=\"https:\/\/carbeat.dk\/de\/produkt\/buick-roadmaster-heckklappe-limousine-kopier\/\" \/>\n<meta property=\"og:locale\" content=\"de_DE\" \/>\n<meta property=\"og:type\" content=\"article\" \/>\n<meta property=\"og:title\" content=\"Buick Roadmaster Heckklappe Limousine - CarBeat\" \/>\n<meta property=\"og:description\" content=\"Buick Roadmaster Trunkback Sedan - 1937 ein amerikanisches Auto zum Verkauf bei CarBeat Chasing Cars. Finden Sie Spezialfahrzeuge, Oldtimer und Traumautos\" \/>\n<meta property=\"og:url\" content=\"https:\/\/carbeat.dk\/de\/produkt\/buick-roadmaster-heckklappe-limousine-kopier\/\" \/>\n<meta property=\"og:site_name\" content=\"CarBeat\" \/>\n<meta property=\"article:publisher\" content=\"https:\/\/www.facebook.com\/CarBeatDK\/\" \/>\n<meta property=\"article:modified_time\" content=\"2024-03-17T12:55:17+00:00\" \/>\n<meta property=\"og:image\" content=\"https:\/\/carbeat.dk\/wp-content\/uploads\/2023\/09\/378851378_10223979256851508_5960207448107269480_n.jpg\" \/>\n\t<meta property=\"og:image:width\" content=\"2016\" \/>\n\t<meta property=\"og:image:height\" content=\"1134\" \/>\n\t<meta property=\"og:image:type\" content=\"image\/jpeg\" \/>\n<meta name=\"twitter:card\" content=\"summary_large_image\" \/>\n<meta name=\"twitter:label1\" content=\"Gesch\u00e4tzte Lesezeit\" \/>\n\t<meta name=\"twitter:data1\" content=\"3\u00a0Minuten\" \/>\n<script type=\"application\/ld+json\" class=\"yoast-schema-graph\">{\"@context\":\"https:\\\/\\\/schema.org\",\"@graph\":[{\"@type\":\"WebPage\",\"@id\":\"https:\\\/\\\/carbeat.dk\\\/de\\\/produkt\\\/buick-roadmaster-heckklappe-limousine-kopier\\\/\",\"url\":\"https:\\\/\\\/carbeat.dk\\\/de\\\/produkt\\\/buick-roadmaster-heckklappe-limousine-kopier\\\/\",\"name\":\"Buick Roadmaster Heckklappe Limousine - CarBeat\",\"isPartOf\":{\"@id\":\"https:\\\/\\\/carbeat.dk\\\/de\\\/#website\"},\"primaryImageOfPage\":{\"@id\":\"https:\\\/\\\/carbeat.dk\\\/de\\\/produkt\\\/buick-roadmaster-heckklappe-limousine-kopier\\\/#primaryimage\"},\"image\":{\"@id\":\"https:\\\/\\\/carbeat.dk\\\/de\\\/produkt\\\/buick-roadmaster-heckklappe-limousine-kopier\\\/#primaryimage\"},\"thumbnailUrl\":\"https:\\\/\\\/carbeat.dk\\\/wp-content\\\/uploads\\\/2023\\\/09\\\/378851378_10223979256851508_5960207448107269480_n.jpg\",\"datePublished\":\"2024-03-17T09:58:35+00:00\",\"dateModified\":\"2024-03-17T12:55:17+00:00\",\"description\":\"Buick Roadmaster Trunkback Sedan - 1937 ein amerikanisches Auto zum Verkauf bei CarBeat Chasing Cars. Finden Sie Spezialfahrzeuge, Oldtimer und Traumautos\",\"breadcrumb\":{\"@id\":\"https:\\\/\\\/carbeat.dk\\\/de\\\/produkt\\\/buick-roadmaster-heckklappe-limousine-kopier\\\/#breadcrumb\"},\"inLanguage\":\"de\",\"potentialAction\":[{\"@type\":\"ReadAction\",\"target\":[\"https:\\\/\\\/carbeat.dk\\\/de\\\/produkt\\\/buick-roadmaster-heckklappe-limousine-kopier\\\/\"]}]},{\"@type\":\"ImageObject\",\"inLanguage\":\"de\",\"@id\":\"https:\\\/\\\/carbeat.dk\\\/de\\\/produkt\\\/buick-roadmaster-heckklappe-limousine-kopier\\\/#primaryimage\",\"url\":\"https:\\\/\\\/carbeat.dk\\\/wp-content\\\/uploads\\\/2023\\\/09\\\/378851378_10223979256851508_5960207448107269480_n.jpg\",\"contentUrl\":\"https:\\\/\\\/carbeat.dk\\\/wp-content\\\/uploads\\\/2023\\\/09\\\/378851378_10223979256851508_5960207448107269480_n.jpg\",\"width\":2016,\"height\":1134,\"caption\":\"Carbeat Chasing Cars Buick Roadmaster Profil\"},{\"@type\":\"BreadcrumbList\",\"@id\":\"https:\\\/\\\/carbeat.dk\\\/de\\\/produkt\\\/buick-roadmaster-heckklappe-limousine-kopier\\\/#breadcrumb\",\"itemListElement\":[{\"@type\":\"ListItem\",\"position\":1,\"name\":\"Hjem\",\"item\":\"https:\\\/\\\/carbeat.dk\\\/de\\\/\"},{\"@type\":\"ListItem\",\"position\":2,\"name\":\"Shop\",\"item\":\"https:\\\/\\\/carbeat.dk\\\/shop\\\/\"},{\"@type\":\"ListItem\",\"position\":3,\"name\":\"Buick Roadmaster Heckklappe Limousine\"}]},{\"@type\":\"WebSite\",\"@id\":\"https:\\\/\\\/carbeat.dk\\\/de\\\/#website\",\"url\":\"https:\\\/\\\/carbeat.dk\\\/de\\\/\",\"name\":\"CarBeat\",\"description\":\"Chasing Cars\",\"publisher\":{\"@id\":\"https:\\\/\\\/carbeat.dk\\\/de\\\/#organization\"},\"potentialAction\":[{\"@type\":\"SearchAction\",\"target\":{\"@type\":\"EntryPoint\",\"urlTemplate\":\"https:\\\/\\\/carbeat.dk\\\/de\\\/?s={search_term_string}\"},\"query-input\":{\"@type\":\"PropertyValueSpecification\",\"valueRequired\":true,\"valueName\":\"search_term_string\"}}],\"inLanguage\":\"de\"},{\"@type\":\"Organization\",\"@id\":\"https:\\\/\\\/carbeat.dk\\\/de\\\/#organization\",\"name\":\"CarBeat Chasing Cars\",\"url\":\"https:\\\/\\\/carbeat.dk\\\/de\\\/\",\"logo\":{\"@type\":\"ImageObject\",\"inLanguage\":\"de\",\"@id\":\"https:\\\/\\\/carbeat.dk\\\/de\\\/#\\\/schema\\\/logo\\\/image\\\/\",\"url\":\"https:\\\/\\\/carbeat.dk\\\/wp-content\\\/uploads\\\/2023\\\/08\\\/CarBeat-Chasing-Cars-lille-2560x1560-1-1_clipped_rev_1.png\",\"contentUrl\":\"https:\\\/\\\/carbeat.dk\\\/wp-content\\\/uploads\\\/2023\\\/08\\\/CarBeat-Chasing-Cars-lille-2560x1560-1-1_clipped_rev_1.png\",\"width\":2560,\"height\":1560,\"caption\":\"CarBeat Chasing Cars\"},\"image\":{\"@id\":\"https:\\\/\\\/carbeat.dk\\\/de\\\/#\\\/schema\\\/logo\\\/image\\\/\"},\"sameAs\":[\"https:\\\/\\\/www.facebook.com\\\/CarBeatDK\\\/\",\"https:\\\/\\\/www.instagram.com\\\/carbeatdk\\\/\",\"https:\\\/\\\/www.linkedin.com\\\/company\\\/carbeat\\\/\"]}]}<\/script>\n<!-- \/ Yoast SEO plugin. -->","yoast_head_json":{"title":"Buick Roadmaster Heckklappe Limousine - CarBeat","description":"Buick Roadmaster Trunkback Sedan - 1937 ein amerikanisches Auto zum Verkauf bei CarBeat Chasing Cars. Finden Sie Spezialfahrzeuge, Oldtimer und Traumautos","robots":{"index":"index","follow":"follow","max-snippet":"max-snippet:-1","max-image-preview":"max-image-preview:large","max-video-preview":"max-video-preview:-1"},"canonical":"https:\/\/carbeat.dk\/de\/produkt\/buick-roadmaster-heckklappe-limousine-kopier\/","og_locale":"de_DE","og_type":"article","og_title":"Buick Roadmaster Heckklappe Limousine - CarBeat","og_description":"Buick Roadmaster Trunkback Sedan - 1937 ein amerikanisches Auto zum Verkauf bei CarBeat Chasing Cars. Finden Sie Spezialfahrzeuge, Oldtimer und Traumautos","og_url":"https:\/\/carbeat.dk\/de\/produkt\/buick-roadmaster-heckklappe-limousine-kopier\/","og_site_name":"CarBeat","article_publisher":"https:\/\/www.facebook.com\/CarBeatDK\/","article_modified_time":"2024-03-17T12:55:17+00:00","og_image":[{"width":2016,"height":1134,"url":"https:\/\/carbeat.dk\/wp-content\/uploads\/2023\/09\/378851378_10223979256851508_5960207448107269480_n.jpg","type":"image\/jpeg"}],"twitter_card":"summary_large_image","twitter_misc":{"Gesch\u00e4tzte Lesezeit":"3\u00a0Minuten"},"schema":{"@context":"https:\/\/schema.org","@graph":[{"@type":"WebPage","@id":"https:\/\/carbeat.dk\/de\/produkt\/buick-roadmaster-heckklappe-limousine-kopier\/","url":"https:\/\/carbeat.dk\/de\/produkt\/buick-roadmaster-heckklappe-limousine-kopier\/","name":"Buick Roadmaster Heckklappe Limousine - CarBeat","isPartOf":{"@id":"https:\/\/carbeat.dk\/de\/#website"},"primaryImageOfPage":{"@id":"https:\/\/carbeat.dk\/de\/produkt\/buick-roadmaster-heckklappe-limousine-kopier\/#primaryimage"},"image":{"@id":"https:\/\/carbeat.dk\/de\/produkt\/buick-roadmaster-heckklappe-limousine-kopier\/#primaryimage"},"thumbnailUrl":"https:\/\/carbeat.dk\/wp-content\/uploads\/2023\/09\/378851378_10223979256851508_5960207448107269480_n.jpg","datePublished":"2024-03-17T09:58:35+00:00","dateModified":"2024-03-17T12:55:17+00:00","description":"Buick Roadmaster Trunkback Sedan - 1937 ein amerikanisches Auto zum Verkauf bei CarBeat Chasing Cars. Finden Sie Spezialfahrzeuge, Oldtimer und Traumautos","breadcrumb":{"@id":"https:\/\/carbeat.dk\/de\/produkt\/buick-roadmaster-heckklappe-limousine-kopier\/#breadcrumb"},"inLanguage":"de","potentialAction":[{"@type":"ReadAction","target":["https:\/\/carbeat.dk\/de\/produkt\/buick-roadmaster-heckklappe-limousine-kopier\/"]}]},{"@type":"ImageObject","inLanguage":"de","@id":"https:\/\/carbeat.dk\/de\/produkt\/buick-roadmaster-heckklappe-limousine-kopier\/#primaryimage","url":"https:\/\/carbeat.dk\/wp-content\/uploads\/2023\/09\/378851378_10223979256851508_5960207448107269480_n.jpg","contentUrl":"https:\/\/carbeat.dk\/wp-content\/uploads\/2023\/09\/378851378_10223979256851508_5960207448107269480_n.jpg","width":2016,"height":1134,"caption":"Carbeat Chasing Cars Buick Roadmaster Profil"},{"@type":"BreadcrumbList","@id":"https:\/\/carbeat.dk\/de\/produkt\/buick-roadmaster-heckklappe-limousine-kopier\/#breadcrumb","itemListElement":[{"@type":"ListItem","position":1,"name":"Hjem","item":"https:\/\/carbeat.dk\/de\/"},{"@type":"ListItem","position":2,"name":"Shop","item":"https:\/\/carbeat.dk\/shop\/"},{"@type":"ListItem","position":3,"name":"Buick Roadmaster Heckklappe Limousine"}]},{"@type":"WebSite","@id":"https:\/\/carbeat.dk\/de\/#website","url":"https:\/\/carbeat.dk\/de\/","name":"CarBeat","description":"Chasing Cars","publisher":{"@id":"https:\/\/carbeat.dk\/de\/#organization"},"potentialAction":[{"@type":"SearchAction","target":{"@type":"EntryPoint","urlTemplate":"https:\/\/carbeat.dk\/de\/?s={search_term_string}"},"query-input":{"@type":"PropertyValueSpecification","valueRequired":true,"valueName":"search_term_string"}}],"inLanguage":"de"},{"@type":"Organization","@id":"https:\/\/carbeat.dk\/de\/#organization","name":"CarBeat Chasing Cars","url":"https:\/\/carbeat.dk\/de\/","logo":{"@type":"ImageObject","inLanguage":"de","@id":"https:\/\/carbeat.dk\/de\/#\/schema\/logo\/image\/","url":"https:\/\/carbeat.dk\/wp-content\/uploads\/2023\/08\/CarBeat-Chasing-Cars-lille-2560x1560-1-1_clipped_rev_1.png","contentUrl":"https:\/\/carbeat.dk\/wp-content\/uploads\/2023\/08\/CarBeat-Chasing-Cars-lille-2560x1560-1-1_clipped_rev_1.png","width":2560,"height":1560,"caption":"CarBeat Chasing Cars"},"image":{"@id":"https:\/\/carbeat.dk\/de\/#\/schema\/logo\/image\/"},"sameAs":["https:\/\/www.facebook.com\/CarBeatDK\/","https:\/\/www.instagram.com\/carbeatdk\/","https:\/\/www.linkedin.com\/company\/carbeat\/"]}]}},"_links":{"self":[{"href":"https:\/\/carbeat.dk\/de\/wp-json\/wp\/v2\/product\/12882","targetHints":{"allow":["GET"]}}],"collection":[{"href":"https:\/\/carbeat.dk\/de\/wp-json\/wp\/v2\/product"}],"about":[{"href":"https:\/\/carbeat.dk\/de\/wp-json\/wp\/v2\/types\/product"}],"replies":[{"embeddable":true,"href":"https:\/\/carbeat.dk\/de\/wp-json\/wp\/v2\/comments?post=12882"}],"version-history":[{"count":2,"href":"https:\/\/carbeat.dk\/de\/wp-json\/wp\/v2\/product\/12882\/revisions"}],"predecessor-version":[{"id":12911,"href":"https:\/\/carbeat.dk\/de\/wp-json\/wp\/v2\/product\/12882\/revisions\/12911"}],"wp:featuredmedia":[{"embeddable":true,"href":"https:\/\/carbeat.dk\/de\/wp-json\/wp\/v2\/media\/7664"}],"wp:attachment":[{"href":"https:\/\/carbeat.dk\/de\/wp-json\/wp\/v2\/media?parent=12882"}],"wp:term":[{"taxonomy":"product_brand","embeddable":true,"href":"https:\/\/carbeat.dk\/de\/wp-json\/wp\/v2\/product_brand?post=12882"},{"taxonomy":"product_cat","embeddable":true,"href":"https:\/\/carbeat.dk\/de\/wp-json\/wp\/v2\/product_cat?post=12882"},{"taxonomy":"product_tag","embeddable":true,"href":"https:\/\/carbeat.dk\/de\/wp-json\/wp\/v2\/product_tag?post=12882"}],"curies":[{"name":"wp","href":"https:\/\/api.w.org\/{rel}","templated":true}]}}