{"id":12869,"date":"2024-03-17T10:47:45","date_gmt":"2024-03-17T09:47:45","guid":{"rendered":"https:\/\/carbeat.dk\/?post_type=product&#038;p=12869"},"modified":"2024-03-17T10:50:42","modified_gmt":"2024-03-17T09:50:42","slug":"buick-electra-225-cabrio-kopier","status":"publish","type":"product","link":"https:\/\/carbeat.dk\/de\/produkt\/buick-electra-225-cabrio-kopier\/","title":{"rendered":"Buick Electra 225 Cabrio"},"content":{"rendered":"<div class=\"x1e56ztr\">\n<p><span class=\"x193iq5w xeuugli x13faqbe x1vvkbs xlh3980 xvmahel x1n0sxbx x6prxxf xvq8zen xo1l8bm xzsf02u\"><b>BUICK ELECTRA 225 CONVERTIBLE von 1961<\/b><\/span><\/p>\n<p>&nbsp;<\/p>\n<\/div>\n<div class=\"x1e56ztr\"><span class=\"x193iq5w xeuugli x13faqbe x1vvkbs xlh3980 xvmahel x1n0sxbx x6prxxf xvq8zen xo1l8bm xzsf02u\"><span class=\"x193iq5w xeuugli x13faqbe x1vvkbs xlh3980 xvmahel x1n0sxbx x6prxxf xvq8zen xo1l8bm xzsf02u\">Dieser dreifach blaue Buick ist die 2. Generation des Modells. Von diesen Modellen wurden 7.158 St\u00fcck produziert. Es gibt nur noch sehr wenige. Ich glaube, es gibt 4 in D\u00e4nemark. Dies ist das Spitzenmodell von Buick f\u00fcr 1961.<br \/>\nSehen Sie sich all die Designdetails an. Mit 225 Zoll ist es ein langes Auto, ein wirklich langes Auto &#8211; umgerechnet 571,5 cm. Das ist fast 6 Meter lang.<\/span><\/span><\/div>\n<div class=\"x1e56ztr\">\n<p><span class=\"x193iq5w xeuugli x13faqbe x1vvkbs xlh3980 xvmahel x1n0sxbx x6prxxf xvq8zen xo1l8bm xzsf02u\">Sehr originales, rostfreies kalifornisches Auto mit 34.000 Meilen. 401 (6.6L) Buick Nailhead V8, neu gebaut, mit 325 Pferdest\u00e4rken.<\/span><\/p>\n<p>Vollst\u00e4ndig \u00fcberholtes Dynaflow-Automatikgetriebe.<br \/>\nNeues fabrikm\u00e4\u00dfiges Auspuffsystem. Neue Aluminiumtrommeln vorne und neue Bremsen rundum. 5 breite wei\u00dfe Radialreifen, 100 Meilen gefahren.<br \/>\nNeue Sto\u00dfd\u00e4mpfer.<br \/>\nNeues Hartz Cancas Cabrioverdeck mit neuer Pumpe und Zylindern.<br \/>\nSch\u00f6ne schwere Lederausstattung mit der Option der seltenen Schalensitze.<br \/>\nNeue Windschutzscheibe mit neuer Gummidichtung. (Sehr schwierig zu installieren, ohne die gew\u00f6lbte Windschutzscheibe zu besch\u00e4digen).<b><br \/>\n<\/b>Neue Dichtungsringe sind im Lieferumfang des Wagens enthalten.<\/p>\n<p>Alle Verkleidungen sind sehr sch\u00f6n mit sch\u00f6nem Chrom.<br \/>\nDie vordere Sto\u00dfstange zeigt einige Flecken von Chrom, die Pop und m\u00fcssen neu gemacht werden.<\/p>\n<p>Das Auto wurde vor 18 Jahren lackiert, sieht aber mit ein paar kleinen Dellen und Kratzern gut aus. Verf\u00fcgt \u00fcber einen eingebauten RCA-Plattenspieler mit 45 Umdrehungen pro Minute.<\/p>\n<\/div>\n<div class=\"x1e56ztr\"><span class=\"x193iq5w xeuugli x13faqbe x1vvkbs xlh3980 xvmahel x1n0sxbx x6prxxf xvq8zen xo1l8bm xzsf02u\"><span class=\"x193iq5w xeuugli x13faqbe x1vvkbs xlh3980 xvmahel x1n0sxbx x6prxxf xvq8zen xo1l8bm xzsf02u\">Elektrische Fensterheber, die alle einwandfrei funktionieren.<br \/>\nDie Fensterrahmen haben etwas Rost. Ein kompletter Satz von 4 korrekten Fensterrahmen mit gutem Chrom ist im Lieferumfang des Autos enthalten. Diese sind extrem schwer in gutem Zustand zu finden, da sie nur f\u00fcr Cabriolets von 1961 vorgesehen sind.<br \/>\nEin neuer rechter Spiegel ist im Lieferumfang enthalten.<br \/>\nEnth\u00e4lt 4 zus\u00e4tzliche Radkappen f\u00fcr das Auto.<br \/>\nIm Lieferumfang des Wagens sind zahlreiche Ersatzteile enthalten.<br \/>\nIch denke, es ist alles vorhanden, um das Auto zu vervollst\u00e4ndigen.<br \/>\nSchauen Sie sich die Bilder an, um zu sehen, was alles enthalten ist.<\/span><\/span><\/div>\n<div class=\"x1e56ztr\"><span class=\"x193iq5w xeuugli x13faqbe x1vvkbs xlh3980 xvmahel x1n0sxbx x6prxxf xvq8zen xo1l8bm xzsf02u\"><span class=\"x193iq5w xeuugli x13faqbe x1vvkbs xlh3980 xvmahel x1n0sxbx x6prxxf xvq8zen xo1l8bm xzsf02u\">Die T\u00fcren und Frontscheiben m\u00fcssen angepasst werden, sie wurden nach dem Maler nicht richtig eingestellt.<br \/>\nDas Auto braucht viele kleine Anpassungen &#8211; gr\u00f6\u00dfere brauchen nur ein wenig Zeit und eine liebevolle Hand.<\/span><\/span><\/div>\n<div class=\"x1e56ztr\"><span class=\"x193iq5w xeuugli x13faqbe x1vvkbs xlh3980 xvmahel x1n0sxbx x6prxxf xvq8zen xo1l8bm xzsf02u\">Eine gro\u00dfartige Investition und eine Freude, ein so sch\u00f6nes Auto zu fahren. Ich habe keine Zeit, die Arbeit zu beenden.<br \/>\n<\/span><span class=\"x193iq5w xeuugli x13faqbe x1vvkbs xlh3980 xvmahel x1n0sxbx x6prxxf xvq8zen xo1l8bm xzsf02u\"><br \/>\n  <span class=\"x193iq5w xeuugli x13faqbe x1vvkbs xlh3980 xvmahel x1n0sxbx x6prxxf xvq8zen xo1l8bm xzsf02u\">D\u00e4nische Zulassungssteuer ca. 8.000 DKK)<\/span><br \/>\n<\/span>Die obige Beschreibung des Verk\u00e4ufers ist nach bestem Wissen und Gewissen des Verk\u00e4ufers \u00fcber die Geschichte und den Zustand des Autos.<\/div>\n<div><\/div>\n<div><\/div>\n<h3>Was ist ein Buick Electra 225 Cabriolet<\/h3>\n<p>Der Buick Electra 225 Convertible ist ein klassisches und ikonisches Automodell des amerikanischen Automobilherstellers Buick, das auf die Mitte des 20. Jahrhunderts zur\u00fcckgeht. Bei dem Modell handelt es sich um eine Oberklasselimousine, die sich vor allem durch ihre beeindruckende L\u00e4nge von 225 Zoll auszeichnet, was sich auch im Namen Electra 225&#8243; widerspiegelt.<\/p>\n<p>Diese Cabrio-Variante des Buick Electra 225 ist f\u00fcr seine elegante und offene Karosserie bekannt, was ihn zu einem begehrten Klassiker unter den Autoliebhabern macht. Die offene Dachl\u00f6sung tr\u00e4gt zu einem luxuri\u00f6sen Fahrerlebnis bei und verleiht dem Design des Fahrzeugs einen zeitlosen Reiz. Der Buick Electra 225 Convertible wird oft mit der \u00c4ra der amerikanischen Luxusautos der 1960er und 1970er Jahre in Verbindung gebracht und repr\u00e4sentiert ein St\u00fcck Automobilgeschichte, in der Komfort, Ger\u00e4umigkeit und Stil an erster Stelle standen.<\/p>\n<p>Mit seiner beeindruckenden Gr\u00f6\u00dfe und seinem charmanten Aussehen ist der Buick Electra 225 Convertible in die Geschichte eingegangen als ein Auto, das Eleganz ausstrahlt und eine \u00c4ra des anspruchsvollen Fahrens symbolisiert.<\/p>\n","protected":false},"excerpt":{"rendered":"<p>BUICK ELECTRA 225 CONVERTIBLE von 1961 &nbsp; Dieser dreifach blaue Buick ist die 2. Generation des Modells. Von diesen Modellen wurden 7.158 St\u00fcck produziert. Es gibt nur noch sehr wenige. Ich glaube, es gibt 4 in D\u00e4nemark. Dies ist das Spitzenmodell von Buick f\u00fcr 1961. Sehen Sie sich all die Designdetails an. Mit 225 Zoll [&hellip;]<\/p>\n","protected":false},"featured_media":11194,"comment_status":"open","ping_status":"closed","template":"","meta":[],"product_brand":[],"product_cat":[476],"product_tag":[549,594,895,891,897,482,814,892,888],"class_list":{"0":"post-12869","1":"product","2":"type-product","3":"status-publish","4":"has-post-thumbnail","6":"car_models-buick","7":"car_models-electra-225","8":"product_cat-autos","9":"product_tag-amerikanisches-auto","10":"product_tag-buick-de","11":"product_tag-buick-cabrio","12":"product_tag-buick-electra-de","13":"product_tag-buick-electra-225-cabrio","14":"product_tag-cabrio","15":"product_tag-cabrio-de","16":"product_tag-dollargrinsen","17":"product_tag-us-auto","19":"first","20":"instock","21":"sold-individually","22":"shipping-taxable","23":"purchasable","24":"product-type-auction"},"acf":[],"yoast_head":"<!-- This site is optimized with the Yoast SEO plugin v25.4 - https:\/\/yoast.com\/wordpress\/plugins\/seo\/ -->\n<title>Buick Electra 225 Cabrio - CarBeat<\/title>\n<meta name=\"description\" content=\"Buick Electra 225 Cabrio, das ist ein Full-Size-Auto mit seinen 225 Zoll, die 571,5 cm ist, ist es jetzt auf Auktion in sch\u00f6nen blau in blau in blau in blau.\" \/>\n<meta name=\"robots\" content=\"index, follow, max-snippet:-1, max-image-preview:large, max-video-preview:-1\" \/>\n<link rel=\"canonical\" href=\"https:\/\/carbeat.dk\/de\/produkt\/buick-electra-225-cabrio-kopier\/\" \/>\n<meta property=\"og:locale\" content=\"de_DE\" \/>\n<meta property=\"og:type\" content=\"article\" \/>\n<meta property=\"og:title\" content=\"Buick Electra 225 Cabrio - CarBeat\" \/>\n<meta property=\"og:description\" content=\"Buick Electra 225 Cabrio, das ist ein Full-Size-Auto mit seinen 225 Zoll, die 571,5 cm ist, ist es jetzt auf Auktion in sch\u00f6nen blau in blau in blau in blau.\" \/>\n<meta property=\"og:url\" content=\"https:\/\/carbeat.dk\/de\/produkt\/buick-electra-225-cabrio-kopier\/\" \/>\n<meta property=\"og:site_name\" content=\"CarBeat\" \/>\n<meta property=\"article:publisher\" content=\"https:\/\/www.facebook.com\/CarBeatDK\/\" \/>\n<meta property=\"article:modified_time\" content=\"2024-03-17T09:50:42+00:00\" \/>\n<meta property=\"og:image\" content=\"https:\/\/carbeat.dk\/wp-content\/uploads\/2024\/01\/Buick-Electra-225-Convertible402664045_10224341158258817_843491016385349824_n.jpg\" \/>\n\t<meta property=\"og:image:width\" content=\"2048\" \/>\n\t<meta property=\"og:image:height\" content=\"1152\" \/>\n\t<meta property=\"og:image:type\" content=\"image\/jpeg\" \/>\n<meta name=\"twitter:card\" content=\"summary_large_image\" \/>\n<meta name=\"twitter:label1\" content=\"Gesch\u00e4tzte Lesezeit\" \/>\n\t<meta name=\"twitter:data1\" content=\"3\u00a0Minuten\" \/>\n<script type=\"application\/ld+json\" class=\"yoast-schema-graph\">{\"@context\":\"https:\/\/schema.org\",\"@graph\":[{\"@type\":\"WebPage\",\"@id\":\"https:\/\/carbeat.dk\/de\/produkt\/buick-electra-225-cabrio-kopier\/\",\"url\":\"https:\/\/carbeat.dk\/de\/produkt\/buick-electra-225-cabrio-kopier\/\",\"name\":\"Buick Electra 225 Cabrio - CarBeat\",\"isPartOf\":{\"@id\":\"https:\/\/carbeat.dk\/de\/#website\"},\"primaryImageOfPage\":{\"@id\":\"https:\/\/carbeat.dk\/de\/produkt\/buick-electra-225-cabrio-kopier\/#primaryimage\"},\"image\":{\"@id\":\"https:\/\/carbeat.dk\/de\/produkt\/buick-electra-225-cabrio-kopier\/#primaryimage\"},\"thumbnailUrl\":\"https:\/\/carbeat.dk\/wp-content\/uploads\/2024\/01\/Buick-Electra-225-Convertible402664045_10224341158258817_843491016385349824_n.jpg\",\"datePublished\":\"2024-03-17T09:47:45+00:00\",\"dateModified\":\"2024-03-17T09:50:42+00:00\",\"description\":\"Buick Electra 225 Cabrio, das ist ein Full-Size-Auto mit seinen 225 Zoll, die 571,5 cm ist, ist es jetzt auf Auktion in sch\u00f6nen blau in blau in blau in blau.\",\"breadcrumb\":{\"@id\":\"https:\/\/carbeat.dk\/de\/produkt\/buick-electra-225-cabrio-kopier\/#breadcrumb\"},\"inLanguage\":\"de\",\"potentialAction\":[{\"@type\":\"ReadAction\",\"target\":[\"https:\/\/carbeat.dk\/de\/produkt\/buick-electra-225-cabrio-kopier\/\"]}]},{\"@type\":\"ImageObject\",\"inLanguage\":\"de\",\"@id\":\"https:\/\/carbeat.dk\/de\/produkt\/buick-electra-225-cabrio-kopier\/#primaryimage\",\"url\":\"https:\/\/carbeat.dk\/wp-content\/uploads\/2024\/01\/Buick-Electra-225-Convertible402664045_10224341158258817_843491016385349824_n.jpg\",\"contentUrl\":\"https:\/\/carbeat.dk\/wp-content\/uploads\/2024\/01\/Buick-Electra-225-Convertible402664045_10224341158258817_843491016385349824_n.jpg\",\"width\":2048,\"height\":1152,\"caption\":\"CarBeat Chasing Cars nicht nur eine weitere Auktion - Bucik Electra 225 Profil mit\"},{\"@type\":\"BreadcrumbList\",\"@id\":\"https:\/\/carbeat.dk\/de\/produkt\/buick-electra-225-cabrio-kopier\/#breadcrumb\",\"itemListElement\":[{\"@type\":\"ListItem\",\"position\":1,\"name\":\"Hjem\",\"item\":\"https:\/\/carbeat.dk\/de\/\"},{\"@type\":\"ListItem\",\"position\":2,\"name\":\"Shop\",\"item\":\"https:\/\/carbeat.dk\/shop\/\"},{\"@type\":\"ListItem\",\"position\":3,\"name\":\"Buick Electra 225 Cabrio\"}]},{\"@type\":\"WebSite\",\"@id\":\"https:\/\/carbeat.dk\/de\/#website\",\"url\":\"https:\/\/carbeat.dk\/de\/\",\"name\":\"CarBeat\",\"description\":\"Chasing Cars\",\"publisher\":{\"@id\":\"https:\/\/carbeat.dk\/de\/#organization\"},\"potentialAction\":[{\"@type\":\"SearchAction\",\"target\":{\"@type\":\"EntryPoint\",\"urlTemplate\":\"https:\/\/carbeat.dk\/de\/?s={search_term_string}\"},\"query-input\":{\"@type\":\"PropertyValueSpecification\",\"valueRequired\":true,\"valueName\":\"search_term_string\"}}],\"inLanguage\":\"de\"},{\"@type\":\"Organization\",\"@id\":\"https:\/\/carbeat.dk\/de\/#organization\",\"name\":\"CarBeat Chasing Cars\",\"url\":\"https:\/\/carbeat.dk\/de\/\",\"logo\":{\"@type\":\"ImageObject\",\"inLanguage\":\"de\",\"@id\":\"https:\/\/carbeat.dk\/de\/#\/schema\/logo\/image\/\",\"url\":\"https:\/\/carbeat.dk\/wp-content\/uploads\/2023\/08\/CarBeat-Chasing-Cars-lille-2560x1560-1-1_clipped_rev_1.png\",\"contentUrl\":\"https:\/\/carbeat.dk\/wp-content\/uploads\/2023\/08\/CarBeat-Chasing-Cars-lille-2560x1560-1-1_clipped_rev_1.png\",\"width\":2560,\"height\":1560,\"caption\":\"CarBeat Chasing Cars\"},\"image\":{\"@id\":\"https:\/\/carbeat.dk\/de\/#\/schema\/logo\/image\/\"},\"sameAs\":[\"https:\/\/www.facebook.com\/CarBeatDK\/\",\"https:\/\/www.instagram.com\/carbeatdk\/\",\"https:\/\/www.linkedin.com\/company\/carbeat\/\"]}]}<\/script>\n<!-- \/ Yoast SEO plugin. -->","yoast_head_json":{"title":"Buick Electra 225 Cabrio - CarBeat","description":"Buick Electra 225 Cabrio, das ist ein Full-Size-Auto mit seinen 225 Zoll, die 571,5 cm ist, ist es jetzt auf Auktion in sch\u00f6nen blau in blau in blau in blau.","robots":{"index":"index","follow":"follow","max-snippet":"max-snippet:-1","max-image-preview":"max-image-preview:large","max-video-preview":"max-video-preview:-1"},"canonical":"https:\/\/carbeat.dk\/de\/produkt\/buick-electra-225-cabrio-kopier\/","og_locale":"de_DE","og_type":"article","og_title":"Buick Electra 225 Cabrio - CarBeat","og_description":"Buick Electra 225 Cabrio, das ist ein Full-Size-Auto mit seinen 225 Zoll, die 571,5 cm ist, ist es jetzt auf Auktion in sch\u00f6nen blau in blau in blau in blau.","og_url":"https:\/\/carbeat.dk\/de\/produkt\/buick-electra-225-cabrio-kopier\/","og_site_name":"CarBeat","article_publisher":"https:\/\/www.facebook.com\/CarBeatDK\/","article_modified_time":"2024-03-17T09:50:42+00:00","og_image":[{"width":2048,"height":1152,"url":"https:\/\/carbeat.dk\/wp-content\/uploads\/2024\/01\/Buick-Electra-225-Convertible402664045_10224341158258817_843491016385349824_n.jpg","type":"image\/jpeg"}],"twitter_card":"summary_large_image","twitter_misc":{"Gesch\u00e4tzte Lesezeit":"3\u00a0Minuten"},"schema":{"@context":"https:\/\/schema.org","@graph":[{"@type":"WebPage","@id":"https:\/\/carbeat.dk\/de\/produkt\/buick-electra-225-cabrio-kopier\/","url":"https:\/\/carbeat.dk\/de\/produkt\/buick-electra-225-cabrio-kopier\/","name":"Buick Electra 225 Cabrio - CarBeat","isPartOf":{"@id":"https:\/\/carbeat.dk\/de\/#website"},"primaryImageOfPage":{"@id":"https:\/\/carbeat.dk\/de\/produkt\/buick-electra-225-cabrio-kopier\/#primaryimage"},"image":{"@id":"https:\/\/carbeat.dk\/de\/produkt\/buick-electra-225-cabrio-kopier\/#primaryimage"},"thumbnailUrl":"https:\/\/carbeat.dk\/wp-content\/uploads\/2024\/01\/Buick-Electra-225-Convertible402664045_10224341158258817_843491016385349824_n.jpg","datePublished":"2024-03-17T09:47:45+00:00","dateModified":"2024-03-17T09:50:42+00:00","description":"Buick Electra 225 Cabrio, das ist ein Full-Size-Auto mit seinen 225 Zoll, die 571,5 cm ist, ist es jetzt auf Auktion in sch\u00f6nen blau in blau in blau in blau.","breadcrumb":{"@id":"https:\/\/carbeat.dk\/de\/produkt\/buick-electra-225-cabrio-kopier\/#breadcrumb"},"inLanguage":"de","potentialAction":[{"@type":"ReadAction","target":["https:\/\/carbeat.dk\/de\/produkt\/buick-electra-225-cabrio-kopier\/"]}]},{"@type":"ImageObject","inLanguage":"de","@id":"https:\/\/carbeat.dk\/de\/produkt\/buick-electra-225-cabrio-kopier\/#primaryimage","url":"https:\/\/carbeat.dk\/wp-content\/uploads\/2024\/01\/Buick-Electra-225-Convertible402664045_10224341158258817_843491016385349824_n.jpg","contentUrl":"https:\/\/carbeat.dk\/wp-content\/uploads\/2024\/01\/Buick-Electra-225-Convertible402664045_10224341158258817_843491016385349824_n.jpg","width":2048,"height":1152,"caption":"CarBeat Chasing Cars nicht nur eine weitere Auktion - Bucik Electra 225 Profil mit"},{"@type":"BreadcrumbList","@id":"https:\/\/carbeat.dk\/de\/produkt\/buick-electra-225-cabrio-kopier\/#breadcrumb","itemListElement":[{"@type":"ListItem","position":1,"name":"Hjem","item":"https:\/\/carbeat.dk\/de\/"},{"@type":"ListItem","position":2,"name":"Shop","item":"https:\/\/carbeat.dk\/shop\/"},{"@type":"ListItem","position":3,"name":"Buick Electra 225 Cabrio"}]},{"@type":"WebSite","@id":"https:\/\/carbeat.dk\/de\/#website","url":"https:\/\/carbeat.dk\/de\/","name":"CarBeat","description":"Chasing Cars","publisher":{"@id":"https:\/\/carbeat.dk\/de\/#organization"},"potentialAction":[{"@type":"SearchAction","target":{"@type":"EntryPoint","urlTemplate":"https:\/\/carbeat.dk\/de\/?s={search_term_string}"},"query-input":{"@type":"PropertyValueSpecification","valueRequired":true,"valueName":"search_term_string"}}],"inLanguage":"de"},{"@type":"Organization","@id":"https:\/\/carbeat.dk\/de\/#organization","name":"CarBeat Chasing Cars","url":"https:\/\/carbeat.dk\/de\/","logo":{"@type":"ImageObject","inLanguage":"de","@id":"https:\/\/carbeat.dk\/de\/#\/schema\/logo\/image\/","url":"https:\/\/carbeat.dk\/wp-content\/uploads\/2023\/08\/CarBeat-Chasing-Cars-lille-2560x1560-1-1_clipped_rev_1.png","contentUrl":"https:\/\/carbeat.dk\/wp-content\/uploads\/2023\/08\/CarBeat-Chasing-Cars-lille-2560x1560-1-1_clipped_rev_1.png","width":2560,"height":1560,"caption":"CarBeat Chasing Cars"},"image":{"@id":"https:\/\/carbeat.dk\/de\/#\/schema\/logo\/image\/"},"sameAs":["https:\/\/www.facebook.com\/CarBeatDK\/","https:\/\/www.instagram.com\/carbeatdk\/","https:\/\/www.linkedin.com\/company\/carbeat\/"]}]}},"_links":{"self":[{"href":"https:\/\/carbeat.dk\/de\/wp-json\/wp\/v2\/product\/12869","targetHints":{"allow":["GET"]}}],"collection":[{"href":"https:\/\/carbeat.dk\/de\/wp-json\/wp\/v2\/product"}],"about":[{"href":"https:\/\/carbeat.dk\/de\/wp-json\/wp\/v2\/types\/product"}],"replies":[{"embeddable":true,"href":"https:\/\/carbeat.dk\/de\/wp-json\/wp\/v2\/comments?post=12869"}],"version-history":[{"count":2,"href":"https:\/\/carbeat.dk\/de\/wp-json\/wp\/v2\/product\/12869\/revisions"}],"predecessor-version":[{"id":12875,"href":"https:\/\/carbeat.dk\/de\/wp-json\/wp\/v2\/product\/12869\/revisions\/12875"}],"wp:featuredmedia":[{"embeddable":true,"href":"https:\/\/carbeat.dk\/de\/wp-json\/wp\/v2\/media\/11194"}],"wp:attachment":[{"href":"https:\/\/carbeat.dk\/de\/wp-json\/wp\/v2\/media?parent=12869"}],"wp:term":[{"taxonomy":"product_brand","embeddable":true,"href":"https:\/\/carbeat.dk\/de\/wp-json\/wp\/v2\/product_brand?post=12869"},{"taxonomy":"product_cat","embeddable":true,"href":"https:\/\/carbeat.dk\/de\/wp-json\/wp\/v2\/product_cat?post=12869"},{"taxonomy":"product_tag","embeddable":true,"href":"https:\/\/carbeat.dk\/de\/wp-json\/wp\/v2\/product_tag?post=12869"}],"curies":[{"name":"wp","href":"https:\/\/api.w.org\/{rel}","templated":true}]}}