{"id":12247,"date":"2024-03-03T12:55:22","date_gmt":"2024-03-03T11:55:22","guid":{"rendered":"https:\/\/carbeat.dk\/product\/mercedes-benz-300td\/"},"modified":"2024-03-03T12:55:22","modified_gmt":"2024-03-03T11:55:22","slug":"mercedes-benz-300td","status":"publish","type":"product","link":"https:\/\/carbeat.dk\/de\/produkt\/mercedes-benz-300td\/","title":{"rendered":"Mercedes-Benz 300TD"},"content":{"rendered":"<p>Mercedes-Benz 300TD W123 von 1983 in sehr gutem Zustand. Ein begehrenswerter Kombi, der zu einem sehr hohen Standard renoviert wurde.<br \/>\nTechnisch gesehen war er bereits in Ordnung, als der Verk\u00e4ufer ihn kaufte, mit neuem Kaliber, Scheiben, Bl\u00f6cken und der gesamten Vorderradaufh\u00e4ngung und dem kompletten Auspuff.<br \/>\nDer Verk\u00e4ufer entfernte daraufhin allen beginnenden Rost und alle Rostablagerungen und zerlegte den Wagen schlie\u00dflich vollst\u00e4ndig. Der Wagen ist komplett neu lackiert von Sonnengelb (680U) auf gl\u00e4nzendes Tiefschwarz.<br \/>\nSie haben mehr als 145 Stunden und 20.000 Pfund f\u00fcr Farbe und alle Arten von Leisten, Klammern usw. ausgegeben. Das Auto hat eine originale Zentralverriegelung.<\/p>\n<p>Neue Vordersitze wurden ohne Gebrauchsspuren eingebaut.<br \/>\nEs ist noch nie Taxi gefahren und hat eine Kilometergarantie.<br \/>\nNiedrige Kfz-Steuer.<\/p>\n<h3>Was ist ein Mercedes 300TD<\/h3>\n<p>Der Mercedes-Benz 300TD W123 ist ein ikonisches Automodell, das von 1977 bis 1985 produziert wurde. Er ist bekannt f\u00fcr seine Langlebigkeit, Zuverl\u00e4ssigkeit und sein luxuri\u00f6ses Design. Mit der Baureihe W123 wurde erstmals das Kombi-Modell 300TD eingef\u00fchrt, das sich schnell als einer der besten Kombis seiner Zeit etablierte.<\/p>\n<p>Der 300TD W123 wurde von einem leistungsstarken Turbodieselmotor angetrieben, der Leistung und Kraftstoffeffizienz miteinander verband. Die ger\u00e4umige Kabine und die bequemen Sitze machten ihn zu einem Favoriten f\u00fcr Familien und Gesch\u00e4ftsleute. Der Kofferraum war ebenfalls beeindruckend gro\u00df, was das Auto ideal f\u00fcr lange Reisen und den t\u00e4glichen Gebrauch macht.<\/p>\n<p>Die Karosserie des Wagens war ausgereift und robust, was zu seinem Ruf als zuverl\u00e4ssiges Fahrzeug beitrug. Der klassische K\u00fchlergrill und die eleganten Linien spiegeln das Engagement von Mercedes-Benz f\u00fcr ein zeitloses Design wider.<\/p>\n<p>Heute ist der 300TD W123 ein begehrter Klassiker unter Autoliebhabern, die seine historische Bedeutung und Qualit\u00e4t zu sch\u00e4tzen wissen. Er hat einen bleibenden Eindruck in der Automobilindustrie hinterlassen und bleibt eine Erinnerung an das Engagement von Mercedes-Benz, Autos auf h\u00f6chstem Niveau zu bauen.<\/p>\n","protected":false},"excerpt":{"rendered":"<p>Mercedes-Benz 300TD W123 von 1983 in sehr gutem Zustand. Ein begehrenswerter Kombi, der zu einem sehr hohen Standard renoviert wurde. Technisch gesehen war er bereits in Ordnung, als der Verk\u00e4ufer ihn kaufte, mit neuem Kaliber, Scheiben, Bl\u00f6cken und der gesamten Vorderradaufh\u00e4ngung und dem kompletten Auspuff. Der Verk\u00e4ufer entfernte daraufhin allen beginnenden Rost und alle Rostablagerungen [&hellip;]<\/p>\n","protected":false},"featured_media":0,"comment_status":"open","ping_status":"closed","template":"","meta":[],"product_brand":[],"product_cat":[15],"product_tag":[],"class_list":{"0":"post-12247","1":"product","2":"type-product","3":"status-publish","5":"product_cat-biler","7":"first","8":"instock","9":"shipping-taxable","10":"product-type-simple"},"acf":[],"yoast_head":"<!-- This site is optimized with the Yoast SEO plugin v27.4 - https:\/\/yoast.com\/product\/yoast-seo-wordpress\/ -->\n<title>Mercedes-Benz 300TD - CarBeat<\/title>\n<meta name=\"robots\" content=\"index, follow, max-snippet:-1, max-image-preview:large, max-video-preview:-1\" \/>\n<link rel=\"canonical\" href=\"https:\/\/carbeat.dk\/de\/produkt\/mercedes-benz-300td\/\" \/>\n<meta property=\"og:locale\" content=\"de_DE\" \/>\n<meta property=\"og:type\" content=\"article\" \/>\n<meta property=\"og:title\" content=\"Mercedes-Benz 300TD - CarBeat\" \/>\n<meta property=\"og:description\" content=\"Mercedes-Benz 300TD W123 von 1983 in sehr gutem Zustand. Ein begehrenswerter Kombi, der zu einem sehr hohen Standard renoviert wurde. Technisch gesehen war er bereits in Ordnung, als der Verk\u00e4ufer ihn kaufte, mit neuem Kaliber, Scheiben, Bl\u00f6cken und der gesamten Vorderradaufh\u00e4ngung und dem kompletten Auspuff. Der Verk\u00e4ufer entfernte daraufhin allen beginnenden Rost und alle Rostablagerungen [&hellip;]\" \/>\n<meta property=\"og:url\" content=\"https:\/\/carbeat.dk\/de\/produkt\/mercedes-benz-300td\/\" \/>\n<meta property=\"og:site_name\" content=\"CarBeat\" \/>\n<meta property=\"article:publisher\" content=\"https:\/\/www.facebook.com\/CarBeatDK\/\" \/>\n<meta name=\"twitter:card\" content=\"summary_large_image\" \/>\n<meta name=\"twitter:label1\" content=\"Gesch\u00e4tzte Lesezeit\" \/>\n\t<meta name=\"twitter:data1\" content=\"2\u00a0Minuten\" \/>\n<script type=\"application\/ld+json\" class=\"yoast-schema-graph\">{\"@context\":\"https:\\\/\\\/schema.org\",\"@graph\":[{\"@type\":\"WebPage\",\"@id\":\"https:\\\/\\\/carbeat.dk\\\/de\\\/produkt\\\/mercedes-benz-300td\\\/\",\"url\":\"https:\\\/\\\/carbeat.dk\\\/de\\\/produkt\\\/mercedes-benz-300td\\\/\",\"name\":\"Mercedes-Benz 300TD - CarBeat\",\"isPartOf\":{\"@id\":\"https:\\\/\\\/carbeat.dk\\\/de\\\/#website\"},\"datePublished\":\"2024-03-03T11:55:22+00:00\",\"breadcrumb\":{\"@id\":\"https:\\\/\\\/carbeat.dk\\\/de\\\/produkt\\\/mercedes-benz-300td\\\/#breadcrumb\"},\"inLanguage\":\"de\",\"potentialAction\":[{\"@type\":\"ReadAction\",\"target\":[\"https:\\\/\\\/carbeat.dk\\\/de\\\/produkt\\\/mercedes-benz-300td\\\/\"]}]},{\"@type\":\"BreadcrumbList\",\"@id\":\"https:\\\/\\\/carbeat.dk\\\/de\\\/produkt\\\/mercedes-benz-300td\\\/#breadcrumb\",\"itemListElement\":[{\"@type\":\"ListItem\",\"position\":1,\"name\":\"Hjem\",\"item\":\"https:\\\/\\\/carbeat.dk\\\/de\\\/\"},{\"@type\":\"ListItem\",\"position\":2,\"name\":\"Shop\",\"item\":\"https:\\\/\\\/carbeat.dk\\\/shop\\\/\"},{\"@type\":\"ListItem\",\"position\":3,\"name\":\"Mercedes-Benz 300TD\"}]},{\"@type\":\"WebSite\",\"@id\":\"https:\\\/\\\/carbeat.dk\\\/de\\\/#website\",\"url\":\"https:\\\/\\\/carbeat.dk\\\/de\\\/\",\"name\":\"CarBeat\",\"description\":\"Chasing Cars\",\"publisher\":{\"@id\":\"https:\\\/\\\/carbeat.dk\\\/de\\\/#organization\"},\"potentialAction\":[{\"@type\":\"SearchAction\",\"target\":{\"@type\":\"EntryPoint\",\"urlTemplate\":\"https:\\\/\\\/carbeat.dk\\\/de\\\/?s={search_term_string}\"},\"query-input\":{\"@type\":\"PropertyValueSpecification\",\"valueRequired\":true,\"valueName\":\"search_term_string\"}}],\"inLanguage\":\"de\"},{\"@type\":\"Organization\",\"@id\":\"https:\\\/\\\/carbeat.dk\\\/de\\\/#organization\",\"name\":\"CarBeat Chasing Cars\",\"url\":\"https:\\\/\\\/carbeat.dk\\\/de\\\/\",\"logo\":{\"@type\":\"ImageObject\",\"inLanguage\":\"de\",\"@id\":\"https:\\\/\\\/carbeat.dk\\\/de\\\/#\\\/schema\\\/logo\\\/image\\\/\",\"url\":\"https:\\\/\\\/carbeat.dk\\\/wp-content\\\/uploads\\\/2023\\\/08\\\/CarBeat-Chasing-Cars-lille-2560x1560-1-1_clipped_rev_1.png\",\"contentUrl\":\"https:\\\/\\\/carbeat.dk\\\/wp-content\\\/uploads\\\/2023\\\/08\\\/CarBeat-Chasing-Cars-lille-2560x1560-1-1_clipped_rev_1.png\",\"width\":2560,\"height\":1560,\"caption\":\"CarBeat Chasing Cars\"},\"image\":{\"@id\":\"https:\\\/\\\/carbeat.dk\\\/de\\\/#\\\/schema\\\/logo\\\/image\\\/\"},\"sameAs\":[\"https:\\\/\\\/www.facebook.com\\\/CarBeatDK\\\/\",\"https:\\\/\\\/www.instagram.com\\\/carbeatdk\\\/\",\"https:\\\/\\\/www.linkedin.com\\\/company\\\/carbeat\\\/\"]}]}<\/script>\n<!-- \/ Yoast SEO plugin. -->","yoast_head_json":{"title":"Mercedes-Benz 300TD - CarBeat","robots":{"index":"index","follow":"follow","max-snippet":"max-snippet:-1","max-image-preview":"max-image-preview:large","max-video-preview":"max-video-preview:-1"},"canonical":"https:\/\/carbeat.dk\/de\/produkt\/mercedes-benz-300td\/","og_locale":"de_DE","og_type":"article","og_title":"Mercedes-Benz 300TD - CarBeat","og_description":"Mercedes-Benz 300TD W123 von 1983 in sehr gutem Zustand. Ein begehrenswerter Kombi, der zu einem sehr hohen Standard renoviert wurde. Technisch gesehen war er bereits in Ordnung, als der Verk\u00e4ufer ihn kaufte, mit neuem Kaliber, Scheiben, Bl\u00f6cken und der gesamten Vorderradaufh\u00e4ngung und dem kompletten Auspuff. Der Verk\u00e4ufer entfernte daraufhin allen beginnenden Rost und alle Rostablagerungen [&hellip;]","og_url":"https:\/\/carbeat.dk\/de\/produkt\/mercedes-benz-300td\/","og_site_name":"CarBeat","article_publisher":"https:\/\/www.facebook.com\/CarBeatDK\/","twitter_card":"summary_large_image","twitter_misc":{"Gesch\u00e4tzte Lesezeit":"2\u00a0Minuten"},"schema":{"@context":"https:\/\/schema.org","@graph":[{"@type":"WebPage","@id":"https:\/\/carbeat.dk\/de\/produkt\/mercedes-benz-300td\/","url":"https:\/\/carbeat.dk\/de\/produkt\/mercedes-benz-300td\/","name":"Mercedes-Benz 300TD - CarBeat","isPartOf":{"@id":"https:\/\/carbeat.dk\/de\/#website"},"datePublished":"2024-03-03T11:55:22+00:00","breadcrumb":{"@id":"https:\/\/carbeat.dk\/de\/produkt\/mercedes-benz-300td\/#breadcrumb"},"inLanguage":"de","potentialAction":[{"@type":"ReadAction","target":["https:\/\/carbeat.dk\/de\/produkt\/mercedes-benz-300td\/"]}]},{"@type":"BreadcrumbList","@id":"https:\/\/carbeat.dk\/de\/produkt\/mercedes-benz-300td\/#breadcrumb","itemListElement":[{"@type":"ListItem","position":1,"name":"Hjem","item":"https:\/\/carbeat.dk\/de\/"},{"@type":"ListItem","position":2,"name":"Shop","item":"https:\/\/carbeat.dk\/shop\/"},{"@type":"ListItem","position":3,"name":"Mercedes-Benz 300TD"}]},{"@type":"WebSite","@id":"https:\/\/carbeat.dk\/de\/#website","url":"https:\/\/carbeat.dk\/de\/","name":"CarBeat","description":"Chasing Cars","publisher":{"@id":"https:\/\/carbeat.dk\/de\/#organization"},"potentialAction":[{"@type":"SearchAction","target":{"@type":"EntryPoint","urlTemplate":"https:\/\/carbeat.dk\/de\/?s={search_term_string}"},"query-input":{"@type":"PropertyValueSpecification","valueRequired":true,"valueName":"search_term_string"}}],"inLanguage":"de"},{"@type":"Organization","@id":"https:\/\/carbeat.dk\/de\/#organization","name":"CarBeat Chasing Cars","url":"https:\/\/carbeat.dk\/de\/","logo":{"@type":"ImageObject","inLanguage":"de","@id":"https:\/\/carbeat.dk\/de\/#\/schema\/logo\/image\/","url":"https:\/\/carbeat.dk\/wp-content\/uploads\/2023\/08\/CarBeat-Chasing-Cars-lille-2560x1560-1-1_clipped_rev_1.png","contentUrl":"https:\/\/carbeat.dk\/wp-content\/uploads\/2023\/08\/CarBeat-Chasing-Cars-lille-2560x1560-1-1_clipped_rev_1.png","width":2560,"height":1560,"caption":"CarBeat Chasing Cars"},"image":{"@id":"https:\/\/carbeat.dk\/de\/#\/schema\/logo\/image\/"},"sameAs":["https:\/\/www.facebook.com\/CarBeatDK\/","https:\/\/www.instagram.com\/carbeatdk\/","https:\/\/www.linkedin.com\/company\/carbeat\/"]}]}},"_links":{"self":[{"href":"https:\/\/carbeat.dk\/de\/wp-json\/wp\/v2\/product\/12247","targetHints":{"allow":["GET"]}}],"collection":[{"href":"https:\/\/carbeat.dk\/de\/wp-json\/wp\/v2\/product"}],"about":[{"href":"https:\/\/carbeat.dk\/de\/wp-json\/wp\/v2\/types\/product"}],"replies":[{"embeddable":true,"href":"https:\/\/carbeat.dk\/de\/wp-json\/wp\/v2\/comments?post=12247"}],"version-history":[{"count":0,"href":"https:\/\/carbeat.dk\/de\/wp-json\/wp\/v2\/product\/12247\/revisions"}],"wp:attachment":[{"href":"https:\/\/carbeat.dk\/de\/wp-json\/wp\/v2\/media?parent=12247"}],"wp:term":[{"taxonomy":"product_brand","embeddable":true,"href":"https:\/\/carbeat.dk\/de\/wp-json\/wp\/v2\/product_brand?post=12247"},{"taxonomy":"product_cat","embeddable":true,"href":"https:\/\/carbeat.dk\/de\/wp-json\/wp\/v2\/product_cat?post=12247"},{"taxonomy":"product_tag","embeddable":true,"href":"https:\/\/carbeat.dk\/de\/wp-json\/wp\/v2\/product_tag?post=12247"}],"curies":[{"name":"wp","href":"https:\/\/api.w.org\/{rel}","templated":true}]}}