{"id":12153,"date":"2024-02-29T17:58:43","date_gmt":"2024-02-29T16:58:43","guid":{"rendered":"https:\/\/carbeat.dk\/product\/dodge-ram-1500-slt-club-cab\/"},"modified":"2024-03-11T15:42:28","modified_gmt":"2024-03-11T14:42:28","slug":"dodge-ram-1500-slt-club-cab","status":"publish","type":"product","link":"https:\/\/carbeat.dk\/de\/produkt\/dodge-ram-1500-slt-club-cab\/","title":{"rendered":"Dodge Ram 1500 SLT Club Cab"},"content":{"rendered":"<p>Dieser 1997 Dodge Ram 1500 SLT Club Cab mit kurzem Bett geh\u00f6rt zu einer Kategorie, die in den letzten Jahren immer beliebter geworden ist, der Kategorie Pick Ups.<\/p>\n<div class=\"x1e56ztr\">\n<p><span class=\"x193iq5w xeuugli x13faqbe x1vvkbs xlh3980 xvmahel x1n0sxbx x6prxxf xvq8zen xo1l8bm xzsf02u\">Hier erhalten Sie einen 5,2-Liter-V8-Benziner, Automatikgetriebe mit Overdrive. Es handelt sich um einen Texas-Pickup aus Edelstahl, der ein wenig abgenutzt ist.<\/span><\/p>\n<p>Er ist mit elektrischen Fensterhebern, Zentralverriegelung, funktionierender Klimaanlage, Servolenkung und Servobremsen ausgestattet. Das Auto f\u00e4hrt sich gro\u00dfartig und mit der neu eingebauten Windschutzscheibe kann man jetzt gut sehen.<\/p>\n<p>Niedrige Kfz-Steuer, 4600 DKK pro Jahr.<\/p>\n<\/div>\n<ul>\n<li class=\"x1e56ztr\"><span class=\"x193iq5w xeuugli x13faqbe x1vvkbs xlh3980 xvmahel x1n0sxbx x6prxxf xvq8zen xo1l8bm xzsf02u\">Es wurde<\/span><span class=\"x193iq5w xeuugli x13faqbe x1vvkbs xlh3980 xvmahel x1n0sxbx x6prxxf xvq8zen xo1l8bm xzsf02u\"><br \/>\n  <span class=\"x193iq5w xeuugli x13faqbe x1vvkbs xlh3980 xvmahel x1n0sxbx x6prxxf xvq8zen xo1l8bm xzsf02u\"> wurde am 20.10.2021 kontrolliert und vom Zoll abgefertigt.<\/span><br \/>\n<\/span><\/li>\n<li class=\"x1e56ztr\"><span class=\"x193iq5w xeuugli x13faqbe x1vvkbs xlh3980 xvmahel x1n0sxbx x6prxxf xvq8zen xo1l8bm xzsf02u\"><span class=\"x193iq5w xeuugli x13faqbe x1vvkbs xlh3980 xvmahel x1n0sxbx x6prxxf xvq8zen xo1l8bm xzsf02u\">Die Zulassungsgeb\u00fchr wurde nicht bezahlt, so dass der T\u00dcV und die Zollinspektion nach einem Monat abgelaufen sind und erneut durchgef\u00fchrt werden m\u00fcssen. Das sollte kein Problem sein.<\/span><\/span><\/li>\n<li class=\"x1e56ztr\"><span class=\"x193iq5w xeuugli x13faqbe x1vvkbs xlh3980 xvmahel x1n0sxbx x6prxxf xvq8zen xo1l8bm xzsf02u\"><span class=\"x193iq5w xeuugli x13faqbe x1vvkbs xlh3980 xvmahel x1n0sxbx x6prxxf xvq8zen xo1l8bm xzsf02u\">Die Datenerkl\u00e4rung wurde abgegeben und liegt dem Fahrzeug bei.<\/span><\/span>Z\u00f6lle und Einfuhrumsatzsteuer wurden entrichtet und sind selbstverst\u00e4ndlich im Verkaufspreis enthalten.<\/li>\n<\/ul>\n<h3>Die Geschichte hinter diesem Pick Up<\/h3>\n<p>Der 1997er Dodge Ram 1500 SLT Club Cab Short Bed ist ein kultiges Fahrzeug. Er vereint St\u00e4rke, Funktionalit\u00e4t und zeitlose \u00c4sthetik. Dieses Modelljahr des Dodge Ram 1500 repr\u00e4sentiert eine \u00c4ra, in der sich die Pickups von reinen Arbeitsfahrzeugen zu komfortableren und vielseitigeren Fahrzeugen entwickeln, die auch als Freizeitfahrzeuge genutzt werden k\u00f6nnen.<\/p>\n<p>Der Wagen wurde in einer Club Cab-Konfiguration angeboten, d. h. er hat eine verl\u00e4ngerte Kabine mit zus\u00e4tzlichem Platz hinter den Vordersitzen, genau wie dieses spezielle Fahrzeug. Dies macht ihn ideal f\u00fcr diejenigen, die Arbeitsfunktionen mit der M\u00f6glichkeit, Passagiere auf dem R\u00fccksitz zu bef\u00f6rdern, kombinieren m\u00f6chten. Das kurze Bett erh\u00f6ht die praktische Ladekapazit\u00e4t, ohne dass das Fahrzeug in der Stadt zu gro\u00df und unhandlich wird.<\/p>\n<p>Unter der Motorhaube bietet der 1997 Dodge Ram 1500 SLT Club Cab Short Bed verschiedene Motoroptionen, von V6- bis hin zu leistungsstarken V8-Motoren, die f\u00fcr beeindruckende Traktion und Leistung sorgen. Dadurch kann das Fahrzeug eine Vielzahl von Aufgaben bew\u00e4ltigen, vom t\u00e4glichen Fahren bis hin zu schweren Aufgaben und dem Ziehen von Anh\u00e4ngern.<\/p>\n<p>Der Innenraum der SLT-Edition (Sports Luxury Truck) wurde mit Blick auf den Komfort gestaltet und verf\u00fcgt \u00fcber eine f\u00fcr die damalige Zeit moderne Ausstattung. Er ist mit komfortablen Sitzen und verbesserten Funktionen ausgestattet, die das Fahrerlebnis noch angenehmer machen.<\/p>\n<p>Der Dodge Ram 1500 von 1997 weckt weiterhin Nostalgie und Bewunderung bei immer mehr Autoliebhabern, die klassische Pickups sch\u00e4tzen. Seine robuste Bauweise und seine Vielseitigkeit festigen seinen Platz in der Automobilgeschichte als zuverl\u00e4ssiger Arbeitskollege und zeitloses Symbol der amerikanischen Trucking-Tradition.<\/p>\n<h3><\/h3>\n","protected":false},"excerpt":{"rendered":"<p>Dieser 1997 Dodge Ram 1500 SLT Club Cab mit kurzem Bett geh\u00f6rt zu einer Kategorie, die in den letzten Jahren immer beliebter geworden ist, der Kategorie Pick Ups. Hier erhalten Sie einen 5,2-Liter-V8-Benziner, Automatikgetriebe mit Overdrive. Es handelt sich um einen Texas-Pickup aus Edelstahl, der ein wenig abgenutzt ist. Er ist mit elektrischen Fensterhebern, Zentralverriegelung, [&hellip;]<\/p>\n","protected":false},"featured_media":10094,"comment_status":"open","ping_status":"closed","template":"","meta":[],"product_brand":[],"product_cat":[476,566,492],"product_tag":[789,839,845,849,842],"class_list":{"0":"post-12153","1":"product","2":"type-product","3":"status-publish","4":"has-post-thumbnail","6":"car_models-dodge","7":"car_models-ram","8":"product_cat-autos","9":"product_cat-tonabnehmer","10":"product_cat-youngtimer-de","11":"product_tag-abholen","12":"product_tag-dodge-de","13":"product_tag-dodge-ram-de","14":"product_tag-dodge-ram-1500-slt-club-cab-de","15":"product_tag-ram-de","17":"first","18":"instock","19":"sold-individually","20":"shipping-taxable","21":"purchasable","22":"product-type-auction"},"acf":[],"yoast_head":"<!-- This site is optimized with the Yoast SEO plugin v27.4 - https:\/\/yoast.com\/product\/yoast-seo-wordpress\/ -->\n<title>der Autoauktion auf der CarBeat Chasing Cars<\/title>\n<meta name=\"description\" content=\"Dodge Ram 1500 SLT bei der Autoversteigerung von CarBeat Chasing Cars kaufen und ersteigern Sie Spezialfahrzeuge, amerikanische Autos und Pick-up Trucks\" \/>\n<meta name=\"robots\" content=\"index, follow, max-snippet:-1, max-image-preview:large, max-video-preview:-1\" \/>\n<link rel=\"canonical\" href=\"https:\/\/carbeat.dk\/de\/produkt\/dodge-ram-1500-slt-club-cab\/\" \/>\n<meta property=\"og:locale\" content=\"de_DE\" \/>\n<meta property=\"og:type\" content=\"article\" \/>\n<meta property=\"og:title\" content=\"der Autoauktion auf der CarBeat Chasing Cars\" \/>\n<meta property=\"og:description\" content=\"Dodge Ram 1500 SLT bei der Autoversteigerung von CarBeat Chasing Cars kaufen und ersteigern Sie Spezialfahrzeuge, amerikanische Autos und Pick-up Trucks\" \/>\n<meta property=\"og:url\" content=\"https:\/\/carbeat.dk\/de\/produkt\/dodge-ram-1500-slt-club-cab\/\" \/>\n<meta property=\"og:site_name\" content=\"CarBeat\" \/>\n<meta property=\"article:publisher\" content=\"https:\/\/www.facebook.com\/CarBeatDK\/\" \/>\n<meta property=\"article:modified_time\" content=\"2024-03-11T14:42:28+00:00\" \/>\n<meta property=\"og:image\" content=\"https:\/\/carbeat.dk\/wp-content\/uploads\/2023\/11\/338039364_222781873577875_3659232692563926907_n.jpg\" \/>\n\t<meta property=\"og:image:width\" content=\"2048\" \/>\n\t<meta property=\"og:image:height\" content=\"1536\" \/>\n\t<meta property=\"og:image:type\" content=\"image\/jpeg\" \/>\n<meta name=\"twitter:card\" content=\"summary_large_image\" \/>\n<meta name=\"twitter:label1\" content=\"Gesch\u00e4tzte Lesezeit\" \/>\n\t<meta name=\"twitter:data1\" content=\"2\u00a0Minuten\" \/>\n<script type=\"application\/ld+json\" class=\"yoast-schema-graph\">{\"@context\":\"https:\\\/\\\/schema.org\",\"@graph\":[{\"@type\":\"WebPage\",\"@id\":\"https:\\\/\\\/carbeat.dk\\\/de\\\/produkt\\\/dodge-ram-1500-slt-club-cab\\\/\",\"url\":\"https:\\\/\\\/carbeat.dk\\\/de\\\/produkt\\\/dodge-ram-1500-slt-club-cab\\\/\",\"name\":\"der Autoauktion auf der CarBeat Chasing Cars\",\"isPartOf\":{\"@id\":\"https:\\\/\\\/carbeat.dk\\\/de\\\/#website\"},\"primaryImageOfPage\":{\"@id\":\"https:\\\/\\\/carbeat.dk\\\/de\\\/produkt\\\/dodge-ram-1500-slt-club-cab\\\/#primaryimage\"},\"image\":{\"@id\":\"https:\\\/\\\/carbeat.dk\\\/de\\\/produkt\\\/dodge-ram-1500-slt-club-cab\\\/#primaryimage\"},\"thumbnailUrl\":\"https:\\\/\\\/carbeat.dk\\\/wp-content\\\/uploads\\\/2023\\\/11\\\/338039364_222781873577875_3659232692563926907_n.jpg\",\"datePublished\":\"2024-02-29T16:58:43+00:00\",\"dateModified\":\"2024-03-11T14:42:28+00:00\",\"description\":\"Dodge Ram 1500 SLT bei der Autoversteigerung von CarBeat Chasing Cars kaufen und ersteigern Sie Spezialfahrzeuge, amerikanische Autos und Pick-up Trucks\",\"breadcrumb\":{\"@id\":\"https:\\\/\\\/carbeat.dk\\\/de\\\/produkt\\\/dodge-ram-1500-slt-club-cab\\\/#breadcrumb\"},\"inLanguage\":\"de\",\"potentialAction\":[{\"@type\":\"ReadAction\",\"target\":[\"https:\\\/\\\/carbeat.dk\\\/de\\\/produkt\\\/dodge-ram-1500-slt-club-cab\\\/\"]}]},{\"@type\":\"ImageObject\",\"inLanguage\":\"de\",\"@id\":\"https:\\\/\\\/carbeat.dk\\\/de\\\/produkt\\\/dodge-ram-1500-slt-club-cab\\\/#primaryimage\",\"url\":\"https:\\\/\\\/carbeat.dk\\\/wp-content\\\/uploads\\\/2023\\\/11\\\/338039364_222781873577875_3659232692563926907_n.jpg\",\"contentUrl\":\"https:\\\/\\\/carbeat.dk\\\/wp-content\\\/uploads\\\/2023\\\/11\\\/338039364_222781873577875_3659232692563926907_n.jpg\",\"width\":2048,\"height\":1536,\"caption\":\"CarBeat Chasing Cars Autoauktion Dodge Ram Front\"},{\"@type\":\"BreadcrumbList\",\"@id\":\"https:\\\/\\\/carbeat.dk\\\/de\\\/produkt\\\/dodge-ram-1500-slt-club-cab\\\/#breadcrumb\",\"itemListElement\":[{\"@type\":\"ListItem\",\"position\":1,\"name\":\"Hjem\",\"item\":\"https:\\\/\\\/carbeat.dk\\\/de\\\/\"},{\"@type\":\"ListItem\",\"position\":2,\"name\":\"Shop\",\"item\":\"https:\\\/\\\/carbeat.dk\\\/shop\\\/\"},{\"@type\":\"ListItem\",\"position\":3,\"name\":\"Dodge Ram 1500 SLT Club Cab\"}]},{\"@type\":\"WebSite\",\"@id\":\"https:\\\/\\\/carbeat.dk\\\/de\\\/#website\",\"url\":\"https:\\\/\\\/carbeat.dk\\\/de\\\/\",\"name\":\"CarBeat\",\"description\":\"Chasing Cars\",\"publisher\":{\"@id\":\"https:\\\/\\\/carbeat.dk\\\/de\\\/#organization\"},\"potentialAction\":[{\"@type\":\"SearchAction\",\"target\":{\"@type\":\"EntryPoint\",\"urlTemplate\":\"https:\\\/\\\/carbeat.dk\\\/de\\\/?s={search_term_string}\"},\"query-input\":{\"@type\":\"PropertyValueSpecification\",\"valueRequired\":true,\"valueName\":\"search_term_string\"}}],\"inLanguage\":\"de\"},{\"@type\":\"Organization\",\"@id\":\"https:\\\/\\\/carbeat.dk\\\/de\\\/#organization\",\"name\":\"CarBeat Chasing Cars\",\"url\":\"https:\\\/\\\/carbeat.dk\\\/de\\\/\",\"logo\":{\"@type\":\"ImageObject\",\"inLanguage\":\"de\",\"@id\":\"https:\\\/\\\/carbeat.dk\\\/de\\\/#\\\/schema\\\/logo\\\/image\\\/\",\"url\":\"https:\\\/\\\/carbeat.dk\\\/wp-content\\\/uploads\\\/2023\\\/08\\\/CarBeat-Chasing-Cars-lille-2560x1560-1-1_clipped_rev_1.png\",\"contentUrl\":\"https:\\\/\\\/carbeat.dk\\\/wp-content\\\/uploads\\\/2023\\\/08\\\/CarBeat-Chasing-Cars-lille-2560x1560-1-1_clipped_rev_1.png\",\"width\":2560,\"height\":1560,\"caption\":\"CarBeat Chasing Cars\"},\"image\":{\"@id\":\"https:\\\/\\\/carbeat.dk\\\/de\\\/#\\\/schema\\\/logo\\\/image\\\/\"},\"sameAs\":[\"https:\\\/\\\/www.facebook.com\\\/CarBeatDK\\\/\",\"https:\\\/\\\/www.instagram.com\\\/carbeatdk\\\/\",\"https:\\\/\\\/www.linkedin.com\\\/company\\\/carbeat\\\/\"]}]}<\/script>\n<!-- \/ Yoast SEO plugin. -->","yoast_head_json":{"title":"der Autoauktion auf der CarBeat Chasing Cars","description":"Dodge Ram 1500 SLT bei der Autoversteigerung von CarBeat Chasing Cars kaufen und ersteigern Sie Spezialfahrzeuge, amerikanische Autos und Pick-up Trucks","robots":{"index":"index","follow":"follow","max-snippet":"max-snippet:-1","max-image-preview":"max-image-preview:large","max-video-preview":"max-video-preview:-1"},"canonical":"https:\/\/carbeat.dk\/de\/produkt\/dodge-ram-1500-slt-club-cab\/","og_locale":"de_DE","og_type":"article","og_title":"der Autoauktion auf der CarBeat Chasing Cars","og_description":"Dodge Ram 1500 SLT bei der Autoversteigerung von CarBeat Chasing Cars kaufen und ersteigern Sie Spezialfahrzeuge, amerikanische Autos und Pick-up Trucks","og_url":"https:\/\/carbeat.dk\/de\/produkt\/dodge-ram-1500-slt-club-cab\/","og_site_name":"CarBeat","article_publisher":"https:\/\/www.facebook.com\/CarBeatDK\/","article_modified_time":"2024-03-11T14:42:28+00:00","og_image":[{"width":2048,"height":1536,"url":"https:\/\/carbeat.dk\/wp-content\/uploads\/2023\/11\/338039364_222781873577875_3659232692563926907_n.jpg","type":"image\/jpeg"}],"twitter_card":"summary_large_image","twitter_misc":{"Gesch\u00e4tzte Lesezeit":"2\u00a0Minuten"},"schema":{"@context":"https:\/\/schema.org","@graph":[{"@type":"WebPage","@id":"https:\/\/carbeat.dk\/de\/produkt\/dodge-ram-1500-slt-club-cab\/","url":"https:\/\/carbeat.dk\/de\/produkt\/dodge-ram-1500-slt-club-cab\/","name":"der Autoauktion auf der CarBeat Chasing Cars","isPartOf":{"@id":"https:\/\/carbeat.dk\/de\/#website"},"primaryImageOfPage":{"@id":"https:\/\/carbeat.dk\/de\/produkt\/dodge-ram-1500-slt-club-cab\/#primaryimage"},"image":{"@id":"https:\/\/carbeat.dk\/de\/produkt\/dodge-ram-1500-slt-club-cab\/#primaryimage"},"thumbnailUrl":"https:\/\/carbeat.dk\/wp-content\/uploads\/2023\/11\/338039364_222781873577875_3659232692563926907_n.jpg","datePublished":"2024-02-29T16:58:43+00:00","dateModified":"2024-03-11T14:42:28+00:00","description":"Dodge Ram 1500 SLT bei der Autoversteigerung von CarBeat Chasing Cars kaufen und ersteigern Sie Spezialfahrzeuge, amerikanische Autos und Pick-up Trucks","breadcrumb":{"@id":"https:\/\/carbeat.dk\/de\/produkt\/dodge-ram-1500-slt-club-cab\/#breadcrumb"},"inLanguage":"de","potentialAction":[{"@type":"ReadAction","target":["https:\/\/carbeat.dk\/de\/produkt\/dodge-ram-1500-slt-club-cab\/"]}]},{"@type":"ImageObject","inLanguage":"de","@id":"https:\/\/carbeat.dk\/de\/produkt\/dodge-ram-1500-slt-club-cab\/#primaryimage","url":"https:\/\/carbeat.dk\/wp-content\/uploads\/2023\/11\/338039364_222781873577875_3659232692563926907_n.jpg","contentUrl":"https:\/\/carbeat.dk\/wp-content\/uploads\/2023\/11\/338039364_222781873577875_3659232692563926907_n.jpg","width":2048,"height":1536,"caption":"CarBeat Chasing Cars Autoauktion Dodge Ram Front"},{"@type":"BreadcrumbList","@id":"https:\/\/carbeat.dk\/de\/produkt\/dodge-ram-1500-slt-club-cab\/#breadcrumb","itemListElement":[{"@type":"ListItem","position":1,"name":"Hjem","item":"https:\/\/carbeat.dk\/de\/"},{"@type":"ListItem","position":2,"name":"Shop","item":"https:\/\/carbeat.dk\/shop\/"},{"@type":"ListItem","position":3,"name":"Dodge Ram 1500 SLT Club Cab"}]},{"@type":"WebSite","@id":"https:\/\/carbeat.dk\/de\/#website","url":"https:\/\/carbeat.dk\/de\/","name":"CarBeat","description":"Chasing Cars","publisher":{"@id":"https:\/\/carbeat.dk\/de\/#organization"},"potentialAction":[{"@type":"SearchAction","target":{"@type":"EntryPoint","urlTemplate":"https:\/\/carbeat.dk\/de\/?s={search_term_string}"},"query-input":{"@type":"PropertyValueSpecification","valueRequired":true,"valueName":"search_term_string"}}],"inLanguage":"de"},{"@type":"Organization","@id":"https:\/\/carbeat.dk\/de\/#organization","name":"CarBeat Chasing Cars","url":"https:\/\/carbeat.dk\/de\/","logo":{"@type":"ImageObject","inLanguage":"de","@id":"https:\/\/carbeat.dk\/de\/#\/schema\/logo\/image\/","url":"https:\/\/carbeat.dk\/wp-content\/uploads\/2023\/08\/CarBeat-Chasing-Cars-lille-2560x1560-1-1_clipped_rev_1.png","contentUrl":"https:\/\/carbeat.dk\/wp-content\/uploads\/2023\/08\/CarBeat-Chasing-Cars-lille-2560x1560-1-1_clipped_rev_1.png","width":2560,"height":1560,"caption":"CarBeat Chasing Cars"},"image":{"@id":"https:\/\/carbeat.dk\/de\/#\/schema\/logo\/image\/"},"sameAs":["https:\/\/www.facebook.com\/CarBeatDK\/","https:\/\/www.instagram.com\/carbeatdk\/","https:\/\/www.linkedin.com\/company\/carbeat\/"]}]}},"_links":{"self":[{"href":"https:\/\/carbeat.dk\/de\/wp-json\/wp\/v2\/product\/12153","targetHints":{"allow":["GET"]}}],"collection":[{"href":"https:\/\/carbeat.dk\/de\/wp-json\/wp\/v2\/product"}],"about":[{"href":"https:\/\/carbeat.dk\/de\/wp-json\/wp\/v2\/types\/product"}],"replies":[{"embeddable":true,"href":"https:\/\/carbeat.dk\/de\/wp-json\/wp\/v2\/comments?post=12153"}],"version-history":[{"count":1,"href":"https:\/\/carbeat.dk\/de\/wp-json\/wp\/v2\/product\/12153\/revisions"}],"predecessor-version":[{"id":12157,"href":"https:\/\/carbeat.dk\/de\/wp-json\/wp\/v2\/product\/12153\/revisions\/12157"}],"wp:featuredmedia":[{"embeddable":true,"href":"https:\/\/carbeat.dk\/de\/wp-json\/wp\/v2\/media\/10094"}],"wp:attachment":[{"href":"https:\/\/carbeat.dk\/de\/wp-json\/wp\/v2\/media?parent=12153"}],"wp:term":[{"taxonomy":"product_brand","embeddable":true,"href":"https:\/\/carbeat.dk\/de\/wp-json\/wp\/v2\/product_brand?post=12153"},{"taxonomy":"product_cat","embeddable":true,"href":"https:\/\/carbeat.dk\/de\/wp-json\/wp\/v2\/product_cat?post=12153"},{"taxonomy":"product_tag","embeddable":true,"href":"https:\/\/carbeat.dk\/de\/wp-json\/wp\/v2\/product_tag?post=12153"}],"curies":[{"name":"wp","href":"https:\/\/api.w.org\/{rel}","templated":true}]}}