{"id":12143,"date":"2024-02-29T16:47:02","date_gmt":"2024-02-29T15:47:02","guid":{"rendered":"https:\/\/carbeat.dk\/product\/cadillac-eldorado-cabrio\/"},"modified":"2024-03-12T17:25:39","modified_gmt":"2024-03-12T16:25:39","slug":"cadillac-eldorado-cabrio","status":"publish","type":"product","link":"https:\/\/carbeat.dk\/de\/produkt\/cadillac-eldorado-cabrio\/","title":{"rendered":"CADILLAC ELDORADO CABRIO"},"content":{"rendered":"<div class=\"x1e56ztr\"><span class=\"x193iq5w xeuugli x13faqbe x1vvkbs xlh3980 xvmahel x1n0sxbx x6prxxf xvq8zen xo1l8bm xzsf02u\">Sind Sie bereit, oben ohne zu fahren? Mit diesem 1971er Cadillac Eldorado Convertible ist das kein Problem, denn der Wagen ist zugelassen und hat d\u00e4nische Kennzeichen und wird erst am 16.6. wieder zugelassen. 2029.<\/span><\/div>\n<div><\/div>\n<div class=\"x1e56ztr\"><span class=\"x193iq5w xeuugli x13faqbe x1vvkbs xlh3980 xvmahel x1n0sxbx x6prxxf xvq8zen xo1l8bm xzsf02u\">Hier ist eine sichere Investition in etwas, das Sie gerne anschauen und fahren &#8211; beides wird Ihnen ein L\u00e4cheln ins Gesicht zaubern, vielleicht sogar ein Dollar-Grinsen.<br \/>\n<\/span><\/div>\n<div class=\"x1e56ztr\">\n<p><span class=\"x193iq5w xeuugli x13faqbe x1vvkbs xlh3980 xvmahel x1n0sxbx x6prxxf xvq8zen xo1l8bm xzsf02u\"><span class=\"x193iq5w xeuugli x13faqbe x1vvkbs xlh3980 xvmahel x1n0sxbx x6prxxf xvq8zen xo1l8bm xzsf02u\">Ein sch\u00f6ner mannshoher Cruiser aus Dallas, Texas. Das Auto ist 5,629 Meter lang und etwas mehr als 2 Meter breit.<\/span><\/span><\/p>\n<div class=\"x1e56ztr\"><span class=\"x193iq5w xeuugli x13faqbe x1vvkbs xlh3980 xvmahel x1n0sxbx x6prxxf xvq8zen xo1l8bm xzsf02u\">Das Auto l\u00e4uft sehr gut, der Motor ist neu \u00fcberholt<b> <\/b>(Quittungen enthalten), aber die Farbe ist \u00e4lter und k\u00f6nnte ein wenig TLC verwenden. Der Lack ist jedoch in guter Qualit\u00e4t mit einigen kleinen Chips und Kratzern.  <\/span><\/div>\n<div class=\"x1e56ztr\"><span class=\"x193iq5w xeuugli x13faqbe x1vvkbs xlh3980 xvmahel x1n0sxbx x6prxxf xvq8zen xo1l8bm xzsf02u\">Es gibt ein kleines Loch in der Kabinenhaube, wie auf einem der Fotos zu sehen ist. Chrom ist superfein und sch\u00f6n. Die elektrischen Einstellungen m\u00fcssen etwas angepasst und gewartet werden, aber alle 4 elektrischen Fensterheber funktionieren wie sie sollen.  <\/span><span class=\"x193iq5w xeuugli x13faqbe x1vvkbs xlh3980 xvmahel x1n0sxbx x6prxxf xvq8zen xo1l8bm xzsf02u\">Er ist auf brandneuen Reifen mit sch\u00f6nen Wei\u00dfwandreifen unterwegs. Zwei neue Vorderachsen wurden gerade ersetzt und eingebaut, und es gibt einen neueren Auspuff.<\/span><\/div>\n<\/div>\n<div><\/div>\n<ul>\n<li class=\"x1e56ztr\"><span class=\"x193iq5w xeuugli x13faqbe x1vvkbs xlh3980 xvmahel x1n0sxbx x6prxxf xvq8zen xo1l8bm xzsf02u\">Automatik-Getriebe<\/span><\/li>\n<li class=\"x1e56ztr\"><span class=\"x193iq5w xeuugli x13faqbe x1vvkbs xlh3980 xvmahel x1n0sxbx x6prxxf xvq8zen xo1l8bm xzsf02u\">Servolenkung<\/span><\/li>\n<li class=\"x1e56ztr\"><span class=\"x193iq5w xeuugli x13faqbe x1vvkbs xlh3980 xvmahel x1n0sxbx x6prxxf xvq8zen xo1l8bm xzsf02u\">Elektrische Fensterheber<\/span><\/li>\n<li class=\"x1e56ztr\"><span class=\"x193iq5w xeuugli x13faqbe x1vvkbs xlh3980 xvmahel x1n0sxbx x6prxxf xvq8zen xo1l8bm xzsf02u\">Elektrischer Sitz<\/span><\/li>\n<li class=\"x1e56ztr\"><span class=\"x193iq5w xeuugli x13faqbe x1vvkbs xlh3980 xvmahel x1n0sxbx x6prxxf xvq8zen xo1l8bm xzsf02u\">Elektrisches Vordach<\/span><\/li>\n<li class=\"x1e56ztr\"><span class=\"x193iq5w xeuugli x13faqbe x1vvkbs xlh3980 xvmahel x1n0sxbx x6prxxf xvq8zen xo1l8bm xzsf02u\">Tempomat<\/span><\/li>\n<li class=\"x1e56ztr\"><span class=\"x193iq5w xeuugli x13faqbe x1vvkbs xlh3980 xvmahel x1n0sxbx x6prxxf xvq8zen xo1l8bm xzsf02u\">Klimaanlage (funktioniert nicht)<\/span><\/li>\n<li class=\"x1e56ztr\"><span class=\"x193iq5w xeuugli x13faqbe x1vvkbs xlh3980 xvmahel x1n0sxbx x6prxxf xvq8zen xo1l8bm xzsf02u\">Verstellbares und ausziehbares Lenkrad<\/span><\/li>\n<li class=\"x1e56ztr\"><span class=\"x193iq5w xeuugli x13faqbe x1vvkbs xlh3980 xvmahel x1n0sxbx x6prxxf xvq8zen xo1l8bm xzsf02u\">Innenausstattung aus Leder<\/span><\/li>\n<\/ul>\n<p>&nbsp;<\/p>\n<h3>Was ist ein <span class=\"x193iq5w xeuugli x13faqbe x1vvkbs xlh3980 xvmahel x1n0sxbx x6prxxf xvq8zen xo1l8bm xzsf02u\">Cadillac Eldorado<\/span><\/h3>\n<p>Der Cadillac Eldorado Convertible ist ein klassisches amerikanisches Luxusauto und bekannt f\u00fcr seine beeindruckende Gr\u00f6\u00dfe, seinen Stil und seinen Komfort. Dieses wundersch\u00f6ne Cabriolet repr\u00e4sentiert das Beste der amerikanischen Autokultur der 1970er Jahre und steht f\u00fcr eine \u00c4ra der Opulenz und des Glamours.<\/p>\n<p>Mit seinem massiven V8-Motor bietet der Eldorado beeindruckende Leistung und einen eleganten Antrieb. Die ger\u00e4umige Kabine wurde sorgf\u00e4ltig mit Blick auf den Komfort entworfen und bietet Ihnen luxuri\u00f6se Details wie Lederpolsterung und Holzverkleidung. Es war ein Auto, das diejenigen ansprach, die das Beste an amerikanischem Luxus wollten.<\/p>\n<p>Das Au\u00dfendesign des Eldorado beeindruckt mit seinen langen Linien, den markanten Doppelscheinwerfern und dem breiten Chromgrill &#8211; ein echtes Dollargrinsen.<br \/>\nDieses Auto wurde oft als Symbol f\u00fcr Prestige und Reichtum angesehen.<\/p>\n<p>Das Eldorado Cabriolet von 1971 ist auch f\u00fcr die Einf\u00fchrung eines st\u00e4rkeren 8,2-Liter-V8-Motors bekannt, der ihm eine noch bessere Beschleunigung und Leistung verleiht. Es war eine Zeit, in der gr\u00f6\u00dfer besser war, und Eldorado war da keine Ausnahme.<\/p>\n<p>Das Cadillac Eldorado Cabriolet von 1971 ist ein zeitloser Klassiker, der mit seinem opulenten Stil und seiner einzigartigen \u00c4sthetik nach wie vor Autoliebhaber fasziniert und eine vergangene \u00c4ra in der Automobilindustrie symbolisiert.<\/p>\n","protected":false},"excerpt":{"rendered":"<p>Sind Sie bereit, oben ohne zu fahren? Mit diesem 1971er Cadillac Eldorado Convertible ist das kein Problem, denn der Wagen ist zugelassen und hat d\u00e4nische Kennzeichen und wird erst am 16.6. wieder zugelassen. 2029. Hier ist eine sichere Investition in etwas, das Sie gerne anschauen und fahren &#8211; beides wird Ihnen ein L\u00e4cheln ins Gesicht [&hellip;]<\/p>\n","protected":false},"featured_media":8280,"comment_status":"open","ping_status":"closed","template":"","meta":[],"product_brand":[],"product_cat":[476,477],"product_tag":[549,482,814,585,819,809,822,826],"class_list":{"0":"post-12143","1":"product","2":"type-product","3":"status-publish","4":"has-post-thumbnail","6":"car_models-cadillac","7":"car_models-eldorado","8":"product_cat-autos","9":"product_cat-klassische-autos","10":"product_tag-amerikanisches-auto","11":"product_tag-cabrio","12":"product_tag-cabrio-de","13":"product_tag-cadillac-de","14":"product_tag-cadillac-eldorado-de","15":"product_tag-eldorado-de","16":"product_tag-klassisches-us-auto","17":"product_tag-klassisches-us-auto-de","19":"first","20":"outofstock","21":"sold-individually","22":"shipping-taxable","23":"product-type-auction"},"acf":[],"yoast_head":"<!-- This site is optimized with the Yoast SEO plugin v27.4 - https:\/\/yoast.com\/product\/yoast-seo-wordpress\/ -->\n<title>CADILLAC ELDORADO CABRIO - CarBeat<\/title>\n<meta name=\"description\" content=\"CADILLAC ELDORADO CONVERTIBLE - 1971 jetzt bei Autoversteigerung. Kaufen Sie einen der erstaunlichsten Cadillacs aus den 70er Jahren. Das ist ein legend\u00e4res Cabrio, und zwar ein langes\" \/>\n<meta name=\"robots\" content=\"index, follow, max-snippet:-1, max-image-preview:large, max-video-preview:-1\" \/>\n<link rel=\"canonical\" href=\"https:\/\/carbeat.dk\/de\/produkt\/cadillac-eldorado-cabrio\/\" \/>\n<meta property=\"og:locale\" content=\"de_DE\" \/>\n<meta property=\"og:type\" content=\"article\" \/>\n<meta property=\"og:title\" content=\"CADILLAC ELDORADO CABRIO - CarBeat\" \/>\n<meta property=\"og:description\" content=\"CADILLAC ELDORADO CONVERTIBLE - 1971 jetzt bei Autoversteigerung. Kaufen Sie einen der erstaunlichsten Cadillacs aus den 70er Jahren. Das ist ein legend\u00e4res Cabrio, und zwar ein langes\" \/>\n<meta property=\"og:url\" content=\"https:\/\/carbeat.dk\/de\/produkt\/cadillac-eldorado-cabrio\/\" \/>\n<meta property=\"og:site_name\" content=\"CarBeat\" \/>\n<meta property=\"article:publisher\" content=\"https:\/\/www.facebook.com\/CarBeatDK\/\" \/>\n<meta property=\"article:modified_time\" content=\"2024-03-12T16:25:39+00:00\" \/>\n<meta property=\"og:image\" content=\"https:\/\/carbeat.dk\/wp-content\/uploads\/2023\/09\/352957868_10223415069347173_2630219991208927008_n.jpg\" \/>\n\t<meta property=\"og:image:width\" content=\"1600\" \/>\n\t<meta property=\"og:image:height\" content=\"1200\" \/>\n\t<meta property=\"og:image:type\" content=\"image\/jpeg\" \/>\n<meta name=\"twitter:card\" content=\"summary_large_image\" \/>\n<meta name=\"twitter:label1\" content=\"Gesch\u00e4tzte Lesezeit\" \/>\n\t<meta name=\"twitter:data1\" content=\"2\u00a0Minuten\" \/>\n<script type=\"application\/ld+json\" class=\"yoast-schema-graph\">{\"@context\":\"https:\\\/\\\/schema.org\",\"@graph\":[{\"@type\":\"WebPage\",\"@id\":\"https:\\\/\\\/carbeat.dk\\\/de\\\/produkt\\\/cadillac-eldorado-cabrio\\\/\",\"url\":\"https:\\\/\\\/carbeat.dk\\\/de\\\/produkt\\\/cadillac-eldorado-cabrio\\\/\",\"name\":\"CADILLAC ELDORADO CABRIO - CarBeat\",\"isPartOf\":{\"@id\":\"https:\\\/\\\/carbeat.dk\\\/de\\\/#website\"},\"primaryImageOfPage\":{\"@id\":\"https:\\\/\\\/carbeat.dk\\\/de\\\/produkt\\\/cadillac-eldorado-cabrio\\\/#primaryimage\"},\"image\":{\"@id\":\"https:\\\/\\\/carbeat.dk\\\/de\\\/produkt\\\/cadillac-eldorado-cabrio\\\/#primaryimage\"},\"thumbnailUrl\":\"https:\\\/\\\/carbeat.dk\\\/wp-content\\\/uploads\\\/2023\\\/09\\\/352957868_10223415069347173_2630219991208927008_n.jpg\",\"datePublished\":\"2024-02-29T15:47:02+00:00\",\"dateModified\":\"2024-03-12T16:25:39+00:00\",\"description\":\"CADILLAC ELDORADO CONVERTIBLE - 1971 jetzt bei Autoversteigerung. Kaufen Sie einen der erstaunlichsten Cadillacs aus den 70er Jahren. Das ist ein legend\u00e4res Cabrio, und zwar ein langes\",\"breadcrumb\":{\"@id\":\"https:\\\/\\\/carbeat.dk\\\/de\\\/produkt\\\/cadillac-eldorado-cabrio\\\/#breadcrumb\"},\"inLanguage\":\"de\",\"potentialAction\":[{\"@type\":\"ReadAction\",\"target\":[\"https:\\\/\\\/carbeat.dk\\\/de\\\/produkt\\\/cadillac-eldorado-cabrio\\\/\"]}]},{\"@type\":\"ImageObject\",\"inLanguage\":\"de\",\"@id\":\"https:\\\/\\\/carbeat.dk\\\/de\\\/produkt\\\/cadillac-eldorado-cabrio\\\/#primaryimage\",\"url\":\"https:\\\/\\\/carbeat.dk\\\/wp-content\\\/uploads\\\/2023\\\/09\\\/352957868_10223415069347173_2630219991208927008_n.jpg\",\"contentUrl\":\"https:\\\/\\\/carbeat.dk\\\/wp-content\\\/uploads\\\/2023\\\/09\\\/352957868_10223415069347173_2630219991208927008_n.jpg\",\"width\":1600,\"height\":1200,\"caption\":\"carBeat Chasing Cars Auktion Auktion Cadillac Eldorado Cabrio zu verkaufen zu verkaufen Profil\"},{\"@type\":\"BreadcrumbList\",\"@id\":\"https:\\\/\\\/carbeat.dk\\\/de\\\/produkt\\\/cadillac-eldorado-cabrio\\\/#breadcrumb\",\"itemListElement\":[{\"@type\":\"ListItem\",\"position\":1,\"name\":\"Hjem\",\"item\":\"https:\\\/\\\/carbeat.dk\\\/de\\\/\"},{\"@type\":\"ListItem\",\"position\":2,\"name\":\"Shop\",\"item\":\"https:\\\/\\\/carbeat.dk\\\/shop\\\/\"},{\"@type\":\"ListItem\",\"position\":3,\"name\":\"CADILLAC ELDORADO CABRIO\"}]},{\"@type\":\"WebSite\",\"@id\":\"https:\\\/\\\/carbeat.dk\\\/de\\\/#website\",\"url\":\"https:\\\/\\\/carbeat.dk\\\/de\\\/\",\"name\":\"CarBeat\",\"description\":\"Chasing Cars\",\"publisher\":{\"@id\":\"https:\\\/\\\/carbeat.dk\\\/de\\\/#organization\"},\"potentialAction\":[{\"@type\":\"SearchAction\",\"target\":{\"@type\":\"EntryPoint\",\"urlTemplate\":\"https:\\\/\\\/carbeat.dk\\\/de\\\/?s={search_term_string}\"},\"query-input\":{\"@type\":\"PropertyValueSpecification\",\"valueRequired\":true,\"valueName\":\"search_term_string\"}}],\"inLanguage\":\"de\"},{\"@type\":\"Organization\",\"@id\":\"https:\\\/\\\/carbeat.dk\\\/de\\\/#organization\",\"name\":\"CarBeat Chasing Cars\",\"url\":\"https:\\\/\\\/carbeat.dk\\\/de\\\/\",\"logo\":{\"@type\":\"ImageObject\",\"inLanguage\":\"de\",\"@id\":\"https:\\\/\\\/carbeat.dk\\\/de\\\/#\\\/schema\\\/logo\\\/image\\\/\",\"url\":\"https:\\\/\\\/carbeat.dk\\\/wp-content\\\/uploads\\\/2023\\\/08\\\/CarBeat-Chasing-Cars-lille-2560x1560-1-1_clipped_rev_1.png\",\"contentUrl\":\"https:\\\/\\\/carbeat.dk\\\/wp-content\\\/uploads\\\/2023\\\/08\\\/CarBeat-Chasing-Cars-lille-2560x1560-1-1_clipped_rev_1.png\",\"width\":2560,\"height\":1560,\"caption\":\"CarBeat Chasing Cars\"},\"image\":{\"@id\":\"https:\\\/\\\/carbeat.dk\\\/de\\\/#\\\/schema\\\/logo\\\/image\\\/\"},\"sameAs\":[\"https:\\\/\\\/www.facebook.com\\\/CarBeatDK\\\/\",\"https:\\\/\\\/www.instagram.com\\\/carbeatdk\\\/\",\"https:\\\/\\\/www.linkedin.com\\\/company\\\/carbeat\\\/\"]}]}<\/script>\n<!-- \/ Yoast SEO plugin. -->","yoast_head_json":{"title":"CADILLAC ELDORADO CABRIO - CarBeat","description":"CADILLAC ELDORADO CONVERTIBLE - 1971 jetzt bei Autoversteigerung. Kaufen Sie einen der erstaunlichsten Cadillacs aus den 70er Jahren. Das ist ein legend\u00e4res Cabrio, und zwar ein langes","robots":{"index":"index","follow":"follow","max-snippet":"max-snippet:-1","max-image-preview":"max-image-preview:large","max-video-preview":"max-video-preview:-1"},"canonical":"https:\/\/carbeat.dk\/de\/produkt\/cadillac-eldorado-cabrio\/","og_locale":"de_DE","og_type":"article","og_title":"CADILLAC ELDORADO CABRIO - CarBeat","og_description":"CADILLAC ELDORADO CONVERTIBLE - 1971 jetzt bei Autoversteigerung. Kaufen Sie einen der erstaunlichsten Cadillacs aus den 70er Jahren. Das ist ein legend\u00e4res Cabrio, und zwar ein langes","og_url":"https:\/\/carbeat.dk\/de\/produkt\/cadillac-eldorado-cabrio\/","og_site_name":"CarBeat","article_publisher":"https:\/\/www.facebook.com\/CarBeatDK\/","article_modified_time":"2024-03-12T16:25:39+00:00","og_image":[{"width":1600,"height":1200,"url":"https:\/\/carbeat.dk\/wp-content\/uploads\/2023\/09\/352957868_10223415069347173_2630219991208927008_n.jpg","type":"image\/jpeg"}],"twitter_card":"summary_large_image","twitter_misc":{"Gesch\u00e4tzte Lesezeit":"2\u00a0Minuten"},"schema":{"@context":"https:\/\/schema.org","@graph":[{"@type":"WebPage","@id":"https:\/\/carbeat.dk\/de\/produkt\/cadillac-eldorado-cabrio\/","url":"https:\/\/carbeat.dk\/de\/produkt\/cadillac-eldorado-cabrio\/","name":"CADILLAC ELDORADO CABRIO - CarBeat","isPartOf":{"@id":"https:\/\/carbeat.dk\/de\/#website"},"primaryImageOfPage":{"@id":"https:\/\/carbeat.dk\/de\/produkt\/cadillac-eldorado-cabrio\/#primaryimage"},"image":{"@id":"https:\/\/carbeat.dk\/de\/produkt\/cadillac-eldorado-cabrio\/#primaryimage"},"thumbnailUrl":"https:\/\/carbeat.dk\/wp-content\/uploads\/2023\/09\/352957868_10223415069347173_2630219991208927008_n.jpg","datePublished":"2024-02-29T15:47:02+00:00","dateModified":"2024-03-12T16:25:39+00:00","description":"CADILLAC ELDORADO CONVERTIBLE - 1971 jetzt bei Autoversteigerung. Kaufen Sie einen der erstaunlichsten Cadillacs aus den 70er Jahren. Das ist ein legend\u00e4res Cabrio, und zwar ein langes","breadcrumb":{"@id":"https:\/\/carbeat.dk\/de\/produkt\/cadillac-eldorado-cabrio\/#breadcrumb"},"inLanguage":"de","potentialAction":[{"@type":"ReadAction","target":["https:\/\/carbeat.dk\/de\/produkt\/cadillac-eldorado-cabrio\/"]}]},{"@type":"ImageObject","inLanguage":"de","@id":"https:\/\/carbeat.dk\/de\/produkt\/cadillac-eldorado-cabrio\/#primaryimage","url":"https:\/\/carbeat.dk\/wp-content\/uploads\/2023\/09\/352957868_10223415069347173_2630219991208927008_n.jpg","contentUrl":"https:\/\/carbeat.dk\/wp-content\/uploads\/2023\/09\/352957868_10223415069347173_2630219991208927008_n.jpg","width":1600,"height":1200,"caption":"carBeat Chasing Cars Auktion Auktion Cadillac Eldorado Cabrio zu verkaufen zu verkaufen Profil"},{"@type":"BreadcrumbList","@id":"https:\/\/carbeat.dk\/de\/produkt\/cadillac-eldorado-cabrio\/#breadcrumb","itemListElement":[{"@type":"ListItem","position":1,"name":"Hjem","item":"https:\/\/carbeat.dk\/de\/"},{"@type":"ListItem","position":2,"name":"Shop","item":"https:\/\/carbeat.dk\/shop\/"},{"@type":"ListItem","position":3,"name":"CADILLAC ELDORADO CABRIO"}]},{"@type":"WebSite","@id":"https:\/\/carbeat.dk\/de\/#website","url":"https:\/\/carbeat.dk\/de\/","name":"CarBeat","description":"Chasing Cars","publisher":{"@id":"https:\/\/carbeat.dk\/de\/#organization"},"potentialAction":[{"@type":"SearchAction","target":{"@type":"EntryPoint","urlTemplate":"https:\/\/carbeat.dk\/de\/?s={search_term_string}"},"query-input":{"@type":"PropertyValueSpecification","valueRequired":true,"valueName":"search_term_string"}}],"inLanguage":"de"},{"@type":"Organization","@id":"https:\/\/carbeat.dk\/de\/#organization","name":"CarBeat Chasing Cars","url":"https:\/\/carbeat.dk\/de\/","logo":{"@type":"ImageObject","inLanguage":"de","@id":"https:\/\/carbeat.dk\/de\/#\/schema\/logo\/image\/","url":"https:\/\/carbeat.dk\/wp-content\/uploads\/2023\/08\/CarBeat-Chasing-Cars-lille-2560x1560-1-1_clipped_rev_1.png","contentUrl":"https:\/\/carbeat.dk\/wp-content\/uploads\/2023\/08\/CarBeat-Chasing-Cars-lille-2560x1560-1-1_clipped_rev_1.png","width":2560,"height":1560,"caption":"CarBeat Chasing Cars"},"image":{"@id":"https:\/\/carbeat.dk\/de\/#\/schema\/logo\/image\/"},"sameAs":["https:\/\/www.facebook.com\/CarBeatDK\/","https:\/\/www.instagram.com\/carbeatdk\/","https:\/\/www.linkedin.com\/company\/carbeat\/"]}]}},"_links":{"self":[{"href":"https:\/\/carbeat.dk\/de\/wp-json\/wp\/v2\/product\/12143","targetHints":{"allow":["GET"]}}],"collection":[{"href":"https:\/\/carbeat.dk\/de\/wp-json\/wp\/v2\/product"}],"about":[{"href":"https:\/\/carbeat.dk\/de\/wp-json\/wp\/v2\/types\/product"}],"replies":[{"embeddable":true,"href":"https:\/\/carbeat.dk\/de\/wp-json\/wp\/v2\/comments?post=12143"}],"version-history":[{"count":1,"href":"https:\/\/carbeat.dk\/de\/wp-json\/wp\/v2\/product\/12143\/revisions"}],"predecessor-version":[{"id":12149,"href":"https:\/\/carbeat.dk\/de\/wp-json\/wp\/v2\/product\/12143\/revisions\/12149"}],"wp:featuredmedia":[{"embeddable":true,"href":"https:\/\/carbeat.dk\/de\/wp-json\/wp\/v2\/media\/8280"}],"wp:attachment":[{"href":"https:\/\/carbeat.dk\/de\/wp-json\/wp\/v2\/media?parent=12143"}],"wp:term":[{"taxonomy":"product_brand","embeddable":true,"href":"https:\/\/carbeat.dk\/de\/wp-json\/wp\/v2\/product_brand?post=12143"},{"taxonomy":"product_cat","embeddable":true,"href":"https:\/\/carbeat.dk\/de\/wp-json\/wp\/v2\/product_cat?post=12143"},{"taxonomy":"product_tag","embeddable":true,"href":"https:\/\/carbeat.dk\/de\/wp-json\/wp\/v2\/product_tag?post=12143"}],"curies":[{"name":"wp","href":"https:\/\/api.w.org\/{rel}","templated":true}]}}