{"id":12074,"date":"2023-12-28T19:23:21","date_gmt":"2023-12-28T18:23:21","guid":{"rendered":"https:\/\/carbeat.dk\/product\/fiat-128-sl-super-lusso\/"},"modified":"2024-03-11T13:43:01","modified_gmt":"2024-03-11T12:43:01","slug":"fiat-128-sl-super-lusso","status":"publish","type":"product","link":"https:\/\/carbeat.dk\/de\/produkt\/fiat-128-sl-super-lusso\/","title":{"rendered":"FIAT 128 SL &#8211; Super Lusso"},"content":{"rendered":"<h2 class=\"p3\">Fiat 128 SL bedeutet Super Lusso.<\/h2>\n<p class=\"p3\">Fiat war schon immer daf\u00fcr bekannt, den Kleinwagen zu beherrschen, und das ist auch heute noch so. Dann haben Sie die M\u00f6glichkeit, durch die verwinkelten Stra\u00dfen der italienischen St\u00e4dte zu rasen. Oder, was noch mehr Spa\u00df macht, eine Fahrt auf den vielen sch\u00f6nen Bergstra\u00dfen.<\/p>\n<p class=\"p3\">Aber wenn wir in die Vergangenheit zur\u00fcckgehen, hat Fiat eine Menge kleiner Juwelen produziert. Einer von ihnen ist definitiv dieser relativ seltene Fiat 128 SL (nicht 3P drei Anschl\u00fcsse). &#8222;SL&#8220; steht f\u00fcr &#8222;Super Lusso&#8220;, was auf D\u00e4nisch &#8222;Super Luksus&#8220; bedeutet. Das Auto war urspr\u00fcnglich mit einem 1.100er Motor ausgestattet, aber der Verk\u00e4ufer hat es auf einen 1.400er Motor umger\u00fcstet, der viel besser zum sportlichen Look passt. (1.100er Motor beim Kauf enthalten).<\/p>\n<p>Dieser Fiat 128 SL von 1972 wurde in einem ehemaligen Automuseum, dem Museo Tonutti, in Norditalien gefunden. Hier steht das Auto schon seit 30 Jahren still. Der Motor wurde durch einen 1.400-cm\u00b3-Motor ersetzt, der 78 PS leistet.<br \/>\nDer Motor wird im Jahr 2021 vollst\u00e4ndig gewartet. Mechanische Inspektion durchgef\u00fchrt und die gesamte Auspuffanlage durch eine neue ersetzt. Im Jahr 2020 wurde der Weber-Vergaser inspiziert und gereinigt. Gleichzeitig werden auch die Reifen ersetzt.<br \/>\nDie Unterseite des Wagens ist so sch\u00f6n rostfrei!<\/p>\n<p class=\"p3\">Der Verk\u00e4ufer hat sich daf\u00fcr entschieden, die Karosserie ohne Restaurierung zu erhalten, da sie sich in einem hervorragenden Zustand befindet. Es gibt nur ein paar kleine Kratzer, wahrscheinlich eher das, was wir 50 Jahre historische und erhaltenswerte Patina nennen w\u00fcrden.<br \/>\nEs gibt einige kleine Lackkratzer, die leicht repariert werden k\u00f6nnen, aber den Gesamteindruck dieses Super Lusso in keiner Weise beeintr\u00e4chtigen. In Autos gibt es keinen Rost.<\/p>\n<p>Wenn Sie in diesen Fiat 128 SL einsteigen, werden Sie von einem atemberaubenden, originalen und gut erhaltenen Interieur begr\u00fc\u00dft, das Sie sofort in die Vergangenheit zur\u00fcckversetzt und ein L\u00e4cheln auf Ihr Gesicht und das Ihrer Mitfahrer zaubert.<\/p>\n<p class=\"p3\">Der gesamte Fiat wurde im Juni 2023 in Italien gewartet, steht aber jetzt hier in D\u00e4nemark bereit f\u00fcr neue Abenteuer mit einem neuen Besitzer auf d\u00e4nischen oder europ\u00e4ischen Stra\u00dfen.<\/p>\n","protected":false},"excerpt":{"rendered":"<p>Fiat 128 SL bedeutet Super Lusso. Fiat war schon immer daf\u00fcr bekannt, den Kleinwagen zu beherrschen, und das ist auch heute noch so. Dann haben Sie die M\u00f6glichkeit, durch die verwinkelten Stra\u00dfen der italienischen St\u00e4dte zu rasen. Oder, was noch mehr Spa\u00df macht, eine Fahrt auf den vielen sch\u00f6nen Bergstra\u00dfen. Aber wenn wir in die [&hellip;]<\/p>\n","protected":false},"featured_media":8584,"comment_status":"open","ping_status":"closed","template":"","meta":[],"product_brand":[],"product_cat":[476,477],"product_tag":[638,636,643,640,641,634],"class_list":{"0":"post-12074","1":"product","2":"type-product","3":"status-publish","4":"has-post-thumbnail","6":"car_models-206","7":"car_models-fiat","8":"product_cat-autos","9":"product_cat-klassische-autos","10":"product_tag-128-sl-de","11":"product_tag-fiat-de","12":"product_tag-fiat-128-sl-de","13":"product_tag-fiat-coupe-de","14":"product_tag-lusso-de","15":"product_tag-schneiden","17":"first","18":"outofstock","19":"sold-individually","20":"shipping-taxable","21":"product-type-auction"},"acf":[],"yoast_head":"<!-- This site is optimized with the Yoast SEO plugin v27.4 - https:\/\/yoast.com\/product\/yoast-seo-wordpress\/ -->\n<title>Bieten Sie auf Fiat 128 SL bei CarBeat Chasing Cars<\/title>\n<meta name=\"description\" content=\"Fiat 128 SL (Super Lusso) zu verkaufen auf D\u00e4nemarks gr\u00f6\u00dfter Spezialauto-Auktion CarBeat Chasing Cars, finden Sie hier Ihr n\u00e4chstes Traumauto, Youngtimer oder Spezialauto\" \/>\n<meta name=\"robots\" content=\"index, follow, max-snippet:-1, max-image-preview:large, max-video-preview:-1\" \/>\n<link rel=\"canonical\" href=\"https:\/\/carbeat.dk\/de\/produkt\/fiat-128-sl-super-lusso\/\" \/>\n<meta property=\"og:locale\" content=\"de_DE\" \/>\n<meta property=\"og:type\" content=\"article\" \/>\n<meta property=\"og:title\" content=\"Bieten Sie auf Fiat 128 SL bei CarBeat Chasing Cars\" \/>\n<meta property=\"og:description\" content=\"Fiat 128 SL (Super Lusso) zu verkaufen auf D\u00e4nemarks gr\u00f6\u00dfter Spezialauto-Auktion CarBeat Chasing Cars, finden Sie hier Ihr n\u00e4chstes Traumauto, Youngtimer oder Spezialauto\" \/>\n<meta property=\"og:url\" content=\"https:\/\/carbeat.dk\/de\/produkt\/fiat-128-sl-super-lusso\/\" \/>\n<meta property=\"og:site_name\" content=\"CarBeat\" \/>\n<meta property=\"article:publisher\" content=\"https:\/\/www.facebook.com\/CarBeatDK\/\" \/>\n<meta property=\"article:modified_time\" content=\"2024-03-11T12:43:01+00:00\" \/>\n<meta property=\"og:image\" content=\"https:\/\/carbeat.dk\/wp-content\/uploads\/2023\/09\/left-side-jpg.webp\" \/>\n\t<meta property=\"og:image:width\" content=\"2048\" \/>\n\t<meta property=\"og:image:height\" content=\"1536\" \/>\n\t<meta property=\"og:image:type\" content=\"image\/jpeg\" \/>\n<meta name=\"twitter:card\" content=\"summary_large_image\" \/>\n<meta name=\"twitter:label1\" content=\"Gesch\u00e4tzte Lesezeit\" \/>\n\t<meta name=\"twitter:data1\" content=\"2\u00a0Minuten\" \/>\n<script type=\"application\/ld+json\" class=\"yoast-schema-graph\">{\"@context\":\"https:\\\/\\\/schema.org\",\"@graph\":[{\"@type\":\"WebPage\",\"@id\":\"https:\\\/\\\/carbeat.dk\\\/de\\\/produkt\\\/fiat-128-sl-super-lusso\\\/\",\"url\":\"https:\\\/\\\/carbeat.dk\\\/de\\\/produkt\\\/fiat-128-sl-super-lusso\\\/\",\"name\":\"Bieten Sie auf Fiat 128 SL bei CarBeat Chasing Cars\",\"isPartOf\":{\"@id\":\"https:\\\/\\\/carbeat.dk\\\/de\\\/#website\"},\"primaryImageOfPage\":{\"@id\":\"https:\\\/\\\/carbeat.dk\\\/de\\\/produkt\\\/fiat-128-sl-super-lusso\\\/#primaryimage\"},\"image\":{\"@id\":\"https:\\\/\\\/carbeat.dk\\\/de\\\/produkt\\\/fiat-128-sl-super-lusso\\\/#primaryimage\"},\"thumbnailUrl\":\"https:\\\/\\\/carbeat.dk\\\/wp-content\\\/uploads\\\/2023\\\/09\\\/left-side-jpg.webp\",\"datePublished\":\"2023-12-28T18:23:21+00:00\",\"dateModified\":\"2024-03-11T12:43:01+00:00\",\"description\":\"Fiat 128 SL (Super Lusso) zu verkaufen auf D\u00e4nemarks gr\u00f6\u00dfter Spezialauto-Auktion CarBeat Chasing Cars, finden Sie hier Ihr n\u00e4chstes Traumauto, Youngtimer oder Spezialauto\",\"breadcrumb\":{\"@id\":\"https:\\\/\\\/carbeat.dk\\\/de\\\/produkt\\\/fiat-128-sl-super-lusso\\\/#breadcrumb\"},\"inLanguage\":\"de\",\"potentialAction\":[{\"@type\":\"ReadAction\",\"target\":[\"https:\\\/\\\/carbeat.dk\\\/de\\\/produkt\\\/fiat-128-sl-super-lusso\\\/\"]}]},{\"@type\":\"ImageObject\",\"inLanguage\":\"de\",\"@id\":\"https:\\\/\\\/carbeat.dk\\\/de\\\/produkt\\\/fiat-128-sl-super-lusso\\\/#primaryimage\",\"url\":\"https:\\\/\\\/carbeat.dk\\\/wp-content\\\/uploads\\\/2023\\\/09\\\/left-side-jpg.webp\",\"contentUrl\":\"https:\\\/\\\/carbeat.dk\\\/wp-content\\\/uploads\\\/2023\\\/09\\\/left-side-jpg.webp\",\"width\":2048,\"height\":1536,\"caption\":\"CarBeat Verfolgungsjagden Fiat 128 SL 1.400\"},{\"@type\":\"BreadcrumbList\",\"@id\":\"https:\\\/\\\/carbeat.dk\\\/de\\\/produkt\\\/fiat-128-sl-super-lusso\\\/#breadcrumb\",\"itemListElement\":[{\"@type\":\"ListItem\",\"position\":1,\"name\":\"Hjem\",\"item\":\"https:\\\/\\\/carbeat.dk\\\/de\\\/\"},{\"@type\":\"ListItem\",\"position\":2,\"name\":\"Shop\",\"item\":\"https:\\\/\\\/carbeat.dk\\\/shop\\\/\"},{\"@type\":\"ListItem\",\"position\":3,\"name\":\"FIAT 128 SL &#8211; Super Lusso\"}]},{\"@type\":\"WebSite\",\"@id\":\"https:\\\/\\\/carbeat.dk\\\/de\\\/#website\",\"url\":\"https:\\\/\\\/carbeat.dk\\\/de\\\/\",\"name\":\"CarBeat\",\"description\":\"Chasing Cars\",\"publisher\":{\"@id\":\"https:\\\/\\\/carbeat.dk\\\/de\\\/#organization\"},\"potentialAction\":[{\"@type\":\"SearchAction\",\"target\":{\"@type\":\"EntryPoint\",\"urlTemplate\":\"https:\\\/\\\/carbeat.dk\\\/de\\\/?s={search_term_string}\"},\"query-input\":{\"@type\":\"PropertyValueSpecification\",\"valueRequired\":true,\"valueName\":\"search_term_string\"}}],\"inLanguage\":\"de\"},{\"@type\":\"Organization\",\"@id\":\"https:\\\/\\\/carbeat.dk\\\/de\\\/#organization\",\"name\":\"CarBeat Chasing Cars\",\"url\":\"https:\\\/\\\/carbeat.dk\\\/de\\\/\",\"logo\":{\"@type\":\"ImageObject\",\"inLanguage\":\"de\",\"@id\":\"https:\\\/\\\/carbeat.dk\\\/de\\\/#\\\/schema\\\/logo\\\/image\\\/\",\"url\":\"https:\\\/\\\/carbeat.dk\\\/wp-content\\\/uploads\\\/2023\\\/08\\\/CarBeat-Chasing-Cars-lille-2560x1560-1-1_clipped_rev_1.png\",\"contentUrl\":\"https:\\\/\\\/carbeat.dk\\\/wp-content\\\/uploads\\\/2023\\\/08\\\/CarBeat-Chasing-Cars-lille-2560x1560-1-1_clipped_rev_1.png\",\"width\":2560,\"height\":1560,\"caption\":\"CarBeat Chasing Cars\"},\"image\":{\"@id\":\"https:\\\/\\\/carbeat.dk\\\/de\\\/#\\\/schema\\\/logo\\\/image\\\/\"},\"sameAs\":[\"https:\\\/\\\/www.facebook.com\\\/CarBeatDK\\\/\",\"https:\\\/\\\/www.instagram.com\\\/carbeatdk\\\/\",\"https:\\\/\\\/www.linkedin.com\\\/company\\\/carbeat\\\/\"]}]}<\/script>\n<!-- \/ Yoast SEO plugin. -->","yoast_head_json":{"title":"Bieten Sie auf Fiat 128 SL bei CarBeat Chasing Cars","description":"Fiat 128 SL (Super Lusso) zu verkaufen auf D\u00e4nemarks gr\u00f6\u00dfter Spezialauto-Auktion CarBeat Chasing Cars, finden Sie hier Ihr n\u00e4chstes Traumauto, Youngtimer oder Spezialauto","robots":{"index":"index","follow":"follow","max-snippet":"max-snippet:-1","max-image-preview":"max-image-preview:large","max-video-preview":"max-video-preview:-1"},"canonical":"https:\/\/carbeat.dk\/de\/produkt\/fiat-128-sl-super-lusso\/","og_locale":"de_DE","og_type":"article","og_title":"Bieten Sie auf Fiat 128 SL bei CarBeat Chasing Cars","og_description":"Fiat 128 SL (Super Lusso) zu verkaufen auf D\u00e4nemarks gr\u00f6\u00dfter Spezialauto-Auktion CarBeat Chasing Cars, finden Sie hier Ihr n\u00e4chstes Traumauto, Youngtimer oder Spezialauto","og_url":"https:\/\/carbeat.dk\/de\/produkt\/fiat-128-sl-super-lusso\/","og_site_name":"CarBeat","article_publisher":"https:\/\/www.facebook.com\/CarBeatDK\/","article_modified_time":"2024-03-11T12:43:01+00:00","og_image":[{"width":2048,"height":1536,"url":"https:\/\/carbeat.dk\/wp-content\/uploads\/2023\/09\/left-side-jpg.webp","type":"image\/jpeg"}],"twitter_card":"summary_large_image","twitter_misc":{"Gesch\u00e4tzte Lesezeit":"2\u00a0Minuten"},"schema":{"@context":"https:\/\/schema.org","@graph":[{"@type":"WebPage","@id":"https:\/\/carbeat.dk\/de\/produkt\/fiat-128-sl-super-lusso\/","url":"https:\/\/carbeat.dk\/de\/produkt\/fiat-128-sl-super-lusso\/","name":"Bieten Sie auf Fiat 128 SL bei CarBeat Chasing Cars","isPartOf":{"@id":"https:\/\/carbeat.dk\/de\/#website"},"primaryImageOfPage":{"@id":"https:\/\/carbeat.dk\/de\/produkt\/fiat-128-sl-super-lusso\/#primaryimage"},"image":{"@id":"https:\/\/carbeat.dk\/de\/produkt\/fiat-128-sl-super-lusso\/#primaryimage"},"thumbnailUrl":"https:\/\/carbeat.dk\/wp-content\/uploads\/2023\/09\/left-side-jpg.webp","datePublished":"2023-12-28T18:23:21+00:00","dateModified":"2024-03-11T12:43:01+00:00","description":"Fiat 128 SL (Super Lusso) zu verkaufen auf D\u00e4nemarks gr\u00f6\u00dfter Spezialauto-Auktion CarBeat Chasing Cars, finden Sie hier Ihr n\u00e4chstes Traumauto, Youngtimer oder Spezialauto","breadcrumb":{"@id":"https:\/\/carbeat.dk\/de\/produkt\/fiat-128-sl-super-lusso\/#breadcrumb"},"inLanguage":"de","potentialAction":[{"@type":"ReadAction","target":["https:\/\/carbeat.dk\/de\/produkt\/fiat-128-sl-super-lusso\/"]}]},{"@type":"ImageObject","inLanguage":"de","@id":"https:\/\/carbeat.dk\/de\/produkt\/fiat-128-sl-super-lusso\/#primaryimage","url":"https:\/\/carbeat.dk\/wp-content\/uploads\/2023\/09\/left-side-jpg.webp","contentUrl":"https:\/\/carbeat.dk\/wp-content\/uploads\/2023\/09\/left-side-jpg.webp","width":2048,"height":1536,"caption":"CarBeat Verfolgungsjagden Fiat 128 SL 1.400"},{"@type":"BreadcrumbList","@id":"https:\/\/carbeat.dk\/de\/produkt\/fiat-128-sl-super-lusso\/#breadcrumb","itemListElement":[{"@type":"ListItem","position":1,"name":"Hjem","item":"https:\/\/carbeat.dk\/de\/"},{"@type":"ListItem","position":2,"name":"Shop","item":"https:\/\/carbeat.dk\/shop\/"},{"@type":"ListItem","position":3,"name":"FIAT 128 SL &#8211; Super Lusso"}]},{"@type":"WebSite","@id":"https:\/\/carbeat.dk\/de\/#website","url":"https:\/\/carbeat.dk\/de\/","name":"CarBeat","description":"Chasing Cars","publisher":{"@id":"https:\/\/carbeat.dk\/de\/#organization"},"potentialAction":[{"@type":"SearchAction","target":{"@type":"EntryPoint","urlTemplate":"https:\/\/carbeat.dk\/de\/?s={search_term_string}"},"query-input":{"@type":"PropertyValueSpecification","valueRequired":true,"valueName":"search_term_string"}}],"inLanguage":"de"},{"@type":"Organization","@id":"https:\/\/carbeat.dk\/de\/#organization","name":"CarBeat Chasing Cars","url":"https:\/\/carbeat.dk\/de\/","logo":{"@type":"ImageObject","inLanguage":"de","@id":"https:\/\/carbeat.dk\/de\/#\/schema\/logo\/image\/","url":"https:\/\/carbeat.dk\/wp-content\/uploads\/2023\/08\/CarBeat-Chasing-Cars-lille-2560x1560-1-1_clipped_rev_1.png","contentUrl":"https:\/\/carbeat.dk\/wp-content\/uploads\/2023\/08\/CarBeat-Chasing-Cars-lille-2560x1560-1-1_clipped_rev_1.png","width":2560,"height":1560,"caption":"CarBeat Chasing Cars"},"image":{"@id":"https:\/\/carbeat.dk\/de\/#\/schema\/logo\/image\/"},"sameAs":["https:\/\/www.facebook.com\/CarBeatDK\/","https:\/\/www.instagram.com\/carbeatdk\/","https:\/\/www.linkedin.com\/company\/carbeat\/"]}]}},"_links":{"self":[{"href":"https:\/\/carbeat.dk\/de\/wp-json\/wp\/v2\/product\/12074","targetHints":{"allow":["GET"]}}],"collection":[{"href":"https:\/\/carbeat.dk\/de\/wp-json\/wp\/v2\/product"}],"about":[{"href":"https:\/\/carbeat.dk\/de\/wp-json\/wp\/v2\/types\/product"}],"replies":[{"embeddable":true,"href":"https:\/\/carbeat.dk\/de\/wp-json\/wp\/v2\/comments?post=12074"}],"version-history":[{"count":1,"href":"https:\/\/carbeat.dk\/de\/wp-json\/wp\/v2\/product\/12074\/revisions"}],"predecessor-version":[{"id":12083,"href":"https:\/\/carbeat.dk\/de\/wp-json\/wp\/v2\/product\/12074\/revisions\/12083"}],"wp:featuredmedia":[{"embeddable":true,"href":"https:\/\/carbeat.dk\/de\/wp-json\/wp\/v2\/media\/8584"}],"wp:attachment":[{"href":"https:\/\/carbeat.dk\/de\/wp-json\/wp\/v2\/media?parent=12074"}],"wp:term":[{"taxonomy":"product_brand","embeddable":true,"href":"https:\/\/carbeat.dk\/de\/wp-json\/wp\/v2\/product_brand?post=12074"},{"taxonomy":"product_cat","embeddable":true,"href":"https:\/\/carbeat.dk\/de\/wp-json\/wp\/v2\/product_cat?post=12074"},{"taxonomy":"product_tag","embeddable":true,"href":"https:\/\/carbeat.dk\/de\/wp-json\/wp\/v2\/product_tag?post=12074"}],"curies":[{"name":"wp","href":"https:\/\/api.w.org\/{rel}","templated":true}]}}