{"id":12055,"date":"2023-11-17T09:48:23","date_gmt":"2023-11-17T08:48:23","guid":{"rendered":"https:\/\/carbeat.dk\/product\/toyota-celica-gt-four-st205\/"},"modified":"2024-03-11T13:42:39","modified_gmt":"2024-03-11T12:42:39","slug":"toyota-celica-gt-four-st205","status":"publish","type":"product","link":"https:\/\/carbeat.dk\/de\/produkt\/toyota-celica-gt-four-st205\/","title":{"rendered":"Toyota Celica GT-Four ST205"},"content":{"rendered":"<p>Der Toyota Celica GT-Four ST205 aus dem Jahr 1994 wurde ein letztes Mal aufger\u00fcstet, und er ist wohl die begehrteste Version geworden. Der GT-Four ST205 ist ein turboaufgeladener, allradgetriebener Sportwagen mit einem neu entwickelten 5-Gang-Schaltgetriebe, das auf dem legend\u00e4ren Toyota WRC-Rallyefahrzeug basiert.<\/p>\n<p>Sie k\u00f6nnen sofort sehen, dass dieser Toyota Celica kein gew\u00f6hnliches Coup\u00e9 ist. Er hat eine andere Motorhaube und einen anderen Spoiler, die deutlich machen, dass es sich um ein ganz besonderes und seltenes Auto handelt.<\/p>\n<p>Bei diesem Exemplar des Toyota Celica GT-Four ST205 handelt es sich um ein Modell f\u00fcr den japanischen Markt (JDM) mit einer 255 PS starken 3S-GTE-Turbo-Hochleistungsversion, w\u00e4hrend die Exportmodelle nur 242 PS leisteten.<br \/>\nMit einer H\u00f6chstgeschwindigkeit von 245 km\/h und einer Beschleunigung von 0 auf 100 in 6,3 Sekunden ist er immer noch ein sehr leistungsf\u00e4higes Auto.<\/p>\n<h3>Superrot<\/h3>\n<p>Dieser Wagen wurde professionell auf Linkslenkung umgebaut und hat nur 128.500 Originalkilometer. Der Lack ist in fantastischem Zustand und in der richtigen Farbe, dem fantastischen &#8218;Super Red&#8216; von Toyota. Der Lack sieht toll aus und ist 100% rostfrei, ebenso wie der Rest des Autos.<\/p>\n<p>Zu den Sonderausstattungen geh\u00f6rt das original get\u00f6nte und elektrisch betriebene Schiebedach. Dieses Auto ist die Nummer 3.748 von einer Gesamtproduktion von etwa 10.000 Autos.<br \/>\nNur die 1.256 waren &#8222;Super Red&#8220;.<\/p>\n<p>Der Wagen befindet sich in einem absoluten Top-Zustand und wurde von einem JPN-Auto- und Rennwagenspezialisten gr\u00fcndlich inspiziert. Dieser Toyota Celica GT-Four ST205 wurde sogar einem &#8222;engine out&#8220;-Service unterzogen, bei dem alle Riemen gewechselt und eine gebrochene Schraube im Auspuffkr\u00fcmmer ersetzt wurden.<\/p>\n<p>F\u00fcr weniger als 100 Kilometer. wurde ein hochwertiges, einstellbares Gewindefahrwerk eingebaut, das<br \/>\nsowie neue Bremsscheiben.<\/p>\n<p>Sie werden wahrscheinlich kein sch\u00f6neres &#8218;gebrauchtes&#8216; Auto aus den 90er Jahren finden, das benutzt wurde. Die gesamte Innenausstattung, Sitze, Teppiche usw. sind in perfektem Zustand.<br \/>\nEin 30 Jahre altes Auto kommt einem nagelneuen Auto am n\u00e4chsten. Er f\u00e4hrt sich wie ein nagelneues Auto, und in diesem Zustand ist es ein Auto, das wahrscheinlich von Erfolg zu Erfolg fahren wird.<\/p>\n","protected":false},"excerpt":{"rendered":"<p>Der Toyota Celica GT-Four ST205 aus dem Jahr 1994 wurde ein letztes Mal aufger\u00fcstet, und er ist wohl die begehrteste Version geworden. Der GT-Four ST205 ist ein turboaufgeladener, allradgetriebener Sportwagen mit einem neu entwickelten 5-Gang-Schaltgetriebe, das auf dem legend\u00e4ren Toyota WRC-Rallyefahrzeug basiert. Sie k\u00f6nnen sofort sehen, dass dieser Toyota Celica kein gew\u00f6hnliches Coup\u00e9 ist. Er [&hellip;]<\/p>\n","protected":false},"featured_media":8892,"comment_status":"open","ping_status":"closed","template":"","meta":[],"product_brand":[],"product_cat":[476,492],"product_tag":[599,603,591,595,527],"class_list":{"0":"post-12055","1":"product","2":"type-product","3":"status-publish","4":"has-post-thumbnail","6":"car_models-celica","7":"car_models-toyota","8":"product_cat-autos","9":"product_cat-youngtimer-de","10":"product_tag-gt-vier-st205","11":"product_tag-rallye","12":"product_tag-toyota-de","13":"product_tag-toyota-celica-de","14":"product_tag-youngtimer-de","16":"first","17":"outofstock","18":"sold-individually","19":"shipping-taxable","20":"product-type-auction"},"acf":[],"yoast_head":"<!-- This site is optimized with the Yoast SEO plugin v27.4 - https:\/\/yoast.com\/product\/yoast-seo-wordpress\/ -->\n<title>Toyota Celica GT-Four ST205 - CarBeat car auction Hier finden Sie ein neues Auto aus den 90ern<\/title>\n<meta name=\"description\" content=\"Der Toyota Celica GT-Four ST205 ist ein legend\u00e4rer Stra\u00dfen- und Rallye-Rennwagen. Es steht nun zur Versteigerung und zum Verkauf auf dieser Seite. Machen Sie eine gro\u00dfe Investition mit diesem Auto.\" \/>\n<meta name=\"robots\" content=\"index, follow, max-snippet:-1, max-image-preview:large, max-video-preview:-1\" \/>\n<link rel=\"canonical\" href=\"https:\/\/carbeat.dk\/de\/produkt\/toyota-celica-gt-four-st205\/\" \/>\n<meta property=\"og:locale\" content=\"de_DE\" \/>\n<meta property=\"og:type\" content=\"article\" \/>\n<meta property=\"og:title\" content=\"Toyota Celica GT-Four ST205 - CarBeat car auction Hier finden Sie ein neues Auto aus den 90ern\" \/>\n<meta property=\"og:description\" content=\"Der Toyota Celica GT-Four ST205 ist ein legend\u00e4rer Stra\u00dfen- und Rallye-Rennwagen. Es steht nun zur Versteigerung und zum Verkauf auf dieser Seite. Machen Sie eine gro\u00dfe Investition mit diesem Auto.\" \/>\n<meta property=\"og:url\" content=\"https:\/\/carbeat.dk\/de\/produkt\/toyota-celica-gt-four-st205\/\" \/>\n<meta property=\"og:site_name\" content=\"CarBeat\" \/>\n<meta property=\"article:publisher\" content=\"https:\/\/www.facebook.com\/CarBeatDK\/\" \/>\n<meta property=\"article:modified_time\" content=\"2024-03-11T12:42:39+00:00\" \/>\n<meta property=\"og:image\" content=\"https:\/\/carbeat.dk\/wp-content\/uploads\/2023\/10\/IMG_0021-scaled.webp\" \/>\n\t<meta property=\"og:image:width\" content=\"2560\" \/>\n\t<meta property=\"og:image:height\" content=\"1707\" \/>\n\t<meta property=\"og:image:type\" content=\"image\/jpeg\" \/>\n<meta name=\"twitter:card\" content=\"summary_large_image\" \/>\n<meta name=\"twitter:label1\" content=\"Gesch\u00e4tzte Lesezeit\" \/>\n\t<meta name=\"twitter:data1\" content=\"2\u00a0Minuten\" \/>\n<script type=\"application\/ld+json\" class=\"yoast-schema-graph\">{\"@context\":\"https:\\\/\\\/schema.org\",\"@graph\":[{\"@type\":\"WebPage\",\"@id\":\"https:\\\/\\\/carbeat.dk\\\/de\\\/produkt\\\/toyota-celica-gt-four-st205\\\/\",\"url\":\"https:\\\/\\\/carbeat.dk\\\/de\\\/produkt\\\/toyota-celica-gt-four-st205\\\/\",\"name\":\"Toyota Celica GT-Four ST205 - CarBeat car auction Hier finden Sie ein neues Auto aus den 90ern\",\"isPartOf\":{\"@id\":\"https:\\\/\\\/carbeat.dk\\\/de\\\/#website\"},\"primaryImageOfPage\":{\"@id\":\"https:\\\/\\\/carbeat.dk\\\/de\\\/produkt\\\/toyota-celica-gt-four-st205\\\/#primaryimage\"},\"image\":{\"@id\":\"https:\\\/\\\/carbeat.dk\\\/de\\\/produkt\\\/toyota-celica-gt-four-st205\\\/#primaryimage\"},\"thumbnailUrl\":\"https:\\\/\\\/carbeat.dk\\\/wp-content\\\/uploads\\\/2023\\\/10\\\/IMG_0021-scaled.webp\",\"datePublished\":\"2023-11-17T08:48:23+00:00\",\"dateModified\":\"2024-03-11T12:42:39+00:00\",\"description\":\"Der Toyota Celica GT-Four ST205 ist ein legend\u00e4rer Stra\u00dfen- und Rallye-Rennwagen. Es steht nun zur Versteigerung und zum Verkauf auf dieser Seite. Machen Sie eine gro\u00dfe Investition mit diesem Auto.\",\"breadcrumb\":{\"@id\":\"https:\\\/\\\/carbeat.dk\\\/de\\\/produkt\\\/toyota-celica-gt-four-st205\\\/#breadcrumb\"},\"inLanguage\":\"de\",\"potentialAction\":[{\"@type\":\"ReadAction\",\"target\":[\"https:\\\/\\\/carbeat.dk\\\/de\\\/produkt\\\/toyota-celica-gt-four-st205\\\/\"]}]},{\"@type\":\"ImageObject\",\"inLanguage\":\"de\",\"@id\":\"https:\\\/\\\/carbeat.dk\\\/de\\\/produkt\\\/toyota-celica-gt-four-st205\\\/#primaryimage\",\"url\":\"https:\\\/\\\/carbeat.dk\\\/wp-content\\\/uploads\\\/2023\\\/10\\\/IMG_0021-scaled.webp\",\"contentUrl\":\"https:\\\/\\\/carbeat.dk\\\/wp-content\\\/uploads\\\/2023\\\/10\\\/IMG_0021-scaled.webp\",\"width\":2560,\"height\":1707,\"caption\":\"CarBeat Chasing Cars Toyota GT-four ST205 Autoversteigerung zum Verkauf vorne\"},{\"@type\":\"BreadcrumbList\",\"@id\":\"https:\\\/\\\/carbeat.dk\\\/de\\\/produkt\\\/toyota-celica-gt-four-st205\\\/#breadcrumb\",\"itemListElement\":[{\"@type\":\"ListItem\",\"position\":1,\"name\":\"Hjem\",\"item\":\"https:\\\/\\\/carbeat.dk\\\/de\\\/\"},{\"@type\":\"ListItem\",\"position\":2,\"name\":\"Shop\",\"item\":\"https:\\\/\\\/carbeat.dk\\\/shop\\\/\"},{\"@type\":\"ListItem\",\"position\":3,\"name\":\"Toyota Celica GT-Four ST205\"}]},{\"@type\":\"WebSite\",\"@id\":\"https:\\\/\\\/carbeat.dk\\\/de\\\/#website\",\"url\":\"https:\\\/\\\/carbeat.dk\\\/de\\\/\",\"name\":\"CarBeat\",\"description\":\"Chasing Cars\",\"publisher\":{\"@id\":\"https:\\\/\\\/carbeat.dk\\\/de\\\/#organization\"},\"potentialAction\":[{\"@type\":\"SearchAction\",\"target\":{\"@type\":\"EntryPoint\",\"urlTemplate\":\"https:\\\/\\\/carbeat.dk\\\/de\\\/?s={search_term_string}\"},\"query-input\":{\"@type\":\"PropertyValueSpecification\",\"valueRequired\":true,\"valueName\":\"search_term_string\"}}],\"inLanguage\":\"de\"},{\"@type\":\"Organization\",\"@id\":\"https:\\\/\\\/carbeat.dk\\\/de\\\/#organization\",\"name\":\"CarBeat Chasing Cars\",\"url\":\"https:\\\/\\\/carbeat.dk\\\/de\\\/\",\"logo\":{\"@type\":\"ImageObject\",\"inLanguage\":\"de\",\"@id\":\"https:\\\/\\\/carbeat.dk\\\/de\\\/#\\\/schema\\\/logo\\\/image\\\/\",\"url\":\"https:\\\/\\\/carbeat.dk\\\/wp-content\\\/uploads\\\/2023\\\/08\\\/CarBeat-Chasing-Cars-lille-2560x1560-1-1_clipped_rev_1.png\",\"contentUrl\":\"https:\\\/\\\/carbeat.dk\\\/wp-content\\\/uploads\\\/2023\\\/08\\\/CarBeat-Chasing-Cars-lille-2560x1560-1-1_clipped_rev_1.png\",\"width\":2560,\"height\":1560,\"caption\":\"CarBeat Chasing Cars\"},\"image\":{\"@id\":\"https:\\\/\\\/carbeat.dk\\\/de\\\/#\\\/schema\\\/logo\\\/image\\\/\"},\"sameAs\":[\"https:\\\/\\\/www.facebook.com\\\/CarBeatDK\\\/\",\"https:\\\/\\\/www.instagram.com\\\/carbeatdk\\\/\",\"https:\\\/\\\/www.linkedin.com\\\/company\\\/carbeat\\\/\"]}]}<\/script>\n<!-- \/ Yoast SEO plugin. -->","yoast_head_json":{"title":"Toyota Celica GT-Four ST205 - CarBeat car auction Hier finden Sie ein neues Auto aus den 90ern","description":"Der Toyota Celica GT-Four ST205 ist ein legend\u00e4rer Stra\u00dfen- und Rallye-Rennwagen. Es steht nun zur Versteigerung und zum Verkauf auf dieser Seite. Machen Sie eine gro\u00dfe Investition mit diesem Auto.","robots":{"index":"index","follow":"follow","max-snippet":"max-snippet:-1","max-image-preview":"max-image-preview:large","max-video-preview":"max-video-preview:-1"},"canonical":"https:\/\/carbeat.dk\/de\/produkt\/toyota-celica-gt-four-st205\/","og_locale":"de_DE","og_type":"article","og_title":"Toyota Celica GT-Four ST205 - CarBeat car auction Hier finden Sie ein neues Auto aus den 90ern","og_description":"Der Toyota Celica GT-Four ST205 ist ein legend\u00e4rer Stra\u00dfen- und Rallye-Rennwagen. Es steht nun zur Versteigerung und zum Verkauf auf dieser Seite. Machen Sie eine gro\u00dfe Investition mit diesem Auto.","og_url":"https:\/\/carbeat.dk\/de\/produkt\/toyota-celica-gt-four-st205\/","og_site_name":"CarBeat","article_publisher":"https:\/\/www.facebook.com\/CarBeatDK\/","article_modified_time":"2024-03-11T12:42:39+00:00","og_image":[{"width":2560,"height":1707,"url":"https:\/\/carbeat.dk\/wp-content\/uploads\/2023\/10\/IMG_0021-scaled.webp","type":"image\/jpeg"}],"twitter_card":"summary_large_image","twitter_misc":{"Gesch\u00e4tzte Lesezeit":"2\u00a0Minuten"},"schema":{"@context":"https:\/\/schema.org","@graph":[{"@type":"WebPage","@id":"https:\/\/carbeat.dk\/de\/produkt\/toyota-celica-gt-four-st205\/","url":"https:\/\/carbeat.dk\/de\/produkt\/toyota-celica-gt-four-st205\/","name":"Toyota Celica GT-Four ST205 - CarBeat car auction Hier finden Sie ein neues Auto aus den 90ern","isPartOf":{"@id":"https:\/\/carbeat.dk\/de\/#website"},"primaryImageOfPage":{"@id":"https:\/\/carbeat.dk\/de\/produkt\/toyota-celica-gt-four-st205\/#primaryimage"},"image":{"@id":"https:\/\/carbeat.dk\/de\/produkt\/toyota-celica-gt-four-st205\/#primaryimage"},"thumbnailUrl":"https:\/\/carbeat.dk\/wp-content\/uploads\/2023\/10\/IMG_0021-scaled.webp","datePublished":"2023-11-17T08:48:23+00:00","dateModified":"2024-03-11T12:42:39+00:00","description":"Der Toyota Celica GT-Four ST205 ist ein legend\u00e4rer Stra\u00dfen- und Rallye-Rennwagen. Es steht nun zur Versteigerung und zum Verkauf auf dieser Seite. Machen Sie eine gro\u00dfe Investition mit diesem Auto.","breadcrumb":{"@id":"https:\/\/carbeat.dk\/de\/produkt\/toyota-celica-gt-four-st205\/#breadcrumb"},"inLanguage":"de","potentialAction":[{"@type":"ReadAction","target":["https:\/\/carbeat.dk\/de\/produkt\/toyota-celica-gt-four-st205\/"]}]},{"@type":"ImageObject","inLanguage":"de","@id":"https:\/\/carbeat.dk\/de\/produkt\/toyota-celica-gt-four-st205\/#primaryimage","url":"https:\/\/carbeat.dk\/wp-content\/uploads\/2023\/10\/IMG_0021-scaled.webp","contentUrl":"https:\/\/carbeat.dk\/wp-content\/uploads\/2023\/10\/IMG_0021-scaled.webp","width":2560,"height":1707,"caption":"CarBeat Chasing Cars Toyota GT-four ST205 Autoversteigerung zum Verkauf vorne"},{"@type":"BreadcrumbList","@id":"https:\/\/carbeat.dk\/de\/produkt\/toyota-celica-gt-four-st205\/#breadcrumb","itemListElement":[{"@type":"ListItem","position":1,"name":"Hjem","item":"https:\/\/carbeat.dk\/de\/"},{"@type":"ListItem","position":2,"name":"Shop","item":"https:\/\/carbeat.dk\/shop\/"},{"@type":"ListItem","position":3,"name":"Toyota Celica GT-Four ST205"}]},{"@type":"WebSite","@id":"https:\/\/carbeat.dk\/de\/#website","url":"https:\/\/carbeat.dk\/de\/","name":"CarBeat","description":"Chasing Cars","publisher":{"@id":"https:\/\/carbeat.dk\/de\/#organization"},"potentialAction":[{"@type":"SearchAction","target":{"@type":"EntryPoint","urlTemplate":"https:\/\/carbeat.dk\/de\/?s={search_term_string}"},"query-input":{"@type":"PropertyValueSpecification","valueRequired":true,"valueName":"search_term_string"}}],"inLanguage":"de"},{"@type":"Organization","@id":"https:\/\/carbeat.dk\/de\/#organization","name":"CarBeat Chasing Cars","url":"https:\/\/carbeat.dk\/de\/","logo":{"@type":"ImageObject","inLanguage":"de","@id":"https:\/\/carbeat.dk\/de\/#\/schema\/logo\/image\/","url":"https:\/\/carbeat.dk\/wp-content\/uploads\/2023\/08\/CarBeat-Chasing-Cars-lille-2560x1560-1-1_clipped_rev_1.png","contentUrl":"https:\/\/carbeat.dk\/wp-content\/uploads\/2023\/08\/CarBeat-Chasing-Cars-lille-2560x1560-1-1_clipped_rev_1.png","width":2560,"height":1560,"caption":"CarBeat Chasing Cars"},"image":{"@id":"https:\/\/carbeat.dk\/de\/#\/schema\/logo\/image\/"},"sameAs":["https:\/\/www.facebook.com\/CarBeatDK\/","https:\/\/www.instagram.com\/carbeatdk\/","https:\/\/www.linkedin.com\/company\/carbeat\/"]}]}},"_links":{"self":[{"href":"https:\/\/carbeat.dk\/de\/wp-json\/wp\/v2\/product\/12055","targetHints":{"allow":["GET"]}}],"collection":[{"href":"https:\/\/carbeat.dk\/de\/wp-json\/wp\/v2\/product"}],"about":[{"href":"https:\/\/carbeat.dk\/de\/wp-json\/wp\/v2\/types\/product"}],"replies":[{"embeddable":true,"href":"https:\/\/carbeat.dk\/de\/wp-json\/wp\/v2\/comments?post=12055"}],"version-history":[{"count":1,"href":"https:\/\/carbeat.dk\/de\/wp-json\/wp\/v2\/product\/12055\/revisions"}],"predecessor-version":[{"id":12065,"href":"https:\/\/carbeat.dk\/de\/wp-json\/wp\/v2\/product\/12055\/revisions\/12065"}],"wp:featuredmedia":[{"embeddable":true,"href":"https:\/\/carbeat.dk\/de\/wp-json\/wp\/v2\/media\/8892"}],"wp:attachment":[{"href":"https:\/\/carbeat.dk\/de\/wp-json\/wp\/v2\/media?parent=12055"}],"wp:term":[{"taxonomy":"product_brand","embeddable":true,"href":"https:\/\/carbeat.dk\/de\/wp-json\/wp\/v2\/product_brand?post=12055"},{"taxonomy":"product_cat","embeddable":true,"href":"https:\/\/carbeat.dk\/de\/wp-json\/wp\/v2\/product_cat?post=12055"},{"taxonomy":"product_tag","embeddable":true,"href":"https:\/\/carbeat.dk\/de\/wp-json\/wp\/v2\/product_tag?post=12055"}],"curies":[{"name":"wp","href":"https:\/\/api.w.org\/{rel}","templated":true}]}}