{"id":12023,"date":"2023-09-11T13:06:11","date_gmt":"2023-09-11T11:06:11","guid":{"rendered":"https:\/\/carbeat.dk\/product\/vw-golf-mk1-cabrio-1989\/"},"modified":"2024-03-11T13:42:40","modified_gmt":"2024-03-11T12:42:40","slug":"vw-golf-mk1-cabrio-1989","status":"publish","type":"product","link":"https:\/\/carbeat.dk\/de\/produkt\/vw-golf-mk1-cabrio-1989\/","title":{"rendered":"VW GOLF MK1 Cabrio &#8211; 1989"},"content":{"rendered":"<p>Hier bekommen Sie einen VW GOLF MK1 Cabriolet &#8211; 1989. Es ist eines der kultigsten Autos aus den 1980er Jahren. In den USA wurde er VW Rabbit genannt. Viele in Europa benannten ihren Golf in Rabbit um und hatten das sch\u00f6ne Rabbit-Logo mit dem Kaninchen, so wie dieses Auto.<\/p>\n<p>Dieses VW GOLF\/Rabbit MK1 Cabriolet ist mit vielen Wolfsburger Teilen wie Fu\u00dfmatten, verchromten Fensterhebergriffen und dem begehrten Wolfsburger Lenkrad elegant gestylt. Der Wagen ist mit Doppelscheinwerfergittern aus einem MK2 mit Halo-Tagfahrlicht mit Kristallparabeln ausgestattet. Die Seitenspiegel sind original wei\u00df lackiert und k\u00f6nnen von innen verstellt werden, sehr luxuri\u00f6s.<\/p>\n<p>VW GOLF MK1 Cabriolet &#8211; Der 1989er startet und l\u00e4uft perfekt. Er ist tiefergelegt und hat Turbine-Leichtmetallfelgen mit N\u00fcrburg-Ring-Naben (eine fehlt). Die T\u00fcrgriffe sind in Chrom gehalten und passen zu den verchromten Seitenleisten. Der Innenraum und die Sitze sind in nahezu neuem Zustand, und die Vordersitze sind beheizt. Das Armaturenbrett ist in gutem Zustand, das Handschuhfach schlie\u00dft wie es soll, alle vier Fensterheber funktionieren. Das Verdeck ist das sch\u00f6ne dicke Stoffverdeck, das wie neu ist und eine Glasheckscheibe mit Heizung hat.<\/p>\n<p>Die Unterseite des Wagens ist sehr sauber und rostfrei. Der Wagen hat Seiten, Kotfl\u00fcgel und Sto\u00dfstangen in der Farbe des Karmann Ghia. Es gibt einen kleinen Lackschaden an der linken Ecke des hinteren Sto\u00dff\u00e4ngers, der von einem anderen Auto gestreift wurde, aber keine Beulen.<\/p>\n<p>Eine Verbindung im Auspuff muss nachgezogen werden. Die rechte hintere Gl\u00fchbirne ist ausgefallen. Fehlender Sicherungsstift in der linken T\u00fcr, das Schloss ist jedoch voll funktionsf\u00e4hig. Der Hupenschalter im Lenkrad muss eingestellt werden. Schwarze A-S\u00e4ulen-Leiste fehlt. Das Auto hat die schwedische T\u00dcV-Pr\u00fcfung bestanden.<\/p>\n<h3>Die Ausstattungsliste des Fahrzeugs finden Sie unten:<\/h3>\n<p>BlueTooth-Radio im stilgerechten Retro-Design<br \/>\nRat der Stadt Wolfsburg<br \/>\nWolfsburg Matten<br \/>\nWolfsburg-Logos auf der Website<br \/>\nWolfsburg rudehejs<br \/>\nWerkseitig get\u00f6nte Scheiben<br \/>\nSitzheizung in den Vordersitzen<br \/>\nVerstellbare Innenau\u00dfenspiegel<br \/>\nSonnenget\u00f6nter Streifen in der Windschutzscheibe<br \/>\nWei\u00dfes Blech<br \/>\n15&#8243;-Leichtmetallr\u00e4der<br \/>\nTiefergelegtes Fahrwerk ca. 30mm<br \/>\nNangkang Ultra Sport Reifen 185\/45r15 fast neu<br \/>\nWei\u00dfes VW-Logo im K\u00fchlergrill<br \/>\nKaninchen-Logo auf der Heckklappe<\/p>\n<p><strong>Das Auto wird ohne DK-Steuer verkauft, sondern wird ein Veteran 5. Monat 2024 und damit niedriger Steuer. Der Steuerbescheid kann unter SKAT.dk abgerufen werden.<\/strong><\/p>\n","protected":false},"excerpt":{"rendered":"<p>Hier bekommen Sie einen VW GOLF MK1 Cabriolet &#8211; 1989. Es ist eines der kultigsten Autos aus den 1980er Jahren. In den USA wurde er VW Rabbit genannt. Viele in Europa benannten ihren Golf in Rabbit um und hatten das sch\u00f6ne Rabbit-Logo mit dem Kaninchen, so wie dieses Auto. Dieses VW GOLF\/Rabbit MK1 Cabriolet ist [&hellip;]<\/p>\n","protected":false},"featured_media":10344,"comment_status":"open","ping_status":"closed","template":"","meta":[],"product_brand":[],"product_cat":[476,492],"product_tag":[482,496,505,519,514,527],"class_list":{"0":"post-12023","1":"product","2":"type-product","3":"status-publish","4":"has-post-thumbnail","6":"car_models-golf-mk1","7":"product_cat-autos","8":"product_cat-youngtimer-de","9":"product_tag-cabrio","10":"product_tag-golf-de","11":"product_tag-kaninchen","12":"product_tag-mk1-de","13":"product_tag-volkswagen-de","14":"product_tag-youngtimer-de","16":"first","17":"outofstock","18":"sold-individually","19":"shipping-taxable","20":"product-type-auction"},"acf":[],"yoast_head":"<!-- This site is optimized with the Yoast SEO plugin v27.4 - https:\/\/yoast.com\/product\/yoast-seo-wordpress\/ -->\n<title>der Auktion auf CarBeat - bieten Sie auf Spezialfahrzeuge<\/title>\n<meta name=\"description\" content=\"VW GOLF MK1 Cabriolet - 1989 mit Wolfsburger Styling zu versteigern bei Car Beat Chasing Cars, An- und Verkauf von exklusiven Sonderfahrzeugen\" \/>\n<meta name=\"robots\" content=\"index, follow, max-snippet:-1, max-image-preview:large, max-video-preview:-1\" \/>\n<link rel=\"canonical\" href=\"https:\/\/carbeat.dk\/de\/produkt\/vw-golf-mk1-cabrio-1989\/\" \/>\n<meta property=\"og:locale\" content=\"de_DE\" \/>\n<meta property=\"og:type\" content=\"article\" \/>\n<meta property=\"og:title\" content=\"der Auktion auf CarBeat - bieten Sie auf Spezialfahrzeuge\" \/>\n<meta property=\"og:description\" content=\"VW GOLF MK1 Cabriolet - 1989 mit Wolfsburger Styling zu versteigern bei Car Beat Chasing Cars, An- und Verkauf von exklusiven Sonderfahrzeugen\" \/>\n<meta property=\"og:url\" content=\"https:\/\/carbeat.dk\/de\/produkt\/vw-golf-mk1-cabrio-1989\/\" \/>\n<meta property=\"og:site_name\" content=\"CarBeat\" \/>\n<meta property=\"article:publisher\" content=\"https:\/\/www.facebook.com\/CarBeatDK\/\" \/>\n<meta property=\"article:modified_time\" content=\"2024-03-11T12:42:40+00:00\" \/>\n<meta property=\"og:image\" content=\"https:\/\/carbeat.dk\/wp-content\/uploads\/2023\/09\/VW-golf-rabbit-sold-1024x576.png\" \/>\n\t<meta property=\"og:image:width\" content=\"1024\" \/>\n\t<meta property=\"og:image:height\" content=\"576\" \/>\n\t<meta property=\"og:image:type\" content=\"image\/png\" \/>\n<meta name=\"twitter:card\" content=\"summary_large_image\" \/>\n<meta name=\"twitter:label1\" content=\"Gesch\u00e4tzte Lesezeit\" \/>\n\t<meta name=\"twitter:data1\" content=\"2\u00a0Minuten\" \/>\n<script type=\"application\/ld+json\" class=\"yoast-schema-graph\">{\"@context\":\"https:\\\/\\\/schema.org\",\"@graph\":[{\"@type\":\"WebPage\",\"@id\":\"https:\\\/\\\/carbeat.dk\\\/de\\\/produkt\\\/vw-golf-mk1-cabrio-1989\\\/\",\"url\":\"https:\\\/\\\/carbeat.dk\\\/de\\\/produkt\\\/vw-golf-mk1-cabrio-1989\\\/\",\"name\":\"der Auktion auf CarBeat - bieten Sie auf Spezialfahrzeuge\",\"isPartOf\":{\"@id\":\"https:\\\/\\\/carbeat.dk\\\/de\\\/#website\"},\"primaryImageOfPage\":{\"@id\":\"https:\\\/\\\/carbeat.dk\\\/de\\\/produkt\\\/vw-golf-mk1-cabrio-1989\\\/#primaryimage\"},\"image\":{\"@id\":\"https:\\\/\\\/carbeat.dk\\\/de\\\/produkt\\\/vw-golf-mk1-cabrio-1989\\\/#primaryimage\"},\"thumbnailUrl\":\"https:\\\/\\\/carbeat.dk\\\/wp-content\\\/uploads\\\/2023\\\/09\\\/VW-golf-rabbit-sold.png\",\"datePublished\":\"2023-09-11T11:06:11+00:00\",\"dateModified\":\"2024-03-11T12:42:40+00:00\",\"description\":\"VW GOLF MK1 Cabriolet - 1989 mit Wolfsburger Styling zu versteigern bei Car Beat Chasing Cars, An- und Verkauf von exklusiven Sonderfahrzeugen\",\"breadcrumb\":{\"@id\":\"https:\\\/\\\/carbeat.dk\\\/de\\\/produkt\\\/vw-golf-mk1-cabrio-1989\\\/#breadcrumb\"},\"inLanguage\":\"de\",\"potentialAction\":[{\"@type\":\"ReadAction\",\"target\":[\"https:\\\/\\\/carbeat.dk\\\/de\\\/produkt\\\/vw-golf-mk1-cabrio-1989\\\/\"]}]},{\"@type\":\"ImageObject\",\"inLanguage\":\"de\",\"@id\":\"https:\\\/\\\/carbeat.dk\\\/de\\\/produkt\\\/vw-golf-mk1-cabrio-1989\\\/#primaryimage\",\"url\":\"https:\\\/\\\/carbeat.dk\\\/wp-content\\\/uploads\\\/2023\\\/09\\\/VW-golf-rabbit-sold.png\",\"contentUrl\":\"https:\\\/\\\/carbeat.dk\\\/wp-content\\\/uploads\\\/2023\\\/09\\\/VW-golf-rabbit-sold.png\",\"width\":1080,\"height\":608,\"caption\":\"CarBeat Chasing Cars VW Golf MK1 Cabriolet verauktioniert versteigert CarBeat nicht nur eine Auktion\"},{\"@type\":\"BreadcrumbList\",\"@id\":\"https:\\\/\\\/carbeat.dk\\\/de\\\/produkt\\\/vw-golf-mk1-cabrio-1989\\\/#breadcrumb\",\"itemListElement\":[{\"@type\":\"ListItem\",\"position\":1,\"name\":\"Hjem\",\"item\":\"https:\\\/\\\/carbeat.dk\\\/de\\\/\"},{\"@type\":\"ListItem\",\"position\":2,\"name\":\"Shop\",\"item\":\"https:\\\/\\\/carbeat.dk\\\/shop\\\/\"},{\"@type\":\"ListItem\",\"position\":3,\"name\":\"VW GOLF MK1 Cabrio &#8211; 1989\"}]},{\"@type\":\"WebSite\",\"@id\":\"https:\\\/\\\/carbeat.dk\\\/de\\\/#website\",\"url\":\"https:\\\/\\\/carbeat.dk\\\/de\\\/\",\"name\":\"CarBeat\",\"description\":\"Chasing Cars\",\"publisher\":{\"@id\":\"https:\\\/\\\/carbeat.dk\\\/de\\\/#organization\"},\"potentialAction\":[{\"@type\":\"SearchAction\",\"target\":{\"@type\":\"EntryPoint\",\"urlTemplate\":\"https:\\\/\\\/carbeat.dk\\\/de\\\/?s={search_term_string}\"},\"query-input\":{\"@type\":\"PropertyValueSpecification\",\"valueRequired\":true,\"valueName\":\"search_term_string\"}}],\"inLanguage\":\"de\"},{\"@type\":\"Organization\",\"@id\":\"https:\\\/\\\/carbeat.dk\\\/de\\\/#organization\",\"name\":\"CarBeat Chasing Cars\",\"url\":\"https:\\\/\\\/carbeat.dk\\\/de\\\/\",\"logo\":{\"@type\":\"ImageObject\",\"inLanguage\":\"de\",\"@id\":\"https:\\\/\\\/carbeat.dk\\\/de\\\/#\\\/schema\\\/logo\\\/image\\\/\",\"url\":\"https:\\\/\\\/carbeat.dk\\\/wp-content\\\/uploads\\\/2023\\\/08\\\/CarBeat-Chasing-Cars-lille-2560x1560-1-1_clipped_rev_1.png\",\"contentUrl\":\"https:\\\/\\\/carbeat.dk\\\/wp-content\\\/uploads\\\/2023\\\/08\\\/CarBeat-Chasing-Cars-lille-2560x1560-1-1_clipped_rev_1.png\",\"width\":2560,\"height\":1560,\"caption\":\"CarBeat Chasing Cars\"},\"image\":{\"@id\":\"https:\\\/\\\/carbeat.dk\\\/de\\\/#\\\/schema\\\/logo\\\/image\\\/\"},\"sameAs\":[\"https:\\\/\\\/www.facebook.com\\\/CarBeatDK\\\/\",\"https:\\\/\\\/www.instagram.com\\\/carbeatdk\\\/\",\"https:\\\/\\\/www.linkedin.com\\\/company\\\/carbeat\\\/\"]}]}<\/script>\n<!-- \/ Yoast SEO plugin. -->","yoast_head_json":{"title":"der Auktion auf CarBeat - bieten Sie auf Spezialfahrzeuge","description":"VW GOLF MK1 Cabriolet - 1989 mit Wolfsburger Styling zu versteigern bei Car Beat Chasing Cars, An- und Verkauf von exklusiven Sonderfahrzeugen","robots":{"index":"index","follow":"follow","max-snippet":"max-snippet:-1","max-image-preview":"max-image-preview:large","max-video-preview":"max-video-preview:-1"},"canonical":"https:\/\/carbeat.dk\/de\/produkt\/vw-golf-mk1-cabrio-1989\/","og_locale":"de_DE","og_type":"article","og_title":"der Auktion auf CarBeat - bieten Sie auf Spezialfahrzeuge","og_description":"VW GOLF MK1 Cabriolet - 1989 mit Wolfsburger Styling zu versteigern bei Car Beat Chasing Cars, An- und Verkauf von exklusiven Sonderfahrzeugen","og_url":"https:\/\/carbeat.dk\/de\/produkt\/vw-golf-mk1-cabrio-1989\/","og_site_name":"CarBeat","article_publisher":"https:\/\/www.facebook.com\/CarBeatDK\/","article_modified_time":"2024-03-11T12:42:40+00:00","og_image":[{"width":1024,"height":576,"url":"https:\/\/carbeat.dk\/wp-content\/uploads\/2023\/09\/VW-golf-rabbit-sold-1024x576.png","type":"image\/png"}],"twitter_card":"summary_large_image","twitter_misc":{"Gesch\u00e4tzte Lesezeit":"2\u00a0Minuten"},"schema":{"@context":"https:\/\/schema.org","@graph":[{"@type":"WebPage","@id":"https:\/\/carbeat.dk\/de\/produkt\/vw-golf-mk1-cabrio-1989\/","url":"https:\/\/carbeat.dk\/de\/produkt\/vw-golf-mk1-cabrio-1989\/","name":"der Auktion auf CarBeat - bieten Sie auf Spezialfahrzeuge","isPartOf":{"@id":"https:\/\/carbeat.dk\/de\/#website"},"primaryImageOfPage":{"@id":"https:\/\/carbeat.dk\/de\/produkt\/vw-golf-mk1-cabrio-1989\/#primaryimage"},"image":{"@id":"https:\/\/carbeat.dk\/de\/produkt\/vw-golf-mk1-cabrio-1989\/#primaryimage"},"thumbnailUrl":"https:\/\/carbeat.dk\/wp-content\/uploads\/2023\/09\/VW-golf-rabbit-sold.png","datePublished":"2023-09-11T11:06:11+00:00","dateModified":"2024-03-11T12:42:40+00:00","description":"VW GOLF MK1 Cabriolet - 1989 mit Wolfsburger Styling zu versteigern bei Car Beat Chasing Cars, An- und Verkauf von exklusiven Sonderfahrzeugen","breadcrumb":{"@id":"https:\/\/carbeat.dk\/de\/produkt\/vw-golf-mk1-cabrio-1989\/#breadcrumb"},"inLanguage":"de","potentialAction":[{"@type":"ReadAction","target":["https:\/\/carbeat.dk\/de\/produkt\/vw-golf-mk1-cabrio-1989\/"]}]},{"@type":"ImageObject","inLanguage":"de","@id":"https:\/\/carbeat.dk\/de\/produkt\/vw-golf-mk1-cabrio-1989\/#primaryimage","url":"https:\/\/carbeat.dk\/wp-content\/uploads\/2023\/09\/VW-golf-rabbit-sold.png","contentUrl":"https:\/\/carbeat.dk\/wp-content\/uploads\/2023\/09\/VW-golf-rabbit-sold.png","width":1080,"height":608,"caption":"CarBeat Chasing Cars VW Golf MK1 Cabriolet verauktioniert versteigert CarBeat nicht nur eine Auktion"},{"@type":"BreadcrumbList","@id":"https:\/\/carbeat.dk\/de\/produkt\/vw-golf-mk1-cabrio-1989\/#breadcrumb","itemListElement":[{"@type":"ListItem","position":1,"name":"Hjem","item":"https:\/\/carbeat.dk\/de\/"},{"@type":"ListItem","position":2,"name":"Shop","item":"https:\/\/carbeat.dk\/shop\/"},{"@type":"ListItem","position":3,"name":"VW GOLF MK1 Cabrio &#8211; 1989"}]},{"@type":"WebSite","@id":"https:\/\/carbeat.dk\/de\/#website","url":"https:\/\/carbeat.dk\/de\/","name":"CarBeat","description":"Chasing Cars","publisher":{"@id":"https:\/\/carbeat.dk\/de\/#organization"},"potentialAction":[{"@type":"SearchAction","target":{"@type":"EntryPoint","urlTemplate":"https:\/\/carbeat.dk\/de\/?s={search_term_string}"},"query-input":{"@type":"PropertyValueSpecification","valueRequired":true,"valueName":"search_term_string"}}],"inLanguage":"de"},{"@type":"Organization","@id":"https:\/\/carbeat.dk\/de\/#organization","name":"CarBeat Chasing Cars","url":"https:\/\/carbeat.dk\/de\/","logo":{"@type":"ImageObject","inLanguage":"de","@id":"https:\/\/carbeat.dk\/de\/#\/schema\/logo\/image\/","url":"https:\/\/carbeat.dk\/wp-content\/uploads\/2023\/08\/CarBeat-Chasing-Cars-lille-2560x1560-1-1_clipped_rev_1.png","contentUrl":"https:\/\/carbeat.dk\/wp-content\/uploads\/2023\/08\/CarBeat-Chasing-Cars-lille-2560x1560-1-1_clipped_rev_1.png","width":2560,"height":1560,"caption":"CarBeat Chasing Cars"},"image":{"@id":"https:\/\/carbeat.dk\/de\/#\/schema\/logo\/image\/"},"sameAs":["https:\/\/www.facebook.com\/CarBeatDK\/","https:\/\/www.instagram.com\/carbeatdk\/","https:\/\/www.linkedin.com\/company\/carbeat\/"]}]}},"_links":{"self":[{"href":"https:\/\/carbeat.dk\/de\/wp-json\/wp\/v2\/product\/12023","targetHints":{"allow":["GET"]}}],"collection":[{"href":"https:\/\/carbeat.dk\/de\/wp-json\/wp\/v2\/product"}],"about":[{"href":"https:\/\/carbeat.dk\/de\/wp-json\/wp\/v2\/types\/product"}],"replies":[{"embeddable":true,"href":"https:\/\/carbeat.dk\/de\/wp-json\/wp\/v2\/comments?post=12023"}],"version-history":[{"count":1,"href":"https:\/\/carbeat.dk\/de\/wp-json\/wp\/v2\/product\/12023\/revisions"}],"predecessor-version":[{"id":12028,"href":"https:\/\/carbeat.dk\/de\/wp-json\/wp\/v2\/product\/12023\/revisions\/12028"}],"wp:featuredmedia":[{"embeddable":true,"href":"https:\/\/carbeat.dk\/de\/wp-json\/wp\/v2\/media\/10344"}],"wp:attachment":[{"href":"https:\/\/carbeat.dk\/de\/wp-json\/wp\/v2\/media?parent=12023"}],"wp:term":[{"taxonomy":"product_brand","embeddable":true,"href":"https:\/\/carbeat.dk\/de\/wp-json\/wp\/v2\/product_brand?post=12023"},{"taxonomy":"product_cat","embeddable":true,"href":"https:\/\/carbeat.dk\/de\/wp-json\/wp\/v2\/product_cat?post=12023"},{"taxonomy":"product_tag","embeddable":true,"href":"https:\/\/carbeat.dk\/de\/wp-json\/wp\/v2\/product_tag?post=12023"}],"curies":[{"name":"wp","href":"https:\/\/api.w.org\/{rel}","templated":true}]}}