{"id":12017,"date":"2024-02-19T08:25:29","date_gmt":"2024-02-19T07:25:29","guid":{"rendered":"https:\/\/carbeat.dk\/product\/mercedes-280-sl\/"},"modified":"2024-04-17T22:35:07","modified_gmt":"2024-04-17T20:35:07","slug":"mercedes-280-sl","status":"publish","type":"product","link":"https:\/\/carbeat.dk\/de\/produkt\/mercedes-280-sl\/","title":{"rendered":"Mercedes 280 SL"},"content":{"rendered":"<p>Jeder, der die Fernsehserie Dallas gesehen hat, wird sich daran erinnern, was Bobby Ewing fuhr. Ja, das stimmt, ein roter Mercedes W107, wie diese Modellbezeichnung von Mercedes hei\u00dft.<br \/>\nDieser Wagen wurde aus Deutschland mitgebracht und stammt urspr\u00fcnglich aus Deutschland, es handelt sich also um einen W107 mit europ\u00e4ischer Spezifikation und dem M110-Motor.<\/p>\n<p>Dieser Mercedes 280 SL W107 &#8211; 1975 (Euro-Modell) ist in sehr gutem Zustand. Ja, es gibt ein paar Kleinigkeiten, aber alles in allem ist es ein wirklich sch\u00f6ner SL. Das Auto ist in einem sehr sch\u00f6nen hellen Rot ohne Rost. Alle Chromleisten sind in Ordnung, allerdings gibt es eine kleine Delle im Chrom der K\u00fchlergrilleinfassung. Es gibt auch einen kleinen Riss in einer Chromabdeckung an der Beifahrert\u00fcr (siehe Bilder des Ganzen).<\/p>\n<p>An der Lackierung und den Kennzeichen gibt es nicht viel zu bem\u00e4ngeln, ob das Auto neu lackiert wurde, wei\u00df der Verk\u00e4ufer nicht, aber die Arbeit ist in Ordnung. Auf der linken Vorderseite \u00fcber dem Scheinwerfer befindet sich eine kleine Lackblase. Es sieht aus wie eine Rostblase, aber es f\u00fchlt sich nicht so an, aber es ist die einzige ihrer Art.<\/p>\n<h3>Patina<\/h3>\n<p>Es gibt einige sehr weiche und nicht sehr tiefe Dellen an ein paar Stellen an der T\u00fcr, der Heckklappe und hinter der Motorhaube, aber sie sind so weich und flach, dass sie schwer zu fotografieren sind, und wieder, sie sind geringf\u00fcgig.<\/p>\n<p>Die Innenausstattung ist wieder sehr sch\u00f6n. Es ist schwarz und in gutem Zustand. Es gibt ein kleines Loch von ca. 1 x 0,5 cm. auf dem Fahrersitz. Es fehlen zwei L\u00fcfterkn\u00f6pfe und das Holz auf der Beifahrerseite am Handschuhfach hat einen kleinen Fehler. Aber ansonsten ist die gesamte Kabine wirklich sehr, sehr sch\u00f6n. M\u00f6glicherweise ist ein neuer Blinkerschalter erforderlich<\/p>\n<p>Wenn man etwas an der Kabine machen w\u00fcrde, w\u00e4re es, neue Sitzpolster zu kaufen, da sie etwas flach sind, aber das ist ein klassisches Mercedes-Ding.<\/p>\n<p>Das Auto springt sehr gut an, &#8222;z\u00f6gert&#8220; ein wenig beim Kaltstart, l\u00e4uft aber schnell im Leerlauf und h\u00f6rt sich so an, wie es sein sollte.<br \/>\nDas Auto l\u00e4uft und lenkt sich gut. Die Schaltung ist perfekt, ebenso die Bremsen.<\/p>\n<p>Hier bekommen Sie also einen &#8218;Turn Key&#8216; Mercedes 280 SL mit d\u00e4nischen Kennzeichen, damit Sie sofort losfahren k\u00f6nnen. Das Auto ist f\u00fcr MOT 4 Monat 2024 f\u00e4llig, aber es sollte eine Formalit\u00e4t sein, um es durch sofort zu bekommen.<\/p>\n<h3>Was ist ein 280SL<\/h3>\n<p>Dieser Luxussportwagen ist bekannt f\u00fcr seine zeitlose Eleganz und Zuverl\u00e4ssigkeit.<\/p>\n<p>Die Karosserie des Wagens ist sch\u00f6n und aerodynamisch, mit eleganten Linien und Kurven, die auch heute noch modern aussehen. Das ikonische Pagodendach verleiht dem Fahrzeug eine einzigartige \u00c4sthetik.<\/p>\n<p>Unter der Motorhaube befindet sich ein kraftvoller 2,8-Liter-Sechszylinder, der eine beeindruckende Leistung bietet.<br \/>\nDer Motor sorgt in Verbindung mit dem leichtg\u00e4ngigen Getriebe f\u00fcr ein komfortables Fahrerlebnis.<\/p>\n<p>Der Innenraum des Mercedes 280 SL ist ebenso luxuri\u00f6s wie sein \u00c4u\u00dferes. Er ist mit hochwertigen Materialien und bequemen Sitzen ausgestattet. Das Armaturenbrett ist schlicht und elegant mit klassischen Holzdetails und einem modernen Stil.<\/p>\n<p>Einen Mercedes 280 SL zu fahren ist ein nostalgisches Erlebnis, das Erinnerungen an eine vergangene \u00c4ra des Automobilbaus weckt.<br \/>\nDieses Auto ist nicht nur ein Transportmittel, sondern auch ein Kunstwerk auf R\u00e4dern, das noch immer von Autoliebhabern in aller Welt bewundert wird.<\/p>\n","protected":false},"excerpt":{"rendered":"<p>Jeder, der die Fernsehserie Dallas gesehen hat, wird sich daran erinnern, was Bobby Ewing fuhr. Ja, das stimmt, ein roter Mercedes W107, wie diese Modellbezeichnung von Mercedes hei\u00dft. Dieser Wagen wurde aus Deutschland mitgebracht und stammt urspr\u00fcnglich aus Deutschland, es handelt sich also um einen W107 mit europ\u00e4ischer Spezifikation und dem M110-Motor. Dieser Mercedes 280 [&hellip;]<\/p>\n","protected":false},"featured_media":7532,"comment_status":"open","ping_status":"closed","template":"","meta":[],"product_brand":[],"product_cat":[476,477],"product_tag":[516,482,488,525,497,506],"class_list":{"0":"post-12017","1":"product","2":"type-product","3":"status-publish","4":"has-post-thumbnail","6":"car_models-mercedes","7":"car_models-mercedes-w107","8":"product_cat-autos","9":"product_cat-klassische-autos","10":"product_tag-280-sl-de","11":"product_tag-cabrio","12":"product_tag-mercedes-de","13":"product_tag-mercedes-280-sl-de","14":"product_tag-mercedes-sl-de","15":"product_tag-w107-de","17":"first","18":"outofstock","19":"sold-individually","20":"shipping-taxable","21":"purchasable","22":"product-type-auction"},"acf":[],"yoast_head":"<!-- This site is optimized with the Yoast SEO plugin v27.4 - https:\/\/yoast.com\/product\/yoast-seo-wordpress\/ -->\n<title>Mercedes 280 SL - CarBeat<\/title>\n<meta name=\"description\" content=\"Mercedes 280 SL - 1975 (Euro model) zu verkaufen f\u00fcr Auto-Versteigerung bei CarBeat Chasing Cars. Kaufen und verkaufen Sie Spezialfahrzeuge ohne Unterbrechung\" \/>\n<meta name=\"robots\" content=\"index, follow, max-snippet:-1, max-image-preview:large, max-video-preview:-1\" \/>\n<link rel=\"canonical\" href=\"https:\/\/carbeat.dk\/de\/produkt\/mercedes-280-sl\/\" \/>\n<meta property=\"og:locale\" content=\"de_DE\" \/>\n<meta property=\"og:type\" content=\"article\" \/>\n<meta property=\"og:title\" content=\"Mercedes 280 SL - CarBeat\" \/>\n<meta property=\"og:description\" content=\"Mercedes 280 SL - 1975 (Euro model) zu verkaufen f\u00fcr Auto-Versteigerung bei CarBeat Chasing Cars. Kaufen und verkaufen Sie Spezialfahrzeuge ohne Unterbrechung\" \/>\n<meta property=\"og:url\" content=\"https:\/\/carbeat.dk\/de\/produkt\/mercedes-280-sl\/\" \/>\n<meta property=\"og:site_name\" content=\"CarBeat\" \/>\n<meta property=\"article:publisher\" content=\"https:\/\/www.facebook.com\/CarBeatDK\/\" \/>\n<meta property=\"article:modified_time\" content=\"2024-04-17T20:35:07+00:00\" \/>\n<meta property=\"og:image\" content=\"https:\/\/carbeat.dk\/wp-content\/uploads\/2023\/09\/redi-5479.jpg\" \/>\n\t<meta property=\"og:image:width\" content=\"1440\" \/>\n\t<meta property=\"og:image:height\" content=\"1080\" \/>\n\t<meta property=\"og:image:type\" content=\"image\/jpeg\" \/>\n<meta name=\"twitter:card\" content=\"summary_large_image\" \/>\n<meta name=\"twitter:label1\" content=\"Gesch\u00e4tzte Lesezeit\" \/>\n\t<meta name=\"twitter:data1\" content=\"3\u00a0Minuten\" \/>\n<script type=\"application\/ld+json\" class=\"yoast-schema-graph\">{\"@context\":\"https:\\\/\\\/schema.org\",\"@graph\":[{\"@type\":\"WebPage\",\"@id\":\"https:\\\/\\\/carbeat.dk\\\/de\\\/produkt\\\/mercedes-280-sl\\\/\",\"url\":\"https:\\\/\\\/carbeat.dk\\\/de\\\/produkt\\\/mercedes-280-sl\\\/\",\"name\":\"Mercedes 280 SL - CarBeat\",\"isPartOf\":{\"@id\":\"https:\\\/\\\/carbeat.dk\\\/de\\\/#website\"},\"primaryImageOfPage\":{\"@id\":\"https:\\\/\\\/carbeat.dk\\\/de\\\/produkt\\\/mercedes-280-sl\\\/#primaryimage\"},\"image\":{\"@id\":\"https:\\\/\\\/carbeat.dk\\\/de\\\/produkt\\\/mercedes-280-sl\\\/#primaryimage\"},\"thumbnailUrl\":\"https:\\\/\\\/carbeat.dk\\\/wp-content\\\/uploads\\\/2023\\\/09\\\/redi-5479.jpg\",\"datePublished\":\"2024-02-19T07:25:29+00:00\",\"dateModified\":\"2024-04-17T20:35:07+00:00\",\"description\":\"Mercedes 280 SL - 1975 (Euro model) zu verkaufen f\u00fcr Auto-Versteigerung bei CarBeat Chasing Cars. Kaufen und verkaufen Sie Spezialfahrzeuge ohne Unterbrechung\",\"breadcrumb\":{\"@id\":\"https:\\\/\\\/carbeat.dk\\\/de\\\/produkt\\\/mercedes-280-sl\\\/#breadcrumb\"},\"inLanguage\":\"de\",\"potentialAction\":[{\"@type\":\"ReadAction\",\"target\":[\"https:\\\/\\\/carbeat.dk\\\/de\\\/produkt\\\/mercedes-280-sl\\\/\"]}]},{\"@type\":\"ImageObject\",\"inLanguage\":\"de\",\"@id\":\"https:\\\/\\\/carbeat.dk\\\/de\\\/produkt\\\/mercedes-280-sl\\\/#primaryimage\",\"url\":\"https:\\\/\\\/carbeat.dk\\\/wp-content\\\/uploads\\\/2023\\\/09\\\/redi-5479.jpg\",\"contentUrl\":\"https:\\\/\\\/carbeat.dk\\\/wp-content\\\/uploads\\\/2023\\\/09\\\/redi-5479.jpg\",\"width\":1440,\"height\":1080,\"caption\":\"Carbeat Verfolgungsjagden Mercedes w107\"},{\"@type\":\"BreadcrumbList\",\"@id\":\"https:\\\/\\\/carbeat.dk\\\/de\\\/produkt\\\/mercedes-280-sl\\\/#breadcrumb\",\"itemListElement\":[{\"@type\":\"ListItem\",\"position\":1,\"name\":\"Hjem\",\"item\":\"https:\\\/\\\/carbeat.dk\\\/de\\\/\"},{\"@type\":\"ListItem\",\"position\":2,\"name\":\"Shop\",\"item\":\"https:\\\/\\\/carbeat.dk\\\/shop\\\/\"},{\"@type\":\"ListItem\",\"position\":3,\"name\":\"Mercedes 280 SL\"}]},{\"@type\":\"WebSite\",\"@id\":\"https:\\\/\\\/carbeat.dk\\\/de\\\/#website\",\"url\":\"https:\\\/\\\/carbeat.dk\\\/de\\\/\",\"name\":\"CarBeat\",\"description\":\"Chasing Cars\",\"publisher\":{\"@id\":\"https:\\\/\\\/carbeat.dk\\\/de\\\/#organization\"},\"potentialAction\":[{\"@type\":\"SearchAction\",\"target\":{\"@type\":\"EntryPoint\",\"urlTemplate\":\"https:\\\/\\\/carbeat.dk\\\/de\\\/?s={search_term_string}\"},\"query-input\":{\"@type\":\"PropertyValueSpecification\",\"valueRequired\":true,\"valueName\":\"search_term_string\"}}],\"inLanguage\":\"de\"},{\"@type\":\"Organization\",\"@id\":\"https:\\\/\\\/carbeat.dk\\\/de\\\/#organization\",\"name\":\"CarBeat Chasing Cars\",\"url\":\"https:\\\/\\\/carbeat.dk\\\/de\\\/\",\"logo\":{\"@type\":\"ImageObject\",\"inLanguage\":\"de\",\"@id\":\"https:\\\/\\\/carbeat.dk\\\/de\\\/#\\\/schema\\\/logo\\\/image\\\/\",\"url\":\"https:\\\/\\\/carbeat.dk\\\/wp-content\\\/uploads\\\/2023\\\/08\\\/CarBeat-Chasing-Cars-lille-2560x1560-1-1_clipped_rev_1.png\",\"contentUrl\":\"https:\\\/\\\/carbeat.dk\\\/wp-content\\\/uploads\\\/2023\\\/08\\\/CarBeat-Chasing-Cars-lille-2560x1560-1-1_clipped_rev_1.png\",\"width\":2560,\"height\":1560,\"caption\":\"CarBeat Chasing Cars\"},\"image\":{\"@id\":\"https:\\\/\\\/carbeat.dk\\\/de\\\/#\\\/schema\\\/logo\\\/image\\\/\"},\"sameAs\":[\"https:\\\/\\\/www.facebook.com\\\/CarBeatDK\\\/\",\"https:\\\/\\\/www.instagram.com\\\/carbeatdk\\\/\",\"https:\\\/\\\/www.linkedin.com\\\/company\\\/carbeat\\\/\"]}]}<\/script>\n<!-- \/ Yoast SEO plugin. -->","yoast_head_json":{"title":"Mercedes 280 SL - CarBeat","description":"Mercedes 280 SL - 1975 (Euro model) zu verkaufen f\u00fcr Auto-Versteigerung bei CarBeat Chasing Cars. Kaufen und verkaufen Sie Spezialfahrzeuge ohne Unterbrechung","robots":{"index":"index","follow":"follow","max-snippet":"max-snippet:-1","max-image-preview":"max-image-preview:large","max-video-preview":"max-video-preview:-1"},"canonical":"https:\/\/carbeat.dk\/de\/produkt\/mercedes-280-sl\/","og_locale":"de_DE","og_type":"article","og_title":"Mercedes 280 SL - CarBeat","og_description":"Mercedes 280 SL - 1975 (Euro model) zu verkaufen f\u00fcr Auto-Versteigerung bei CarBeat Chasing Cars. Kaufen und verkaufen Sie Spezialfahrzeuge ohne Unterbrechung","og_url":"https:\/\/carbeat.dk\/de\/produkt\/mercedes-280-sl\/","og_site_name":"CarBeat","article_publisher":"https:\/\/www.facebook.com\/CarBeatDK\/","article_modified_time":"2024-04-17T20:35:07+00:00","og_image":[{"width":1440,"height":1080,"url":"https:\/\/carbeat.dk\/wp-content\/uploads\/2023\/09\/redi-5479.jpg","type":"image\/jpeg"}],"twitter_card":"summary_large_image","twitter_misc":{"Gesch\u00e4tzte Lesezeit":"3\u00a0Minuten"},"schema":{"@context":"https:\/\/schema.org","@graph":[{"@type":"WebPage","@id":"https:\/\/carbeat.dk\/de\/produkt\/mercedes-280-sl\/","url":"https:\/\/carbeat.dk\/de\/produkt\/mercedes-280-sl\/","name":"Mercedes 280 SL - CarBeat","isPartOf":{"@id":"https:\/\/carbeat.dk\/de\/#website"},"primaryImageOfPage":{"@id":"https:\/\/carbeat.dk\/de\/produkt\/mercedes-280-sl\/#primaryimage"},"image":{"@id":"https:\/\/carbeat.dk\/de\/produkt\/mercedes-280-sl\/#primaryimage"},"thumbnailUrl":"https:\/\/carbeat.dk\/wp-content\/uploads\/2023\/09\/redi-5479.jpg","datePublished":"2024-02-19T07:25:29+00:00","dateModified":"2024-04-17T20:35:07+00:00","description":"Mercedes 280 SL - 1975 (Euro model) zu verkaufen f\u00fcr Auto-Versteigerung bei CarBeat Chasing Cars. Kaufen und verkaufen Sie Spezialfahrzeuge ohne Unterbrechung","breadcrumb":{"@id":"https:\/\/carbeat.dk\/de\/produkt\/mercedes-280-sl\/#breadcrumb"},"inLanguage":"de","potentialAction":[{"@type":"ReadAction","target":["https:\/\/carbeat.dk\/de\/produkt\/mercedes-280-sl\/"]}]},{"@type":"ImageObject","inLanguage":"de","@id":"https:\/\/carbeat.dk\/de\/produkt\/mercedes-280-sl\/#primaryimage","url":"https:\/\/carbeat.dk\/wp-content\/uploads\/2023\/09\/redi-5479.jpg","contentUrl":"https:\/\/carbeat.dk\/wp-content\/uploads\/2023\/09\/redi-5479.jpg","width":1440,"height":1080,"caption":"Carbeat Verfolgungsjagden Mercedes w107"},{"@type":"BreadcrumbList","@id":"https:\/\/carbeat.dk\/de\/produkt\/mercedes-280-sl\/#breadcrumb","itemListElement":[{"@type":"ListItem","position":1,"name":"Hjem","item":"https:\/\/carbeat.dk\/de\/"},{"@type":"ListItem","position":2,"name":"Shop","item":"https:\/\/carbeat.dk\/shop\/"},{"@type":"ListItem","position":3,"name":"Mercedes 280 SL"}]},{"@type":"WebSite","@id":"https:\/\/carbeat.dk\/de\/#website","url":"https:\/\/carbeat.dk\/de\/","name":"CarBeat","description":"Chasing Cars","publisher":{"@id":"https:\/\/carbeat.dk\/de\/#organization"},"potentialAction":[{"@type":"SearchAction","target":{"@type":"EntryPoint","urlTemplate":"https:\/\/carbeat.dk\/de\/?s={search_term_string}"},"query-input":{"@type":"PropertyValueSpecification","valueRequired":true,"valueName":"search_term_string"}}],"inLanguage":"de"},{"@type":"Organization","@id":"https:\/\/carbeat.dk\/de\/#organization","name":"CarBeat Chasing Cars","url":"https:\/\/carbeat.dk\/de\/","logo":{"@type":"ImageObject","inLanguage":"de","@id":"https:\/\/carbeat.dk\/de\/#\/schema\/logo\/image\/","url":"https:\/\/carbeat.dk\/wp-content\/uploads\/2023\/08\/CarBeat-Chasing-Cars-lille-2560x1560-1-1_clipped_rev_1.png","contentUrl":"https:\/\/carbeat.dk\/wp-content\/uploads\/2023\/08\/CarBeat-Chasing-Cars-lille-2560x1560-1-1_clipped_rev_1.png","width":2560,"height":1560,"caption":"CarBeat Chasing Cars"},"image":{"@id":"https:\/\/carbeat.dk\/de\/#\/schema\/logo\/image\/"},"sameAs":["https:\/\/www.facebook.com\/CarBeatDK\/","https:\/\/www.instagram.com\/carbeatdk\/","https:\/\/www.linkedin.com\/company\/carbeat\/"]}]}},"_links":{"self":[{"href":"https:\/\/carbeat.dk\/de\/wp-json\/wp\/v2\/product\/12017","targetHints":{"allow":["GET"]}}],"collection":[{"href":"https:\/\/carbeat.dk\/de\/wp-json\/wp\/v2\/product"}],"about":[{"href":"https:\/\/carbeat.dk\/de\/wp-json\/wp\/v2\/types\/product"}],"replies":[{"embeddable":true,"href":"https:\/\/carbeat.dk\/de\/wp-json\/wp\/v2\/comments?post=12017"}],"version-history":[{"count":1,"href":"https:\/\/carbeat.dk\/de\/wp-json\/wp\/v2\/product\/12017\/revisions"}],"predecessor-version":[{"id":12026,"href":"https:\/\/carbeat.dk\/de\/wp-json\/wp\/v2\/product\/12017\/revisions\/12026"}],"wp:featuredmedia":[{"embeddable":true,"href":"https:\/\/carbeat.dk\/de\/wp-json\/wp\/v2\/media\/7532"}],"wp:attachment":[{"href":"https:\/\/carbeat.dk\/de\/wp-json\/wp\/v2\/media?parent=12017"}],"wp:term":[{"taxonomy":"product_brand","embeddable":true,"href":"https:\/\/carbeat.dk\/de\/wp-json\/wp\/v2\/product_brand?post=12017"},{"taxonomy":"product_cat","embeddable":true,"href":"https:\/\/carbeat.dk\/de\/wp-json\/wp\/v2\/product_cat?post=12017"},{"taxonomy":"product_tag","embeddable":true,"href":"https:\/\/carbeat.dk\/de\/wp-json\/wp\/v2\/product_tag?post=12017"}],"curies":[{"name":"wp","href":"https:\/\/api.w.org\/{rel}","templated":true}]}}