{"id":11995,"date":"2023-07-18T05:40:05","date_gmt":"2023-07-18T03:40:05","guid":{"rendered":"https:\/\/carbeat.dk\/datenschutzbestimmungen\/"},"modified":"2024-03-07T19:36:55","modified_gmt":"2024-03-07T18:36:55","slug":"datenschutzbestimmungen","status":"publish","type":"page","link":"https:\/\/carbeat.dk\/de\/datenschutzbestimmungen\/","title":{"rendered":"Datenschutzbestimmungen"},"content":{"rendered":"\n<div class=\"wp-block-cover is-light\"><span aria-hidden=\"true\" class=\"wp-block-cover__background has-background-dim\"><\/span><img fetchpriority=\"high\" decoding=\"async\" width=\"1024\" height=\"768\" sizes=\"(max-width: 2048px) 100vw, 2048px\" class=\"wp-block-cover__image-background wp-image-292\" alt=\"Carbeat Chasing Cars Porsche 914\/6\" src=\"https:\/\/auction.carbeat.dk\/wp-content\/uploads\/2023\/07\/65-IMG_3030-1024x768.jpg\" data-object-fit=\"cover\" srcset=\"https:\/\/carbeat.dk\/wp-content\/uploads\/2023\/07\/65-IMG_3030-1024x768.jpg 1024w, https:\/\/carbeat.dk\/wp-content\/uploads\/2023\/07\/65-IMG_3030-1080x810.jpg 1080w, https:\/\/carbeat.dk\/wp-content\/uploads\/2023\/07\/65-IMG_3030-300x225.jpg 300w, https:\/\/carbeat.dk\/wp-content\/uploads\/2023\/07\/65-IMG_3030-768x576.jpg 768w, https:\/\/carbeat.dk\/wp-content\/uploads\/2023\/07\/65-IMG_3030-1536x1152.jpg 1536w, https:\/\/carbeat.dk\/wp-content\/uploads\/2023\/07\/65-IMG_3030.jpg 2048w\" \/><div class=\"wp-block-cover__inner-container is-layout-flow wp-block-cover-is-layout-flow\">\n<p class=\"has-text-align-center has-white-color has-text-color has-large-font-size\"><strong>Datenschutzbestimmungen<\/strong><\/p>\n<\/div><\/div>\n\n<div style=\"height:64px\" aria-hidden=\"true\" class=\"wp-block-spacer\"><\/div>\n\n<p><br\/>CarBeat by TM8 respektiert Ihre Privatsph\u00e4re und verpflichtet sich, Ihre pers\u00f6nlichen Daten zu sch\u00fctzen.<\/p>\n\n<p>In dieser Datenschutzerkl\u00e4rung haben wir die wesentlichen Informationen \u00fcber unseren Umgang mit Ihren pers\u00f6nlichen Daten und Ihre entsprechenden Rechte zusammengestellt.<\/p>\n\n<p>Diese Datenschutzrichtlinie gilt f\u00fcr Ihre Nutzung unserer Website und aller CarBeat by TM8-Anwendungen, -Dienste, -Mailinglisten, -Produkte und -Tools (zusammenfassend die<strong>&#8222;Dienste<\/strong>&#8222;), unabh\u00e4ngig davon, wie Sie auf diese Dienste zugreifen oder sie nutzen, einschlie\u00dflich des Zugriffs \u00fcber mobile Ger\u00e4te und Apps.<\/p>\n\n<p>Wir bitten Sie, diese Datenschutzerkl\u00e4rung sorgf\u00e4ltig zu lesen, da sie wichtige Informationen dar\u00fcber enth\u00e4lt, wer wir sind, wie und warum wir personenbezogene Daten erheben, speichern, verwenden und weitergeben, welche Rechte Sie in Bezug auf Ihre personenbezogenen Daten haben und wie Sie uns und die Aufsichtsbeh\u00f6rden kontaktieren k\u00f6nnen, falls Sie eine Beschwerde haben.<\/p>\n\n<h2 class=\"wp-block-heading\">Wer wir sind<\/h2>\n\n<p><strong class=\"privacy-policy-tutorial\">Wir sind CarBeat von TM8.<\/strong><br\/>Wir sind<strong class=\"privacy-policy-tutorial\"> Eigentum von TM8, der Branding- und Marketingagentur<\/strong><br\/>MEHRWERTSTEUER\/CVR: DK-37590649  <br\/>Nyelandsvej 54 <br\/>DK-2000 Frederiksberg <br\/>D\u00e4nemark  <br\/>Mail@carbeat.dk  <br\/>Unsere Website-Adresse lautet: https:\/\/carbeat.dk<\/p>\n\n<p>Wir unterliegen der EU GDPR, wenn Sie in der EU ans\u00e4ssig sind. CarBeat Chasing Cars ist f\u00fcr die Zwecke dieser Gesetze als &#8222;Verantwortlicher&#8220; f\u00fcr personenbezogene Daten verantwortlich.<\/p>\n\n<h2 class=\"wp-block-heading\">Zahlungen<\/h2>\n\n<p>Wir verwenden <a href=\"https:\/\/stripe.com\/en-dk\">Stripe<\/a> als Zahlungsgateway. Um ein Gebot auf unserer Website abzugeben, m\u00fcssen Sie uns Ihren Namen, Ihre Adresse, Postanschrift, Telefonnummer und Bankverbindung mitteilen. Die Bankdaten werden von <a href=\"https:\/\/stripe.com\/en-dk\">Stripe<\/a> verschl\u00fcsselt, sobald Sie die Schaltfl\u00e4che &#8222;Senden&#8220; dr\u00fccken. Lesen Sie <a href=\"https:\/\/carbeat.dk\/de\/?page_id=11943\">hier<\/a> \u00fcber unsere Bedingungen <a href=\"https:\/\/carbeat.dk\/de\/?page_id=11943\">(auf D\u00e4nisch)<\/a><\/p>\n\n<h2 class=\"wp-block-heading\">Kommentare<\/h2>\n\n<p><strong class=\"privacy-policy-tutorial\"> <\/strong>Wenn Besucher Kommentare auf der Website hinterlassen, erfassen wir die im Kommentarformular angezeigten Daten sowie die IP-Adresse und den User-Agent-String des Browsers des Besuchers, um die Spam-Erkennung zu erleichtern.<\/p>\n\n<p>Eine anonymisierte Zeichenfolge, die aus Ihrer E-Mail-Adresse erstellt wird (auch Hash genannt), kann dem Gravatar-Dienst zur Verf\u00fcgung gestellt werden, um zu sehen, ob Sie ihn verwenden. Die Datenschutzbestimmungen des Gravatar-Dienstes finden Sie hier: https:\/\/automattic.com\/privacy\/. Nach der Genehmigung Ihres Kommentars ist Ihr Profilbild im Zusammenhang mit Ihrem Kommentar \u00f6ffentlich sichtbar.<\/p>\n\n<h2 class=\"wp-block-heading\">Medien<\/h2>\n\n<p><strong class=\"privacy-policy-tutorial\"> <\/strong>Wenn Sie Bilder auf die Website hochladen, sollten Sie es vermeiden, Bilder hochzuladen, die eingebettete Standortdaten (EXIF-GPS) enthalten. Die Besucher der Website k\u00f6nnen alle Standortdaten von den Bildern auf der Website herunterladen und extrahieren.<\/p>\n\n<h2 class=\"wp-block-heading\">Cookies<\/h2>\n\n<p>Wenn Sie einen Kommentar auf unserer Website hinterlassen, k\u00f6nnen Sie der Speicherung Ihres Namens, Ihrer E-Mail-Adresse und Ihrer Website in Cookies zustimmen. Diese dienen der Bequemlichkeit, damit Sie Ihre Daten nicht erneut eingeben m\u00fcssen, wenn Sie einen weiteren Kommentar hinterlassen. Diese Kekse sind ein Jahr lang haltbar.<\/p>\n\n<p>Wenn Sie unsere Anmeldeseite besuchen, setzen wir ein tempor\u00e4res Cookie, um festzustellen, ob Ihr Browser Cookies zul\u00e4sst. Dieses Cookie enth\u00e4lt keine pers\u00f6nlichen Daten und wird gel\u00f6scht, wenn Sie Ihren Browser schlie\u00dfen.<\/p>\n\n<p>Wenn Sie sich anmelden, legen wir au\u00dferdem mehrere Cookies an, um Ihre Anmeldeinformationen und die Auswahl Ihrer Bildschirmdarstellung zu speichern. Anmelde-Cookies bleiben zwei Tage lang erhalten, Cookies f\u00fcr Bildschirmoptionen ein Jahr lang. Wenn Sie &#8222;Remember Me&#8220; w\u00e4hlen, bleibt Ihr Login zwei Wochen lang erhalten. Wenn Sie sich von Ihrem Konto abmelden, werden die Anmelde-Cookies entfernt.<\/p>\n\n<p>Wenn Sie einen Artikel bearbeiten oder ver\u00f6ffentlichen, wird ein zus\u00e4tzliches Cookie in Ihrem Browser gespeichert. Dieses Cookie enth\u00e4lt keine pers\u00f6nlichen Daten, sondern zeigt lediglich die Post-ID des Artikels an, den Sie gerade bearbeitet haben. Er verf\u00e4llt nach 1 Tag.<\/p>\n\n<h2 class=\"wp-block-heading\">Eingebettete Inhalte von anderen Websites<\/h2>\n\n<p>Die Artikel auf dieser Website k\u00f6nnen eingebettete Inhalte enthalten (z. B. Videos, Bilder, Artikel usw.). Eingebettete Inhalte von anderen Websites verhalten sich genau so, als ob der Besucher die andere Website besucht h\u00e4tte.<\/p>\n\n<p>Diese Websites k\u00f6nnen Daten \u00fcber Sie sammeln, Cookies verwenden, zus\u00e4tzliche Trackingfunktionen von Dritten einbetten und Ihre Interaktion mit diesen eingebetteten Inhalten \u00fcberwachen, einschlie\u00dflich der Verfolgung Ihrer Interaktion mit den eingebetteten Inhalten, wenn Sie ein Konto haben und auf dieser Website angemeldet sind.<\/p>\n\n<h2 class=\"wp-block-heading\">Mit wem teilen wir Ihre Daten<\/h2>\n\n<p>Wenn Sie ein neues Passwort anfordern, wird Ihre IP-Adresse in der E-Mail mit dem neuen Passwort angegeben.<\/p>\n\n<h2 class=\"wp-block-heading\">Wie lange wir Ihre Daten aufbewahren<\/h2>\n\n<p>Wenn Sie einen Kommentar hinterlassen, werden der Kommentar und seine Metadaten auf unbestimmte Zeit gespeichert. Auf diese Weise k\u00f6nnen wir Folgekommentare automatisch erkennen und genehmigen, anstatt sie in einer Moderationswarteschlange zu halten.<\/p>\n\n<p>Bei Nutzern, die sich auf unserer Website registrieren (falls vorhanden), speichern wir auch die pers\u00f6nlichen Daten, die sie in ihrem Nutzerprofil angeben. Alle Nutzer k\u00f6nnen ihre pers\u00f6nlichen Daten jederzeit einsehen, bearbeiten oder l\u00f6schen (nur ihren Benutzernamen k\u00f6nnen sie nicht \u00e4ndern). Auch Website-Administratoren k\u00f6nnen diese Informationen einsehen und bearbeiten.<\/p>\n\n<h2 class=\"wp-block-heading\">Welche Rechte haben Sie in Bezug auf Ihre Daten?<\/h2>\n\n<p>Wenn Sie ein Konto auf dieser Website haben oder Kommentare hinterlassen haben, k\u00f6nnen Sie eine exportierte Datei mit den personenbezogenen Daten anfordern, die wir \u00fcber Sie gespeichert haben, einschlie\u00dflich aller Daten, die Sie uns zur Verf\u00fcgung gestellt haben. Sie k\u00f6nnen auch verlangen, dass wir die \u00fcber Sie gespeicherten personenbezogenen Daten l\u00f6schen. Davon ausgenommen sind Daten, die wir aus verwaltungstechnischen, rechtlichen oder sicherheitsrelevanten Gr\u00fcnden aufbewahren m\u00fcssen.<\/p>\n\n<h2 class=\"wp-block-heading\">Wohin Ihre Daten gesendet werden<\/h2>\n\n<p>Die Kommentare der Besucher k\u00f6nnen durch einen automatischen Spam-Erkennungsdienst \u00fcberpr\u00fcft werden.<\/p>\n","protected":false},"excerpt":{"rendered":"<p>CarBeat by TM8 respektiert Ihre Privatsph\u00e4re und verpflichtet sich, Ihre pers\u00f6nlichen Daten zu sch\u00fctzen. In dieser Datenschutzerkl\u00e4rung haben wir die wesentlichen Informationen \u00fcber unseren Umgang mit Ihren pers\u00f6nlichen Daten und Ihre entsprechenden Rechte zusammengestellt. Diese Datenschutzrichtlinie gilt f\u00fcr Ihre Nutzung unserer Website und aller CarBeat by TM8-Anwendungen, -Dienste, -Mailinglisten, -Produkte und -Tools (zusammenfassend die&#8222;Dienste&#8222;), unabh\u00e4ngig [&hellip;]<\/p>\n","protected":false},"author":1,"featured_media":0,"parent":0,"menu_order":0,"comment_status":"closed","ping_status":"open","template":"","meta":{"footnotes":""},"class_list":["post-11995","page","type-page","status-publish","hentry"],"acf":[],"yoast_head":"<!-- This site is optimized with the Yoast SEO plugin v27.4 - https:\/\/yoast.com\/product\/yoast-seo-wordpress\/ -->\n<title>Datenschutzbestimmungen - CarBeat<\/title>\n<meta name=\"description\" content=\"Lesen Sie die Datenschutzbestimmungen von CarBeat - Lesen Sie \u00fcber CarBeat eine weitere Auktion nur f\u00fcr Raumfahrtfahrzeuge. Hier k\u00f6nnen Sie unsere Politik lesen\" \/>\n<meta name=\"robots\" content=\"index, follow, max-snippet:-1, max-image-preview:large, max-video-preview:-1\" \/>\n<link rel=\"canonical\" href=\"https:\/\/carbeat.dk\/de\/datenschutzbestimmungen\/\" \/>\n<meta property=\"og:locale\" content=\"de_DE\" \/>\n<meta property=\"og:type\" content=\"article\" \/>\n<meta property=\"og:title\" content=\"Datenschutzbestimmungen - CarBeat\" \/>\n<meta property=\"og:description\" content=\"Lesen Sie die Datenschutzbestimmungen von CarBeat - Lesen Sie \u00fcber CarBeat eine weitere Auktion nur f\u00fcr Raumfahrtfahrzeuge. Hier k\u00f6nnen Sie unsere Politik lesen\" \/>\n<meta property=\"og:url\" content=\"https:\/\/carbeat.dk\/de\/datenschutzbestimmungen\/\" \/>\n<meta property=\"og:site_name\" content=\"CarBeat\" \/>\n<meta property=\"article:publisher\" content=\"https:\/\/www.facebook.com\/CarBeatDK\/\" \/>\n<meta property=\"article:modified_time\" content=\"2024-03-07T18:36:55+00:00\" \/>\n<meta property=\"og:image\" content=\"https:\/\/auction.carbeat.dk\/wp-content\/uploads\/2023\/07\/65-IMG_3030-1024x768.jpg\" \/>\n<meta name=\"twitter:card\" content=\"summary_large_image\" \/>\n<meta name=\"twitter:label1\" content=\"Gesch\u00e4tzte Lesezeit\" \/>\n\t<meta name=\"twitter:data1\" content=\"4\u00a0Minuten\" \/>\n<script type=\"application\/ld+json\" class=\"yoast-schema-graph\">{\"@context\":\"https:\\\/\\\/schema.org\",\"@graph\":[{\"@type\":\"WebPage\",\"@id\":\"https:\\\/\\\/carbeat.dk\\\/de\\\/datenschutzbestimmungen\\\/\",\"url\":\"https:\\\/\\\/carbeat.dk\\\/de\\\/datenschutzbestimmungen\\\/\",\"name\":\"Datenschutzbestimmungen - CarBeat\",\"isPartOf\":{\"@id\":\"https:\\\/\\\/carbeat.dk\\\/de\\\/#website\"},\"primaryImageOfPage\":{\"@id\":\"https:\\\/\\\/carbeat.dk\\\/de\\\/datenschutzbestimmungen\\\/#primaryimage\"},\"image\":{\"@id\":\"https:\\\/\\\/carbeat.dk\\\/de\\\/datenschutzbestimmungen\\\/#primaryimage\"},\"thumbnailUrl\":\"https:\\\/\\\/auction.carbeat.dk\\\/wp-content\\\/uploads\\\/2023\\\/07\\\/65-IMG_3030-1024x768.jpg\",\"datePublished\":\"2023-07-18T03:40:05+00:00\",\"dateModified\":\"2024-03-07T18:36:55+00:00\",\"description\":\"Lesen Sie die Datenschutzbestimmungen von CarBeat - Lesen Sie \u00fcber CarBeat eine weitere Auktion nur f\u00fcr Raumfahrtfahrzeuge. Hier k\u00f6nnen Sie unsere Politik lesen\",\"breadcrumb\":{\"@id\":\"https:\\\/\\\/carbeat.dk\\\/de\\\/datenschutzbestimmungen\\\/#breadcrumb\"},\"inLanguage\":\"de\",\"potentialAction\":[{\"@type\":\"ReadAction\",\"target\":[\"https:\\\/\\\/carbeat.dk\\\/de\\\/datenschutzbestimmungen\\\/\"]}]},{\"@type\":\"ImageObject\",\"inLanguage\":\"de\",\"@id\":\"https:\\\/\\\/carbeat.dk\\\/de\\\/datenschutzbestimmungen\\\/#primaryimage\",\"url\":\"https:\\\/\\\/auction.carbeat.dk\\\/wp-content\\\/uploads\\\/2023\\\/07\\\/65-IMG_3030-1024x768.jpg\",\"contentUrl\":\"https:\\\/\\\/auction.carbeat.dk\\\/wp-content\\\/uploads\\\/2023\\\/07\\\/65-IMG_3030-1024x768.jpg\"},{\"@type\":\"BreadcrumbList\",\"@id\":\"https:\\\/\\\/carbeat.dk\\\/de\\\/datenschutzbestimmungen\\\/#breadcrumb\",\"itemListElement\":[{\"@type\":\"ListItem\",\"position\":1,\"name\":\"Hjem\",\"item\":\"https:\\\/\\\/carbeat.dk\\\/de\\\/\"},{\"@type\":\"ListItem\",\"position\":2,\"name\":\"Datenschutzbestimmungen\"}]},{\"@type\":\"WebSite\",\"@id\":\"https:\\\/\\\/carbeat.dk\\\/de\\\/#website\",\"url\":\"https:\\\/\\\/carbeat.dk\\\/de\\\/\",\"name\":\"CarBeat\",\"description\":\"Chasing Cars\",\"publisher\":{\"@id\":\"https:\\\/\\\/carbeat.dk\\\/de\\\/#organization\"},\"potentialAction\":[{\"@type\":\"SearchAction\",\"target\":{\"@type\":\"EntryPoint\",\"urlTemplate\":\"https:\\\/\\\/carbeat.dk\\\/de\\\/?s={search_term_string}\"},\"query-input\":{\"@type\":\"PropertyValueSpecification\",\"valueRequired\":true,\"valueName\":\"search_term_string\"}}],\"inLanguage\":\"de\"},{\"@type\":\"Organization\",\"@id\":\"https:\\\/\\\/carbeat.dk\\\/de\\\/#organization\",\"name\":\"CarBeat Chasing Cars\",\"url\":\"https:\\\/\\\/carbeat.dk\\\/de\\\/\",\"logo\":{\"@type\":\"ImageObject\",\"inLanguage\":\"de\",\"@id\":\"https:\\\/\\\/carbeat.dk\\\/de\\\/#\\\/schema\\\/logo\\\/image\\\/\",\"url\":\"https:\\\/\\\/carbeat.dk\\\/wp-content\\\/uploads\\\/2023\\\/08\\\/CarBeat-Chasing-Cars-lille-2560x1560-1-1_clipped_rev_1.png\",\"contentUrl\":\"https:\\\/\\\/carbeat.dk\\\/wp-content\\\/uploads\\\/2023\\\/08\\\/CarBeat-Chasing-Cars-lille-2560x1560-1-1_clipped_rev_1.png\",\"width\":2560,\"height\":1560,\"caption\":\"CarBeat Chasing Cars\"},\"image\":{\"@id\":\"https:\\\/\\\/carbeat.dk\\\/de\\\/#\\\/schema\\\/logo\\\/image\\\/\"},\"sameAs\":[\"https:\\\/\\\/www.facebook.com\\\/CarBeatDK\\\/\",\"https:\\\/\\\/www.instagram.com\\\/carbeatdk\\\/\",\"https:\\\/\\\/www.linkedin.com\\\/company\\\/carbeat\\\/\"]}]}<\/script>\n<!-- \/ Yoast SEO plugin. -->","yoast_head_json":{"title":"Datenschutzbestimmungen - CarBeat","description":"Lesen Sie die Datenschutzbestimmungen von CarBeat - Lesen Sie \u00fcber CarBeat eine weitere Auktion nur f\u00fcr Raumfahrtfahrzeuge. Hier k\u00f6nnen Sie unsere Politik lesen","robots":{"index":"index","follow":"follow","max-snippet":"max-snippet:-1","max-image-preview":"max-image-preview:large","max-video-preview":"max-video-preview:-1"},"canonical":"https:\/\/carbeat.dk\/de\/datenschutzbestimmungen\/","og_locale":"de_DE","og_type":"article","og_title":"Datenschutzbestimmungen - CarBeat","og_description":"Lesen Sie die Datenschutzbestimmungen von CarBeat - Lesen Sie \u00fcber CarBeat eine weitere Auktion nur f\u00fcr Raumfahrtfahrzeuge. Hier k\u00f6nnen Sie unsere Politik lesen","og_url":"https:\/\/carbeat.dk\/de\/datenschutzbestimmungen\/","og_site_name":"CarBeat","article_publisher":"https:\/\/www.facebook.com\/CarBeatDK\/","article_modified_time":"2024-03-07T18:36:55+00:00","og_image":[{"url":"https:\/\/auction.carbeat.dk\/wp-content\/uploads\/2023\/07\/65-IMG_3030-1024x768.jpg","type":"","width":"","height":""}],"twitter_card":"summary_large_image","twitter_misc":{"Gesch\u00e4tzte Lesezeit":"4\u00a0Minuten"},"schema":{"@context":"https:\/\/schema.org","@graph":[{"@type":"WebPage","@id":"https:\/\/carbeat.dk\/de\/datenschutzbestimmungen\/","url":"https:\/\/carbeat.dk\/de\/datenschutzbestimmungen\/","name":"Datenschutzbestimmungen - CarBeat","isPartOf":{"@id":"https:\/\/carbeat.dk\/de\/#website"},"primaryImageOfPage":{"@id":"https:\/\/carbeat.dk\/de\/datenschutzbestimmungen\/#primaryimage"},"image":{"@id":"https:\/\/carbeat.dk\/de\/datenschutzbestimmungen\/#primaryimage"},"thumbnailUrl":"https:\/\/auction.carbeat.dk\/wp-content\/uploads\/2023\/07\/65-IMG_3030-1024x768.jpg","datePublished":"2023-07-18T03:40:05+00:00","dateModified":"2024-03-07T18:36:55+00:00","description":"Lesen Sie die Datenschutzbestimmungen von CarBeat - Lesen Sie \u00fcber CarBeat eine weitere Auktion nur f\u00fcr Raumfahrtfahrzeuge. Hier k\u00f6nnen Sie unsere Politik lesen","breadcrumb":{"@id":"https:\/\/carbeat.dk\/de\/datenschutzbestimmungen\/#breadcrumb"},"inLanguage":"de","potentialAction":[{"@type":"ReadAction","target":["https:\/\/carbeat.dk\/de\/datenschutzbestimmungen\/"]}]},{"@type":"ImageObject","inLanguage":"de","@id":"https:\/\/carbeat.dk\/de\/datenschutzbestimmungen\/#primaryimage","url":"https:\/\/auction.carbeat.dk\/wp-content\/uploads\/2023\/07\/65-IMG_3030-1024x768.jpg","contentUrl":"https:\/\/auction.carbeat.dk\/wp-content\/uploads\/2023\/07\/65-IMG_3030-1024x768.jpg"},{"@type":"BreadcrumbList","@id":"https:\/\/carbeat.dk\/de\/datenschutzbestimmungen\/#breadcrumb","itemListElement":[{"@type":"ListItem","position":1,"name":"Hjem","item":"https:\/\/carbeat.dk\/de\/"},{"@type":"ListItem","position":2,"name":"Datenschutzbestimmungen"}]},{"@type":"WebSite","@id":"https:\/\/carbeat.dk\/de\/#website","url":"https:\/\/carbeat.dk\/de\/","name":"CarBeat","description":"Chasing Cars","publisher":{"@id":"https:\/\/carbeat.dk\/de\/#organization"},"potentialAction":[{"@type":"SearchAction","target":{"@type":"EntryPoint","urlTemplate":"https:\/\/carbeat.dk\/de\/?s={search_term_string}"},"query-input":{"@type":"PropertyValueSpecification","valueRequired":true,"valueName":"search_term_string"}}],"inLanguage":"de"},{"@type":"Organization","@id":"https:\/\/carbeat.dk\/de\/#organization","name":"CarBeat Chasing Cars","url":"https:\/\/carbeat.dk\/de\/","logo":{"@type":"ImageObject","inLanguage":"de","@id":"https:\/\/carbeat.dk\/de\/#\/schema\/logo\/image\/","url":"https:\/\/carbeat.dk\/wp-content\/uploads\/2023\/08\/CarBeat-Chasing-Cars-lille-2560x1560-1-1_clipped_rev_1.png","contentUrl":"https:\/\/carbeat.dk\/wp-content\/uploads\/2023\/08\/CarBeat-Chasing-Cars-lille-2560x1560-1-1_clipped_rev_1.png","width":2560,"height":1560,"caption":"CarBeat Chasing Cars"},"image":{"@id":"https:\/\/carbeat.dk\/de\/#\/schema\/logo\/image\/"},"sameAs":["https:\/\/www.facebook.com\/CarBeatDK\/","https:\/\/www.instagram.com\/carbeatdk\/","https:\/\/www.linkedin.com\/company\/carbeat\/"]}]}},"_links":{"self":[{"href":"https:\/\/carbeat.dk\/de\/wp-json\/wp\/v2\/pages\/11995","targetHints":{"allow":["GET"]}}],"collection":[{"href":"https:\/\/carbeat.dk\/de\/wp-json\/wp\/v2\/pages"}],"about":[{"href":"https:\/\/carbeat.dk\/de\/wp-json\/wp\/v2\/types\/page"}],"author":[{"embeddable":true,"href":"https:\/\/carbeat.dk\/de\/wp-json\/wp\/v2\/users\/1"}],"replies":[{"embeddable":true,"href":"https:\/\/carbeat.dk\/de\/wp-json\/wp\/v2\/comments?post=11995"}],"version-history":[{"count":2,"href":"https:\/\/carbeat.dk\/de\/wp-json\/wp\/v2\/pages\/11995\/revisions"}],"predecessor-version":[{"id":11997,"href":"https:\/\/carbeat.dk\/de\/wp-json\/wp\/v2\/pages\/11995\/revisions\/11997"}],"wp:attachment":[{"href":"https:\/\/carbeat.dk\/de\/wp-json\/wp\/v2\/media?parent=11995"}],"curies":[{"name":"wp","href":"https:\/\/api.w.org\/{rel}","templated":true}]}}