{"id":11956,"date":"2023-07-27T02:27:18","date_gmt":"2023-07-27T00:27:18","guid":{"rendered":"https:\/\/carbeat.dk\/verkaeufer\/"},"modified":"2024-07-09T15:04:46","modified_gmt":"2024-07-09T13:04:46","slug":"verkaeufer","status":"publish","type":"page","link":"https:\/\/carbeat.dk\/de\/verkaeufer\/","title":{"rendered":"Verk\u00e4ufer"},"content":{"rendered":"\n<div class=\"wp-block-cover is-light\"><span aria-hidden=\"true\" class=\"wp-block-cover__background has-background-dim\"><\/span><img fetchpriority=\"high\" decoding=\"async\" width=\"1703\" height=\"2560\" sizes=\"(max-width: 1703px) 100vw, 1703px\" class=\"wp-block-cover__image-background wp-image-431\" alt=\"\" src=\"https:\/\/auction.carbeat.dk\/wp-content\/uploads\/2023\/07\/pexels-anthony-duarte-17580096-scaled.jpg\" data-object-fit=\"cover\" srcset=\"https:\/\/carbeat.dk\/wp-content\/uploads\/2023\/07\/pexels-anthony-duarte-17580096-scaled.jpg 1703w, https:\/\/carbeat.dk\/wp-content\/uploads\/2023\/07\/pexels-anthony-duarte-17580096-200x300.jpg 200w, https:\/\/carbeat.dk\/wp-content\/uploads\/2023\/07\/pexels-anthony-duarte-17580096-681x1024.jpg 681w, https:\/\/carbeat.dk\/wp-content\/uploads\/2023\/07\/pexels-anthony-duarte-17580096-768x1154.jpg 768w, https:\/\/carbeat.dk\/wp-content\/uploads\/2023\/07\/pexels-anthony-duarte-17580096-1022x1536.jpg 1022w, https:\/\/carbeat.dk\/wp-content\/uploads\/2023\/07\/pexels-anthony-duarte-17580096-1362x2048.jpg 1362w, https:\/\/carbeat.dk\/wp-content\/uploads\/2023\/07\/pexels-anthony-duarte-17580096-1080x1623.jpg 1080w\" \/><div class=\"wp-block-cover__inner-container is-layout-flow wp-block-cover-is-layout-flow\">\n<p class=\"has-text-align-center has-white-color has-text-color has-large-font-size\">Der Verkauf Ihres Autos ist v\u00f6llig <strong>kostenlos<\/strong> <\/p>\n<\/div><\/div>\n\n<div style=\"height:35px\" aria-hidden=\"true\" class=\"wp-block-spacer\"><\/div>\n\n<h2 class=\"wp-block-heading has-large-font-size\">Als Verk\u00e4ufer<\/h2>\n\n<p>Sie haben eine neue, gl\u00e4nzende Inzahlungnahme entdeckt und m\u00f6chten einen Teil Ihres Besitzes bei einer Autoauktion verkaufen? Oder wenn Sie einfach nur ein Auto verkaufen wollen, kostet es Sie keinen Pfennig, Autos auf unserer Plattform zu verkaufen. Mit anderen Worten: <strong>Es ist v\u00f6llig kostenlos<\/strong>, egal ob Sie sich f\u00fcr eine Auktion, einen Sofortkauf oder einen Mix entscheiden, und zwar unabh\u00e4ngig davon, ob Sie ein Einzelh\u00e4ndler oder eine Privatperson sind.<\/p>\n\n<p>Bitte beachten Sie, dass dies nur f\u00fcr Spezialfahrzeuge, Youngtimer (+20 Jahre), Oldtimer, Rennwagen, Showcars, Supercars und Traumwagen gilt.  <\/p>\n\n<h2 class=\"wp-block-heading\">Teskst<\/h2>\n\n<p>Sie m\u00fcssen eine ehrliche und detaillierte Beschreibung Ihres Fahrzeugs und seines Zustands abgeben. Beschreiben Sie daher immer alle Sch\u00f6nheitsfehler, Beulen, Kratzer oder andere negative Merkmale. Je ehrlicher Ihre Beschreibung ist, desto einfacher ist es f\u00fcr einen K\u00e4ufer, Ihr Auto zu kaufen.<\/p>\n\n<div style=\"height:21px\" aria-hidden=\"true\" class=\"wp-block-spacer\"><\/div>\n\n<h2 class=\"wp-block-heading\">Fotos<\/h2>\n\n<p>WICHTIG &#8211; Machen Sie viele detaillierte Fotos von Interieur, Exterieur, Motor, Kofferraum, Details, Felgen, Extras, Dokumentation usw. Anzahl der Meter 50-120 Gr\u00f6\u00dfen.<\/p>\n\n<figure class=\"wp-block-image size-medium is-resized\"><img decoding=\"async\" width=\"1080\" height=\"1080\" sizes=\"(max-width: 300px) 100vw, 300px\" src=\"https:\/\/auction.carbeat.dk\/wp-content\/uploads\/2023\/09\/CBCC-foto-360_clipped_rev_1-edited.png\" alt=\"Wie man Fotos von seinem Auto macht\" class=\"wp-image-1345\" style=\"width:562px;height:562px\" srcset=\"https:\/\/carbeat.dk\/wp-content\/uploads\/2023\/09\/CBCC-foto-360_clipped_rev_1-edited.png 1080w, https:\/\/carbeat.dk\/wp-content\/uploads\/2023\/09\/CBCC-foto-360_clipped_rev_1-edited-300x300.png 300w, https:\/\/carbeat.dk\/wp-content\/uploads\/2023\/09\/CBCC-foto-360_clipped_rev_1-edited-1024x1024.png 1024w, https:\/\/carbeat.dk\/wp-content\/uploads\/2023\/09\/CBCC-foto-360_clipped_rev_1-edited-150x150.png 150w, https:\/\/carbeat.dk\/wp-content\/uploads\/2023\/09\/CBCC-foto-360_clipped_rev_1-edited-768x768.png 768w, https:\/\/carbeat.dk\/wp-content\/uploads\/2023\/09\/CBCC-foto-360_clipped_rev_1-edited-100x100.png 100w, https:\/\/carbeat.dk\/wp-content\/uploads\/2023\/09\/CBCC-foto-360_clipped_rev_1-edited-440x440.png 440w, https:\/\/carbeat.dk\/wp-content\/uploads\/2023\/09\/CBCC-foto-360_clipped_rev_1-edited-438x438.png 438w, https:\/\/carbeat.dk\/wp-content\/uploads\/2023\/09\/CBCC-foto-360_clipped_rev_1-edited-70x70.png 70w, https:\/\/carbeat.dk\/wp-content\/uploads\/2023\/09\/CBCC-foto-360_clipped_rev_1-edited-690x690.png 690w\" \/><\/figure>\n\n<p>Es gibt einige Anforderungen an Ihre Fotos: Sie m\u00fcssen zwischen <strong>300kb<\/strong> und <strong>800kb<\/strong> gro\u00df sein und im <strong>jpeg-<\/strong> oder <strong>png-Format<\/strong> vorliegen. Sie ben\u00f6tigen mindestens Fotos von:<\/p>\n\n<div class=\"wp-block-group is-nowrap is-layout-flex wp-container-core-group-is-layout-ad2f72ca wp-block-group-is-layout-flex\">\n<ul class=\"wp-block-list\">\n<li>Das gesamte Fahrzeug von der linken Seite  <\/li>\n\n\n\n<li>Das gesamte Fahrzeug von der rechten Seite<\/li>\n\n\n\n<li>Das ganze Auto von vorne<\/li>\n\n\n\n<li>Das ganze Auto von hinten<\/li>\n\n\n\n<li>Linke T\u00fcr(en) offen<\/li>\n\n\n\n<li>Rechte T\u00fcr(en) offen<\/li>\n\n\n\n<li>Frontklappe offen<\/li>\n\n\n\n<li>Heckklappe offen<\/li>\n\n\n\n<li>Schiebedach offen, wenn es vorhanden ist<\/li>\n\n\n\n<li>Schiebedach geschlossen, wenn es vorhanden ist  <\/li>\n\n\n\n<li>Cabrioverdeck\/Dach unten (ein Cabrio\/Targa)<\/li>\n\n\n\n<li>Cabrioverdeck\/Dach oben (ein Cabrio\/Targa)<\/li>\n\n\n\n<li>Wenn m\u00f6glich, von der Unterseite des Fahrzeugs<\/li>\n\n\n\n<li>Runter vom Dach<\/li>\n\n\n\n<li>der Vordersitze  <\/li>\n<\/ul>\n\n\n\n<ul class=\"wp-block-list\">\n<li>R\u00fccksitze von beiden Seiten<\/li>\n\n\n\n<li>Mit dem Armaturenbrett<\/li>\n\n\n\n<li>Durch Tachometer mit sichtbarem Kilometerstand<\/li>\n\n\n\n<li>Der ganze Himmel im Auto<\/li>\n\n\n\n<li>Der Motor von vorne<\/li>\n\n\n\n<li>Abnehmen des Motors von der rechten Seite<\/li>\n\n\n\n<li>des Motors von der linken Seite<\/li>\n\n\n\n<li>Wenn m\u00f6glich, schalten Sie den Motor w\u00e4hrenddessen aus.<\/li>\n\n\n\n<li>Von allen T\u00fcrf\u00e4lschungen<\/li>\n\n\n\n<li>Kofferraumvolumen  <\/li>\n\n\n\n<li>Mit der Hinterzimmerklappe<\/li>\n\n\n\n<li>Auf der linken Seite des Fahrzeugs<\/li>\n\n\n\n<li>Auf der rechten Seite des Fahrzeugs<\/li>\n\n\n\n<li>Auf Sch\u00e4den, Beulen, gr\u00f6\u00dfere Kratzer usw.<\/li>\n\n\n\n<li>Foto von allen vier R\u00e4dern<\/li>\n<\/ul>\n<\/div>\n\n<div style=\"height:51px\" aria-hidden=\"true\" class=\"wp-block-spacer\"><\/div>\n\n<div class=\"wp-block-buttons is-content-justification-center is-layout-flex wp-container-core-buttons-is-layout-16018d1d wp-block-buttons-is-layout-flex\">\n<div class=\"wp-block-button has-custom-font-size has-medium-font-size\"><a class=\"wp-block-button__link has-background wp-element-button\" href=\"https:\/\/carbeat.dk\/de\/senden-und-verkaufen-sie-ihr-auto\/\" style=\"background-color:#7ecccb\"><strong>Informationen und Bilder zu Ihrem Fahrzeug einreichen<\/strong><\/a><\/div>\n<\/div>\n\n<div style=\"height:65px\" aria-hidden=\"true\" class=\"wp-block-spacer\"><\/div>\n\n<div class=\"wp-block-cover is-light\"><span aria-hidden=\"true\" class=\"wp-block-cover__background has-background-dim\"><\/span><img decoding=\"async\" width=\"2048\" height=\"1536\" sizes=\"(max-width: 2048px) 100vw, 2048px\" class=\"wp-block-cover__image-background wp-image-326\" alt=\"\" src=\"https:\/\/auction.carbeat.dk\/wp-content\/uploads\/2023\/07\/4-IMG_3567.jpg\" data-object-fit=\"cover\" srcset=\"https:\/\/carbeat.dk\/wp-content\/uploads\/2023\/07\/4-IMG_3567.jpg 2048w, https:\/\/carbeat.dk\/wp-content\/uploads\/2023\/07\/4-IMG_3567-300x225.jpg 300w, https:\/\/carbeat.dk\/wp-content\/uploads\/2023\/07\/4-IMG_3567-1024x768.jpg 1024w, https:\/\/carbeat.dk\/wp-content\/uploads\/2023\/07\/4-IMG_3567-768x576.jpg 768w, https:\/\/carbeat.dk\/wp-content\/uploads\/2023\/07\/4-IMG_3567-1536x1152.jpg 1536w, https:\/\/carbeat.dk\/wp-content\/uploads\/2023\/07\/4-IMG_3567-1080x810.jpg 1080w\" \/><div class=\"wp-block-cover__inner-container is-layout-flow wp-block-cover-is-layout-flow\">\n<p class=\"has-text-align-center has-white-color has-text-color has-large-font-size\">Wir sind Ihnen gerne <strong>behilflich<\/strong> <\/p>\n<\/div><\/div>\n\n<div style=\"height:50px\" aria-hidden=\"true\" class=\"wp-block-spacer\"><\/div>\n\n<p class=\"has-large-font-size\"><strong>Brauchen Sie Hilfe bei<\/strong> <strong>mit Bildern und Videos?<\/strong><\/p>\n\n<p>Wenn Sie sichergehen wollen, dass Sie die besten und richtigen Bilder von Ihrem Auto bekommen, k\u00f6nnen Sie einen unserer Fotografen buchen, der die richtigen Bilder von Ihrem Auto macht.<\/p>\n\n<p class=\"has-medium-font-size\"><strong>Sie haben 4 M\u00f6glichkeiten:<\/strong><\/p>\n\n<ul class=\"wp-block-list\">\n<li><strong>Fotopaket 1: <\/strong>Sie bringen das Auto zu uns und wir machen alle Fotos, bearbeiten sie und laden sie auf die Verkaufsseite Ihres Autos hoch. Nat\u00fcrlich erhalten Sie alle Bilder zur freien Verf\u00fcgung, sobald Ihr Auto verkauft ist. Der Preis betr\u00e4gt 2.500 kr<\/li>\n<\/ul>\n\n<ul class=\"wp-block-list\">\n<li><strong>Fotopaket 2:<\/strong> Wir kommen zu Ihnen und machen die Fotos. Nat\u00fcrlich erhalten Sie alle Bilder zur freien Verf\u00fcgung, sobald Ihr Auto verkauft ist.<br\/>Der Preis betr\u00e4gt 2.500 DKK. + 200 kr pro Transportstunde + 4 kr pro km. Hin- und R\u00fcckfahrt.<br\/><\/li>\n\n\n\n<li><strong>Videopaket 1:<\/strong> Wir filmen Ihr Auto an einem vereinbarten Ort und schneiden ein Pr\u00e4sentationsvideo und ein Style-Video mit freier Musik zusammen. Nat\u00fcrlich erhalten Sie das fertige Video, das Sie nach dem Verkauf Ihres Fahrzeugs nach Belieben verwenden k\u00f6nnen.<br\/>Der Preis betr\u00e4gt 4.000 DKK. + 200 DKK pro Transportstunde + 4 DKK pro Kilometer. R\u00fcckreise<br\/><\/li>\n\n\n\n<li><strong>Videopaket 2:<\/strong> Wir filmen Ihr Auto an einem vereinbarten Ort, aber es handelt sich um eine Begehung und einen Mini-Test des Autos. Hier wird ein CarBeat-Vertreter das Auto durchgehen und \u00fcber das Modell und Ihr spezielles Auto sprechen. Es wird eine Mischung aus Voiceover und einer Person sein, die erz\u00e4hlt und m\u00f6glicherweise das Auto f\u00e4hrt. Nat\u00fcrlich erhalten Sie das fertige Video, das Sie nach dem Verkauf Ihres Fahrzeugs nach Belieben verwenden k\u00f6nnen.<br\/>Der Preis betr\u00e4gt 7.000 kr. + 200 DKK pro Transportstunde + 4 DKK pro Kilometer. R\u00fcckreise<\/li>\n<\/ul>\n\n<h2 class=\"wp-block-heading\">Bitte denken Sie daran!<\/h2>\n\n<p>Wir m\u00f6chten es Ihnen so einfach wie m\u00f6glich machen, wenn Sie Ihr Auto \u00fcber uns verkaufen. Eine Sache k\u00f6nnen Sie jedoch nicht tun, n\u00e4mlich Ihr Auto anderswo zum Verkauf anbieten, ohne den Link zu Ihrem Auto auf dieser Seite;  <\/p>\n\n<p>Es ist nicht gut, wenn Sie das Auto an jemand anderen verkauft haben, w\u00e4hrend wir Ihr Auto versteigern; andere bieten darauf, es wird vielleicht vermarktet, usw. Wenn Sie Ihr Auto verkaufen, w\u00e4hrend es bei uns versteigert wird oder auf &#8222;Sofort-Kaufen&#8220; steht, wird Ihnen eine angemessene Geb\u00fchr f\u00fcr die Arbeit in Rechnung gestellt, die wir f\u00fcr das Einstellen, die Vorbereitung, die Kontaktaufnahme mit potenziellen K\u00e4ufern, das Versenden von Newslettern usw. und die eventuelle Annullierung der Auktion aufgewendet haben. und kontaktieren die Bieter.  <\/p>\n\n<h2 class=\"wp-block-heading\"><strong>Was Sie leicht tun k\u00f6nnen<\/strong><\/h2>\n\n<p>Wenn das Auto hier zum Verkauf steht, k\u00f6nnen Sie den Link zu Ihrem Auto auf Ihren eigenen Online-Plattformen teilen, zum Beispiel auf Ihrer eigenen Website. Facebook Market, DBA, etc. und verweisen Sie auf Ihr Auto auf dieser Seite. Auf diese Weise k\u00f6nnen Sie die Leute \u00fcber Ihr Auto informieren und ihnen zeigen, wo sie es einfach und sicher kaufen k\u00f6nnen.<\/p>\n\n<h2 class=\"wp-block-heading\">Handelsbedingungen<\/h2>\n\n<p><strong>\n  <a href=\"http:\/\/carbeat.dk\/vilkaar-og-betingelser\/\">Klicken Sie HIER<\/a>\n<\/strong> um unsere Bedingungen und Konditionen zu lesen.<\/p>\n\n<div class=\"wp-block-cover is-light\"><span aria-hidden=\"true\" class=\"wp-block-cover__background has-background-dim\"><\/span><img loading=\"lazy\" decoding=\"async\" width=\"1024\" height=\"576\" sizes=\"(max-width: 2560px) 100vw, 2560px\" class=\"wp-block-cover__image-background wp-image-806\" alt=\"\" src=\"https:\/\/auction.carbeat.dk\/wp-content\/uploads\/2023\/08\/DSC03901-1024x576.jpg\" data-object-fit=\"cover\" srcset=\"https:\/\/carbeat.dk\/wp-content\/uploads\/2023\/08\/DSC03901-1024x576.jpg 1024w, https:\/\/carbeat.dk\/wp-content\/uploads\/2023\/08\/DSC03901-300x169.jpg 300w, https:\/\/carbeat.dk\/wp-content\/uploads\/2023\/08\/DSC03901-768x432.jpg 768w, https:\/\/carbeat.dk\/wp-content\/uploads\/2023\/08\/DSC03901-1536x865.jpg 1536w, https:\/\/carbeat.dk\/wp-content\/uploads\/2023\/08\/DSC03901-2048x1153.jpg 2048w, https:\/\/carbeat.dk\/wp-content\/uploads\/2023\/08\/DSC03901-1080x608.jpg 1080w\" \/><div class=\"wp-block-cover__inner-container is-layout-flow wp-block-cover-is-layout-flow\">\n<p class=\"has-text-align-center has-white-color has-text-color has-large-font-size\">REMEMBER Bilder d\u00fcrfen <strong>maximal<\/strong> 800 kb gro\u00df sein<\/p>\n<\/div><\/div>\n","protected":false},"excerpt":{"rendered":"<p>Als Verk\u00e4ufer Sie haben eine neue, gl\u00e4nzende Inzahlungnahme entdeckt und m\u00f6chten einen Teil Ihres Besitzes bei einer Autoauktion verkaufen? Oder wenn Sie einfach nur ein Auto verkaufen wollen, kostet es Sie keinen Pfennig, Autos auf unserer Plattform zu verkaufen. Mit anderen Worten: Es ist v\u00f6llig kostenlos, egal ob Sie sich f\u00fcr eine Auktion, einen Sofortkauf [&hellip;]<\/p>\n","protected":false},"author":2,"featured_media":0,"parent":0,"menu_order":0,"comment_status":"closed","ping_status":"closed","template":"","meta":{"footnotes":""},"class_list":["post-11956","page","type-page","status-publish","hentry"],"acf":[],"yoast_head":"<!-- This site is optimized with the Yoast SEO plugin v27.4 - https:\/\/yoast.com\/product\/yoast-seo-wordpress\/ -->\n<title>Verkaufen Sie Ihr Spezialfahrzeug kostenlos auf der Chasing Cars, CarBeat als Privatperson als auch als B2B<\/title>\n<meta name=\"description\" content=\"Verkaufen Sie Ihren Oldtimer, Supersportwagen, Youngtimer, Spezialfahrzeug oder Supercar kostenlos. Wir machen das gesamte Marketing - nicht nur eine weitere Auktion\" \/>\n<meta name=\"robots\" content=\"index, follow, max-snippet:-1, max-image-preview:large, max-video-preview:-1\" \/>\n<link rel=\"canonical\" href=\"https:\/\/carbeat.dk\/de\/verkaeufer\/\" \/>\n<meta property=\"og:locale\" content=\"de_DE\" \/>\n<meta property=\"og:type\" content=\"article\" \/>\n<meta property=\"og:title\" content=\"Verkaufen Sie Ihr Spezialfahrzeug kostenlos auf der Chasing Cars, CarBeat als Privatperson als auch als B2B\" \/>\n<meta property=\"og:description\" content=\"Verkaufen Sie Ihren Oldtimer, Supersportwagen, Youngtimer, Spezialfahrzeug oder Supercar kostenlos. Wir machen das gesamte Marketing - nicht nur eine weitere Auktion\" \/>\n<meta property=\"og:url\" content=\"https:\/\/carbeat.dk\/de\/verkaeufer\/\" \/>\n<meta property=\"og:site_name\" content=\"CarBeat\" \/>\n<meta property=\"article:publisher\" content=\"https:\/\/www.facebook.com\/CarBeatDK\/\" \/>\n<meta property=\"article:modified_time\" content=\"2024-07-09T13:04:46+00:00\" \/>\n<meta property=\"og:image\" content=\"https:\/\/auction.carbeat.dk\/wp-content\/uploads\/2023\/07\/pexels-anthony-duarte-17580096-scaled.jpg\" \/>\n<meta name=\"twitter:card\" content=\"summary_large_image\" \/>\n<meta name=\"twitter:label1\" content=\"Gesch\u00e4tzte Lesezeit\" \/>\n\t<meta name=\"twitter:data1\" content=\"4\u00a0Minuten\" \/>\n<script type=\"application\/ld+json\" class=\"yoast-schema-graph\">{\"@context\":\"https:\\\/\\\/schema.org\",\"@graph\":[{\"@type\":\"WebPage\",\"@id\":\"https:\\\/\\\/carbeat.dk\\\/de\\\/verkaeufer\\\/\",\"url\":\"https:\\\/\\\/carbeat.dk\\\/de\\\/verkaeufer\\\/\",\"name\":\"Verkaufen Sie Ihr Spezialfahrzeug kostenlos auf der Chasing Cars, CarBeat als Privatperson als auch als B2B\",\"isPartOf\":{\"@id\":\"https:\\\/\\\/carbeat.dk\\\/de\\\/#website\"},\"primaryImageOfPage\":{\"@id\":\"https:\\\/\\\/carbeat.dk\\\/de\\\/verkaeufer\\\/#primaryimage\"},\"image\":{\"@id\":\"https:\\\/\\\/carbeat.dk\\\/de\\\/verkaeufer\\\/#primaryimage\"},\"thumbnailUrl\":\"https:\\\/\\\/auction.carbeat.dk\\\/wp-content\\\/uploads\\\/2023\\\/07\\\/pexels-anthony-duarte-17580096-scaled.jpg\",\"datePublished\":\"2023-07-27T00:27:18+00:00\",\"dateModified\":\"2024-07-09T13:04:46+00:00\",\"description\":\"Verkaufen Sie Ihren Oldtimer, Supersportwagen, Youngtimer, Spezialfahrzeug oder Supercar kostenlos. Wir machen das gesamte Marketing - nicht nur eine weitere Auktion\",\"breadcrumb\":{\"@id\":\"https:\\\/\\\/carbeat.dk\\\/de\\\/verkaeufer\\\/#breadcrumb\"},\"inLanguage\":\"de\",\"potentialAction\":[{\"@type\":\"ReadAction\",\"target\":[\"https:\\\/\\\/carbeat.dk\\\/de\\\/verkaeufer\\\/\"]}]},{\"@type\":\"ImageObject\",\"inLanguage\":\"de\",\"@id\":\"https:\\\/\\\/carbeat.dk\\\/de\\\/verkaeufer\\\/#primaryimage\",\"url\":\"https:\\\/\\\/auction.carbeat.dk\\\/wp-content\\\/uploads\\\/2023\\\/07\\\/pexels-anthony-duarte-17580096-scaled.jpg\",\"contentUrl\":\"https:\\\/\\\/auction.carbeat.dk\\\/wp-content\\\/uploads\\\/2023\\\/07\\\/pexels-anthony-duarte-17580096-scaled.jpg\"},{\"@type\":\"BreadcrumbList\",\"@id\":\"https:\\\/\\\/carbeat.dk\\\/de\\\/verkaeufer\\\/#breadcrumb\",\"itemListElement\":[{\"@type\":\"ListItem\",\"position\":1,\"name\":\"Hjem\",\"item\":\"https:\\\/\\\/carbeat.dk\\\/de\\\/\"},{\"@type\":\"ListItem\",\"position\":2,\"name\":\"Verk\u00e4ufer\"}]},{\"@type\":\"WebSite\",\"@id\":\"https:\\\/\\\/carbeat.dk\\\/de\\\/#website\",\"url\":\"https:\\\/\\\/carbeat.dk\\\/de\\\/\",\"name\":\"CarBeat\",\"description\":\"Chasing Cars\",\"publisher\":{\"@id\":\"https:\\\/\\\/carbeat.dk\\\/de\\\/#organization\"},\"potentialAction\":[{\"@type\":\"SearchAction\",\"target\":{\"@type\":\"EntryPoint\",\"urlTemplate\":\"https:\\\/\\\/carbeat.dk\\\/de\\\/?s={search_term_string}\"},\"query-input\":{\"@type\":\"PropertyValueSpecification\",\"valueRequired\":true,\"valueName\":\"search_term_string\"}}],\"inLanguage\":\"de\"},{\"@type\":\"Organization\",\"@id\":\"https:\\\/\\\/carbeat.dk\\\/de\\\/#organization\",\"name\":\"CarBeat Chasing Cars\",\"url\":\"https:\\\/\\\/carbeat.dk\\\/de\\\/\",\"logo\":{\"@type\":\"ImageObject\",\"inLanguage\":\"de\",\"@id\":\"https:\\\/\\\/carbeat.dk\\\/de\\\/#\\\/schema\\\/logo\\\/image\\\/\",\"url\":\"https:\\\/\\\/carbeat.dk\\\/wp-content\\\/uploads\\\/2023\\\/08\\\/CarBeat-Chasing-Cars-lille-2560x1560-1-1_clipped_rev_1.png\",\"contentUrl\":\"https:\\\/\\\/carbeat.dk\\\/wp-content\\\/uploads\\\/2023\\\/08\\\/CarBeat-Chasing-Cars-lille-2560x1560-1-1_clipped_rev_1.png\",\"width\":2560,\"height\":1560,\"caption\":\"CarBeat Chasing Cars\"},\"image\":{\"@id\":\"https:\\\/\\\/carbeat.dk\\\/de\\\/#\\\/schema\\\/logo\\\/image\\\/\"},\"sameAs\":[\"https:\\\/\\\/www.facebook.com\\\/CarBeatDK\\\/\",\"https:\\\/\\\/www.instagram.com\\\/carbeatdk\\\/\",\"https:\\\/\\\/www.linkedin.com\\\/company\\\/carbeat\\\/\"]}]}<\/script>\n<!-- \/ Yoast SEO plugin. -->","yoast_head_json":{"title":"Verkaufen Sie Ihr Spezialfahrzeug kostenlos auf der Chasing Cars, CarBeat als Privatperson als auch als B2B","description":"Verkaufen Sie Ihren Oldtimer, Supersportwagen, Youngtimer, Spezialfahrzeug oder Supercar kostenlos. Wir machen das gesamte Marketing - nicht nur eine weitere Auktion","robots":{"index":"index","follow":"follow","max-snippet":"max-snippet:-1","max-image-preview":"max-image-preview:large","max-video-preview":"max-video-preview:-1"},"canonical":"https:\/\/carbeat.dk\/de\/verkaeufer\/","og_locale":"de_DE","og_type":"article","og_title":"Verkaufen Sie Ihr Spezialfahrzeug kostenlos auf der Chasing Cars, CarBeat als Privatperson als auch als B2B","og_description":"Verkaufen Sie Ihren Oldtimer, Supersportwagen, Youngtimer, Spezialfahrzeug oder Supercar kostenlos. Wir machen das gesamte Marketing - nicht nur eine weitere Auktion","og_url":"https:\/\/carbeat.dk\/de\/verkaeufer\/","og_site_name":"CarBeat","article_publisher":"https:\/\/www.facebook.com\/CarBeatDK\/","article_modified_time":"2024-07-09T13:04:46+00:00","og_image":[{"url":"https:\/\/auction.carbeat.dk\/wp-content\/uploads\/2023\/07\/pexels-anthony-duarte-17580096-scaled.jpg","type":"","width":"","height":""}],"twitter_card":"summary_large_image","twitter_misc":{"Gesch\u00e4tzte Lesezeit":"4\u00a0Minuten"},"schema":{"@context":"https:\/\/schema.org","@graph":[{"@type":"WebPage","@id":"https:\/\/carbeat.dk\/de\/verkaeufer\/","url":"https:\/\/carbeat.dk\/de\/verkaeufer\/","name":"Verkaufen Sie Ihr Spezialfahrzeug kostenlos auf der Chasing Cars, CarBeat als Privatperson als auch als B2B","isPartOf":{"@id":"https:\/\/carbeat.dk\/de\/#website"},"primaryImageOfPage":{"@id":"https:\/\/carbeat.dk\/de\/verkaeufer\/#primaryimage"},"image":{"@id":"https:\/\/carbeat.dk\/de\/verkaeufer\/#primaryimage"},"thumbnailUrl":"https:\/\/auction.carbeat.dk\/wp-content\/uploads\/2023\/07\/pexels-anthony-duarte-17580096-scaled.jpg","datePublished":"2023-07-27T00:27:18+00:00","dateModified":"2024-07-09T13:04:46+00:00","description":"Verkaufen Sie Ihren Oldtimer, Supersportwagen, Youngtimer, Spezialfahrzeug oder Supercar kostenlos. Wir machen das gesamte Marketing - nicht nur eine weitere Auktion","breadcrumb":{"@id":"https:\/\/carbeat.dk\/de\/verkaeufer\/#breadcrumb"},"inLanguage":"de","potentialAction":[{"@type":"ReadAction","target":["https:\/\/carbeat.dk\/de\/verkaeufer\/"]}]},{"@type":"ImageObject","inLanguage":"de","@id":"https:\/\/carbeat.dk\/de\/verkaeufer\/#primaryimage","url":"https:\/\/auction.carbeat.dk\/wp-content\/uploads\/2023\/07\/pexels-anthony-duarte-17580096-scaled.jpg","contentUrl":"https:\/\/auction.carbeat.dk\/wp-content\/uploads\/2023\/07\/pexels-anthony-duarte-17580096-scaled.jpg"},{"@type":"BreadcrumbList","@id":"https:\/\/carbeat.dk\/de\/verkaeufer\/#breadcrumb","itemListElement":[{"@type":"ListItem","position":1,"name":"Hjem","item":"https:\/\/carbeat.dk\/de\/"},{"@type":"ListItem","position":2,"name":"Verk\u00e4ufer"}]},{"@type":"WebSite","@id":"https:\/\/carbeat.dk\/de\/#website","url":"https:\/\/carbeat.dk\/de\/","name":"CarBeat","description":"Chasing Cars","publisher":{"@id":"https:\/\/carbeat.dk\/de\/#organization"},"potentialAction":[{"@type":"SearchAction","target":{"@type":"EntryPoint","urlTemplate":"https:\/\/carbeat.dk\/de\/?s={search_term_string}"},"query-input":{"@type":"PropertyValueSpecification","valueRequired":true,"valueName":"search_term_string"}}],"inLanguage":"de"},{"@type":"Organization","@id":"https:\/\/carbeat.dk\/de\/#organization","name":"CarBeat Chasing Cars","url":"https:\/\/carbeat.dk\/de\/","logo":{"@type":"ImageObject","inLanguage":"de","@id":"https:\/\/carbeat.dk\/de\/#\/schema\/logo\/image\/","url":"https:\/\/carbeat.dk\/wp-content\/uploads\/2023\/08\/CarBeat-Chasing-Cars-lille-2560x1560-1-1_clipped_rev_1.png","contentUrl":"https:\/\/carbeat.dk\/wp-content\/uploads\/2023\/08\/CarBeat-Chasing-Cars-lille-2560x1560-1-1_clipped_rev_1.png","width":2560,"height":1560,"caption":"CarBeat Chasing Cars"},"image":{"@id":"https:\/\/carbeat.dk\/de\/#\/schema\/logo\/image\/"},"sameAs":["https:\/\/www.facebook.com\/CarBeatDK\/","https:\/\/www.instagram.com\/carbeatdk\/","https:\/\/www.linkedin.com\/company\/carbeat\/"]}]}},"_links":{"self":[{"href":"https:\/\/carbeat.dk\/de\/wp-json\/wp\/v2\/pages\/11956","targetHints":{"allow":["GET"]}}],"collection":[{"href":"https:\/\/carbeat.dk\/de\/wp-json\/wp\/v2\/pages"}],"about":[{"href":"https:\/\/carbeat.dk\/de\/wp-json\/wp\/v2\/types\/page"}],"author":[{"embeddable":true,"href":"https:\/\/carbeat.dk\/de\/wp-json\/wp\/v2\/users\/2"}],"replies":[{"embeddable":true,"href":"https:\/\/carbeat.dk\/de\/wp-json\/wp\/v2\/comments?post=11956"}],"version-history":[{"count":7,"href":"https:\/\/carbeat.dk\/de\/wp-json\/wp\/v2\/pages\/11956\/revisions"}],"predecessor-version":[{"id":14705,"href":"https:\/\/carbeat.dk\/de\/wp-json\/wp\/v2\/pages\/11956\/revisions\/14705"}],"wp:attachment":[{"href":"https:\/\/carbeat.dk\/de\/wp-json\/wp\/v2\/media?parent=11956"}],"curies":[{"name":"wp","href":"https:\/\/api.w.org\/{rel}","templated":true}]}}