{"id":11946,"date":"2023-07-20T14:30:22","date_gmt":"2023-07-20T12:30:22","guid":{"rendered":"https:\/\/carbeat.dk\/ueber-uns\/"},"modified":"2024-07-09T15:04:43","modified_gmt":"2024-07-09T13:04:43","slug":"ueber-uns","status":"publish","type":"page","link":"https:\/\/carbeat.dk\/de\/ueber-uns\/","title":{"rendered":"\u00dcber uns"},"content":{"rendered":"\n<div class=\"wp-block-cover is-light\"><span aria-hidden=\"true\" class=\"wp-block-cover__background has-background-dim\"><\/span><img fetchpriority=\"high\" decoding=\"async\" width=\"1024\" height=\"683\" sizes=\"(max-width: 2560px) 100vw, 2560px\" class=\"wp-block-cover__image-background wp-image-49\" alt=\"CarBeat Chasing Cars Ferrari 812\" src=\"https:\/\/auction.carbeat.dk\/wp-content\/uploads\/2023\/07\/024-scaled-1-1024x683.jpg\" style=\"object-position:47% 87%\" data-object-fit=\"cover\" data-object-position=\"47% 87%\" srcset=\"https:\/\/carbeat.dk\/wp-content\/uploads\/2023\/07\/024-scaled-1-1024x683.jpg 1024w, https:\/\/carbeat.dk\/wp-content\/uploads\/2023\/07\/024-scaled-1-1080x720.jpg 1080w, https:\/\/carbeat.dk\/wp-content\/uploads\/2023\/07\/024-scaled-1-300x200.jpg 300w, https:\/\/carbeat.dk\/wp-content\/uploads\/2023\/07\/024-scaled-1-768x512.jpg 768w, https:\/\/carbeat.dk\/wp-content\/uploads\/2023\/07\/024-scaled-1-1536x1024.jpg 1536w, https:\/\/carbeat.dk\/wp-content\/uploads\/2023\/07\/024-scaled-1-2048x1366.jpg 2048w, https:\/\/carbeat.dk\/wp-content\/uploads\/2023\/07\/024-scaled-1-119x79.jpg 119w\" \/><div class=\"wp-block-cover__inner-container is-layout-flow wp-block-cover-is-layout-flow\">\n<p class=\"has-text-align-center has-white-color has-text-color has-large-font-size\"><strong>Wer<\/strong> sind wir?<\/p>\n<\/div><\/div>\n\n<div style=\"height:64px\" aria-hidden=\"true\" class=\"wp-block-spacer\"><\/div>\n\n<h2 class=\"wp-block-heading\"><strong>Wer, was, wo und warum?<\/strong><\/h2>\n\n<p>CarBeat Chasing Cars ist voll von autobegeisterten Menschen, die Autos leben und atmen. Ob Neuwagen, Supersportwagen, Oldtimer, Youngtimer oder Spezialfahrzeuge, die Herzen schlagen f\u00fcr die Autos. Urspr\u00fcnglich wurde Carbeat im Jahr 2017 von Philip Jacobi Zahle und zwei weiteren Jungs gegr\u00fcndet, die sich leider aus dem Projekt zur\u00fcckziehen mussten. Sie nehmen beide an der div. hin und wieder Videoaufnahmen.<\/p>\n\n<h2 class=\"wp-block-heading\"><strong>Sie sind weggerutscht<\/strong><\/h2>\n\n<p>CarBeat begann als eine Website mit Artikeln \u00fcber Autos, Geschichten, Tests und einigem Verkauf von Zubeh\u00f6r in Form von <a href=\"http:\/\/www.racebox.dk\">RaceBox<\/a> und <a href=\"http:\/\/www.carsncolours.dk\">Cars N Colours<\/a>. Ideen sind bei CarBeat reichlich vorhanden, und Ende 2021 begannen die Pl\u00e4ne f\u00fcr eine neue CarBeat-Website, die sich mit Autoauktionen und dem Verkauf von Weltraumautos befasst. Eine Website, auf der Spezialfahrzeuge kostenlos zum Verkauf angeboten werden k\u00f6nnen. Eine Website, die K\u00e4ufer und Verk\u00e4ufer einfach und sicher zusammenbringt.<\/p>\n\n<h2 class=\"wp-block-heading\"><strong>Sie sind weggerutscht<\/strong><\/h2>\n\n<p>Im Jahr 2022 wird ein autobegeisterter Investor auf CarBeat aufmerksam, der die Idee und den Gedanken von CarBeat sofort versteht. Er erkl\u00e4rt sich bereit, in das Projekt zu investieren. Die ersten Treffen wurden abgehalten und es gab ein anhaltendes Interesse von Investoren, in CarBeat zu investieren. Leider marschiert Russland am 24. Februar 2022 in die Ukraine ein und ersch\u00fcttert damit einen Gro\u00dfteil des Aktienmarktes. Die Investoren sind gezwungen, sich aus dem Projekt zur\u00fcckzuziehen, was nach einhelliger Meinung im Interesse der Zeit das Richtige ist. Leider wurde das Projekt &#8222;CarBeat Auction&#8220; abgesagt.<\/p>\n\n<h2 class=\"wp-block-heading\">Du kannst ein Tor aus einer Ecke erzielen<\/h2>\n\n<p>CarBeat wird gut ein Jahr lang nicht anger\u00fchrt werden. Doch im Fr\u00fchsommer 2023 besinnt sich Philip auf CarBeat, entstaubt und poliert die Ideen, und langsam setzt sich CarBeat wieder in Bewegung, vielleicht in einer noch sch\u00e4rferen Form als zuvor geplant und noch schneller. CarBeat Chasing Cars ist von Anfang bis Ende konzipiert, einschlie\u00dflich der Website, der Idee, der Autos und der Art und Weise, wie es gefahren wird.<br\/><\/p>\n\n<div class=\"wp-block-group\"><div class=\"wp-block-group__inner-container is-layout-constrained wp-block-group-is-layout-constrained\">\n<div class=\"wp-block-columns are-vertically-aligned-center is-layout-flex wp-container-core-columns-is-layout-9d6595d7 wp-block-columns-is-layout-flex\">\n<div class=\"wp-block-column is-vertically-aligned-center is-layout-flow wp-block-column-is-layout-flow\">\n<figure class=\"wp-block-image size-large is-resized\"><img decoding=\"async\" width=\"1024\" height=\"823\" sizes=\"(max-width: 1024px) 100vw, 1024px\" src=\"https:\/\/auction.carbeat.dk\/wp-content\/uploads\/2023\/08\/Skaermbillede-2023-08-15-kl.-00.38.29-1-1024x823.png\" alt=\"\" class=\"wp-image-573\" style=\"width:410px;height:329px\" srcset=\"https:\/\/carbeat.dk\/wp-content\/uploads\/2023\/08\/Skaermbillede-2023-08-15-kl.-00.38.29-1-1024x823.png 1024w, https:\/\/carbeat.dk\/wp-content\/uploads\/2023\/08\/Skaermbillede-2023-08-15-kl.-00.38.29-1-300x241.png 300w, https:\/\/carbeat.dk\/wp-content\/uploads\/2023\/08\/Skaermbillede-2023-08-15-kl.-00.38.29-1-768x617.png 768w, https:\/\/carbeat.dk\/wp-content\/uploads\/2023\/08\/Skaermbillede-2023-08-15-kl.-00.38.29-1-1536x1235.png 1536w, https:\/\/carbeat.dk\/wp-content\/uploads\/2023\/08\/Skaermbillede-2023-08-15-kl.-00.38.29-1-1080x868.png 1080w, https:\/\/carbeat.dk\/wp-content\/uploads\/2023\/08\/Skaermbillede-2023-08-15-kl.-00.38.29-1.png 1622w\" \/><\/figure>\n<\/div>\n\n\n\n<div class=\"wp-block-column is-vertically-aligned-center is-layout-flow wp-block-column-is-layout-flow\">\n<h2 class=\"wp-block-heading\">Autoshow 2023 in Odense<\/h2>\n\n\n\n<p>Am Wochenende vom 18. bis 20. August 2023 wird Martin &#8222;Pyramiden&#8220; seine fantastische Veranstaltung <a href=\"https:\/\/auto-show.dk\/\">&#8222;Autoshow&#8220;<\/a> veranstalten. Sie ist D\u00e4nemarks gr\u00f6\u00dfte und vielseitigste Automesse und -ausstellung. CarBeat wird mit einem Stand in Halle A vertreten sein, wo CarBeat Chasing Cars zum ersten Mal der \u00d6ffentlichkeit pr\u00e4sentiert wird, auch wenn die Website noch nicht zu 100 % in Betrieb ist.<br\/>Es war eine Chance, die uns Martin gegeben hat, und wir haben sie ergriffen, obwohl wir wussten, dass wir nicht 100%ig bereit sein konnten, aber es war wichtig, CarBeat Chasing Cars zu kennen, Reaktionen zu bekommen und neue Mitglieder an Bord zu holen. Und es ist fantastisch gelaufen&#8220;, sagt Philip.<br\/><\/p>\n<\/div>\n<\/div>\n<\/div><\/div>\n\n<div class=\"wp-block-group\"><div class=\"wp-block-group__inner-container is-layout-constrained wp-block-group-is-layout-constrained\">\n<div class=\"wp-block-columns are-vertically-aligned-center is-layout-flex wp-container-core-columns-is-layout-9d6595d7 wp-block-columns-is-layout-flex\">\n<div class=\"wp-block-column is-vertically-aligned-center is-layout-flow wp-block-column-is-layout-flow\">\n<h2 class=\"wp-block-heading\">Was kommt als N\u00e4chstes?<\/h2>\n\n\n\n<p><strong>Wir arbeiten jeden Tag hart, um Ihnen ein fantastisches d\u00e4nisches\/europ\u00e4isches Jagdrevier zu bieten, in dem Sie auf die Suche nach Ihrem n\u00e4chsten Auto gehen k\u00f6nnen. Ein Ort, an dem Sie in aller Ruhe und in einer absolut sicheren Umgebung einkaufen k\u00f6nnen. Eine Stelle, an die Sie sich wenden k\u00f6nnen, wenn Sie ein bestimmtes Anliegen haben, das wir f\u00fcr Sie aufsp\u00fcren sollen. Ein Autoauktionshaus, das sich auf besondere Fahrzeuge spezialisiert hat und zu 100 % online l\u00e4uft<\/strong>.<\/p>\n\n\n\n<p><strong>Wir bieten Ihnen, die Sie ein Auto zu verkaufen haben, einen Ort, an dem Sie Ihr Auto einfach und kostenlos zum Verkauf anbieten k\u00f6nnen. Ein Ort, an dem Ihr Auto neben anderen Spezialfahrzeugen steht und nicht in der Masse der Alltagsautos untergeht. Ein Ort, an dem Sie das Auto nicht an einen Dritten \u00fcbergeben m\u00fcssen. Hier kann Ihr Auto weiterhin auf seinem eigenen Platz in Ihrer eigenen Umgebung parken. Sie geben das Fahrzeug erst frei, wenn alle Vereinbarungen mit dem K\u00e4ufer erf\u00fcllt sind.  <\/strong><br\/><\/p>\n<\/div>\n\n\n\n<div class=\"wp-block-column is-vertically-aligned-center is-layout-flow wp-block-column-is-layout-flow\">\n<figure class=\"wp-block-image size-large\"><img decoding=\"async\" width=\"1024\" height=\"770\" sizes=\"(max-width: 1024px) 100vw, 1024px\" src=\"https:\/\/auction.carbeat.dk\/wp-content\/uploads\/2023\/08\/Golf-ferrari-1024x770.jpg\" alt=\"\" class=\"wp-image-574\" srcset=\"https:\/\/carbeat.dk\/wp-content\/uploads\/2023\/08\/Golf-ferrari-1024x770.jpg 1024w, https:\/\/carbeat.dk\/wp-content\/uploads\/2023\/08\/Golf-ferrari-300x226.jpg 300w, https:\/\/carbeat.dk\/wp-content\/uploads\/2023\/08\/Golf-ferrari-768x578.jpg 768w, https:\/\/carbeat.dk\/wp-content\/uploads\/2023\/08\/Golf-ferrari-1536x1155.jpg 1536w, https:\/\/carbeat.dk\/wp-content\/uploads\/2023\/08\/Golf-ferrari-2048x1540.jpg 2048w, https:\/\/carbeat.dk\/wp-content\/uploads\/2023\/08\/Golf-ferrari-1080x812.jpg 1080w\" \/><\/figure>\n<\/div>\n<\/div>\n<\/div><\/div>\n\n<div> <\/div>\n","protected":false},"excerpt":{"rendered":"<p>Wer, was, wo und warum? CarBeat Chasing Cars ist voll von autobegeisterten Menschen, die Autos leben und atmen. Ob Neuwagen, Supersportwagen, Oldtimer, Youngtimer oder Spezialfahrzeuge, die Herzen schlagen f\u00fcr die Autos. Urspr\u00fcnglich wurde Carbeat im Jahr 2017 von Philip Jacobi Zahle und zwei weiteren Jungs gegr\u00fcndet, die sich leider aus dem Projekt zur\u00fcckziehen mussten. Sie [&hellip;]<\/p>\n","protected":false},"author":3,"featured_media":0,"parent":0,"menu_order":0,"comment_status":"closed","ping_status":"closed","template":"","meta":{"footnotes":""},"class_list":["post-11946","page","type-page","status-publish","hentry"],"acf":[],"yoast_head":"<!-- This site is optimized with the Yoast SEO plugin v27.4 - https:\/\/yoast.com\/product\/yoast-seo-wordpress\/ -->\n<title>\u00dcber uns - CarBeat<\/title>\n<meta name=\"description\" content=\"\u00dcber uns. Hier k\u00f6nnen Sie ein wenig \u00fcber CarBeat Chasing Cars lesen und wer wir sind. CarBeat ist nicht einfach eine weitere Auktion, sondern nur f\u00fcr besondere Autos\" \/>\n<meta name=\"robots\" content=\"index, follow, max-snippet:-1, max-image-preview:large, max-video-preview:-1\" \/>\n<link rel=\"canonical\" href=\"https:\/\/carbeat.dk\/de\/ueber-uns\/\" \/>\n<meta property=\"og:locale\" content=\"de_DE\" \/>\n<meta property=\"og:type\" content=\"article\" \/>\n<meta property=\"og:title\" content=\"\u00dcber uns - CarBeat\" \/>\n<meta property=\"og:description\" content=\"\u00dcber uns. Hier k\u00f6nnen Sie ein wenig \u00fcber CarBeat Chasing Cars lesen und wer wir sind. CarBeat ist nicht einfach eine weitere Auktion, sondern nur f\u00fcr besondere Autos\" \/>\n<meta property=\"og:url\" content=\"https:\/\/carbeat.dk\/de\/ueber-uns\/\" \/>\n<meta property=\"og:site_name\" content=\"CarBeat\" \/>\n<meta property=\"article:publisher\" content=\"https:\/\/www.facebook.com\/CarBeatDK\/\" \/>\n<meta property=\"article:modified_time\" content=\"2024-07-09T13:04:43+00:00\" \/>\n<meta property=\"og:image\" content=\"https:\/\/auction.carbeat.dk\/wp-content\/uploads\/2023\/07\/024-scaled-1-1024x683.jpg\" \/>\n<meta name=\"twitter:card\" content=\"summary_large_image\" \/>\n<meta name=\"twitter:label1\" content=\"Gesch\u00e4tzte Lesezeit\" \/>\n\t<meta name=\"twitter:data1\" content=\"3\u00a0Minuten\" \/>\n<script type=\"application\/ld+json\" class=\"yoast-schema-graph\">{\"@context\":\"https:\\\/\\\/schema.org\",\"@graph\":[{\"@type\":\"WebPage\",\"@id\":\"https:\\\/\\\/carbeat.dk\\\/de\\\/ueber-uns\\\/\",\"url\":\"https:\\\/\\\/carbeat.dk\\\/de\\\/ueber-uns\\\/\",\"name\":\"\u00dcber uns - CarBeat\",\"isPartOf\":{\"@id\":\"https:\\\/\\\/carbeat.dk\\\/de\\\/#website\"},\"primaryImageOfPage\":{\"@id\":\"https:\\\/\\\/carbeat.dk\\\/de\\\/ueber-uns\\\/#primaryimage\"},\"image\":{\"@id\":\"https:\\\/\\\/carbeat.dk\\\/de\\\/ueber-uns\\\/#primaryimage\"},\"thumbnailUrl\":\"https:\\\/\\\/auction.carbeat.dk\\\/wp-content\\\/uploads\\\/2023\\\/07\\\/024-scaled-1-1024x683.jpg\",\"datePublished\":\"2023-07-20T12:30:22+00:00\",\"dateModified\":\"2024-07-09T13:04:43+00:00\",\"description\":\"\u00dcber uns. Hier k\u00f6nnen Sie ein wenig \u00fcber CarBeat Chasing Cars lesen und wer wir sind. CarBeat ist nicht einfach eine weitere Auktion, sondern nur f\u00fcr besondere Autos\",\"breadcrumb\":{\"@id\":\"https:\\\/\\\/carbeat.dk\\\/de\\\/ueber-uns\\\/#breadcrumb\"},\"inLanguage\":\"de\",\"potentialAction\":[{\"@type\":\"ReadAction\",\"target\":[\"https:\\\/\\\/carbeat.dk\\\/de\\\/ueber-uns\\\/\"]}]},{\"@type\":\"ImageObject\",\"inLanguage\":\"de\",\"@id\":\"https:\\\/\\\/carbeat.dk\\\/de\\\/ueber-uns\\\/#primaryimage\",\"url\":\"https:\\\/\\\/auction.carbeat.dk\\\/wp-content\\\/uploads\\\/2023\\\/07\\\/024-scaled-1-1024x683.jpg\",\"contentUrl\":\"https:\\\/\\\/auction.carbeat.dk\\\/wp-content\\\/uploads\\\/2023\\\/07\\\/024-scaled-1-1024x683.jpg\"},{\"@type\":\"BreadcrumbList\",\"@id\":\"https:\\\/\\\/carbeat.dk\\\/de\\\/ueber-uns\\\/#breadcrumb\",\"itemListElement\":[{\"@type\":\"ListItem\",\"position\":1,\"name\":\"Hjem\",\"item\":\"https:\\\/\\\/carbeat.dk\\\/de\\\/\"},{\"@type\":\"ListItem\",\"position\":2,\"name\":\"\u00dcber uns\"}]},{\"@type\":\"WebSite\",\"@id\":\"https:\\\/\\\/carbeat.dk\\\/de\\\/#website\",\"url\":\"https:\\\/\\\/carbeat.dk\\\/de\\\/\",\"name\":\"CarBeat\",\"description\":\"Chasing Cars\",\"publisher\":{\"@id\":\"https:\\\/\\\/carbeat.dk\\\/de\\\/#organization\"},\"potentialAction\":[{\"@type\":\"SearchAction\",\"target\":{\"@type\":\"EntryPoint\",\"urlTemplate\":\"https:\\\/\\\/carbeat.dk\\\/de\\\/?s={search_term_string}\"},\"query-input\":{\"@type\":\"PropertyValueSpecification\",\"valueRequired\":true,\"valueName\":\"search_term_string\"}}],\"inLanguage\":\"de\"},{\"@type\":\"Organization\",\"@id\":\"https:\\\/\\\/carbeat.dk\\\/de\\\/#organization\",\"name\":\"CarBeat Chasing Cars\",\"url\":\"https:\\\/\\\/carbeat.dk\\\/de\\\/\",\"logo\":{\"@type\":\"ImageObject\",\"inLanguage\":\"de\",\"@id\":\"https:\\\/\\\/carbeat.dk\\\/de\\\/#\\\/schema\\\/logo\\\/image\\\/\",\"url\":\"https:\\\/\\\/carbeat.dk\\\/wp-content\\\/uploads\\\/2023\\\/08\\\/CarBeat-Chasing-Cars-lille-2560x1560-1-1_clipped_rev_1.png\",\"contentUrl\":\"https:\\\/\\\/carbeat.dk\\\/wp-content\\\/uploads\\\/2023\\\/08\\\/CarBeat-Chasing-Cars-lille-2560x1560-1-1_clipped_rev_1.png\",\"width\":2560,\"height\":1560,\"caption\":\"CarBeat Chasing Cars\"},\"image\":{\"@id\":\"https:\\\/\\\/carbeat.dk\\\/de\\\/#\\\/schema\\\/logo\\\/image\\\/\"},\"sameAs\":[\"https:\\\/\\\/www.facebook.com\\\/CarBeatDK\\\/\",\"https:\\\/\\\/www.instagram.com\\\/carbeatdk\\\/\",\"https:\\\/\\\/www.linkedin.com\\\/company\\\/carbeat\\\/\"]}]}<\/script>\n<!-- \/ Yoast SEO plugin. -->","yoast_head_json":{"title":"\u00dcber uns - CarBeat","description":"\u00dcber uns. Hier k\u00f6nnen Sie ein wenig \u00fcber CarBeat Chasing Cars lesen und wer wir sind. CarBeat ist nicht einfach eine weitere Auktion, sondern nur f\u00fcr besondere Autos","robots":{"index":"index","follow":"follow","max-snippet":"max-snippet:-1","max-image-preview":"max-image-preview:large","max-video-preview":"max-video-preview:-1"},"canonical":"https:\/\/carbeat.dk\/de\/ueber-uns\/","og_locale":"de_DE","og_type":"article","og_title":"\u00dcber uns - CarBeat","og_description":"\u00dcber uns. Hier k\u00f6nnen Sie ein wenig \u00fcber CarBeat Chasing Cars lesen und wer wir sind. CarBeat ist nicht einfach eine weitere Auktion, sondern nur f\u00fcr besondere Autos","og_url":"https:\/\/carbeat.dk\/de\/ueber-uns\/","og_site_name":"CarBeat","article_publisher":"https:\/\/www.facebook.com\/CarBeatDK\/","article_modified_time":"2024-07-09T13:04:43+00:00","og_image":[{"url":"https:\/\/auction.carbeat.dk\/wp-content\/uploads\/2023\/07\/024-scaled-1-1024x683.jpg","type":"","width":"","height":""}],"twitter_card":"summary_large_image","twitter_misc":{"Gesch\u00e4tzte Lesezeit":"3\u00a0Minuten"},"schema":{"@context":"https:\/\/schema.org","@graph":[{"@type":"WebPage","@id":"https:\/\/carbeat.dk\/de\/ueber-uns\/","url":"https:\/\/carbeat.dk\/de\/ueber-uns\/","name":"\u00dcber uns - CarBeat","isPartOf":{"@id":"https:\/\/carbeat.dk\/de\/#website"},"primaryImageOfPage":{"@id":"https:\/\/carbeat.dk\/de\/ueber-uns\/#primaryimage"},"image":{"@id":"https:\/\/carbeat.dk\/de\/ueber-uns\/#primaryimage"},"thumbnailUrl":"https:\/\/auction.carbeat.dk\/wp-content\/uploads\/2023\/07\/024-scaled-1-1024x683.jpg","datePublished":"2023-07-20T12:30:22+00:00","dateModified":"2024-07-09T13:04:43+00:00","description":"\u00dcber uns. Hier k\u00f6nnen Sie ein wenig \u00fcber CarBeat Chasing Cars lesen und wer wir sind. CarBeat ist nicht einfach eine weitere Auktion, sondern nur f\u00fcr besondere Autos","breadcrumb":{"@id":"https:\/\/carbeat.dk\/de\/ueber-uns\/#breadcrumb"},"inLanguage":"de","potentialAction":[{"@type":"ReadAction","target":["https:\/\/carbeat.dk\/de\/ueber-uns\/"]}]},{"@type":"ImageObject","inLanguage":"de","@id":"https:\/\/carbeat.dk\/de\/ueber-uns\/#primaryimage","url":"https:\/\/auction.carbeat.dk\/wp-content\/uploads\/2023\/07\/024-scaled-1-1024x683.jpg","contentUrl":"https:\/\/auction.carbeat.dk\/wp-content\/uploads\/2023\/07\/024-scaled-1-1024x683.jpg"},{"@type":"BreadcrumbList","@id":"https:\/\/carbeat.dk\/de\/ueber-uns\/#breadcrumb","itemListElement":[{"@type":"ListItem","position":1,"name":"Hjem","item":"https:\/\/carbeat.dk\/de\/"},{"@type":"ListItem","position":2,"name":"\u00dcber uns"}]},{"@type":"WebSite","@id":"https:\/\/carbeat.dk\/de\/#website","url":"https:\/\/carbeat.dk\/de\/","name":"CarBeat","description":"Chasing Cars","publisher":{"@id":"https:\/\/carbeat.dk\/de\/#organization"},"potentialAction":[{"@type":"SearchAction","target":{"@type":"EntryPoint","urlTemplate":"https:\/\/carbeat.dk\/de\/?s={search_term_string}"},"query-input":{"@type":"PropertyValueSpecification","valueRequired":true,"valueName":"search_term_string"}}],"inLanguage":"de"},{"@type":"Organization","@id":"https:\/\/carbeat.dk\/de\/#organization","name":"CarBeat Chasing Cars","url":"https:\/\/carbeat.dk\/de\/","logo":{"@type":"ImageObject","inLanguage":"de","@id":"https:\/\/carbeat.dk\/de\/#\/schema\/logo\/image\/","url":"https:\/\/carbeat.dk\/wp-content\/uploads\/2023\/08\/CarBeat-Chasing-Cars-lille-2560x1560-1-1_clipped_rev_1.png","contentUrl":"https:\/\/carbeat.dk\/wp-content\/uploads\/2023\/08\/CarBeat-Chasing-Cars-lille-2560x1560-1-1_clipped_rev_1.png","width":2560,"height":1560,"caption":"CarBeat Chasing Cars"},"image":{"@id":"https:\/\/carbeat.dk\/de\/#\/schema\/logo\/image\/"},"sameAs":["https:\/\/www.facebook.com\/CarBeatDK\/","https:\/\/www.instagram.com\/carbeatdk\/","https:\/\/www.linkedin.com\/company\/carbeat\/"]}]}},"_links":{"self":[{"href":"https:\/\/carbeat.dk\/de\/wp-json\/wp\/v2\/pages\/11946","targetHints":{"allow":["GET"]}}],"collection":[{"href":"https:\/\/carbeat.dk\/de\/wp-json\/wp\/v2\/pages"}],"about":[{"href":"https:\/\/carbeat.dk\/de\/wp-json\/wp\/v2\/types\/page"}],"author":[{"embeddable":true,"href":"https:\/\/carbeat.dk\/de\/wp-json\/wp\/v2\/users\/3"}],"replies":[{"embeddable":true,"href":"https:\/\/carbeat.dk\/de\/wp-json\/wp\/v2\/comments?post=11946"}],"version-history":[{"count":2,"href":"https:\/\/carbeat.dk\/de\/wp-json\/wp\/v2\/pages\/11946\/revisions"}],"predecessor-version":[{"id":11951,"href":"https:\/\/carbeat.dk\/de\/wp-json\/wp\/v2\/pages\/11946\/revisions\/11951"}],"wp:attachment":[{"href":"https:\/\/carbeat.dk\/de\/wp-json\/wp\/v2\/media?parent=11946"}],"curies":[{"name":"wp","href":"https:\/\/api.w.org\/{rel}","templated":true}]}}