{"id":11920,"date":"2023-07-27T02:26:58","date_gmt":"2023-07-27T00:26:58","guid":{"rendered":"https:\/\/carbeat.dk\/kaeufer\/"},"modified":"2024-07-09T15:04:46","modified_gmt":"2024-07-09T13:04:46","slug":"kaeufer","status":"publish","type":"page","link":"https:\/\/carbeat.dk\/de\/kaeufer\/","title":{"rendered":"K\u00e4ufer"},"content":{"rendered":"\n<div class=\"wp-block-cover is-light\"><span aria-hidden=\"true\" class=\"wp-block-cover__background has-background-dim-20 has-background-dim\"><\/span><img fetchpriority=\"high\" decoding=\"async\" width=\"1707\" height=\"2560\" sizes=\"(max-width: 1707px) 100vw, 1707px\" class=\"wp-block-cover__image-background wp-image-416\" alt=\"\" src=\"https:\/\/auction.carbeat.dk\/wp-content\/uploads\/2023\/07\/pexels-ejov-igor-17192370-scaled.jpg\" style=\"object-position:51% 61%\" data-object-fit=\"cover\" data-object-position=\"51% 61%\" srcset=\"https:\/\/carbeat.dk\/wp-content\/uploads\/2023\/07\/pexels-ejov-igor-17192370-scaled.jpg 1707w, https:\/\/carbeat.dk\/wp-content\/uploads\/2023\/07\/pexels-ejov-igor-17192370-200x300.jpg 200w, https:\/\/carbeat.dk\/wp-content\/uploads\/2023\/07\/pexels-ejov-igor-17192370-683x1024.jpg 683w, https:\/\/carbeat.dk\/wp-content\/uploads\/2023\/07\/pexels-ejov-igor-17192370-768x1152.jpg 768w, https:\/\/carbeat.dk\/wp-content\/uploads\/2023\/07\/pexels-ejov-igor-17192370-1024x1536.jpg 1024w, https:\/\/carbeat.dk\/wp-content\/uploads\/2023\/07\/pexels-ejov-igor-17192370-1365x2048.jpg 1365w, https:\/\/carbeat.dk\/wp-content\/uploads\/2023\/07\/pexels-ejov-igor-17192370-1080x1620.jpg 1080w\" \/><div class=\"wp-block-cover__inner-container is-layout-flow wp-block-cover-is-layout-flow\">\n<p class=\"has-text-align-center has-white-color has-text-color has-large-font-size\">Sind Sie auf der Suche nach einem <strong>Auto?<\/strong><\/p>\n<\/div><\/div>\n\n<div style=\"height:84px\" aria-hidden=\"true\" class=\"wp-block-spacer\"><\/div>\n\n<h2 class=\"wp-block-heading\">Autosuche als K\u00e4ufer<\/h2>\n\n<p>Wenn Sie sich auf dieser Website f\u00fcr ein Auto entschieden haben, das Sie einfach besitzen m\u00fcssen, ist das ganz einfach. Entweder steht das Auto zur Versteigerung und Sie k\u00f6nnen darauf bieten. Wir hoffen, dass Sie den Bieterkrieg gewinnen. Es gibt jedoch auch einige Fahrzeuge, die einen &#8222;Sofort-Kaufen&#8220;-Preis haben. Das bedeutet, dass Sie das Auto zu einem festen Preis kaufen k\u00f6nnen und sich die Wartezeit bis zum Ende der Auktion sparen. Auf diese Weise k\u00f6nnen Sie sich das Auto sichern, von dem Sie schon immer getr\u00e4umt haben, und niemand kann Sie \u00fcberbieten. Eine Auktion endet, sobald jemand auf die Schaltfl\u00e4che &#8222;Jetzt kaufen&#8220; dr\u00fcckt.<\/p>\n\n<h2 class=\"wp-block-heading\">Wenn Sie gewinnen<\/h2>\n\n<p>Wenn Sie bei einer Auktion den Zuschlag erhalten oder zum Sofort-Kaufen-Preis kaufen, wird die K\u00e4uferpr\u00e4mie sofort nach dem Zuschlagspreis oder dem Sofort-Kaufen-Preis abgezogen. Die H\u00f6he des Autopreises hingegen regeln Sie mit dem Verk\u00e4ufer. Sie erhalten die Daten des Verk\u00e4ufers und der Verk\u00e4ufer erh\u00e4lt Ihre Daten zum Zuschlagspreis. Das Auto wird entweder von Ihnen oder dem Spediteur abgeholt, und Sie verwalten den Geldtransfer.<\/p>\n\n<h2 class=\"wp-block-heading\"><strong>Geb\u00fchr des K\u00e4ufers<\/strong><\/h2>\n\n<p>Unabh\u00e4ngig davon, ob Sie das Auto bei einer Auktion oder im Rahmen des Sofortkaufs erwerben, f\u00e4llt eine Kaufpr\u00e4mie von 8 % inkl. MwSt. an. Dies ist in jeder einzelnen Auktion angegeben. Es kann jedoch eine maximale K\u00e4ufergeb\u00fchr von 55.000 DKK gezahlt werden, d.h. wenn Sie einen Ferrari 812 GTS f\u00fcr 4.200.000 DKK kaufen, zahlen Sie niemals mehr als die 55.000 DKK an Geb\u00fchren inkl. MwSt. und NICHT die 8%. Die Mindestgeb\u00fchr betr\u00e4gt 5.000 DKK.<\/p>\n\n<h2 class=\"wp-block-heading\">Lieferung<\/h2>\n\n<p>Wenn Sie das Auto an eine gew\u00fcnschte Adresse in D\u00e4nemark oder Schweden geliefert haben m\u00f6chten, k\u00f6nnen wir Ihnen auch dabei helfen. Der Preis richtet sich danach, wo das Auto abgeholt und zugestellt werden soll. Die Preise f\u00fcr die Lieferung in D\u00e4nemark liegen zwischen 2.200 DKK und 6.000 DKK. + MEHRWERTSTEUER.  <\/p>\n\n<p>Preise von und nach Schweden, Deutschland, Belgien und den Niederlanden werden von Fall zu Fall mitgeteilt. Bitte setzen Sie sich mit uns in Verbindung oder erw\u00e4hnen Sie es, wenn wir uns mit Ihnen in Verbindung setzen, wenn Sie von dieser M\u00f6glichkeit Gebrauch machen m\u00f6chten.<\/p>\n\n<h2 class=\"wp-block-heading\">Bedingungen und Konditionen<\/h2>\n\n<p><strong>\n  <a href=\"http:\/\/carbeat.dk\/vilkaar-og-betingelser\/\">Klicken Sie HIER<\/a>\n<\/strong> um unsere Bedingungen und Konditionen zu lesen<\/p>\n\n<div class=\"wp-block-cover is-light\"><span aria-hidden=\"true\" class=\"wp-block-cover__background has-background-dim\"><\/span><img decoding=\"async\" width=\"1440\" height=\"934\" sizes=\"(max-width: 1440px) 100vw, 1440px\" class=\"wp-block-cover__image-background wp-image-419\" alt=\"CarBeat auktion Auction k\u00f8ber buyer\" src=\"https:\/\/auction.carbeat.dk\/wp-content\/uploads\/2023\/07\/pexels-amar-preciado-9969498-scaled-e1690422063917.jpg\" data-object-fit=\"cover\" srcset=\"https:\/\/carbeat.dk\/wp-content\/uploads\/2023\/07\/pexels-amar-preciado-9969498-scaled-e1690422063917.jpg 1440w, https:\/\/carbeat.dk\/wp-content\/uploads\/2023\/07\/pexels-amar-preciado-9969498-scaled-e1690422063917-300x195.jpg 300w, https:\/\/carbeat.dk\/wp-content\/uploads\/2023\/07\/pexels-amar-preciado-9969498-scaled-e1690422063917-1024x664.jpg 1024w, https:\/\/carbeat.dk\/wp-content\/uploads\/2023\/07\/pexels-amar-preciado-9969498-scaled-e1690422063917-768x498.jpg 768w, https:\/\/carbeat.dk\/wp-content\/uploads\/2023\/07\/pexels-amar-preciado-9969498-scaled-e1690422063917-1080x701.jpg 1080w\" \/><div class=\"wp-block-cover__inner-container is-layout-flow wp-block-cover-is-layout-flow\">\n<p class=\"has-text-align-center has-white-color has-text-color has-large-font-size\"><strong>Jagen<\/strong> Sie Ihr n\u00e4chstes Auto<\/p>\n<\/div><\/div>\n","protected":false},"excerpt":{"rendered":"<p>Autosuche als K\u00e4ufer Wenn Sie sich auf dieser Website f\u00fcr ein Auto entschieden haben, das Sie einfach besitzen m\u00fcssen, ist das ganz einfach. Entweder steht das Auto zur Versteigerung und Sie k\u00f6nnen darauf bieten. Wir hoffen, dass Sie den Bieterkrieg gewinnen. Es gibt jedoch auch einige Fahrzeuge, die einen &#8222;Sofort-Kaufen&#8220;-Preis haben. Das bedeutet, dass Sie [&hellip;]<\/p>\n","protected":false},"author":2,"featured_media":0,"parent":0,"menu_order":0,"comment_status":"closed","ping_status":"closed","template":"","meta":{"footnotes":""},"class_list":["post-11920","page","type-page","status-publish","hentry"],"acf":[],"yoast_head":"<!-- This site is optimized with the Yoast SEO plugin v27.4 - https:\/\/yoast.com\/product\/yoast-seo-wordpress\/ -->\n<title>Wenn Sie auf der Suche nach einem besonderen Auto sind, sollten Sie sich diese - CarBeat Chasing Cars<\/title>\n<meta name=\"description\" content=\"Auf der Suche nach Spezialfahrzeugen, Youngtimern, Oldtimern, Supersportwagen und Traumwagen. CarBeat ist eine weitere Auktion, aber nicht nur f\u00fcr normale Autos, sondern auch f\u00fcr Sonderangebote.\" \/>\n<meta name=\"robots\" content=\"index, follow, max-snippet:-1, max-image-preview:large, max-video-preview:-1\" \/>\n<link rel=\"canonical\" href=\"https:\/\/carbeat.dk\/de\/kaeufer\/\" \/>\n<meta property=\"og:locale\" content=\"de_DE\" \/>\n<meta property=\"og:type\" content=\"article\" \/>\n<meta property=\"og:title\" content=\"Wenn Sie auf der Suche nach einem besonderen Auto sind, sollten Sie sich diese - CarBeat Chasing Cars\" \/>\n<meta property=\"og:description\" content=\"Auf der Suche nach Spezialfahrzeugen, Youngtimern, Oldtimern, Supersportwagen und Traumwagen. CarBeat ist eine weitere Auktion, aber nicht nur f\u00fcr normale Autos, sondern auch f\u00fcr Sonderangebote.\" \/>\n<meta property=\"og:url\" content=\"https:\/\/carbeat.dk\/de\/kaeufer\/\" \/>\n<meta property=\"og:site_name\" content=\"CarBeat\" \/>\n<meta property=\"article:publisher\" content=\"https:\/\/www.facebook.com\/CarBeatDK\/\" \/>\n<meta property=\"article:modified_time\" content=\"2024-07-09T13:04:46+00:00\" \/>\n<meta property=\"og:image\" content=\"https:\/\/auction.carbeat.dk\/wp-content\/uploads\/2023\/07\/pexels-ejov-igor-17192370-scaled.jpg\" \/>\n<meta name=\"twitter:card\" content=\"summary_large_image\" \/>\n<meta name=\"twitter:label1\" content=\"Gesch\u00e4tzte Lesezeit\" \/>\n\t<meta name=\"twitter:data1\" content=\"2\u00a0Minuten\" \/>\n<script type=\"application\/ld+json\" class=\"yoast-schema-graph\">{\"@context\":\"https:\\\/\\\/schema.org\",\"@graph\":[{\"@type\":\"WebPage\",\"@id\":\"https:\\\/\\\/carbeat.dk\\\/de\\\/kaeufer\\\/\",\"url\":\"https:\\\/\\\/carbeat.dk\\\/de\\\/kaeufer\\\/\",\"name\":\"Wenn Sie auf der Suche nach einem besonderen Auto sind, sollten Sie sich diese - CarBeat Chasing Cars\",\"isPartOf\":{\"@id\":\"https:\\\/\\\/carbeat.dk\\\/de\\\/#website\"},\"primaryImageOfPage\":{\"@id\":\"https:\\\/\\\/carbeat.dk\\\/de\\\/kaeufer\\\/#primaryimage\"},\"image\":{\"@id\":\"https:\\\/\\\/carbeat.dk\\\/de\\\/kaeufer\\\/#primaryimage\"},\"thumbnailUrl\":\"https:\\\/\\\/auction.carbeat.dk\\\/wp-content\\\/uploads\\\/2023\\\/07\\\/pexels-ejov-igor-17192370-scaled.jpg\",\"datePublished\":\"2023-07-27T00:26:58+00:00\",\"dateModified\":\"2024-07-09T13:04:46+00:00\",\"description\":\"Auf der Suche nach Spezialfahrzeugen, Youngtimern, Oldtimern, Supersportwagen und Traumwagen. CarBeat ist eine weitere Auktion, aber nicht nur f\u00fcr normale Autos, sondern auch f\u00fcr Sonderangebote.\",\"breadcrumb\":{\"@id\":\"https:\\\/\\\/carbeat.dk\\\/de\\\/kaeufer\\\/#breadcrumb\"},\"inLanguage\":\"de\",\"potentialAction\":[{\"@type\":\"ReadAction\",\"target\":[\"https:\\\/\\\/carbeat.dk\\\/de\\\/kaeufer\\\/\"]}]},{\"@type\":\"ImageObject\",\"inLanguage\":\"de\",\"@id\":\"https:\\\/\\\/carbeat.dk\\\/de\\\/kaeufer\\\/#primaryimage\",\"url\":\"https:\\\/\\\/auction.carbeat.dk\\\/wp-content\\\/uploads\\\/2023\\\/07\\\/pexels-ejov-igor-17192370-scaled.jpg\",\"contentUrl\":\"https:\\\/\\\/auction.carbeat.dk\\\/wp-content\\\/uploads\\\/2023\\\/07\\\/pexels-ejov-igor-17192370-scaled.jpg\"},{\"@type\":\"BreadcrumbList\",\"@id\":\"https:\\\/\\\/carbeat.dk\\\/de\\\/kaeufer\\\/#breadcrumb\",\"itemListElement\":[{\"@type\":\"ListItem\",\"position\":1,\"name\":\"Hjem\",\"item\":\"https:\\\/\\\/carbeat.dk\\\/de\\\/\"},{\"@type\":\"ListItem\",\"position\":2,\"name\":\"K\u00e4ufer\"}]},{\"@type\":\"WebSite\",\"@id\":\"https:\\\/\\\/carbeat.dk\\\/de\\\/#website\",\"url\":\"https:\\\/\\\/carbeat.dk\\\/de\\\/\",\"name\":\"CarBeat\",\"description\":\"Chasing Cars\",\"publisher\":{\"@id\":\"https:\\\/\\\/carbeat.dk\\\/de\\\/#organization\"},\"potentialAction\":[{\"@type\":\"SearchAction\",\"target\":{\"@type\":\"EntryPoint\",\"urlTemplate\":\"https:\\\/\\\/carbeat.dk\\\/de\\\/?s={search_term_string}\"},\"query-input\":{\"@type\":\"PropertyValueSpecification\",\"valueRequired\":true,\"valueName\":\"search_term_string\"}}],\"inLanguage\":\"de\"},{\"@type\":\"Organization\",\"@id\":\"https:\\\/\\\/carbeat.dk\\\/de\\\/#organization\",\"name\":\"CarBeat Chasing Cars\",\"url\":\"https:\\\/\\\/carbeat.dk\\\/de\\\/\",\"logo\":{\"@type\":\"ImageObject\",\"inLanguage\":\"de\",\"@id\":\"https:\\\/\\\/carbeat.dk\\\/de\\\/#\\\/schema\\\/logo\\\/image\\\/\",\"url\":\"https:\\\/\\\/carbeat.dk\\\/wp-content\\\/uploads\\\/2023\\\/08\\\/CarBeat-Chasing-Cars-lille-2560x1560-1-1_clipped_rev_1.png\",\"contentUrl\":\"https:\\\/\\\/carbeat.dk\\\/wp-content\\\/uploads\\\/2023\\\/08\\\/CarBeat-Chasing-Cars-lille-2560x1560-1-1_clipped_rev_1.png\",\"width\":2560,\"height\":1560,\"caption\":\"CarBeat Chasing Cars\"},\"image\":{\"@id\":\"https:\\\/\\\/carbeat.dk\\\/de\\\/#\\\/schema\\\/logo\\\/image\\\/\"},\"sameAs\":[\"https:\\\/\\\/www.facebook.com\\\/CarBeatDK\\\/\",\"https:\\\/\\\/www.instagram.com\\\/carbeatdk\\\/\",\"https:\\\/\\\/www.linkedin.com\\\/company\\\/carbeat\\\/\"]}]}<\/script>\n<!-- \/ Yoast SEO plugin. -->","yoast_head_json":{"title":"Wenn Sie auf der Suche nach einem besonderen Auto sind, sollten Sie sich diese - CarBeat Chasing Cars","description":"Auf der Suche nach Spezialfahrzeugen, Youngtimern, Oldtimern, Supersportwagen und Traumwagen. CarBeat ist eine weitere Auktion, aber nicht nur f\u00fcr normale Autos, sondern auch f\u00fcr Sonderangebote.","robots":{"index":"index","follow":"follow","max-snippet":"max-snippet:-1","max-image-preview":"max-image-preview:large","max-video-preview":"max-video-preview:-1"},"canonical":"https:\/\/carbeat.dk\/de\/kaeufer\/","og_locale":"de_DE","og_type":"article","og_title":"Wenn Sie auf der Suche nach einem besonderen Auto sind, sollten Sie sich diese - CarBeat Chasing Cars","og_description":"Auf der Suche nach Spezialfahrzeugen, Youngtimern, Oldtimern, Supersportwagen und Traumwagen. CarBeat ist eine weitere Auktion, aber nicht nur f\u00fcr normale Autos, sondern auch f\u00fcr Sonderangebote.","og_url":"https:\/\/carbeat.dk\/de\/kaeufer\/","og_site_name":"CarBeat","article_publisher":"https:\/\/www.facebook.com\/CarBeatDK\/","article_modified_time":"2024-07-09T13:04:46+00:00","og_image":[{"url":"https:\/\/auction.carbeat.dk\/wp-content\/uploads\/2023\/07\/pexels-ejov-igor-17192370-scaled.jpg","type":"","width":"","height":""}],"twitter_card":"summary_large_image","twitter_misc":{"Gesch\u00e4tzte Lesezeit":"2\u00a0Minuten"},"schema":{"@context":"https:\/\/schema.org","@graph":[{"@type":"WebPage","@id":"https:\/\/carbeat.dk\/de\/kaeufer\/","url":"https:\/\/carbeat.dk\/de\/kaeufer\/","name":"Wenn Sie auf der Suche nach einem besonderen Auto sind, sollten Sie sich diese - CarBeat Chasing Cars","isPartOf":{"@id":"https:\/\/carbeat.dk\/de\/#website"},"primaryImageOfPage":{"@id":"https:\/\/carbeat.dk\/de\/kaeufer\/#primaryimage"},"image":{"@id":"https:\/\/carbeat.dk\/de\/kaeufer\/#primaryimage"},"thumbnailUrl":"https:\/\/auction.carbeat.dk\/wp-content\/uploads\/2023\/07\/pexels-ejov-igor-17192370-scaled.jpg","datePublished":"2023-07-27T00:26:58+00:00","dateModified":"2024-07-09T13:04:46+00:00","description":"Auf der Suche nach Spezialfahrzeugen, Youngtimern, Oldtimern, Supersportwagen und Traumwagen. CarBeat ist eine weitere Auktion, aber nicht nur f\u00fcr normale Autos, sondern auch f\u00fcr Sonderangebote.","breadcrumb":{"@id":"https:\/\/carbeat.dk\/de\/kaeufer\/#breadcrumb"},"inLanguage":"de","potentialAction":[{"@type":"ReadAction","target":["https:\/\/carbeat.dk\/de\/kaeufer\/"]}]},{"@type":"ImageObject","inLanguage":"de","@id":"https:\/\/carbeat.dk\/de\/kaeufer\/#primaryimage","url":"https:\/\/auction.carbeat.dk\/wp-content\/uploads\/2023\/07\/pexels-ejov-igor-17192370-scaled.jpg","contentUrl":"https:\/\/auction.carbeat.dk\/wp-content\/uploads\/2023\/07\/pexels-ejov-igor-17192370-scaled.jpg"},{"@type":"BreadcrumbList","@id":"https:\/\/carbeat.dk\/de\/kaeufer\/#breadcrumb","itemListElement":[{"@type":"ListItem","position":1,"name":"Hjem","item":"https:\/\/carbeat.dk\/de\/"},{"@type":"ListItem","position":2,"name":"K\u00e4ufer"}]},{"@type":"WebSite","@id":"https:\/\/carbeat.dk\/de\/#website","url":"https:\/\/carbeat.dk\/de\/","name":"CarBeat","description":"Chasing Cars","publisher":{"@id":"https:\/\/carbeat.dk\/de\/#organization"},"potentialAction":[{"@type":"SearchAction","target":{"@type":"EntryPoint","urlTemplate":"https:\/\/carbeat.dk\/de\/?s={search_term_string}"},"query-input":{"@type":"PropertyValueSpecification","valueRequired":true,"valueName":"search_term_string"}}],"inLanguage":"de"},{"@type":"Organization","@id":"https:\/\/carbeat.dk\/de\/#organization","name":"CarBeat Chasing Cars","url":"https:\/\/carbeat.dk\/de\/","logo":{"@type":"ImageObject","inLanguage":"de","@id":"https:\/\/carbeat.dk\/de\/#\/schema\/logo\/image\/","url":"https:\/\/carbeat.dk\/wp-content\/uploads\/2023\/08\/CarBeat-Chasing-Cars-lille-2560x1560-1-1_clipped_rev_1.png","contentUrl":"https:\/\/carbeat.dk\/wp-content\/uploads\/2023\/08\/CarBeat-Chasing-Cars-lille-2560x1560-1-1_clipped_rev_1.png","width":2560,"height":1560,"caption":"CarBeat Chasing Cars"},"image":{"@id":"https:\/\/carbeat.dk\/de\/#\/schema\/logo\/image\/"},"sameAs":["https:\/\/www.facebook.com\/CarBeatDK\/","https:\/\/www.instagram.com\/carbeatdk\/","https:\/\/www.linkedin.com\/company\/carbeat\/"]}]}},"_links":{"self":[{"href":"https:\/\/carbeat.dk\/de\/wp-json\/wp\/v2\/pages\/11920","targetHints":{"allow":["GET"]}}],"collection":[{"href":"https:\/\/carbeat.dk\/de\/wp-json\/wp\/v2\/pages"}],"about":[{"href":"https:\/\/carbeat.dk\/de\/wp-json\/wp\/v2\/types\/page"}],"author":[{"embeddable":true,"href":"https:\/\/carbeat.dk\/de\/wp-json\/wp\/v2\/users\/2"}],"replies":[{"embeddable":true,"href":"https:\/\/carbeat.dk\/de\/wp-json\/wp\/v2\/comments?post=11920"}],"version-history":[{"count":2,"href":"https:\/\/carbeat.dk\/de\/wp-json\/wp\/v2\/pages\/11920\/revisions"}],"predecessor-version":[{"id":11931,"href":"https:\/\/carbeat.dk\/de\/wp-json\/wp\/v2\/pages\/11920\/revisions\/11931"}],"wp:attachment":[{"href":"https:\/\/carbeat.dk\/de\/wp-json\/wp\/v2\/media?parent=11920"}],"curies":[{"name":"wp","href":"https:\/\/api.w.org\/{rel}","templated":true}]}}