{"id":11902,"date":"2023-07-20T14:34:31","date_gmt":"2023-07-20T12:34:31","guid":{"rendered":"https:\/\/carbeat.dk\/kontakt\/"},"modified":"2024-07-09T15:04:46","modified_gmt":"2024-07-09T13:04:46","slug":"kontakt","status":"publish","type":"page","link":"https:\/\/carbeat.dk\/de\/kontakt\/","title":{"rendered":"Kontakt"},"content":{"rendered":"\n<p>Nehmen Sie Kontakt mit uns auf, wenn Sie mehr \u00fcber Ihre M\u00f6glichkeiten erfahren m\u00f6chten, Ihr Spezialfahrzeug kostenlos zu verkaufen oder ein &#8222;Traumauto&#8220; zu kaufen. Dann f\u00fcllen Sie das untenstehende Formular aus. Sie k\u00f6nnen uns auch jederzeit unter <a href=\"Abrufbar unter:+4531391424\">31391424<\/a> anrufen und wir k\u00f6nnen mit Ihnen besprechen, welche M\u00f6glichkeiten Sie haben.<\/p>\n\n<div class=\"wp-block-group\"><div class=\"wp-block-group__inner-container is-layout-constrained wp-block-group-is-layout-constrained\">\n<div class=\"wp-block-columns is-layout-flex wp-container-core-columns-is-layout-9d6595d7 wp-block-columns-is-layout-flex\">\n<div class=\"wp-block-column is-layout-flow wp-block-column-is-layout-flow\">\n<div class=\"wpcf7 no-js\" id=\"wpcf7-f11947-o1\" lang=\"de-DE\" dir=\"ltr\" data-wpcf7-id=\"11947\">\n<div class=\"screen-reader-response\"><p role=\"status\" aria-live=\"polite\" aria-atomic=\"true\"><\/p> <ul><\/ul><\/div>\n<form action=\"\/de\/wp-json\/wp\/v2\/pages\/11902#wpcf7-f11947-o1\" method=\"post\" class=\"wpcf7-form init\" aria-label=\"Kontaktformular\" novalidate=\"novalidate\" data-status=\"init\">\n<fieldset class=\"hidden-fields-container\"><input type=\"hidden\" name=\"_wpcf7\" value=\"11947\" \/><input type=\"hidden\" name=\"_wpcf7_version\" value=\"6.1.5\" \/><input type=\"hidden\" name=\"_wpcf7_locale\" value=\"de_DE\" \/><input type=\"hidden\" name=\"_wpcf7_unit_tag\" value=\"wpcf7-f11947-o1\" \/><input type=\"hidden\" name=\"_wpcf7_container_post\" value=\"0\" \/><input type=\"hidden\" name=\"_wpcf7_posted_data_hash\" value=\"\" \/><input type=\"hidden\" name=\"_wpcf7_recaptcha_response\" value=\"\" \/>\n<\/fieldset>\n<p><label> Ihr Name<br \/>\n<span class=\"wpcf7-form-control-wrap\" data-name=\"your-name\"><input size=\"40\" maxlength=\"400\" class=\"wpcf7-form-control wpcf7-text wpcf7-validates-as-required\" autocomplete=\"name\" aria-required=\"true\" aria-invalid=\"false\" value=\"\" type=\"text\" name=\"your-name\" \/><\/span> <\/label>\n<\/p>\n<p><label> Deine E-Mail<br \/>\n<span class=\"wpcf7-form-control-wrap\" data-name=\"your-email\"><input size=\"40\" maxlength=\"400\" class=\"wpcf7-form-control wpcf7-email wpcf7-validates-as-required wpcf7-text wpcf7-validates-as-email\" autocomplete=\"email\" aria-required=\"true\" aria-invalid=\"false\" value=\"\" type=\"email\" name=\"your-email\" \/><\/span> <\/label>\n<\/p>\n<p><label> Thema<br \/>\n<span class=\"wpcf7-form-control-wrap\" data-name=\"your-subject\"><input size=\"40\" maxlength=\"400\" class=\"wpcf7-form-control wpcf7-text wpcf7-validates-as-required\" aria-required=\"true\" aria-invalid=\"false\" value=\"\" type=\"text\" name=\"your-subject\" \/><\/span> <\/label>\n<\/p>\n<p><label> Ihre Nachricht<br \/>\n<span class=\"wpcf7-form-control-wrap\" data-name=\"your-message\"><textarea cols=\"40\" rows=\"10\" maxlength=\"2000\" class=\"wpcf7-form-control wpcf7-textarea\" aria-invalid=\"false\" name=\"your-message\"><\/textarea><\/span> <\/label>\n<\/p>\n<p><label> BMW kommt aus welchem Land?<br \/>\n<span class=\"wpcf7-form-control-wrap\" data-name=\"your-name\"><input size=\"40\" maxlength=\"400\" class=\"wpcf7-form-control wpcf7-text wpcf7-validates-as-required\" autocomplete=\"name\" aria-required=\"true\" aria-invalid=\"false\" value=\"\" type=\"text\" name=\"your-name\" \/><\/span> <\/label>\n<\/p>\n<p><input class=\"wpcf7-form-control wpcf7-submit has-spinner\" type=\"submit\" value=\"Indsend\" \/>\n<\/p><div class=\"wpcf7-response-output\" aria-hidden=\"true\"><\/div>\n<\/form>\n<\/div>\n\n\n\n\n<p>Wir speichern Ihre Daten in \u00dcbereinstimmung mit der GDPR. geltenden GPDR-Rechtsvorschriften, gibt aber keine Informationen an Dritte weiter.<\/p>\n<\/div>\n\n\n\n<div class=\"wp-block-column is-layout-flow wp-block-column-is-layout-flow\">\n<figure class=\"wp-block-image size-large is-resized is-style-default\"><img decoding=\"async\" sizes=\"(max-width: 1024px) 100vw, 1024px\" src=\"https:\/\/auction.carbeat.dk\/wp-content\/uploads\/2023\/08\/IMG_8319-1024x768.jpg\" alt=\"\" class=\"wp-image-578\" style=\"width:708px\" width=\"708\" srcset=\"https:\/\/carbeat.dk\/wp-content\/uploads\/2023\/08\/IMG_8319-1024x768.jpg 1024w, https:\/\/carbeat.dk\/wp-content\/uploads\/2023\/08\/IMG_8319-300x225.jpg 300w, https:\/\/carbeat.dk\/wp-content\/uploads\/2023\/08\/IMG_8319-768x576.jpg 768w, https:\/\/carbeat.dk\/wp-content\/uploads\/2023\/08\/IMG_8319-1536x1152.jpg 1536w, https:\/\/carbeat.dk\/wp-content\/uploads\/2023\/08\/IMG_8319-2048x1536.jpg 2048w, https:\/\/carbeat.dk\/wp-content\/uploads\/2023\/08\/IMG_8319-1080x810.jpg 1080w\" \/><\/figure>\n<\/div>\n<\/div>\n<\/div><\/div>\n","protected":false},"excerpt":{"rendered":"<p>Nehmen Sie Kontakt mit uns auf, wenn Sie mehr \u00fcber Ihre M\u00f6glichkeiten erfahren m\u00f6chten, Ihr Spezialfahrzeug kostenlos zu verkaufen oder ein &#8222;Traumauto&#8220; zu kaufen. Dann f\u00fcllen Sie das untenstehende Formular aus. Sie k\u00f6nnen uns auch jederzeit unter 31391424 anrufen und wir k\u00f6nnen mit Ihnen besprechen, welche M\u00f6glichkeiten Sie haben. Wir speichern Ihre Daten in \u00dcbereinstimmung [&hellip;]<\/p>\n","protected":false},"author":3,"featured_media":0,"parent":0,"menu_order":0,"comment_status":"closed","ping_status":"closed","template":"","meta":{"footnotes":""},"class_list":["post-11902","page","type-page","status-publish","hentry"],"acf":[],"yoast_head":"<!-- This site is optimized with the Yoast SEO plugin v27.4 - https:\/\/yoast.com\/product\/yoast-seo-wordpress\/ -->\n<title>Kontakt - CarBeat car auction wenn Sie Ihr Auto kostenlos verkaufen wollen.<\/title>\n<meta name=\"description\" content=\"Wenden Sie sich an CarBeat Chasing Cars, um mehr \u00fcber Ihre M\u00f6glichkeiten als Privatperson oder H\u00e4ndler zu erfahren. CarBeat ist eine weitere Auktion, aber nicht f\u00fcr normale Autos.\" \/>\n<meta name=\"robots\" content=\"index, follow, max-snippet:-1, max-image-preview:large, max-video-preview:-1\" \/>\n<link rel=\"canonical\" href=\"https:\/\/carbeat.dk\/de\/kontakt\/\" \/>\n<meta property=\"og:locale\" content=\"de_DE\" \/>\n<meta property=\"og:type\" content=\"article\" \/>\n<meta property=\"og:title\" content=\"Kontakt - CarBeat car auction wenn Sie Ihr Auto kostenlos verkaufen wollen.\" \/>\n<meta property=\"og:description\" content=\"Wenden Sie sich an CarBeat Chasing Cars, um mehr \u00fcber Ihre M\u00f6glichkeiten als Privatperson oder H\u00e4ndler zu erfahren. CarBeat ist eine weitere Auktion, aber nicht f\u00fcr normale Autos.\" \/>\n<meta property=\"og:url\" content=\"https:\/\/carbeat.dk\/de\/kontakt\/\" \/>\n<meta property=\"og:site_name\" content=\"CarBeat\" \/>\n<meta property=\"article:publisher\" content=\"https:\/\/www.facebook.com\/CarBeatDK\/\" \/>\n<meta property=\"article:modified_time\" content=\"2024-07-09T13:04:46+00:00\" \/>\n<meta property=\"og:image\" content=\"https:\/\/auction.carbeat.dk\/wp-content\/uploads\/2023\/08\/IMG_8319-1024x768.jpg\" \/>\n<meta name=\"twitter:card\" content=\"summary_large_image\" \/>\n<script type=\"application\/ld+json\" class=\"yoast-schema-graph\">{\"@context\":\"https:\\\/\\\/schema.org\",\"@graph\":[{\"@type\":\"WebPage\",\"@id\":\"https:\\\/\\\/carbeat.dk\\\/de\\\/kontakt\\\/\",\"url\":\"https:\\\/\\\/carbeat.dk\\\/de\\\/kontakt\\\/\",\"name\":\"Kontakt - CarBeat car auction wenn Sie Ihr Auto kostenlos verkaufen wollen.\",\"isPartOf\":{\"@id\":\"https:\\\/\\\/carbeat.dk\\\/de\\\/#website\"},\"primaryImageOfPage\":{\"@id\":\"https:\\\/\\\/carbeat.dk\\\/de\\\/kontakt\\\/#primaryimage\"},\"image\":{\"@id\":\"https:\\\/\\\/carbeat.dk\\\/de\\\/kontakt\\\/#primaryimage\"},\"thumbnailUrl\":\"https:\\\/\\\/auction.carbeat.dk\\\/wp-content\\\/uploads\\\/2023\\\/08\\\/IMG_8319-1024x768.jpg\",\"datePublished\":\"2023-07-20T12:34:31+00:00\",\"dateModified\":\"2024-07-09T13:04:46+00:00\",\"description\":\"Wenden Sie sich an CarBeat Chasing Cars, um mehr \u00fcber Ihre M\u00f6glichkeiten als Privatperson oder H\u00e4ndler zu erfahren. CarBeat ist eine weitere Auktion, aber nicht f\u00fcr normale Autos.\",\"breadcrumb\":{\"@id\":\"https:\\\/\\\/carbeat.dk\\\/de\\\/kontakt\\\/#breadcrumb\"},\"inLanguage\":\"de\",\"potentialAction\":[{\"@type\":\"ReadAction\",\"target\":[\"https:\\\/\\\/carbeat.dk\\\/de\\\/kontakt\\\/\"]}]},{\"@type\":\"ImageObject\",\"inLanguage\":\"de\",\"@id\":\"https:\\\/\\\/carbeat.dk\\\/de\\\/kontakt\\\/#primaryimage\",\"url\":\"https:\\\/\\\/auction.carbeat.dk\\\/wp-content\\\/uploads\\\/2023\\\/08\\\/IMG_8319-1024x768.jpg\",\"contentUrl\":\"https:\\\/\\\/auction.carbeat.dk\\\/wp-content\\\/uploads\\\/2023\\\/08\\\/IMG_8319-1024x768.jpg\"},{\"@type\":\"BreadcrumbList\",\"@id\":\"https:\\\/\\\/carbeat.dk\\\/de\\\/kontakt\\\/#breadcrumb\",\"itemListElement\":[{\"@type\":\"ListItem\",\"position\":1,\"name\":\"Hjem\",\"item\":\"https:\\\/\\\/carbeat.dk\\\/de\\\/\"},{\"@type\":\"ListItem\",\"position\":2,\"name\":\"Kontakt\"}]},{\"@type\":\"WebSite\",\"@id\":\"https:\\\/\\\/carbeat.dk\\\/de\\\/#website\",\"url\":\"https:\\\/\\\/carbeat.dk\\\/de\\\/\",\"name\":\"CarBeat\",\"description\":\"Chasing Cars\",\"publisher\":{\"@id\":\"https:\\\/\\\/carbeat.dk\\\/de\\\/#organization\"},\"potentialAction\":[{\"@type\":\"SearchAction\",\"target\":{\"@type\":\"EntryPoint\",\"urlTemplate\":\"https:\\\/\\\/carbeat.dk\\\/de\\\/?s={search_term_string}\"},\"query-input\":{\"@type\":\"PropertyValueSpecification\",\"valueRequired\":true,\"valueName\":\"search_term_string\"}}],\"inLanguage\":\"de\"},{\"@type\":\"Organization\",\"@id\":\"https:\\\/\\\/carbeat.dk\\\/de\\\/#organization\",\"name\":\"CarBeat Chasing Cars\",\"url\":\"https:\\\/\\\/carbeat.dk\\\/de\\\/\",\"logo\":{\"@type\":\"ImageObject\",\"inLanguage\":\"de\",\"@id\":\"https:\\\/\\\/carbeat.dk\\\/de\\\/#\\\/schema\\\/logo\\\/image\\\/\",\"url\":\"https:\\\/\\\/carbeat.dk\\\/wp-content\\\/uploads\\\/2023\\\/08\\\/CarBeat-Chasing-Cars-lille-2560x1560-1-1_clipped_rev_1.png\",\"contentUrl\":\"https:\\\/\\\/carbeat.dk\\\/wp-content\\\/uploads\\\/2023\\\/08\\\/CarBeat-Chasing-Cars-lille-2560x1560-1-1_clipped_rev_1.png\",\"width\":2560,\"height\":1560,\"caption\":\"CarBeat Chasing Cars\"},\"image\":{\"@id\":\"https:\\\/\\\/carbeat.dk\\\/de\\\/#\\\/schema\\\/logo\\\/image\\\/\"},\"sameAs\":[\"https:\\\/\\\/www.facebook.com\\\/CarBeatDK\\\/\",\"https:\\\/\\\/www.instagram.com\\\/carbeatdk\\\/\",\"https:\\\/\\\/www.linkedin.com\\\/company\\\/carbeat\\\/\"]}]}<\/script>\n<!-- \/ Yoast SEO plugin. -->","yoast_head_json":{"title":"Kontakt - CarBeat car auction wenn Sie Ihr Auto kostenlos verkaufen wollen.","description":"Wenden Sie sich an CarBeat Chasing Cars, um mehr \u00fcber Ihre M\u00f6glichkeiten als Privatperson oder H\u00e4ndler zu erfahren. CarBeat ist eine weitere Auktion, aber nicht f\u00fcr normale Autos.","robots":{"index":"index","follow":"follow","max-snippet":"max-snippet:-1","max-image-preview":"max-image-preview:large","max-video-preview":"max-video-preview:-1"},"canonical":"https:\/\/carbeat.dk\/de\/kontakt\/","og_locale":"de_DE","og_type":"article","og_title":"Kontakt - CarBeat car auction wenn Sie Ihr Auto kostenlos verkaufen wollen.","og_description":"Wenden Sie sich an CarBeat Chasing Cars, um mehr \u00fcber Ihre M\u00f6glichkeiten als Privatperson oder H\u00e4ndler zu erfahren. CarBeat ist eine weitere Auktion, aber nicht f\u00fcr normale Autos.","og_url":"https:\/\/carbeat.dk\/de\/kontakt\/","og_site_name":"CarBeat","article_publisher":"https:\/\/www.facebook.com\/CarBeatDK\/","article_modified_time":"2024-07-09T13:04:46+00:00","og_image":[{"url":"https:\/\/auction.carbeat.dk\/wp-content\/uploads\/2023\/08\/IMG_8319-1024x768.jpg","type":"","width":"","height":""}],"twitter_card":"summary_large_image","schema":{"@context":"https:\/\/schema.org","@graph":[{"@type":"WebPage","@id":"https:\/\/carbeat.dk\/de\/kontakt\/","url":"https:\/\/carbeat.dk\/de\/kontakt\/","name":"Kontakt - CarBeat car auction wenn Sie Ihr Auto kostenlos verkaufen wollen.","isPartOf":{"@id":"https:\/\/carbeat.dk\/de\/#website"},"primaryImageOfPage":{"@id":"https:\/\/carbeat.dk\/de\/kontakt\/#primaryimage"},"image":{"@id":"https:\/\/carbeat.dk\/de\/kontakt\/#primaryimage"},"thumbnailUrl":"https:\/\/auction.carbeat.dk\/wp-content\/uploads\/2023\/08\/IMG_8319-1024x768.jpg","datePublished":"2023-07-20T12:34:31+00:00","dateModified":"2024-07-09T13:04:46+00:00","description":"Wenden Sie sich an CarBeat Chasing Cars, um mehr \u00fcber Ihre M\u00f6glichkeiten als Privatperson oder H\u00e4ndler zu erfahren. CarBeat ist eine weitere Auktion, aber nicht f\u00fcr normale Autos.","breadcrumb":{"@id":"https:\/\/carbeat.dk\/de\/kontakt\/#breadcrumb"},"inLanguage":"de","potentialAction":[{"@type":"ReadAction","target":["https:\/\/carbeat.dk\/de\/kontakt\/"]}]},{"@type":"ImageObject","inLanguage":"de","@id":"https:\/\/carbeat.dk\/de\/kontakt\/#primaryimage","url":"https:\/\/auction.carbeat.dk\/wp-content\/uploads\/2023\/08\/IMG_8319-1024x768.jpg","contentUrl":"https:\/\/auction.carbeat.dk\/wp-content\/uploads\/2023\/08\/IMG_8319-1024x768.jpg"},{"@type":"BreadcrumbList","@id":"https:\/\/carbeat.dk\/de\/kontakt\/#breadcrumb","itemListElement":[{"@type":"ListItem","position":1,"name":"Hjem","item":"https:\/\/carbeat.dk\/de\/"},{"@type":"ListItem","position":2,"name":"Kontakt"}]},{"@type":"WebSite","@id":"https:\/\/carbeat.dk\/de\/#website","url":"https:\/\/carbeat.dk\/de\/","name":"CarBeat","description":"Chasing Cars","publisher":{"@id":"https:\/\/carbeat.dk\/de\/#organization"},"potentialAction":[{"@type":"SearchAction","target":{"@type":"EntryPoint","urlTemplate":"https:\/\/carbeat.dk\/de\/?s={search_term_string}"},"query-input":{"@type":"PropertyValueSpecification","valueRequired":true,"valueName":"search_term_string"}}],"inLanguage":"de"},{"@type":"Organization","@id":"https:\/\/carbeat.dk\/de\/#organization","name":"CarBeat Chasing Cars","url":"https:\/\/carbeat.dk\/de\/","logo":{"@type":"ImageObject","inLanguage":"de","@id":"https:\/\/carbeat.dk\/de\/#\/schema\/logo\/image\/","url":"https:\/\/carbeat.dk\/wp-content\/uploads\/2023\/08\/CarBeat-Chasing-Cars-lille-2560x1560-1-1_clipped_rev_1.png","contentUrl":"https:\/\/carbeat.dk\/wp-content\/uploads\/2023\/08\/CarBeat-Chasing-Cars-lille-2560x1560-1-1_clipped_rev_1.png","width":2560,"height":1560,"caption":"CarBeat Chasing Cars"},"image":{"@id":"https:\/\/carbeat.dk\/de\/#\/schema\/logo\/image\/"},"sameAs":["https:\/\/www.facebook.com\/CarBeatDK\/","https:\/\/www.instagram.com\/carbeatdk\/","https:\/\/www.linkedin.com\/company\/carbeat\/"]}]}},"_links":{"self":[{"href":"https:\/\/carbeat.dk\/de\/wp-json\/wp\/v2\/pages\/11902","targetHints":{"allow":["GET"]}}],"collection":[{"href":"https:\/\/carbeat.dk\/de\/wp-json\/wp\/v2\/pages"}],"about":[{"href":"https:\/\/carbeat.dk\/de\/wp-json\/wp\/v2\/types\/page"}],"author":[{"embeddable":true,"href":"https:\/\/carbeat.dk\/de\/wp-json\/wp\/v2\/users\/3"}],"replies":[{"embeddable":true,"href":"https:\/\/carbeat.dk\/de\/wp-json\/wp\/v2\/comments?post=11902"}],"version-history":[{"count":3,"href":"https:\/\/carbeat.dk\/de\/wp-json\/wp\/v2\/pages\/11902\/revisions"}],"predecessor-version":[{"id":14707,"href":"https:\/\/carbeat.dk\/de\/wp-json\/wp\/v2\/pages\/11902\/revisions\/14707"}],"wp:attachment":[{"href":"https:\/\/carbeat.dk\/de\/wp-json\/wp\/v2\/media?parent=11902"}],"curies":[{"name":"wp","href":"https:\/\/api.w.org\/{rel}","templated":true}]}}